{"id":4762,"date":"2024-05-17T08:20:47","date_gmt":"2024-05-17T08:20:47","guid":{"rendered":"https:\/\/moyahousehold.com\/?post_type=product&#038;p=4762"},"modified":"2024-08-07T02:23:27","modified_gmt":"2024-08-07T02:23:27","slug":"wholesale-custom-mixing-bowls","status":"publish","type":"product","link":"https:\/\/moyahousehold.com\/fr\/produit\/wholesale-custom-mixing-bowls\/","title":{"rendered":"Set de bols de cuisine en acier inoxydable 3 pi\u00e8ces"},"content":{"rendered":"<div class=\"wp-block-columns is-layout-flex wp-container-core-columns-is-layout-9d6595d7 wp-block-columns-is-layout-flex\">\n<div class=\"wp-block-column is-layout-flow wp-block-column-is-layout-flow\">\n<h2 class=\"wp-block-heading\">Dimensions des bols \u00e0 m\u00e9langer en acier inoxydable <\/h2>\n\n\n\n<figure class=\"wp-block-table\"><table class=\"has-fixed-layout\"><tbody><tr><td>Num\u00e9ro de mod\u00e8le<\/td><td>Mat\u00e9riau<\/td><td>Couleur<\/td><td>Capacit\u00e9<\/td><td>Taille du produit\/cm<\/td><td>Taille de la bo\u00eete ext\u00e9rieure\/cm<\/td><td>N.W.\/kg<\/td><td>Poids brut\/kg\/bo\u00eete<\/td><\/tr><tr><td>MYQH004<\/td><td rowspan=\"3\">201<\/td><td rowspan=\"3\">Rose\/blanc\/jaune\/violet\/bleu<\/td><td>20CM<\/td><td>21*21*9.8<\/td><td>43*22*39<\/td><td>0.24<\/td><td>14.4<\/td><\/tr><tr><td>MYQH005<\/td><td>24CM<\/td><td>25.2*25.2*10.6<\/td><td>51*26*50<\/td><td>0.25<\/td><td>12<\/td><\/tr><tr><td>MYQH006<\/td><td>28CM<\/td><td>28.9*28.9*11.8<\/td><td>59*30*55<\/td><td>0.45<\/td><td>11.6<\/td><\/tr><\/tbody><\/table><\/figure>\n\n\n\n<h2 class=\"wp-block-heading\" style=\"font-size:25px\">Options de bols m\u00e9langeurs de cuisine sur mesure<\/h2>\n\n\n\n<p><strong>Logo<\/strong>: personnalisation du logo de votre marque sur le produit et l'emballage.<br><strong>Options de logo :<\/strong> logo imprim\u00e9, logo grav\u00e9 au laser, etc.<br><strong>Mod\u00e8le<\/strong>: Mod\u00e8les d'impression.<br><strong>Technologie d'impression<\/strong>Les techniques d'impression sont les suivantes : impression par transfert d'eau, impression par s\u00e9rigraphie, impression par transfert de chaleur, etc.<br><strong>Paquet<\/strong>:color box.<br><a href=\"https:\/\/moyahousehold.com\/fr\/solution-personnalisee\/\" target=\"_blank\" rel=\"noreferrer noopener\"><strong>Plus de personnalisation<\/strong><\/a><\/p>\n<\/div>\n<\/div>\n\n\n\n<div class=\"wp-block-columns is-layout-flex wp-container-core-columns-is-layout-9d6595d7 wp-block-columns-is-layout-flex\">\n<div class=\"wp-block-column is-layout-flow wp-block-column-is-layout-flow\">\n<figure class=\"wp-block-image size-full\"><img fetchpriority=\"high\" decoding=\"async\" width=\"785\" height=\"780\" src=\"https:\/\/moyahousehold.com\/wp-content\/uploads\/2024\/05\/wholesale-mixing-bowls-2.webp\" alt=\"bols \u00e0 m\u00e9langer personnalis\u00e9s en gros\" class=\"wp-image-4785\" srcset=\"https:\/\/moyahousehold.com\/wp-content\/uploads\/2024\/05\/wholesale-mixing-bowls-2.webp 785w, https:\/\/moyahousehold.com\/wp-content\/uploads\/2024\/05\/wholesale-mixing-bowls-2-300x298.webp 300w, https:\/\/moyahousehold.com\/wp-content\/uploads\/2024\/05\/wholesale-mixing-bowls-2-150x150.webp 150w, https:\/\/moyahousehold.com\/wp-content\/uploads\/2024\/05\/wholesale-mixing-bowls-2-768x763.webp 768w, https:\/\/moyahousehold.com\/wp-content\/uploads\/2024\/05\/wholesale-mixing-bowls-2-285x283.webp 285w, https:\/\/moyahousehold.com\/wp-content\/uploads\/2024\/05\/wholesale-mixing-bowls-2-660x656.webp 660w\" sizes=\"(max-width: 785px) 100vw, 785px\" \/><\/figure>\n<\/div>\n\n\n\n<div class=\"wp-block-column is-layout-flow wp-block-column-is-layout-flow\">\n<figure class=\"wp-block-image size-full\"><img decoding=\"async\" width=\"795\" height=\"787\" src=\"https:\/\/moyahousehold.com\/wp-content\/uploads\/2024\/05\/wholesale-mixing-bowls.webp\" alt=\"bols \u00e0 m\u00e9langer personnalis\u00e9s en gros\" class=\"wp-image-4786\" srcset=\"https:\/\/moyahousehold.com\/wp-content\/uploads\/2024\/05\/wholesale-mixing-bowls.webp 795w, https:\/\/moyahousehold.com\/wp-content\/uploads\/2024\/05\/wholesale-mixing-bowls-300x297.webp 300w, https:\/\/moyahousehold.com\/wp-content\/uploads\/2024\/05\/wholesale-mixing-bowls-768x760.webp 768w, https:\/\/moyahousehold.com\/wp-content\/uploads\/2024\/05\/wholesale-mixing-bowls-285x282.webp 285w, https:\/\/moyahousehold.com\/wp-content\/uploads\/2024\/05\/wholesale-mixing-bowls-660x653.webp 660w, https:\/\/moyahousehold.com\/wp-content\/uploads\/2024\/05\/wholesale-mixing-bowls-150x148.webp 150w\" sizes=\"(max-width: 795px) 100vw, 795px\" \/><\/figure>\n<\/div>\n<\/div>","protected":false},"excerpt":{"rendered":"<p>Ces bols de cuisine sont fabriqu\u00e9s en acier inoxydable 304 de qualit\u00e9 alimentaire, qui est tr\u00e8s durable et a un aspect color\u00e9 et agr\u00e9able. Ils attirent l'attention dans n'importe quelle sc\u00e8ne. Ils conviennent parfaitement \u00e0 une utilisation \u00e0 la maison, au restaurant et lors de f\u00eates. L'ensemble de bols de cuisine est disponible en 3 tailles, de la pr\u00e9paration des \u0153ufs au m\u00e9lange des salades, ils peuvent r\u00e9pondre \u00e0 vos besoins et sont un outil efficace pour am\u00e9liorer la pr\u00e9paration de vos repas.<\/p>\n<h3>Caract\u00e9ristiques et avantages du bol \u00e0 m\u00e9langer<\/h3>\n<p>1. Nos produits sont fabriqu\u00e9s en acier antirouille de qualit\u00e9 alimentaire avec une forte r\u00e9sistance \u00e0 la corrosion, ce qui permet de pr\u00e9venir efficacement la rouille et de garantir qu'ils restent brillants et neufs apr\u00e8s une utilisation \u00e0 long terme.<br \/>2. Les mat\u00e9riaux de qualit\u00e9 alimentaire ne contiennent pas de substances nocives et ne r\u00e9agissent pas chimiquement avec les aliments, ce qui garantit que chaque bouch\u00e9e est pure et exempte de pollution, vous permettant, ainsi qu'\u00e0 votre famille, de savourer des aliments sains et d\u00e9licieux.<br \/>3. La surface de ce bol \u00e0 m\u00e9langer en acier inoxydable adopte une technologie avanc\u00e9e de brossage mat, ce qui am\u00e9liore grandement la beaut\u00e9 du produit et augmente le confort de la main.<br \/>4. Le traitement mat peut r\u00e9duire efficacement les r\u00e9sidus d'empreintes digitales et de taches, ce qui facilite le nettoyage et l'entretien du produit dans le cadre d'une utilisation quotidienne et lui conf\u00e8re toujours un aspect haut de gamme.<br \/>5. La paroi int\u00e9rieure du bol \u00e0 m\u00e9langer comporte une graduation qui vous permet de contr\u00f4ler facilement la quantit\u00e9 d'aliments. Aidez les chefs et le personnel de service \u00e0 travailler plus efficacement, \u00e0 s'assurer que la quantit\u00e9 est toujours exacte et \u00e0 ne pas gaspiller d'ingr\u00e9dients.<br \/>6. Ce bol de cuisine en acier inoxydable est dot\u00e9 d'un orifice de d\u00e9viation unique, qui rend le processus de versement plus fluide, garantissant que le liquide s'\u00e9coule en douceur \u00e0 chaque utilisation, et permet de garder la cuisine propre.<br \/>7. en tant que fabricant de saladier de cuisine, nous pouvons personnaliser n'importe quelle capacit\u00e9 pour vous, contactez-nous pour nous faire part de vos besoins.<\/p>","protected":false},"featured_media":7885,"comment_status":"open","ping_status":"closed","template":"","meta":[],"product_cat":[55],"product_tag":[],"class_list":{"0":"post-4762","1":"product","2":"type-product","3":"status-publish","4":"has-post-thumbnail","6":"product_cat-salad-bowl-wholesale","8":"first","9":"instock","10":"shipping-taxable","11":"product-type-simple"},"_links":{"self":[{"href":"https:\/\/moyahousehold.com\/fr\/wp-json\/wp\/v2\/product\/4762","targetHints":{"allow":["GET"]}}],"collection":[{"href":"https:\/\/moyahousehold.com\/fr\/wp-json\/wp\/v2\/product"}],"about":[{"href":"https:\/\/moyahousehold.com\/fr\/wp-json\/wp\/v2\/types\/product"}],"replies":[{"embeddable":true,"href":"https:\/\/moyahousehold.com\/fr\/wp-json\/wp\/v2\/comments?post=4762"}],"version-history":[{"count":0,"href":"https:\/\/moyahousehold.com\/fr\/wp-json\/wp\/v2\/product\/4762\/revisions"}],"wp:featuredmedia":[{"embeddable":true,"href":"https:\/\/moyahousehold.com\/fr\/wp-json\/wp\/v2\/media\/7885"}],"wp:attachment":[{"href":"https:\/\/moyahousehold.com\/fr\/wp-json\/wp\/v2\/media?parent=4762"}],"wp:term":[{"taxonomy":"product_cat","embeddable":true,"href":"https:\/\/moyahousehold.com\/fr\/wp-json\/wp\/v2\/product_cat?post=4762"},{"taxonomy":"product_tag","embeddable":true,"href":"https:\/\/moyahousehold.com\/fr\/wp-json\/wp\/v2\/product_tag?post=4762"}],"curies":[{"name":"wp","href":"https:\/\/api.w.org\/{rel}","templated":true}]}}