{"id":4789,"date":"2024-05-17T09:21:31","date_gmt":"2024-05-17T09:21:31","guid":{"rendered":"https:\/\/moyahousehold.com\/?post_type=product&#038;p=4789"},"modified":"2026-04-14T01:07:03","modified_gmt":"2026-04-14T01:07:03","slug":"wholesale-stainless-steel-3-compartment-food-containers-with-lids","status":"publish","type":"product","link":"https:\/\/moyahousehold.com\/fr\/produit\/recipients-alimentaires-personnalisables-en-gros\/","title":{"rendered":"Wholesale Stainless Steel 3 Compartment Food Containers with Lids | Support OEM&amp;ODM"},"content":{"rendered":"<h3 class=\"wp-block-heading\">Param\u00e8tres du r\u00e9cipient alimentaire en acier inoxydable \u00e0 3 compartiments<\/h3>\n\n\n\n<figure class=\"wp-block-table\"><table class=\"has-fixed-layout\"><tbody><tr><td><strong>Objet<\/strong><\/td><td><strong>Mat\u00e9riau<\/strong><\/td><td><strong>Couleur<\/strong><\/td><td><strong>Capacit\u00e9<\/strong><\/td><td><strong>Dimension<\/strong><\/td><td><strong>PCS\/Case<\/strong><\/td><td><strong>N.W.\/PCS<\/strong><\/td><\/tr><tr><td>MYJD024<\/td><td rowspan=\"3\">304 + PP<\/td><td rowspan=\"3\">Black lid + Steel body<\/td><td>1200ML 3-compartments<\/td><td>20*20*6.5cm<\/td><td> 60 <\/td><td>0.26kg<\/td><\/tr><tr><td>MYJD025<\/td><td>1500ML single compartment<\/td><td>20*20*6.5cm<\/td><td>60<\/td><td>0.24kg<\/td><\/tr><tr><td>MYJD026<\/td><td>2000ML deep single compartment<\/td><td>20*20*10cm<\/td><td>48<\/td><td>0,4 kg<\/td><\/tr><\/tbody><\/table><\/figure>\n\n\n\n<div class=\"wp-block-columns is-layout-flex wp-container-core-columns-is-layout-9d6595d7 wp-block-columns-is-layout-flex\">\n<div class=\"wp-block-column is-layout-flow wp-block-column-is-layout-flow\">\n<h3 class=\"wp-block-heading\">Options de conteneurs alimentaires personnalis\u00e9s<\/h3>\n\n\n\n<p><strong>Logo :<\/strong> Customize your brand logo on product and package.<br><strong>Couvercle : <\/strong>PP lid<br><strong>Logo Options: <\/strong>Printed logo, laser engraved logo, etc.<br><strong>Mod\u00e8le :<\/strong> Printing patterns on food storage containers.<br><strong>Printing Technology:<\/strong> Water transfer printing, silk screen printing, heat transfer printing, etc.<br><strong>Emballage :<\/strong> Color box<br><a href=\"https:\/\/moyahousehold.com\/fr\/solution-personnalisee\/\" data-type=\"page\" data-id=\"2817\"><strong>D\u00e9couvrez d'autres solutions de conteneurs alimentaires personnalis\u00e9s.<\/strong><\/a><\/p>\n<\/div>\n<\/div>\n\n\n\n<div class=\"wp-block-columns is-layout-flex wp-container-core-columns-is-layout-9d6595d7 wp-block-columns-is-layout-flex\">\n<div class=\"wp-block-column is-layout-flow wp-block-column-is-layout-flow\">\n<figure class=\"wp-block-image size-full\"><img fetchpriority=\"high\" decoding=\"async\" width=\"1500\" height=\"1500\" src=\"https:\/\/moyahousehold.com\/wp-content\/uploads\/2024\/05\/stainless-steel-food-container-display-1.jpg\" alt=\"pr\u00e9sentoir de conteneurs alimentaires en acier inoxydable (1)\" class=\"wp-image-9102\" srcset=\"https:\/\/moyahousehold.com\/wp-content\/uploads\/2024\/05\/stainless-steel-food-container-display-1.jpg 1500w, https:\/\/moyahousehold.com\/wp-content\/uploads\/2024\/05\/stainless-steel-food-container-display-1-300x300.jpg 300w, https:\/\/moyahousehold.com\/wp-content\/uploads\/2024\/05\/stainless-steel-food-container-display-1-150x150.jpg 150w, https:\/\/moyahousehold.com\/wp-content\/uploads\/2024\/05\/stainless-steel-food-container-display-1-768x768.jpg 768w, https:\/\/moyahousehold.com\/wp-content\/uploads\/2024\/05\/stainless-steel-food-container-display-1-12x12.jpg 12w, https:\/\/moyahousehold.com\/wp-content\/uploads\/2024\/05\/stainless-steel-food-container-display-1-285x285.jpg 285w, https:\/\/moyahousehold.com\/wp-content\/uploads\/2024\/05\/stainless-steel-food-container-display-1-270x270.jpg 270w, https:\/\/moyahousehold.com\/wp-content\/uploads\/2024\/05\/stainless-steel-food-container-display-1-540x540.jpg 540w, https:\/\/moyahousehold.com\/wp-content\/uploads\/2024\/05\/stainless-steel-food-container-display-1-660x660.jpg 660w\" sizes=\"(max-width: 1500px) 100vw, 1500px\" \/><\/figure>\n<\/div>\n\n\n\n<div class=\"wp-block-column is-layout-flow wp-block-column-is-layout-flow\">\n<figure class=\"wp-block-image size-full\"><img decoding=\"async\" width=\"1500\" height=\"1500\" src=\"https:\/\/moyahousehold.com\/wp-content\/uploads\/2024\/05\/stainless-steel-food-container-display-2.jpg\" alt=\"pr\u00e9sentoir de conteneurs alimentaires en acier inoxydable (2)\" class=\"wp-image-9103\" srcset=\"https:\/\/moyahousehold.com\/wp-content\/uploads\/2024\/05\/stainless-steel-food-container-display-2.jpg 1500w, https:\/\/moyahousehold.com\/wp-content\/uploads\/2024\/05\/stainless-steel-food-container-display-2-300x300.jpg 300w, https:\/\/moyahousehold.com\/wp-content\/uploads\/2024\/05\/stainless-steel-food-container-display-2-150x150.jpg 150w, https:\/\/moyahousehold.com\/wp-content\/uploads\/2024\/05\/stainless-steel-food-container-display-2-768x768.jpg 768w, https:\/\/moyahousehold.com\/wp-content\/uploads\/2024\/05\/stainless-steel-food-container-display-2-12x12.jpg 12w, https:\/\/moyahousehold.com\/wp-content\/uploads\/2024\/05\/stainless-steel-food-container-display-2-285x285.jpg 285w, https:\/\/moyahousehold.com\/wp-content\/uploads\/2024\/05\/stainless-steel-food-container-display-2-270x270.jpg 270w, https:\/\/moyahousehold.com\/wp-content\/uploads\/2024\/05\/stainless-steel-food-container-display-2-540x540.jpg 540w, https:\/\/moyahousehold.com\/wp-content\/uploads\/2024\/05\/stainless-steel-food-container-display-2-660x660.jpg 660w\" sizes=\"(max-width: 1500px) 100vw, 1500px\" \/><\/figure>\n<\/div>\n<\/div>\n\n\n\n<div class=\"wp-block-columns is-layout-flex wp-container-core-columns-is-layout-9d6595d7 wp-block-columns-is-layout-flex\">\n<div class=\"wp-block-column is-layout-flow wp-block-column-is-layout-flow\">\n<figure class=\"wp-block-image size-full\"><img decoding=\"async\" width=\"3635\" height=\"3635\" src=\"https:\/\/moyahousehold.com\/wp-content\/uploads\/2024\/05\/JD-\u5c0f\u659c\u8fb9\u6b63\u65b9\u5f62\u4fdd\u9c9c\u76d2-13.jpg\" alt=\"MOYA SUS304 Stainless Steel Insulated Food Storage Containers, Leak-Proof Fresh-Keeping Set with Multi Compartments for Camping &amp; Meal Prep\" class=\"wp-image-13021\" srcset=\"https:\/\/moyahousehold.com\/wp-content\/uploads\/2024\/05\/JD-\u5c0f\u659c\u8fb9\u6b63\u65b9\u5f62\u4fdd\u9c9c\u76d2-13.jpg 3635w, https:\/\/moyahousehold.com\/wp-content\/uploads\/2024\/05\/JD-\u5c0f\u659c\u8fb9\u6b63\u65b9\u5f62\u4fdd\u9c9c\u76d2-13-300x300.jpg 300w, https:\/\/moyahousehold.com\/wp-content\/uploads\/2024\/05\/JD-\u5c0f\u659c\u8fb9\u6b63\u65b9\u5f62\u4fdd\u9c9c\u76d2-13-150x150.jpg 150w, https:\/\/moyahousehold.com\/wp-content\/uploads\/2024\/05\/JD-\u5c0f\u659c\u8fb9\u6b63\u65b9\u5f62\u4fdd\u9c9c\u76d2-13-768x768.jpg 768w, https:\/\/moyahousehold.com\/wp-content\/uploads\/2024\/05\/JD-\u5c0f\u659c\u8fb9\u6b63\u65b9\u5f62\u4fdd\u9c9c\u76d2-13-12x12.jpg 12w, https:\/\/moyahousehold.com\/wp-content\/uploads\/2024\/05\/JD-\u5c0f\u659c\u8fb9\u6b63\u65b9\u5f62\u4fdd\u9c9c\u76d2-13-285x285.jpg 285w, https:\/\/moyahousehold.com\/wp-content\/uploads\/2024\/05\/JD-\u5c0f\u659c\u8fb9\u6b63\u65b9\u5f62\u4fdd\u9c9c\u76d2-13-1600x1600.jpg 1600w, https:\/\/moyahousehold.com\/wp-content\/uploads\/2024\/05\/JD-\u5c0f\u659c\u8fb9\u6b63\u65b9\u5f62\u4fdd\u9c9c\u76d2-13-270x270.jpg 270w, https:\/\/moyahousehold.com\/wp-content\/uploads\/2024\/05\/JD-\u5c0f\u659c\u8fb9\u6b63\u65b9\u5f62\u4fdd\u9c9c\u76d2-13-540x540.jpg 540w, https:\/\/moyahousehold.com\/wp-content\/uploads\/2024\/05\/JD-\u5c0f\u659c\u8fb9\u6b63\u65b9\u5f62\u4fdd\u9c9c\u76d2-13-660x660.jpg 660w\" sizes=\"(max-width: 3635px) 100vw, 3635px\" \/><\/figure>\n<\/div>\n\n\n\n<div class=\"wp-block-column is-layout-flow wp-block-column-is-layout-flow\">\n<figure class=\"wp-block-image size-full\"><img loading=\"lazy\" decoding=\"async\" width=\"3635\" height=\"3635\" src=\"https:\/\/moyahousehold.com\/wp-content\/uploads\/2024\/05\/JD-\u5c0f\u659c\u8fb9\u6b63\u65b9\u5f62\u4fdd\u9c9c\u76d2-15.jpg\" alt=\"MOYA SUS304 Stainless Steel Insulated Food Storage Containers, Leak-Proof Fresh-Keeping Set with Multi Compartments for Camping &amp; Meal Prep\" class=\"wp-image-13022\" srcset=\"https:\/\/moyahousehold.com\/wp-content\/uploads\/2024\/05\/JD-\u5c0f\u659c\u8fb9\u6b63\u65b9\u5f62\u4fdd\u9c9c\u76d2-15.jpg 3635w, https:\/\/moyahousehold.com\/wp-content\/uploads\/2024\/05\/JD-\u5c0f\u659c\u8fb9\u6b63\u65b9\u5f62\u4fdd\u9c9c\u76d2-15-300x300.jpg 300w, https:\/\/moyahousehold.com\/wp-content\/uploads\/2024\/05\/JD-\u5c0f\u659c\u8fb9\u6b63\u65b9\u5f62\u4fdd\u9c9c\u76d2-15-150x150.jpg 150w, https:\/\/moyahousehold.com\/wp-content\/uploads\/2024\/05\/JD-\u5c0f\u659c\u8fb9\u6b63\u65b9\u5f62\u4fdd\u9c9c\u76d2-15-768x768.jpg 768w, https:\/\/moyahousehold.com\/wp-content\/uploads\/2024\/05\/JD-\u5c0f\u659c\u8fb9\u6b63\u65b9\u5f62\u4fdd\u9c9c\u76d2-15-12x12.jpg 12w, https:\/\/moyahousehold.com\/wp-content\/uploads\/2024\/05\/JD-\u5c0f\u659c\u8fb9\u6b63\u65b9\u5f62\u4fdd\u9c9c\u76d2-15-285x285.jpg 285w, https:\/\/moyahousehold.com\/wp-content\/uploads\/2024\/05\/JD-\u5c0f\u659c\u8fb9\u6b63\u65b9\u5f62\u4fdd\u9c9c\u76d2-15-1600x1600.jpg 1600w, https:\/\/moyahousehold.com\/wp-content\/uploads\/2024\/05\/JD-\u5c0f\u659c\u8fb9\u6b63\u65b9\u5f62\u4fdd\u9c9c\u76d2-15-270x270.jpg 270w, https:\/\/moyahousehold.com\/wp-content\/uploads\/2024\/05\/JD-\u5c0f\u659c\u8fb9\u6b63\u65b9\u5f62\u4fdd\u9c9c\u76d2-15-540x540.jpg 540w, https:\/\/moyahousehold.com\/wp-content\/uploads\/2024\/05\/JD-\u5c0f\u659c\u8fb9\u6b63\u65b9\u5f62\u4fdd\u9c9c\u76d2-15-660x660.jpg 660w\" sizes=\"(max-width: 3635px) 100vw, 3635px\" \/><\/figure>\n<\/div>\n<\/div>","protected":false},"excerpt":{"rendered":"<p>R\u00e9cipients alimentaires \u00e0 trois compartiments en gros, fabriqu\u00e9s en acier inoxydable \u00e9pais, plus durable, et polis, tr\u00e8s lisses et faciles \u00e0 nettoyer. Nous avons trois compartiments et des compartiments simples et diff\u00e9rentes capacit\u00e9s \u00e0 choisir, de sorte que vous pouvez les m\u00e9langer et les assortir raisonnablement pour stocker une vari\u00e9t\u00e9 d'aliments. Nous prenons en charge les demandes OEM et ODM, n'h\u00e9sitez pas \u00e0 nous contacter.<\/p>\n<h3>Caract\u00e9ristiques et avantages du conteneur alimentaire \u00e0 3 compartiments<\/h3>\n<p><strong>3 compartiments :<\/strong> La conception \u00e0 trois compartiments s\u00e9pare les aliments pour pr\u00e9server le go\u00fbt et la texture de chacun d'entre eux. Convient parfaitement aux bo\u00eetes \u00e0 lunch.<\/p>\n<p><strong>High-quality Material:<\/strong> Ce r\u00e9cipient alimentaire est fabriqu\u00e9 en acier inoxydable 304 pour garantir sa durabilit\u00e9 et ses performances \u00e0 long terme.<\/p>\n<p><strong>Enhanced Durability:<\/strong> Ce r\u00e9cipient alimentaire en acier inoxydable a \u00e9t\u00e9 am\u00e9lior\u00e9 et \u00e9paissi. Il r\u00e9siste aux temp\u00e9ratures \u00e9lev\u00e9es et \u00e0 la corrosion et a une dur\u00e9e de vie plus longue.<\/p>\n<p><strong>Facile \u00e0 nettoyer<\/strong>: Le traitement \u00e9lectrolytique interne est lisse et rond, facile \u00e0 nettoyer, et aucune odeur d'aliment ne subsiste. <\/p>\n<p><strong>Sealed and Leak-proof design<\/strong>: \u00c9quip\u00e9 d'un anneau d'\u00e9tanch\u00e9it\u00e9 en silicone \u00e9largi, il s'ajuste parfaitement pour garantir l'\u00e9tanch\u00e9it\u00e9 et l'imperm\u00e9abilit\u00e9 \u00e0 l'humidit\u00e9, ce qui permet de conserver la fra\u00eecheur des aliments. <\/p>\n<p><strong>Sturdy Lid:<\/strong> Le r\u00e9cipient alimentaire est \u00e9quip\u00e9 d'un couvercle \u00e9pais qui ne se d\u00e9forme pas facilement, d'un bouton respirant et d'une petite oreille qui facilite l'ouverture et la fermeture du couvercle. <\/p>\n<p><strong>OEM&amp;ODM Support:<\/strong> Moya fournit des services de vente en gros de r\u00e9cipients alimentaires en acier inoxydable et propose des solutions personnalis\u00e9es OEM et ODM pour r\u00e9pondre \u00e0 vos besoins particuliers. <\/p>\n<p>&nbsp;<\/p>","protected":false},"featured_media":9099,"comment_status":"open","ping_status":"closed","template":"","meta":[],"product_cat":[57],"product_tag":[96,100],"class_list":{"0":"post-4789","1":"product","2":"type-product","3":"status-publish","4":"has-post-thumbnail","6":"product_cat-food-storage-container-wholesale","7":"product_tag-wholesale-multi-compartment-storage-food-containers","8":"product_tag-wholesale-square-food-storage-containers","10":"first","11":"instock","12":"shipping-taxable","13":"product-type-simple"},"_links":{"self":[{"href":"https:\/\/moyahousehold.com\/fr\/wp-json\/wp\/v2\/product\/4789","targetHints":{"allow":["GET"]}}],"collection":[{"href":"https:\/\/moyahousehold.com\/fr\/wp-json\/wp\/v2\/product"}],"about":[{"href":"https:\/\/moyahousehold.com\/fr\/wp-json\/wp\/v2\/types\/product"}],"replies":[{"embeddable":true,"href":"https:\/\/moyahousehold.com\/fr\/wp-json\/wp\/v2\/comments?post=4789"}],"version-history":[{"count":2,"href":"https:\/\/moyahousehold.com\/fr\/wp-json\/wp\/v2\/product\/4789\/revisions"}],"predecessor-version":[{"id":13024,"href":"https:\/\/moyahousehold.com\/fr\/wp-json\/wp\/v2\/product\/4789\/revisions\/13024"}],"wp:featuredmedia":[{"embeddable":true,"href":"https:\/\/moyahousehold.com\/fr\/wp-json\/wp\/v2\/media\/9099"}],"wp:attachment":[{"href":"https:\/\/moyahousehold.com\/fr\/wp-json\/wp\/v2\/media?parent=4789"}],"wp:term":[{"taxonomy":"product_cat","embeddable":true,"href":"https:\/\/moyahousehold.com\/fr\/wp-json\/wp\/v2\/product_cat?post=4789"},{"taxonomy":"product_tag","embeddable":true,"href":"https:\/\/moyahousehold.com\/fr\/wp-json\/wp\/v2\/product_tag?post=4789"}],"curies":[{"name":"wp","href":"https:\/\/api.w.org\/{rel}","templated":true}]}}