{"id":4823,"date":"2024-05-20T08:29:11","date_gmt":"2024-05-20T08:29:11","guid":{"rendered":"https:\/\/moyahousehold.com\/?post_type=product&#038;p=4823"},"modified":"2025-02-05T10:20:38","modified_gmt":"2025-02-05T10:20:38","slug":"large-stainless-steel-food-containers-with-lids","status":"publish","type":"product","link":"https:\/\/moyahousehold.com\/fr\/produit\/recipients-de-conservation-des-aliments-personnalisables-avec-couvercles-attaches\/","title":{"rendered":"Grands r\u00e9cipients alimentaires en acier inoxydable avec couvercles:Un bon r\u00e9cipient pour la cong\u00e9lation des aliments"},"content":{"rendered":"<div class=\"wp-block-columns is-layout-flex wp-container-core-columns-is-layout-9d6595d7 wp-block-columns-is-layout-flex\">\n<div class=\"wp-block-column is-layout-flow wp-block-column-is-layout-flow\">\n<h3 class=\"wp-block-heading\">Param\u00e8tres des conteneurs alimentaires en acier inoxydable<\/h3>\n\n\n\n<figure class=\"wp-block-table\"><table class=\"has-fixed-layout\"><tbody><tr><td>Num\u00e9ro de mod\u00e8le<\/td><td>Mat\u00e9riau<\/td><td>Couleur<\/td><td>Capacit\u00e9<\/td><td>Taille du produit<\/td><td>Dimensions de la bo\u00eete ext\u00e9rieure<\/td><td>QT\u00c9\/CTN<\/td><td>N.W.<\/td><td>G.W.<\/td><\/tr><tr><td>MYJD033<\/td><td>304+PP<\/td><td rowspan=\"3\">Couvercle noir,<br>corps en acier<br>(couvercle haut)<\/td><td>550ml<\/td><td>15*11.5*7.5<\/td><td>60*50*53<\/td><td>120<\/td><td>0.27<\/td><td>56.4<\/td><\/tr><tr><td>MYJD034<\/td><td>304+PP<\/td><td>850ml<\/td><td>17.5*13*8<\/td><td>61*58*60<\/td><td>96<\/td><td>0.22<\/td><td>40.32<\/td><\/tr><tr><td>MYJD035<\/td><td>304+PP<\/td><td>1500ml<\/td><td>20.5*15*10.5<\/td><td>67*66*45<\/td><td>60<\/td><td>0.35<\/td><td>33<\/td><\/tr><tr><td>MYJD036<\/td><td>304+PP<\/td><td rowspan=\"2\">Couvercle noir avec poign\u00e9e<br>corps en acier<br>(couvercle haut)<\/td><td>2800ml<\/td><td>23.5*19.5*13<\/td><td>68*67*69.5<\/td><td>36<\/td><td>0.47<\/td><td>24.12<\/td><\/tr><tr><td>MYJD037<\/td><td>304+PP<\/td><td>5000ml<\/td><td>29*21.5*15<\/td><td>65*46*60<\/td><td>24<\/td><td>0.89<\/td><td>26.16<\/td><\/tr><\/tbody><\/table><\/figure>\n<\/div>\n<\/div>\n\n\n\n<h3 class=\"wp-block-heading\">Options de conteneurs alimentaires personnalis\u00e9s<\/h3>\n\n\n\n<p><strong>Logo<\/strong>: personnalisez le logo de votre marque sur les contenants et emballages alimentaires.<br><strong>Couvercle<\/strong>: Choisissez des couvercles en verre ou en PP pour vos bo\u00eetes de conservation en acier inoxydable.<br><strong>Options du logo<\/strong>: Nous vous proposons des m\u00e9thodes de gravure au laser ou de transfert thermique pour ajouter votre logo aux r\u00e9cipients de stockage des aliments.<br><strong>Mod\u00e8le<\/strong>: motifs d'impression sur les conteneurs de stockage de produits alimentaires.<br><strong>Technologie d'impression<\/strong>: Nous proposons l'impression par transfert d'\u00e9cran, transfert de chaleur et transfert d'eau pour ajouter des motifs \u00e0 vos produits.<br><strong>Emballage : <\/strong>Vous pouvez nous envoyer le fichier et nous personnaliserons la bo\u00eete de couleur du conteneur alimentaire pour vous.<br><a href=\"https:\/\/moyahousehold.com\/fr\/solution-personnalisee\/\"><strong>D\u00e9couvrez d'autres solutions de conteneurs alimentaires personnalis\u00e9s.<\/strong><\/a><\/p>\n\n\n\n<div class=\"wp-block-columns is-layout-flex wp-container-core-columns-is-layout-9d6595d7 wp-block-columns-is-layout-flex\">\n<div class=\"wp-block-column is-layout-flow wp-block-column-is-layout-flow\">\n<figure class=\"wp-block-image size-full\"><img fetchpriority=\"high\" decoding=\"async\" width=\"1500\" height=\"1500\" src=\"https:\/\/moyahousehold.com\/wp-content\/uploads\/2024\/05\/large-stainless-steel-food-container-series-1.jpg\" alt=\"grande s\u00e9rie de conteneurs alimentaires en acier inoxydable (1)\" class=\"wp-image-9132\" srcset=\"https:\/\/moyahousehold.com\/wp-content\/uploads\/2024\/05\/large-stainless-steel-food-container-series-1.jpg 1500w, https:\/\/moyahousehold.com\/wp-content\/uploads\/2024\/05\/large-stainless-steel-food-container-series-1-300x300.jpg 300w, https:\/\/moyahousehold.com\/wp-content\/uploads\/2024\/05\/large-stainless-steel-food-container-series-1-150x150.jpg 150w, https:\/\/moyahousehold.com\/wp-content\/uploads\/2024\/05\/large-stainless-steel-food-container-series-1-768x768.jpg 768w, https:\/\/moyahousehold.com\/wp-content\/uploads\/2024\/05\/large-stainless-steel-food-container-series-1-12x12.jpg 12w, https:\/\/moyahousehold.com\/wp-content\/uploads\/2024\/05\/large-stainless-steel-food-container-series-1-285x285.jpg 285w, https:\/\/moyahousehold.com\/wp-content\/uploads\/2024\/05\/large-stainless-steel-food-container-series-1-270x270.jpg 270w, https:\/\/moyahousehold.com\/wp-content\/uploads\/2024\/05\/large-stainless-steel-food-container-series-1-540x540.jpg 540w, https:\/\/moyahousehold.com\/wp-content\/uploads\/2024\/05\/large-stainless-steel-food-container-series-1-660x660.jpg 660w\" sizes=\"(max-width: 1500px) 100vw, 1500px\" \/><\/figure>\n<\/div>\n\n\n\n<div class=\"wp-block-column is-layout-flow wp-block-column-is-layout-flow\">\n<figure class=\"wp-block-image size-full\"><img decoding=\"async\" width=\"1500\" height=\"1500\" src=\"https:\/\/moyahousehold.com\/wp-content\/uploads\/2024\/05\/large-stainless-steel-food-container-series-2.jpg\" alt=\"grande s\u00e9rie de conteneurs alimentaires en acier inoxydable (2)\" class=\"wp-image-9133\" srcset=\"https:\/\/moyahousehold.com\/wp-content\/uploads\/2024\/05\/large-stainless-steel-food-container-series-2.jpg 1500w, https:\/\/moyahousehold.com\/wp-content\/uploads\/2024\/05\/large-stainless-steel-food-container-series-2-300x300.jpg 300w, https:\/\/moyahousehold.com\/wp-content\/uploads\/2024\/05\/large-stainless-steel-food-container-series-2-150x150.jpg 150w, https:\/\/moyahousehold.com\/wp-content\/uploads\/2024\/05\/large-stainless-steel-food-container-series-2-768x768.jpg 768w, https:\/\/moyahousehold.com\/wp-content\/uploads\/2024\/05\/large-stainless-steel-food-container-series-2-12x12.jpg 12w, https:\/\/moyahousehold.com\/wp-content\/uploads\/2024\/05\/large-stainless-steel-food-container-series-2-285x285.jpg 285w, https:\/\/moyahousehold.com\/wp-content\/uploads\/2024\/05\/large-stainless-steel-food-container-series-2-270x270.jpg 270w, https:\/\/moyahousehold.com\/wp-content\/uploads\/2024\/05\/large-stainless-steel-food-container-series-2-540x540.jpg 540w, https:\/\/moyahousehold.com\/wp-content\/uploads\/2024\/05\/large-stainless-steel-food-container-series-2-660x660.jpg 660w\" sizes=\"(max-width: 1500px) 100vw, 1500px\" \/><\/figure>\n<\/div>\n<\/div>\n\n\n\n<div class=\"wp-block-columns is-layout-flex wp-container-core-columns-is-layout-9d6595d7 wp-block-columns-is-layout-flex\">\n<div class=\"wp-block-column is-layout-flow wp-block-column-is-layout-flow\"><\/div>\n\n\n\n<div class=\"wp-block-column is-layout-flow wp-block-column-is-layout-flow\"><\/div>\n<\/div>","protected":false},"excerpt":{"rendered":"<p>Conteneurs alimentaires de grande capacit\u00e9 en acier inoxydable, fabriqu\u00e9s en acier inoxydable \u00e9paissi, et conteneurs de stockage alimentaire en acier inoxydable avec couvercles \u00e9paissi, tr\u00e8s appropri\u00e9s pour une utilisation fr\u00e9quente, tels que les h\u00f4tels, les restaurants et autres lieux. Peut \u00eatre utilis\u00e9 pour stocker des aliments congel\u00e9s, des aliments solides et d'autres types d'aliments. Mod\u00e8le de grande capacit\u00e9 MYJD035-037 avec une poign\u00e9e, tr\u00e8s facile \u00e0 utiliser, la conception de la presse autour du couvercle peut vous aider \u00e0 sceller facilement les aliments. Contactez-nous pour un devis.<\/p>\n<h3>Caract\u00e9ristiques et avantages des conteneurs de stockage des aliments\u00a0<\/h3>\n<p><strong>Mat\u00e9riau en acier inoxydable 304 de qualit\u00e9 alimentaire :<\/strong> Cette grande bo\u00eete \u00e0 lunch en acier inoxydable est fabriqu\u00e9e en acier inoxydable 304, qui est durable, r\u00e9sistant \u00e0 la corrosion et ne contient pas de substances nocives, ce qui garantit une utilisation plus s\u00fbre.<\/p>\n<p><strong>Mat\u00e9riau en acier inoxydable \u00e9paissi :<\/strong> L'acier inoxydable \u00e9pais utilis\u00e9 est plus durable que les r\u00e9cipients de conservation en acier inoxydable ordinaires et convient parfaitement \u00e0 la conservation des aliments surgel\u00e9s dans les restaurants et les h\u00f4tels.<\/p>\n<p><strong>Couvercle en mat\u00e9riau PP de qualit\u00e9 alimentaire :<\/strong> Le couvercle est dot\u00e9 d'un syst\u00e8me d'encliquetage qui garantit la fermet\u00e9 du couvercle, emp\u00eache les fuites d'aliments et facilite l'utilisation quotidienne.<\/p>\n<p><strong>Facile \u00e0 nettoyer et durable :<\/strong> La paroi int\u00e9rieure du conteneur alimentaire adopte un processus d'\u00e9lectrolyse, et la surface est lisse et arrondie, ce qui facilite le nettoyage. Il n'y a pas d'odeur r\u00e9siduelle lors du stockage des aliments, ce qui permet de conserver la fra\u00eecheur des aliments.<\/p>\n<p><strong>Bague d'\u00e9tanch\u00e9it\u00e9 \u00e9largie en silicone :<\/strong> Le couvercle est \u00e9quip\u00e9 d'un anneau en silicone \u00e9largi pour assurer un ajustement serr\u00e9, fournir une fonction d'\u00e9tanch\u00e9it\u00e9 g\u00e9n\u00e9rale, emp\u00eacher efficacement la vapeur d'eau ext\u00e9rieure de p\u00e9n\u00e9trer et garder les aliments au sec.<\/p>\n<p><strong>Service de personnalisation OEM&amp;ODM :<\/strong> Nous fournissons des services professionnels de personnalisation OEM&amp;ODM pour cr\u00e9er des r\u00e9cipients alimentaires en acier inoxydable uniques en fonction des besoins des clients afin de garantir que vos exigences personnalis\u00e9es sont satisfaites.<\/p>","protected":false},"featured_media":9272,"comment_status":"closed","ping_status":"closed","template":"","meta":[],"product_cat":[57],"product_tag":[99],"class_list":{"0":"post-4823","1":"product","2":"type-product","3":"status-publish","4":"has-post-thumbnail","6":"product_cat-food-storage-container-wholesale","7":"product_tag-wholesale-rectangle-food-storage-containers","9":"first","10":"instock","11":"shipping-taxable","12":"product-type-simple"},"_links":{"self":[{"href":"https:\/\/moyahousehold.com\/fr\/wp-json\/wp\/v2\/product\/4823","targetHints":{"allow":["GET"]}}],"collection":[{"href":"https:\/\/moyahousehold.com\/fr\/wp-json\/wp\/v2\/product"}],"about":[{"href":"https:\/\/moyahousehold.com\/fr\/wp-json\/wp\/v2\/types\/product"}],"replies":[{"embeddable":true,"href":"https:\/\/moyahousehold.com\/fr\/wp-json\/wp\/v2\/comments?post=4823"}],"version-history":[{"count":0,"href":"https:\/\/moyahousehold.com\/fr\/wp-json\/wp\/v2\/product\/4823\/revisions"}],"wp:featuredmedia":[{"embeddable":true,"href":"https:\/\/moyahousehold.com\/fr\/wp-json\/wp\/v2\/media\/9272"}],"wp:attachment":[{"href":"https:\/\/moyahousehold.com\/fr\/wp-json\/wp\/v2\/media?parent=4823"}],"wp:term":[{"taxonomy":"product_cat","embeddable":true,"href":"https:\/\/moyahousehold.com\/fr\/wp-json\/wp\/v2\/product_cat?post=4823"},{"taxonomy":"product_tag","embeddable":true,"href":"https:\/\/moyahousehold.com\/fr\/wp-json\/wp\/v2\/product_tag?post=4823"}],"curies":[{"name":"wp","href":"https:\/\/api.w.org\/{rel}","templated":true}]}}