{"id":4835,"date":"2024-05-20T09:25:11","date_gmt":"2024-05-20T09:25:11","guid":{"rendered":"https:\/\/moyahousehold.com\/?post_type=product&#038;p=4835"},"modified":"2026-04-14T02:55:49","modified_gmt":"2026-04-14T02:55:49","slug":"wholesale-round-food-storage-containers-with-time-recording-module","status":"publish","type":"product","link":"https:\/\/moyahousehold.com\/fr\/produit\/wholesale-round-food-storage-containers-with-time-recording-module\/","title":{"rendered":"R\u00e9cipients ronds de conservation des aliments avec module d'enregistrement de l'heure"},"content":{"rendered":"<h3 class=\"wp-block-heading\">Parameters of Round Food Storage Containers<\/h3>\n\n\n\n<figure class=\"wp-block-table\"><table class=\"has-fixed-layout\"><tbody><tr><td><strong>Objet<\/strong><\/td><td><strong>Mat\u00e9riau<\/strong><\/td><td><strong>Couleur<\/strong><\/td><td><strong>Capacit\u00e9<\/strong><\/td><td><strong>Dimension\/CM<\/strong><\/td><td><strong>PCS\/Case<\/strong><\/td><td><strong>N.W.\/PCS<\/strong><\/td><\/tr><tr><td>MYJD038<\/td><td rowspan=\"6\">304 + PP<\/td><td rowspan=\"6\">Beige\/khaki Translucent Lid + Steel Body<\/td><td>300ml<\/td><td>10.5*10.5*5.5<\/td><td>120<\/td><td>0.09<\/td><\/tr><tr><td>MYJD039<\/td><td>440ml<\/td><td>10.5*10.5*7.5<\/td><td>100<\/td><td>0.11<\/td><\/tr><tr><td>MYJD040<\/td><td>550ml<\/td><td>10.5*10.5*9.5<\/td><td>80<\/td><td>0.13<\/td><\/tr><tr><td>MYJD041<\/td><td>450ml<\/td><td>13*13*5.5<\/td><td>100<\/td><td>0.12<\/td><\/tr><tr><td>MYJD042<\/td><td>680ml<\/td><td>13*13*7.5<\/td><td>80<\/td><td>0.15<\/td><\/tr><tr><td>MYJD043<\/td><td>900ml<\/td><td>13*13*9.5<\/td><td>80<\/td><td>0.17<\/td><\/tr><\/tbody><\/table><\/figure>\n\n\n\n<h3 class=\"wp-block-heading\">Custom Round Food Storage Containers Options<\/h3>\n\n\n\n<p>Logo: Custom your brand logo on product and package.<br>Lid: Translucent Lid<br>Logo Options: Printed logo, laser engraved logo, etc.<br>Pattern: Printing patterns on food storage containers.<br>Printing Technology: Water transfer printing, silk screen printing, heat transfer printing, etc.<br>Package: Color box<br><a href=\"https:\/\/moyahousehold.com\/fr\/solution-personnalisee\/\" data-type=\"page\" data-id=\"2817\"><strong>Plus de personnalisation<\/strong><\/a><\/p>\n\n\n\n<div class=\"wp-block-columns is-layout-flex wp-container-core-columns-is-layout-9d6595d7 wp-block-columns-is-layout-flex\">\n<div class=\"wp-block-column is-layout-flow wp-block-column-is-layout-flow\">\n<figure class=\"wp-block-image size-full\"><img fetchpriority=\"high\" decoding=\"async\" width=\"571\" height=\"564\" src=\"https:\/\/moyahousehold.com\/wp-content\/uploads\/2024\/05\/wholesale-food-storage-containers-1.webp\" alt=\"R\u00e9cipients de stockage alimentaire en gros\" class=\"wp-image-4855\" srcset=\"https:\/\/moyahousehold.com\/wp-content\/uploads\/2024\/05\/wholesale-food-storage-containers-1.webp 571w, https:\/\/moyahousehold.com\/wp-content\/uploads\/2024\/05\/wholesale-food-storage-containers-1-300x296.webp 300w, https:\/\/moyahousehold.com\/wp-content\/uploads\/2024\/05\/wholesale-food-storage-containers-1-285x282.webp 285w, https:\/\/moyahousehold.com\/wp-content\/uploads\/2024\/05\/wholesale-food-storage-containers-1-150x148.webp 150w\" sizes=\"(max-width: 571px) 100vw, 571px\" \/><\/figure>\n<\/div>\n\n\n\n<div class=\"wp-block-column is-layout-flow wp-block-column-is-layout-flow\">\n<figure class=\"wp-block-image size-full\"><img decoding=\"async\" width=\"566\" height=\"571\" src=\"https:\/\/moyahousehold.com\/wp-content\/uploads\/2024\/05\/wholesale-food-storage-containers-40.webp\" alt=\"R\u00e9cipients de stockage alimentaire en gros\" class=\"wp-image-4856\" srcset=\"https:\/\/moyahousehold.com\/wp-content\/uploads\/2024\/05\/wholesale-food-storage-containers-40.webp 566w, https:\/\/moyahousehold.com\/wp-content\/uploads\/2024\/05\/wholesale-food-storage-containers-40-297x300.webp 297w, https:\/\/moyahousehold.com\/wp-content\/uploads\/2024\/05\/wholesale-food-storage-containers-40-150x150.webp 150w, https:\/\/moyahousehold.com\/wp-content\/uploads\/2024\/05\/wholesale-food-storage-containers-40-285x288.webp 285w\" sizes=\"(max-width: 566px) 100vw, 566px\" \/><\/figure>\n<\/div>\n<\/div>\n\n\n\n<div class=\"wp-block-columns is-layout-flex wp-container-core-columns-is-layout-9d6595d7 wp-block-columns-is-layout-flex\">\n<div class=\"wp-block-column is-layout-flow wp-block-column-is-layout-flow\">\n<figure class=\"wp-block-image size-full\"><img decoding=\"async\" width=\"4160\" height=\"4771\" src=\"https:\/\/moyahousehold.com\/wp-content\/uploads\/2024\/05\/JD-\u5706\u5f62\u4fdd\u9c9c\u76d2-16.jpg\" alt=\"MOYA SUS304 Stainless Steel Insulated Food Storage Containers, Leak-Proof Fresh-Keeping Set with Multi Compartments for Camping &amp; Meal Prep\" class=\"wp-image-13044\" srcset=\"https:\/\/moyahousehold.com\/wp-content\/uploads\/2024\/05\/JD-\u5706\u5f62\u4fdd\u9c9c\u76d2-16.jpg 4160w, https:\/\/moyahousehold.com\/wp-content\/uploads\/2024\/05\/JD-\u5706\u5f62\u4fdd\u9c9c\u76d2-16-262x300.jpg 262w, https:\/\/moyahousehold.com\/wp-content\/uploads\/2024\/05\/JD-\u5706\u5f62\u4fdd\u9c9c\u76d2-16-768x881.jpg 768w, https:\/\/moyahousehold.com\/wp-content\/uploads\/2024\/05\/JD-\u5706\u5f62\u4fdd\u9c9c\u76d2-16-10x12.jpg 10w, https:\/\/moyahousehold.com\/wp-content\/uploads\/2024\/05\/JD-\u5706\u5f62\u4fdd\u9c9c\u76d2-16-285x327.jpg 285w, https:\/\/moyahousehold.com\/wp-content\/uploads\/2024\/05\/JD-\u5706\u5f62\u4fdd\u9c9c\u76d2-16-1600x1835.jpg 1600w, https:\/\/moyahousehold.com\/wp-content\/uploads\/2024\/05\/JD-\u5706\u5f62\u4fdd\u9c9c\u76d2-16-575x660.jpg 575w, https:\/\/moyahousehold.com\/wp-content\/uploads\/2024\/05\/JD-\u5706\u5f62\u4fdd\u9c9c\u76d2-16-131x150.jpg 131w\" sizes=\"(max-width: 4160px) 100vw, 4160px\" \/><\/figure>\n<\/div>\n\n\n\n<div class=\"wp-block-column is-layout-flow wp-block-column-is-layout-flow\">\n<figure class=\"wp-block-image size-full\"><img loading=\"lazy\" decoding=\"async\" width=\"4160\" height=\"4771\" src=\"https:\/\/moyahousehold.com\/wp-content\/uploads\/2024\/05\/JD-\u5706\u5f62\u4fdd\u9c9c\u76d2-15.jpg\" alt=\"MOYA SUS304 Stainless Steel Insulated Food Storage Containers, Leak-Proof Fresh-Keeping Set with Multi Compartments for Camping &amp; Meal Prep\" class=\"wp-image-13043\" srcset=\"https:\/\/moyahousehold.com\/wp-content\/uploads\/2024\/05\/JD-\u5706\u5f62\u4fdd\u9c9c\u76d2-15.jpg 4160w, https:\/\/moyahousehold.com\/wp-content\/uploads\/2024\/05\/JD-\u5706\u5f62\u4fdd\u9c9c\u76d2-15-262x300.jpg 262w, https:\/\/moyahousehold.com\/wp-content\/uploads\/2024\/05\/JD-\u5706\u5f62\u4fdd\u9c9c\u76d2-15-768x881.jpg 768w, https:\/\/moyahousehold.com\/wp-content\/uploads\/2024\/05\/JD-\u5706\u5f62\u4fdd\u9c9c\u76d2-15-10x12.jpg 10w, https:\/\/moyahousehold.com\/wp-content\/uploads\/2024\/05\/JD-\u5706\u5f62\u4fdd\u9c9c\u76d2-15-285x327.jpg 285w, https:\/\/moyahousehold.com\/wp-content\/uploads\/2024\/05\/JD-\u5706\u5f62\u4fdd\u9c9c\u76d2-15-1600x1835.jpg 1600w, https:\/\/moyahousehold.com\/wp-content\/uploads\/2024\/05\/JD-\u5706\u5f62\u4fdd\u9c9c\u76d2-15-575x660.jpg 575w, https:\/\/moyahousehold.com\/wp-content\/uploads\/2024\/05\/JD-\u5706\u5f62\u4fdd\u9c9c\u76d2-15-131x150.jpg 131w\" sizes=\"(max-width: 4160px) 100vw, 4160px\" \/><\/figure>\n<\/div>\n<\/div>","protected":false},"excerpt":{"rendered":"<p>Nous sommes un fabricant de conteneurs alimentaires. Nous vendons en gros des conteneurs de stockage alimentaires ronds avec un module d'enregistrement du temps, vous aidant \u00e0 mieux g\u00e9rer la fra\u00eecheur de vos aliments. Le r\u00e9cipient de stockage alimentaire rond a un design simple et pratique, et le couvercle s'adapte parfaitement au r\u00e9cipient. Nous pouvons adapter la taille, la couleur et la marque du conteneur \u00e0 vos besoins afin qu'il corresponde parfaitement \u00e0 vos exigences individuelles.<\/p>\n<h3>Caract\u00e9ristiques et avantages des bo\u00eetes de conservation rondes avec module d'enregistrement du temps<\/h3>\n<p>1. Independent preservation without cross flavor, multiple specifications can be freely combined and stored.<\/p>\n<p>2.Select 304 stainless steel material, use thickened material, durable, resistant to impact and corrosion, and use with peace of mind.<\/p>\n<p>3.Built in silicone sealing ring, sealing leak proof, can be carried with confidence when going out.<\/p>\n<p>4.Cover PP press button design, one key airtightness, one second deflation.<\/p>\n<p>5.It can record the date of preservation and storage, making it convenient to calculate the duration of food storage.<br \/><strong><br \/><a href=\"https:\/\/moyahousehold.com\/fr\/solution-personnalisee\/\">Support OEM&amp;ODM<\/a><\/strong><\/p>","protected":false},"featured_media":7831,"comment_status":"open","ping_status":"closed","template":"","meta":[],"product_cat":[57],"product_tag":[95,106,98],"class_list":{"0":"post-4835","1":"product","2":"type-product","3":"status-publish","4":"has-post-thumbnail","6":"product_cat-food-storage-container-wholesale","7":"product_tag-wholesale-food-storage-containers-with-date-dial","8":"product_tag-microwavable-food-storage-containers","9":"product_tag-wholesale-round-food-storage-containers","11":"first","12":"instock","13":"shipping-taxable","14":"product-type-simple"},"_links":{"self":[{"href":"https:\/\/moyahousehold.com\/fr\/wp-json\/wp\/v2\/product\/4835","targetHints":{"allow":["GET"]}}],"collection":[{"href":"https:\/\/moyahousehold.com\/fr\/wp-json\/wp\/v2\/product"}],"about":[{"href":"https:\/\/moyahousehold.com\/fr\/wp-json\/wp\/v2\/types\/product"}],"replies":[{"embeddable":true,"href":"https:\/\/moyahousehold.com\/fr\/wp-json\/wp\/v2\/comments?post=4835"}],"version-history":[{"count":2,"href":"https:\/\/moyahousehold.com\/fr\/wp-json\/wp\/v2\/product\/4835\/revisions"}],"predecessor-version":[{"id":13047,"href":"https:\/\/moyahousehold.com\/fr\/wp-json\/wp\/v2\/product\/4835\/revisions\/13047"}],"wp:featuredmedia":[{"embeddable":true,"href":"https:\/\/moyahousehold.com\/fr\/wp-json\/wp\/v2\/media\/7831"}],"wp:attachment":[{"href":"https:\/\/moyahousehold.com\/fr\/wp-json\/wp\/v2\/media?parent=4835"}],"wp:term":[{"taxonomy":"product_cat","embeddable":true,"href":"https:\/\/moyahousehold.com\/fr\/wp-json\/wp\/v2\/product_cat?post=4835"},{"taxonomy":"product_tag","embeddable":true,"href":"https:\/\/moyahousehold.com\/fr\/wp-json\/wp\/v2\/product_tag?post=4835"}],"curies":[{"name":"wp","href":"https:\/\/api.w.org\/{rel}","templated":true}]}}