{"id":4860,"date":"2024-05-21T03:56:43","date_gmt":"2024-05-21T03:56:43","guid":{"rendered":"https:\/\/moyahousehold.com\/?post_type=product&#038;p=4860"},"modified":"2025-02-05T10:18:25","modified_gmt":"2025-02-05T10:18:25","slug":"wholesale-food-storage-containers-commercial","status":"publish","type":"product","link":"https:\/\/moyahousehold.com\/fr\/produit\/wholesale-food-storage-containers-commercial\/","title":{"rendered":"Bulk Wholesale Commercial Kitchen Food Storage Containers With Date Dial (R\u00e9cipients de stockage d'aliments pour la cuisine avec cadran de date)"},"content":{"rendered":"<h3 class=\"wp-block-heading\">Param\u00e8tres des conteneurs de stockage des aliments dans les cuisines commerciales<\/h3>\n\n\n\n<p><strong>Mat\u00e9riau :<\/strong>Acier inoxydable 304 + PP<br><strong>Couleur :<\/strong>Couvercle translucide beige\/kaki, corps en acier<\/p>\n\n\n\n<div class=\"wp-block-columns is-layout-flex wp-container-core-columns-is-layout-9d6595d7 wp-block-columns-is-layout-flex\">\n<div class=\"wp-block-column is-layout-flow wp-block-column-is-layout-flow\">\n<div class=\"wp-block-columns is-layout-flex wp-container-core-columns-is-layout-9d6595d7 wp-block-columns-is-layout-flex\">\n<div class=\"wp-block-column is-layout-flow wp-block-column-is-layout-flow\">\n<p><strong>Num\u00e9ro de mod\u00e8le : MYJD044<\/strong><br>Capacit\u00e9 : 300 ml<br>Dimension du produit : 11.6\u00d79.5\u00d75cm<br>Dimension de la bo\u00eete ext\u00e9rieure : 60\u00d739\u00d727cm<br>Quantit\u00e9 par bo\u00eete : 100<br>Poids net : 0,11 kg<br>Poids brut par bo\u00eete : 12,88 kg<br><strong>Num\u00e9ro de mod\u00e8le : MYJD045<\/strong><br>Capacit\u00e9 : 500ml<br>Dimension du produit : 11.6\u00d79.5\u00d77.5<br>Dimension de la bo\u00eete ext\u00e9rieure : 60\u00d739.5\u00d732.5cm<br>Quantit\u00e9 par bo\u00eete : 80<br>Poids net : 0,12 kg<br>Poids brut par bo\u00eete : 10,93 kg<br>Type de couvercle : couvercle haut avec poign\u00e9e<br><strong>Num\u00e9ro de mod\u00e8le : MYJD046<\/strong><br>Capacit\u00e9 : 600 ml<br>Dimension du produit : 11.6\u00d79.5\u00d79.5cm<br>Dimension de la bo\u00eete ext\u00e9rieure : 60\u00d739\u00d740cm<br>Quantit\u00e9 par bo\u00eete : 80<br>Poids net : 0,16 kg<br>Poids brut par bo\u00eete : 14 kg<br><strong>Num\u00e9ro de mod\u00e8le : MYJD047<\/strong><br>Capacit\u00e9 : 700ml<br>Dimension du produit : 19\u00d711.7\u00d75cm<br>Dimension de la bo\u00eete ext\u00e9rieure : 60\u00d739\u00d741.5cm<br>Quantit\u00e9 par bo\u00eete : 80<br>Poids net : 0,21 kg<br>Poids brut par bo\u00eete : 17,67 kg<br><strong>Num\u00e9ro de mod\u00e8le : MYJD048<\/strong><br>Capacit\u00e9 : 1100ml<br>Dimension du produit : 19\u00d711.7\u00d77.5cm<br>Dimension de la bo\u00eete ext\u00e9rieure : 60\u00d739.5\u00d746.5cm<br>Quantit\u00e9 par bo\u00eete : 60<br>Poids net : 0,23 kg<br>Poids brut par bo\u00eete : 15,28 kg<\/p>\n<\/div>\n\n\n\n<div class=\"wp-block-column is-layout-flow wp-block-column-is-layout-flow\">\n<p><strong>Num\u00e9ro de mod\u00e8le : MYJD049<\/strong><br>Capacit\u00e9 : 1400ml<br>Dimension du produit : 19\u00d711.7\u00d79.5cm<br>Dimension de la bo\u00eete ext\u00e9rieure : 60\u00d739.5\u00d749.5cm<br>Quantit\u00e9 par bo\u00eete : 60<br>Poids net : 0,28 kg<br>Poids brut par bo\u00eete : 17,97 kg<br><strong>Num\u00e9ro de mod\u00e8le : MYJD050<\/strong><br>Capacit\u00e9 : 1700ml<br>Dimension du produit : 23.5\u00d719.1\u00d75.6cm<br>Dimension de la bo\u00eete ext\u00e9rieure : 59x48x54.5cm<br>Quantit\u00e9 par bo\u00eete : 48<br>Poids net : 0,39 kg<br>Poids brut par bo\u00eete : 20,36 kg<br><strong>Num\u00e9ro de mod\u00e8le : MYJD051<\/strong><br>Capacit\u00e9 : 2400 ml<br>Dimension du produit : 23.5\u00d719.1\u00d77.6cm<br>Dimension de la bo\u00eete ext\u00e9rieure : 59\u00d748\u00d761.5cm<br>Quantit\u00e9 par bo\u00eete : 48<br>Poids net : 0,42 kg<br>Poids brut par bo\u00eete : 23,5 kg<br><strong>Num\u00e9ro de mod\u00e8le : MYJD052<\/strong><br>Capacit\u00e9 : 3200ml<br>Dimension du produit : 23.5\u00d7<em>19.1<\/em>\u00d79,6cm<br>Dimension de la bo\u00eete ext\u00e9rieure : 59\u00d748\u00d759cm<br>Quantit\u00e9 par bo\u00eete : 36<br>Poids net : 0,46 kg<br>Poids brut par bo\u00eete : 18,35 kg<\/p>\n<\/div>\n<\/div>\n<\/div>\n<\/div>\n\n\n\n<h3 class=\"wp-block-heading\">Options de contenants commerciaux personnalis\u00e9s pour le stockage des aliments<\/h3>\n\n\n\n<p><strong>Logo :<\/strong> personnaliser le logo de votre marque sur le produit et l'emballage.<br><strong>Couvercle : <\/strong>Couvercle en verre, couvercle en PP<br><strong>Options de logo : <\/strong>logo imprim\u00e9, logo grav\u00e9 au laser, etc.<br><strong>Mod\u00e8le :<\/strong> motifs d'impression sur les conteneurs de stockage des aliments.<br><strong>Technologie d'impression :<\/strong> impression par transfert d'eau, s\u00e9rigraphie, impression par transfert de chaleur, etc.<br><strong>Paquet : <\/strong>bo\u00eete \u00e0 couleurs<br><a href=\"https:\/\/moyahousehold.com\/fr\/solution-personnalisee\/\" data-type=\"page\" data-id=\"2817\"><strong>En savoir plus sur les solutions de conteneurs alimentaires personnalis\u00e9s. <\/strong><\/a><\/p>\n\n\n\n<div class=\"wp-block-columns is-layout-flex wp-container-core-columns-is-layout-9d6595d7 wp-block-columns-is-layout-flex\">\n<div class=\"wp-block-column is-layout-flow wp-block-column-is-layout-flow\">\n<figure class=\"wp-block-image size-full\"><img fetchpriority=\"high\" decoding=\"async\" width=\"1500\" height=\"1500\" src=\"https:\/\/moyahousehold.com\/wp-content\/uploads\/2024\/05\/commercial-kitchen-food-storage-containers-1.jpg\" alt=\"conteneurs de stockage des aliments pour la cuisine commerciale (1)\" class=\"wp-image-9191\" srcset=\"https:\/\/moyahousehold.com\/wp-content\/uploads\/2024\/05\/commercial-kitchen-food-storage-containers-1.jpg 1500w, https:\/\/moyahousehold.com\/wp-content\/uploads\/2024\/05\/commercial-kitchen-food-storage-containers-1-300x300.jpg 300w, https:\/\/moyahousehold.com\/wp-content\/uploads\/2024\/05\/commercial-kitchen-food-storage-containers-1-150x150.jpg 150w, https:\/\/moyahousehold.com\/wp-content\/uploads\/2024\/05\/commercial-kitchen-food-storage-containers-1-768x768.jpg 768w, https:\/\/moyahousehold.com\/wp-content\/uploads\/2024\/05\/commercial-kitchen-food-storage-containers-1-12x12.jpg 12w, https:\/\/moyahousehold.com\/wp-content\/uploads\/2024\/05\/commercial-kitchen-food-storage-containers-1-285x285.jpg 285w, https:\/\/moyahousehold.com\/wp-content\/uploads\/2024\/05\/commercial-kitchen-food-storage-containers-1-270x270.jpg 270w, https:\/\/moyahousehold.com\/wp-content\/uploads\/2024\/05\/commercial-kitchen-food-storage-containers-1-540x540.jpg 540w, https:\/\/moyahousehold.com\/wp-content\/uploads\/2024\/05\/commercial-kitchen-food-storage-containers-1-660x660.jpg 660w\" sizes=\"(max-width: 1500px) 100vw, 1500px\" \/><\/figure>\n<\/div>\n\n\n\n<div class=\"wp-block-column is-layout-flow wp-block-column-is-layout-flow\">\n<figure class=\"wp-block-image size-full\"><img decoding=\"async\" width=\"1500\" height=\"1500\" src=\"https:\/\/moyahousehold.com\/wp-content\/uploads\/2024\/05\/commercial-kitchen-food-storage-containers-2.jpg\" alt=\"conteneurs de stockage des aliments pour la cuisine commerciale (2)\" class=\"wp-image-9192\" srcset=\"https:\/\/moyahousehold.com\/wp-content\/uploads\/2024\/05\/commercial-kitchen-food-storage-containers-2.jpg 1500w, https:\/\/moyahousehold.com\/wp-content\/uploads\/2024\/05\/commercial-kitchen-food-storage-containers-2-300x300.jpg 300w, https:\/\/moyahousehold.com\/wp-content\/uploads\/2024\/05\/commercial-kitchen-food-storage-containers-2-150x150.jpg 150w, https:\/\/moyahousehold.com\/wp-content\/uploads\/2024\/05\/commercial-kitchen-food-storage-containers-2-768x768.jpg 768w, https:\/\/moyahousehold.com\/wp-content\/uploads\/2024\/05\/commercial-kitchen-food-storage-containers-2-12x12.jpg 12w, https:\/\/moyahousehold.com\/wp-content\/uploads\/2024\/05\/commercial-kitchen-food-storage-containers-2-285x285.jpg 285w, https:\/\/moyahousehold.com\/wp-content\/uploads\/2024\/05\/commercial-kitchen-food-storage-containers-2-270x270.jpg 270w, https:\/\/moyahousehold.com\/wp-content\/uploads\/2024\/05\/commercial-kitchen-food-storage-containers-2-540x540.jpg 540w, https:\/\/moyahousehold.com\/wp-content\/uploads\/2024\/05\/commercial-kitchen-food-storage-containers-2-660x660.jpg 660w\" sizes=\"(max-width: 1500px) 100vw, 1500px\" \/><\/figure>\n<\/div>\n<\/div>\n\n\n\n<p><\/p>","protected":false},"excerpt":{"rendered":"<p>Les r\u00e9cipients de stockage des aliments commerciaux en acier inoxydable, con\u00e7us pour l'industrie de la restauration \u00e0 grande \u00e9chelle, sont fabriqu\u00e9s \u00e0 partir de mat\u00e9riaux de haute qualit\u00e9. Ils permettent de stocker et de prot\u00e9ger efficacement la fra\u00eecheur et la qualit\u00e9 de divers ingr\u00e9dients. La surface du conteneur est trait\u00e9e par un processus \u00e9lectrolytique, ce qui r\u00e9duit consid\u00e9rablement le temps n\u00e9cessaire au nettoyage, ce qui convient parfaitement aux cuisines commerciales qui doivent \u00eatre utilis\u00e9es fr\u00e9quemment. Contactez-nous pour un devis.<\/p>\n<h3>Caract\u00e9ristiques et avantages des conteneurs commerciaux de stockage des aliments<\/h3>\n<p><strong>Mat\u00e9riau en acier inoxydable 304 :<\/strong> Fabriqu\u00e9 en acier inoxydable 304 de haute qualit\u00e9, le r\u00e9cipient de stockage commercial est robuste et durable, garantissant qu'il ne rouillera pas apr\u00e8s une utilisation \u00e0 long terme, qu'il est s\u00fbr et inoffensif, et qu'il convient au stockage de toutes sortes d'aliments.<\/p>\n<p><strong>Conception am\u00e9lior\u00e9e et \u00e9paissie :<\/strong> Apr\u00e8s \u00e9paississement, les r\u00e9cipients de stockage des aliments de la cuisine commerciale ont une meilleure r\u00e9sistance aux temp\u00e9ratures \u00e9lev\u00e9es et \u00e0 la corrosion, peuvent supporter des changements de temp\u00e9rature plus importants et une utilisation \u00e0 long terme, et ne sont pas faciles \u00e0 d\u00e9former.<\/p>\n<p><strong>Plusieurs sp\u00e9cifications disponibles :<\/strong> Neuf sp\u00e9cifications diff\u00e9rentes sont disponibles pour r\u00e9pondre \u00e0 diff\u00e9rents besoins. Qu'il s'agisse d'un repas de travail, d'un pique-nique en voyage ou d'un besoin de stockage de nourriture dans un restaurant, vous trouverez la bonne taille.<\/p>\n<p><strong>Il est recommand\u00e9 de l'utiliser avec des poches de glace :<\/strong> Pour conserver la fra\u00eecheur des aliments, il est recommand\u00e9 d'utiliser des blocs r\u00e9frig\u00e9rants, qui permettent de conserver les aliments frais pendant une longue p\u00e9riode par temps chaud.<\/p>\n<p><strong>Convient \u00e0 une grande vari\u00e9t\u00e9 d'aliments : <\/strong>Ces r\u00e9cipients de cuisine en acier inoxydable conviennent parfaitement \u00e0 la conservation d'une grande vari\u00e9t\u00e9 d'aliments, y compris les liquides, les produits secs, les sauces, les soupes, etc. Gr\u00e2ce \u00e0 leur imperm\u00e9abilit\u00e9, ils peuvent prot\u00e9ger efficacement le go\u00fbt et la texture des aliments.<\/p>\n<p><strong>Facile \u00e0 empiler et \u00e0 stocker :<\/strong> Ces conteneurs alimentaires commerciaux en acier inoxydable sont con\u00e7us pour \u00eatre empil\u00e9s afin d'\u00e9conomiser de l'espace de stockage. Ils conviennent particuli\u00e8rement aux environnements commerciaux tels que les restaurants et les usines de transformation des aliments qui n\u00e9cessitent beaucoup de stockage.<\/p>\n<p>&nbsp;<\/p>","protected":false},"featured_media":9166,"comment_status":"open","ping_status":"closed","template":"","meta":[],"product_cat":[57],"product_tag":[95,99],"class_list":{"0":"post-4860","1":"product","2":"type-product","3":"status-publish","4":"has-post-thumbnail","6":"product_cat-food-storage-container-wholesale","7":"product_tag-wholesale-food-storage-containers-with-date-dial","8":"product_tag-wholesale-rectangle-food-storage-containers","10":"first","11":"instock","12":"shipping-taxable","13":"product-type-simple"},"_links":{"self":[{"href":"https:\/\/moyahousehold.com\/fr\/wp-json\/wp\/v2\/product\/4860","targetHints":{"allow":["GET"]}}],"collection":[{"href":"https:\/\/moyahousehold.com\/fr\/wp-json\/wp\/v2\/product"}],"about":[{"href":"https:\/\/moyahousehold.com\/fr\/wp-json\/wp\/v2\/types\/product"}],"replies":[{"embeddable":true,"href":"https:\/\/moyahousehold.com\/fr\/wp-json\/wp\/v2\/comments?post=4860"}],"version-history":[{"count":0,"href":"https:\/\/moyahousehold.com\/fr\/wp-json\/wp\/v2\/product\/4860\/revisions"}],"wp:featuredmedia":[{"embeddable":true,"href":"https:\/\/moyahousehold.com\/fr\/wp-json\/wp\/v2\/media\/9166"}],"wp:attachment":[{"href":"https:\/\/moyahousehold.com\/fr\/wp-json\/wp\/v2\/media?parent=4860"}],"wp:term":[{"taxonomy":"product_cat","embeddable":true,"href":"https:\/\/moyahousehold.com\/fr\/wp-json\/wp\/v2\/product_cat?post=4860"},{"taxonomy":"product_tag","embeddable":true,"href":"https:\/\/moyahousehold.com\/fr\/wp-json\/wp\/v2\/product_tag?post=4860"}],"curies":[{"name":"wp","href":"https:\/\/api.w.org\/{rel}","templated":true}]}}