{"id":4874,"date":"2024-05-21T08:02:33","date_gmt":"2024-05-21T08:02:33","guid":{"rendered":"https:\/\/moyahousehold.com\/?post_type=product&#038;p=4874"},"modified":"2026-04-14T05:47:04","modified_gmt":"2026-04-14T05:47:04","slug":"wholesale-premium-stainless-steel-food-storage-containers","status":"publish","type":"product","link":"https:\/\/moyahousehold.com\/fr\/produit\/wholesale-premium-stainless-steel-food-storage-containers\/","title":{"rendered":"R\u00e9cipients de conservation des aliments en acier inoxydable de qualit\u00e9 sup\u00e9rieure (vente en gros)"},"content":{"rendered":"<div class=\"wp-block-columns is-layout-flex wp-container-core-columns-is-layout-9d6595d7 wp-block-columns-is-layout-flex\">\n<div class=\"wp-block-column is-layout-flow wp-block-column-is-layout-flow\">\n<h3 class=\"wp-block-heading\">Param\u00e8tres des r\u00e9cipients de stockage alimentaire en gros en acier inoxydable<\/h3>\n<\/div>\n<\/div>\n\n\n\n<figure class=\"wp-block-table\"><table><tbody><tr><td><strong>Objet<\/strong><\/td><td><strong>Mat\u00e9riau<\/strong><\/td><td><strong>Capacit\u00e9<\/strong><\/td><td><strong>Taille du produit<\/strong><\/td><td><strong>PCS\/Case<\/strong><\/td><td><strong>N.W.\/PCS<\/strong><\/td><td><strong>G.W.\/Cas<\/strong><\/td><\/tr><tr><td>MYJD062<\/td><td rowspan=\"9\">304 + PP<\/td><td>300ml<\/td><td>11.6*9.5*5<\/td><td>100<\/td><td>0.11&nbsp;<\/td><td>12.88<\/td><\/tr><tr><td>MYJD063<\/td><td>500ml<\/td><td>11.6*9.5*7.5<\/td><td>80<\/td><td>0.12&nbsp;<\/td><td>10.93<\/td><\/tr><tr><td>MYJD064<\/td><td>600ml<\/td><td>11.6*9.5*9.5<\/td><td>80<\/td><td>0.16&nbsp;<\/td><td>14<\/td><\/tr><tr><td>MYJD065<\/td><td>700ml<\/td><td>19*11.7*5<\/td><td>80<\/td><td>0.21&nbsp;<\/td><td>17.67<\/td><\/tr><tr><td>MYJD066<\/td><td>1100ml<\/td><td>19*11.7*7.5<\/td><td>60<\/td><td>0.23&nbsp;<\/td><td>15.28<\/td><\/tr><tr><td>MYJD067<\/td><td>1400ml<\/td><td>19*11.7*9.5<\/td><td>60<\/td><td>0.28&nbsp;<\/td><td>17.97<\/td><\/tr><tr><td>MYJD068<\/td><td>1700ml<\/td><td>23.5*19.1*5.6<\/td><td>48<\/td><td>0.39&nbsp;<\/td><td>20.36<\/td><\/tr><tr><td>MYJD069<\/td><td>2400ml<\/td><td>23.5*19.1*7.6<\/td><td>48<\/td><td>0.42&nbsp;<\/td><td>23.5<\/td><\/tr><tr><td>MYJD070<\/td><td>3200ml<\/td><td>23.5*19.1*9.6<\/td><td>36<\/td><td>0.46&nbsp;<\/td><td>18.35<\/td><\/tr><\/tbody><\/table><\/figure>\n\n\n\n<h3 class=\"wp-block-heading\">Options des conteneurs de stockage des aliments sur mesure<\/h3>\n\n\n\n<p><strong>Logo<\/strong>: Custom your brand logo on product and package.<br><strong>Couvercle<\/strong>: PP lid<br><strong>Logo Options<\/strong>logo imprim\u00e9, logo grav\u00e9 au laser, etc.<br><strong>Mod\u00e8le<\/strong>: Printing patterns on food storage containers.<br><strong>Printing Technology<\/strong>: Water transfer printing, silk screen printing, heat transfer printing, etc.<br><strong>Paquet<\/strong>: Bo\u00eete \u00e0 couleurs<br><a href=\"https:\/\/moyahousehold.com\/fr\/solution-personnalisee\/\" data-type=\"page\" data-id=\"2817\"><strong>Plus de personnalisation<\/strong><\/a><\/p>\n\n\n\n<div class=\"wp-block-columns is-layout-flex wp-container-core-columns-is-layout-9d6595d7 wp-block-columns-is-layout-flex\">\n<div class=\"wp-block-column is-layout-flow wp-block-column-is-layout-flow\">\n<figure class=\"wp-block-image size-full\"><img fetchpriority=\"high\" decoding=\"async\" width=\"566\" height=\"566\" src=\"https:\/\/moyahousehold.com\/wp-content\/uploads\/2024\/05\/food-storage-container-wholesale-1.webp\" alt=\"R\u00e9cipients de stockage alimentaire en gros\" class=\"wp-image-4885\" srcset=\"https:\/\/moyahousehold.com\/wp-content\/uploads\/2024\/05\/food-storage-container-wholesale-1.webp 566w, https:\/\/moyahousehold.com\/wp-content\/uploads\/2024\/05\/food-storage-container-wholesale-1-300x300.webp 300w, https:\/\/moyahousehold.com\/wp-content\/uploads\/2024\/05\/food-storage-container-wholesale-1-150x150.webp 150w, https:\/\/moyahousehold.com\/wp-content\/uploads\/2024\/05\/food-storage-container-wholesale-1-285x285.webp 285w, https:\/\/moyahousehold.com\/wp-content\/uploads\/2024\/05\/food-storage-container-wholesale-1-270x270.webp 270w, https:\/\/moyahousehold.com\/wp-content\/uploads\/2024\/05\/food-storage-container-wholesale-1-540x540.webp 540w\" sizes=\"(max-width: 566px) 100vw, 566px\" \/><\/figure>\n<\/div>\n\n\n\n<div class=\"wp-block-column is-layout-flow wp-block-column-is-layout-flow\">\n<figure class=\"wp-block-image size-full\"><img decoding=\"async\" width=\"569\" height=\"567\" src=\"https:\/\/moyahousehold.com\/wp-content\/uploads\/2024\/05\/food-storage-container-wholesale-2.webp\" alt=\"R\u00e9cipients de stockage alimentaire en gros\" class=\"wp-image-4886\" srcset=\"https:\/\/moyahousehold.com\/wp-content\/uploads\/2024\/05\/food-storage-container-wholesale-2.webp 569w, https:\/\/moyahousehold.com\/wp-content\/uploads\/2024\/05\/food-storage-container-wholesale-2-300x300.webp 300w, https:\/\/moyahousehold.com\/wp-content\/uploads\/2024\/05\/food-storage-container-wholesale-2-150x150.webp 150w, https:\/\/moyahousehold.com\/wp-content\/uploads\/2024\/05\/food-storage-container-wholesale-2-285x284.webp 285w, https:\/\/moyahousehold.com\/wp-content\/uploads\/2024\/05\/food-storage-container-wholesale-2-270x270.webp 270w\" sizes=\"(max-width: 569px) 100vw, 569px\" \/><\/figure>\n<\/div>\n<\/div>\n\n\n\n<div class=\"wp-block-columns is-layout-flex wp-container-core-columns-is-layout-9d6595d7 wp-block-columns-is-layout-flex\">\n<div class=\"wp-block-column is-layout-flow wp-block-column-is-layout-flow\">\n<figure class=\"wp-block-image size-full\"><img decoding=\"async\" width=\"570\" height=\"571\" src=\"https:\/\/moyahousehold.com\/wp-content\/uploads\/2024\/05\/food-storage-container-wholesale-3.webp\" alt=\"R\u00e9cipients de stockage alimentaire en gros\" class=\"wp-image-4887\" srcset=\"https:\/\/moyahousehold.com\/wp-content\/uploads\/2024\/05\/food-storage-container-wholesale-3.webp 570w, https:\/\/moyahousehold.com\/wp-content\/uploads\/2024\/05\/food-storage-container-wholesale-3-300x300.webp 300w, https:\/\/moyahousehold.com\/wp-content\/uploads\/2024\/05\/food-storage-container-wholesale-3-150x150.webp 150w, https:\/\/moyahousehold.com\/wp-content\/uploads\/2024\/05\/food-storage-container-wholesale-3-285x286.webp 285w, https:\/\/moyahousehold.com\/wp-content\/uploads\/2024\/05\/food-storage-container-wholesale-3-270x270.webp 270w, https:\/\/moyahousehold.com\/wp-content\/uploads\/2024\/05\/food-storage-container-wholesale-3-540x540.webp 540w\" sizes=\"(max-width: 570px) 100vw, 570px\" \/><\/figure>\n<\/div>\n\n\n\n<div class=\"wp-block-column is-layout-flow wp-block-column-is-layout-flow\">\n<figure class=\"wp-block-image size-full\"><img loading=\"lazy\" decoding=\"async\" width=\"559\" height=\"566\" src=\"https:\/\/moyahousehold.com\/wp-content\/uploads\/2024\/05\/food-storage-container-wholesale-4.webp\" alt=\"R\u00e9cipients de stockage alimentaire en gros\" class=\"wp-image-4888\" srcset=\"https:\/\/moyahousehold.com\/wp-content\/uploads\/2024\/05\/food-storage-container-wholesale-4.webp 559w, https:\/\/moyahousehold.com\/wp-content\/uploads\/2024\/05\/food-storage-container-wholesale-4-296x300.webp 296w, https:\/\/moyahousehold.com\/wp-content\/uploads\/2024\/05\/food-storage-container-wholesale-4-285x289.webp 285w, https:\/\/moyahousehold.com\/wp-content\/uploads\/2024\/05\/food-storage-container-wholesale-4-148x150.webp 148w\" sizes=\"(max-width: 559px) 100vw, 559px\" \/><\/figure>\n<\/div>\n<\/div>\n\n\n\n<p><\/p>","protected":false},"excerpt":{"rendered":"<p>Nous fournissons en gros des conteneurs de stockage alimentaire en acier inoxydable, avec une vari\u00e9t\u00e9 de sp\u00e9cifications, de capacit\u00e9s et de designs \u00e0 choisir. Ces conteneurs de stockage des aliments sont fabriqu\u00e9s en acier inoxydable de haute qualit\u00e9 et sont \u00e9quip\u00e9s de modules d'enregistrement de l'heure pour garantir la s\u00e9curit\u00e9 et la fra\u00eecheur des aliments. Compar\u00e9s aux mat\u00e9riaux plastiques, les conteneurs de stockage des aliments en acier inoxydable sont plus durables et plus s\u00fbrs. Nous ne nous contentons pas de vendre en gros des conteneurs de stockage alimentaire en acier inoxydable de sp\u00e9cifications fixes, mais nous pouvons \u00e9galement personnaliser le logo, la taille, l'emballage, la capacit\u00e9, le couvercle des conteneurs de stockage alimentaire en fonction de vos besoins.Le service de conteneurs de stockage alimentaire en gros et sur mesure le plus complet \u00e0 Moya, n'h\u00e9sitez pas \u00e0 nous contacter pour un devis.<\/p>\n<h3>Caract\u00e9ristiques et avantages des r\u00e9cipients de stockage des aliments en acier inoxydable<\/h3>\n<p>1) Con\u00e7u avec des r\u00e9cipients Janpan, il peut \u00eatre utilis\u00e9 comme bo\u00eete \u00e0 lunch japonaise. En voyage, ajoutez du riz exquis pour profiter d'un moment de d\u00e9tente.<\/p>\n<p>2. Ce r\u00e9cipient de stockage des aliments en gros est fabriqu\u00e9 en acier inoxydable de haute qualit\u00e9. Par rapport aux r\u00e9cipients en plastique ordinaires, il a une dur\u00e9e de vie plus longue et n'est pas facile \u00e0 rayer. La dur\u00e9e de vie normale est de plus de 20 ans.<\/p>\n<p>3.This food storage container is made of upgraded and thickened stainless steel, which is more resistant to high temperature and corrosion than ordinary stainless steel containers; it is more durable.<\/p>\n<p>4. ce r\u00e9cipient de stockage des aliments en gros est dot\u00e9 d'un anneau en silicone \u00e9largi, qui s'adapte parfaitement et peut \u00eatre compl\u00e8tement \u00e9tanche.<\/p>\n<p>5 Le couvercle de cette bo\u00eete de conservation est un couvercle \u00e9pais qui ne se d\u00e9forme pas facilement. Il est dot\u00e9 d'un bouton respirant et d'un petit interrupteur \u00e0 oreille sur le bord pour faciliter l'ouverture et la fermeture du couvercle.<\/p>\n<p>6.There are nine specifications to choose from, and it can be paired with a storage bag when carrying it out, which can keep you warm and cool.<\/p>\n<p>7. il est recommand\u00e9 de l'utiliser en combinaison avec une poche de glace pour le maintenir au frais !<\/p>\n<p>8. nous proposons \u00e9galement un service de vente en gros de r\u00e9cipients de stockage alimentaire pour les petites commandes.<br \/><strong><br \/><a href=\"https:\/\/moyahousehold.com\/fr\/solution-personnalisee\/\">9. nous fournissons des solutions OEM&amp;ODM personnalis\u00e9es pour les conteneurs de stockage alimentaire.<\/a><\/strong><\/p>","protected":false},"featured_media":7748,"comment_status":"open","ping_status":"closed","template":"","meta":[],"product_cat":[57],"product_tag":[95,99],"class_list":{"0":"post-4874","1":"product","2":"type-product","3":"status-publish","4":"has-post-thumbnail","6":"product_cat-food-storage-container-wholesale","7":"product_tag-wholesale-food-storage-containers-with-date-dial","8":"product_tag-wholesale-rectangle-food-storage-containers","10":"first","11":"instock","12":"shipping-taxable","13":"product-type-simple"},"_links":{"self":[{"href":"https:\/\/moyahousehold.com\/fr\/wp-json\/wp\/v2\/product\/4874","targetHints":{"allow":["GET"]}}],"collection":[{"href":"https:\/\/moyahousehold.com\/fr\/wp-json\/wp\/v2\/product"}],"about":[{"href":"https:\/\/moyahousehold.com\/fr\/wp-json\/wp\/v2\/types\/product"}],"replies":[{"embeddable":true,"href":"https:\/\/moyahousehold.com\/fr\/wp-json\/wp\/v2\/comments?post=4874"}],"version-history":[{"count":2,"href":"https:\/\/moyahousehold.com\/fr\/wp-json\/wp\/v2\/product\/4874\/revisions"}],"predecessor-version":[{"id":13055,"href":"https:\/\/moyahousehold.com\/fr\/wp-json\/wp\/v2\/product\/4874\/revisions\/13055"}],"wp:featuredmedia":[{"embeddable":true,"href":"https:\/\/moyahousehold.com\/fr\/wp-json\/wp\/v2\/media\/7748"}],"wp:attachment":[{"href":"https:\/\/moyahousehold.com\/fr\/wp-json\/wp\/v2\/media?parent=4874"}],"wp:term":[{"taxonomy":"product_cat","embeddable":true,"href":"https:\/\/moyahousehold.com\/fr\/wp-json\/wp\/v2\/product_cat?post=4874"},{"taxonomy":"product_tag","embeddable":true,"href":"https:\/\/moyahousehold.com\/fr\/wp-json\/wp\/v2\/product_tag?post=4874"}],"curies":[{"name":"wp","href":"https:\/\/api.w.org\/{rel}","templated":true}]}}