{"id":4917,"date":"2024-05-21T13:33:35","date_gmt":"2024-05-21T13:33:35","guid":{"rendered":"https:\/\/moyahousehold.com\/?post_type=product&#038;p=4917"},"modified":"2025-02-05T10:16:35","modified_gmt":"2025-02-05T10:16:35","slug":"wholesale-stainless-steel-fridge-food-storage-containers","status":"publish","type":"product","link":"https:\/\/moyahousehold.com\/fr\/produit\/recipients-en-acier-inoxydable-pour-aliments\/","title":{"rendered":"Wholesale Stainless Steel Fridge Food Storage Containers with Date Dial\uff0cBulk Microwavable Stainless Steel Container for Sale"},"content":{"rendered":"<div class=\"wp-block-columns is-layout-flex wp-container-core-columns-is-layout-9d6595d7 wp-block-columns-is-layout-flex\">\n<div class=\"wp-block-column is-layout-flow wp-block-column-is-layout-flow\">\n<h3 class=\"wp-block-heading\">Param\u00e8tres des r\u00e9cipients en acier inoxydable pour le stockage des aliments dans le r\u00e9frig\u00e9rateur<\/h3>\n<\/div>\n<\/div>\n\n\n\n<figure class=\"wp-block-table\"><table><tbody><tr><td><\/td><td>capacit\u00e9<\/td><td>Taille du produit<\/td><td>Taille de la bo\u00eete ext\u00e9rieure<\/td><td>Quantit\u00e9 par caisse<\/td><td>N.W<\/td><td>G.W\/Case<\/td><\/tr><tr><td>MYSC001<\/td><td>2000ml<\/td><td>18*33.5*5<\/td><td>33.5*18*5<\/td><td>32<\/td><td>0.61<\/td><td>22.72<\/td><\/tr><tr><td>MYSC002<\/td><td>3500ml<\/td><td>18*33.5*8<\/td><td>33.5*18*8<\/td><td>24<\/td><td>0.66<\/td><td>18.24<\/td><\/tr><tr><td>MYSC003<\/td><td>5800ml<\/td><td>18*33.5*13<\/td><td>33.5*18*13<\/td><td>16<\/td><td>0.82<\/td><td>14.72<\/td><\/tr><\/tbody><\/table><\/figure>\n\n\n\n<h3 class=\"wp-block-heading\">Options de r\u00e9cipients de stockage d'aliments en acier inoxydable sur mesure<\/h3>\n\n\n\n<p><strong>Logo<\/strong>: personnalisation du logo de votre marque sur le produit et l'emballage.<br><strong>Couvercle<\/strong>: Couvercle en verre, couvercle en PP<br><strong>Options du logo<\/strong>logo imprim\u00e9, logo grav\u00e9 au laser, etc.<br><strong>Mod\u00e8le<\/strong>: motifs d'impression sur les conteneurs de stockage de produits alimentaires.<br><strong>Technologie d'impression<\/strong>Les techniques d'impression sont les suivantes : impression par transfert d'eau, impression par s\u00e9rigraphie, impression par transfert de chaleur, etc.<br><strong>Paquet<\/strong>:color box<br><a href=\"https:\/\/moyahousehold.com\/fr\/solution-personnalisee\/\" data-type=\"page\" data-id=\"2817\"><strong>En savoir plus sur les solutions personnalis\u00e9es de stockage des aliments. <\/strong><\/a><\/p>\n\n\n\n<div class=\"wp-block-columns is-layout-flex wp-container-core-columns-is-layout-9d6595d7 wp-block-columns-is-layout-flex\">\n<div class=\"wp-block-column is-layout-flow wp-block-column-is-layout-flow\">\n<figure class=\"wp-block-image size-full\"><img fetchpriority=\"high\" decoding=\"async\" width=\"1500\" height=\"1500\" src=\"https:\/\/moyahousehold.com\/wp-content\/uploads\/2024\/05\/fridge-and-microwavable-stainless-steel-food-container-1.jpg\" alt=\"conteneur alimentaire en acier inoxydable pour le r\u00e9frig\u00e9rateur et le micro-ondes (1)\" class=\"wp-image-9307\" srcset=\"https:\/\/moyahousehold.com\/wp-content\/uploads\/2024\/05\/fridge-and-microwavable-stainless-steel-food-container-1.jpg 1500w, https:\/\/moyahousehold.com\/wp-content\/uploads\/2024\/05\/fridge-and-microwavable-stainless-steel-food-container-1-300x300.jpg 300w, https:\/\/moyahousehold.com\/wp-content\/uploads\/2024\/05\/fridge-and-microwavable-stainless-steel-food-container-1-150x150.jpg 150w, https:\/\/moyahousehold.com\/wp-content\/uploads\/2024\/05\/fridge-and-microwavable-stainless-steel-food-container-1-768x768.jpg 768w, https:\/\/moyahousehold.com\/wp-content\/uploads\/2024\/05\/fridge-and-microwavable-stainless-steel-food-container-1-12x12.jpg 12w, https:\/\/moyahousehold.com\/wp-content\/uploads\/2024\/05\/fridge-and-microwavable-stainless-steel-food-container-1-285x285.jpg 285w, https:\/\/moyahousehold.com\/wp-content\/uploads\/2024\/05\/fridge-and-microwavable-stainless-steel-food-container-1-270x270.jpg 270w, https:\/\/moyahousehold.com\/wp-content\/uploads\/2024\/05\/fridge-and-microwavable-stainless-steel-food-container-1-540x540.jpg 540w, https:\/\/moyahousehold.com\/wp-content\/uploads\/2024\/05\/fridge-and-microwavable-stainless-steel-food-container-1-660x660.jpg 660w\" sizes=\"(max-width: 1500px) 100vw, 1500px\" \/><\/figure>\n<\/div>\n\n\n\n<div class=\"wp-block-column is-layout-flow wp-block-column-is-layout-flow\">\n<figure class=\"wp-block-image size-full\"><img decoding=\"async\" width=\"1500\" height=\"1500\" src=\"https:\/\/moyahousehold.com\/wp-content\/uploads\/2024\/05\/fridge-and-microwavable-stainless-steel-food-container-2.jpg\" alt=\"r\u00e9cipient en acier inoxydable pour r\u00e9frig\u00e9rateur et micro-ondes (2)\" class=\"wp-image-9308\" srcset=\"https:\/\/moyahousehold.com\/wp-content\/uploads\/2024\/05\/fridge-and-microwavable-stainless-steel-food-container-2.jpg 1500w, https:\/\/moyahousehold.com\/wp-content\/uploads\/2024\/05\/fridge-and-microwavable-stainless-steel-food-container-2-300x300.jpg 300w, https:\/\/moyahousehold.com\/wp-content\/uploads\/2024\/05\/fridge-and-microwavable-stainless-steel-food-container-2-150x150.jpg 150w, https:\/\/moyahousehold.com\/wp-content\/uploads\/2024\/05\/fridge-and-microwavable-stainless-steel-food-container-2-768x768.jpg 768w, https:\/\/moyahousehold.com\/wp-content\/uploads\/2024\/05\/fridge-and-microwavable-stainless-steel-food-container-2-12x12.jpg 12w, https:\/\/moyahousehold.com\/wp-content\/uploads\/2024\/05\/fridge-and-microwavable-stainless-steel-food-container-2-285x285.jpg 285w, https:\/\/moyahousehold.com\/wp-content\/uploads\/2024\/05\/fridge-and-microwavable-stainless-steel-food-container-2-270x270.jpg 270w, https:\/\/moyahousehold.com\/wp-content\/uploads\/2024\/05\/fridge-and-microwavable-stainless-steel-food-container-2-540x540.jpg 540w, https:\/\/moyahousehold.com\/wp-content\/uploads\/2024\/05\/fridge-and-microwavable-stainless-steel-food-container-2-660x660.jpg 660w\" sizes=\"(max-width: 1500px) 100vw, 1500px\" \/><\/figure>\n<\/div>\n<\/div>\n\n\n\n<div class=\"wp-block-columns is-layout-flex wp-container-core-columns-is-layout-9d6595d7 wp-block-columns-is-layout-flex\">\n<div class=\"wp-block-column is-layout-flow wp-block-column-is-layout-flow\"><\/div>\n\n\n\n<div class=\"wp-block-column is-layout-flow wp-block-column-is-layout-flow\"><\/div>\n<\/div>","protected":false},"excerpt":{"rendered":"<p>Ces r\u00e9cipients ont \u00e0 la fois des fonctions de stockage r\u00e9frig\u00e9r\u00e9 et de chauffage au micro-ondes, ce qui permet aux utilisateurs de conserver et de chauffer leurs aliments de mani\u00e8re plus efficace. Fabriqu\u00e9s en acier inoxydable de qualit\u00e9 alimentaire, s\u00fbrs et durables, ils peuvent passer de la cong\u00e9lation \u00e0 la haute temp\u00e9rature, et ce conteneur alimentaire a pass\u00e9 de nombreux tests d'\u00e9tanch\u00e9it\u00e9 \u00e0 l'air et d'anti-collision, ce qui le rend particuli\u00e8rement adapt\u00e9 aux march\u00e9s de la maison, de la restauration et de la vente au d\u00e9tail. Les grossistes et les d\u00e9taillants sont invit\u00e9s \u00e0 nous contacter.<\/p>\n<h3>Caract\u00e9ristiques des r\u00e9cipients en acier inoxydable pour aliments<\/h3>\n<p><strong>Lavable au four \u00e0 micro-ondes : <\/strong>Cette bo\u00eete alimentaire est con\u00e7ue pour \u00eatre compatible avec le chauffage au micro-ondes, ce qui vous permet de sortir les aliments directement du r\u00e9frig\u00e9rateur et de les mettre au micro-ondes, ce qui convient parfaitement \u00e0 la vie quotidienne active et \u00e0 l'utilisation au bureau.<\/p>\n<p><strong>Rappel de calendrier :<\/strong> Ces bo\u00eetes de conservation pour r\u00e9frig\u00e9rateur sont \u00e9quip\u00e9es d'un module d'enregistrement de la date pour vous aider \u00e0 vous souvenir de la date de conservation des ingr\u00e9dients et \u00e9viter les pertes dues \u00e0 la p\u00e9remption. Ils conviennent particuli\u00e8rement aux familles et aux responsables de cuisine qui veillent \u00e0 la fra\u00eecheur des ingr\u00e9dients.<\/p>\n<p><strong>Ventilateurs intelligents : <\/strong>Les \u00e9vents sur les couvercles de ces r\u00e9frig\u00e9rateurs sont r\u00e9glables et peuvent \u00eatre maintenus ferm\u00e9s ou ventil\u00e9s pour prolonger la dur\u00e9e de conservation des aliments, ce qui convient particuli\u00e8rement aux produits marin\u00e9s.<\/p>\n<p><strong>Mat\u00e9riau en acier inoxydable :<\/strong> L'acier inoxydable de qualit\u00e9 alimentaire utilis\u00e9 est s\u00fbr et respectueux de l'environnement, r\u00e9sistant aux temp\u00e9ratures \u00e9lev\u00e9es et \u00e0 la corrosion, adapt\u00e9 \u00e0 la r\u00e9frig\u00e9ration, aux fours \u00e0 micro-ondes et \u00e0 d'autres utilisations.<\/p>\n<p><strong>Conception anti-collage :<\/strong> Une texture sp\u00e9ciale \u00e0 l'int\u00e9rieur du conteneur emp\u00eache les aliments de coller, ce qui convient particuli\u00e8rement aux ingr\u00e9dients \u00e0 forte humidit\u00e9, tels que les boulettes, la viande, les fruits de mer, et facilite l'acc\u00e8s.<\/p>\n<p><strong>Excellente \u00e9tanch\u00e9it\u00e9 :<\/strong> L'anneau en caoutchouc de silicone \u00e9pais assure l'\u00e9tanch\u00e9it\u00e9, emp\u00eache l'air, l'humidit\u00e9 et les bact\u00e9ries de p\u00e9n\u00e9trer, prolonge la fra\u00eecheur et ne fuit pas lorsqu'il est inclin\u00e9 ou transport\u00e9, ce qui convient \u00e0 la maison et \u00e0 l'ext\u00e9rieur.<\/p>","protected":false},"featured_media":9301,"comment_status":"closed","ping_status":"closed","template":"","meta":[],"product_cat":[57],"product_tag":[95,99],"class_list":{"0":"post-4917","1":"product","2":"type-product","3":"status-publish","4":"has-post-thumbnail","6":"product_cat-food-storage-container-wholesale","7":"product_tag-wholesale-food-storage-containers-with-date-dial","8":"product_tag-wholesale-rectangle-food-storage-containers","10":"first","11":"instock","12":"shipping-taxable","13":"product-type-simple"},"_links":{"self":[{"href":"https:\/\/moyahousehold.com\/fr\/wp-json\/wp\/v2\/product\/4917","targetHints":{"allow":["GET"]}}],"collection":[{"href":"https:\/\/moyahousehold.com\/fr\/wp-json\/wp\/v2\/product"}],"about":[{"href":"https:\/\/moyahousehold.com\/fr\/wp-json\/wp\/v2\/types\/product"}],"replies":[{"embeddable":true,"href":"https:\/\/moyahousehold.com\/fr\/wp-json\/wp\/v2\/comments?post=4917"}],"version-history":[{"count":0,"href":"https:\/\/moyahousehold.com\/fr\/wp-json\/wp\/v2\/product\/4917\/revisions"}],"wp:featuredmedia":[{"embeddable":true,"href":"https:\/\/moyahousehold.com\/fr\/wp-json\/wp\/v2\/media\/9301"}],"wp:attachment":[{"href":"https:\/\/moyahousehold.com\/fr\/wp-json\/wp\/v2\/media?parent=4917"}],"wp:term":[{"taxonomy":"product_cat","embeddable":true,"href":"https:\/\/moyahousehold.com\/fr\/wp-json\/wp\/v2\/product_cat?post=4917"},{"taxonomy":"product_tag","embeddable":true,"href":"https:\/\/moyahousehold.com\/fr\/wp-json\/wp\/v2\/product_tag?post=4917"}],"curies":[{"name":"wp","href":"https:\/\/api.w.org\/{rel}","templated":true}]}}