{"id":4933,"date":"2024-05-22T01:26:04","date_gmt":"2024-05-22T01:26:04","guid":{"rendered":"https:\/\/moyahousehold.com\/?post_type=product&#038;p=4933"},"modified":"2025-03-05T10:13:19","modified_gmt":"2025-03-05T10:13:19","slug":"wholesale-microwave-safe-stainless-steel-food-containers","status":"publish","type":"product","link":"https:\/\/moyahousehold.com\/fr\/produit\/grands-recipients-alimentaires-en-metal-en-gros\/","title":{"rendered":"R\u00e9cipients alimentaires en acier inoxydable r\u00e9sistants aux micro-ondes : 680ml - 2200ml"},"content":{"rendered":"<div class=\"wp-block-columns is-layout-flex wp-container-core-columns-is-layout-9d6595d7 wp-block-columns-is-layout-flex\">\n<div class=\"wp-block-column is-layout-flow wp-block-column-is-layout-flow\">\n<h3 class=\"wp-block-heading\">Conteneur alimentaire en acier inoxydable pour micro-ondes Param\u00e8tres<\/h3>\n<\/div>\n<\/div>\n\n\n\n<figure class=\"wp-block-table\"><table><tbody><tr><td>Num\u00e9ro de mod\u00e8le<\/td><td>Capacit\u00e9<\/td><td>Taille du produit<\/td><td>Taille de la bo\u00eete ext\u00e9rieure<\/td><td>Quantit\u00e9 par caisse<\/td><td>N.W<\/td><td>G.W\/Case<\/td><\/tr><tr><td>MYSC005<\/td><td>680ml<\/td><td>20*14*6<\/td><td>71*41*49<\/td><td>80<\/td><td>0.3<\/td><td>32<\/td><\/tr><tr><td>MYSC006<\/td><td>1200ml<\/td><td>20*14*8.8<\/td><td>71*41*56<\/td><td>60<\/td><td>0.33<\/td><td>25.8<\/td><\/tr><tr><td>MYSC007<\/td><td>1500ml<\/td><td>20*14*10.8<\/td><td>71*41*56<\/td><td>50<\/td><td>0.36<\/td><td>23<\/td><\/tr><tr><td>MYSC008<\/td><td>1000ml<\/td><td>22*16*6<\/td><td>81*45*50<\/td><td>80<\/td><td>0.35<\/td><td>36<\/td><\/tr><tr><td>MYSC009<\/td><td>1600ml<\/td><td>22*16*9<\/td><td>81*45*56<\/td><td>60<\/td><td>0.39<\/td><td>29.4<\/td><\/tr><tr><td>MYSC010<\/td><td>2200ml<\/td><td>22*16*12<\/td><td>81*45*62<\/td><td>50<\/td><td>0.43<\/td><td>26.5<\/td><\/tr><\/tbody><\/table><\/figure>\n\n\n\n<h3 class=\"wp-block-heading\">Options de conteneurs alimentaires personnalis\u00e9s<\/h3>\n\n\n\n<p><strong>Logo<\/strong>: personnalisez le logo de votre marque sur les contenants et emballages alimentaires.<br><strong>Couvercle :<\/strong> Couvercle en verre, couvercle en PP<br><strong>Options du logo<\/strong>logo imprim\u00e9, logo grav\u00e9 au laser, etc.<br><strong>Mod\u00e8le<\/strong>: motifs d'impression sur les conteneurs de stockage de produits alimentaires.<br><strong>Technologie d'impression<\/strong>Les techniques d'impression sont les suivantes : impression par transfert d'eau, impression par s\u00e9rigraphie, impression par transfert de chaleur, etc.<br><strong>Paquet<\/strong>:color box<br><a href=\"https:\/\/moyahousehold.com\/fr\/solution-personnalisee\/\" data-type=\"page\" data-id=\"2817\"><strong>Explorer d'autres possibilit\u00e9s de personnalisation des conteneurs alimentaires<\/strong><\/a><\/p>\n\n\n\n<div class=\"wp-block-columns is-layout-flex wp-container-core-columns-is-layout-9d6595d7 wp-block-columns-is-layout-flex\">\n<div class=\"wp-block-column is-layout-flow wp-block-column-is-layout-flow\">\n<figure class=\"wp-block-image size-full\"><img fetchpriority=\"high\" decoding=\"async\" width=\"1500\" height=\"1500\" src=\"https:\/\/moyahousehold.com\/wp-content\/uploads\/2024\/05\/microwavable-stainless-steel-food-container-1.jpg\" alt=\"r\u00e9cipient alimentaire en acier inoxydable pour le micro-ondes (1)\" class=\"wp-image-9264\" srcset=\"https:\/\/moyahousehold.com\/wp-content\/uploads\/2024\/05\/microwavable-stainless-steel-food-container-1.jpg 1500w, https:\/\/moyahousehold.com\/wp-content\/uploads\/2024\/05\/microwavable-stainless-steel-food-container-1-300x300.jpg 300w, https:\/\/moyahousehold.com\/wp-content\/uploads\/2024\/05\/microwavable-stainless-steel-food-container-1-150x150.jpg 150w, https:\/\/moyahousehold.com\/wp-content\/uploads\/2024\/05\/microwavable-stainless-steel-food-container-1-768x768.jpg 768w, https:\/\/moyahousehold.com\/wp-content\/uploads\/2024\/05\/microwavable-stainless-steel-food-container-1-12x12.jpg 12w, https:\/\/moyahousehold.com\/wp-content\/uploads\/2024\/05\/microwavable-stainless-steel-food-container-1-285x285.jpg 285w, https:\/\/moyahousehold.com\/wp-content\/uploads\/2024\/05\/microwavable-stainless-steel-food-container-1-270x270.jpg 270w, https:\/\/moyahousehold.com\/wp-content\/uploads\/2024\/05\/microwavable-stainless-steel-food-container-1-540x540.jpg 540w, https:\/\/moyahousehold.com\/wp-content\/uploads\/2024\/05\/microwavable-stainless-steel-food-container-1-660x660.jpg 660w\" sizes=\"(max-width: 1500px) 100vw, 1500px\" \/><\/figure>\n<\/div>\n\n\n\n<div class=\"wp-block-column is-layout-flow wp-block-column-is-layout-flow\">\n<figure class=\"wp-block-image size-full\"><img decoding=\"async\" width=\"1500\" height=\"1500\" src=\"https:\/\/moyahousehold.com\/wp-content\/uploads\/2024\/05\/microwavable-stainless-steel-food-container-2.jpg\" alt=\"R\u00e9cipients alimentaires en acier inoxydable pour le micro-ondes (2)\" class=\"wp-image-9265\" srcset=\"https:\/\/moyahousehold.com\/wp-content\/uploads\/2024\/05\/microwavable-stainless-steel-food-container-2.jpg 1500w, https:\/\/moyahousehold.com\/wp-content\/uploads\/2024\/05\/microwavable-stainless-steel-food-container-2-300x300.jpg 300w, https:\/\/moyahousehold.com\/wp-content\/uploads\/2024\/05\/microwavable-stainless-steel-food-container-2-150x150.jpg 150w, https:\/\/moyahousehold.com\/wp-content\/uploads\/2024\/05\/microwavable-stainless-steel-food-container-2-768x768.jpg 768w, https:\/\/moyahousehold.com\/wp-content\/uploads\/2024\/05\/microwavable-stainless-steel-food-container-2-12x12.jpg 12w, https:\/\/moyahousehold.com\/wp-content\/uploads\/2024\/05\/microwavable-stainless-steel-food-container-2-285x285.jpg 285w, https:\/\/moyahousehold.com\/wp-content\/uploads\/2024\/05\/microwavable-stainless-steel-food-container-2-270x270.jpg 270w, https:\/\/moyahousehold.com\/wp-content\/uploads\/2024\/05\/microwavable-stainless-steel-food-container-2-540x540.jpg 540w, https:\/\/moyahousehold.com\/wp-content\/uploads\/2024\/05\/microwavable-stainless-steel-food-container-2-660x660.jpg 660w\" sizes=\"(max-width: 1500px) 100vw, 1500px\" \/><\/figure>\n<\/div>\n<\/div>\n\n\n\n<div class=\"wp-block-columns is-layout-flex wp-container-core-columns-is-layout-9d6595d7 wp-block-columns-is-layout-flex\">\n<div class=\"wp-block-column is-layout-flow wp-block-column-is-layout-flow\"><\/div>\n\n\n\n<div class=\"wp-block-column is-layout-flow wp-block-column-is-layout-flow\"><\/div>\n<\/div>","protected":false},"excerpt":{"rendered":"<p>La vente en gros de r\u00e9cipients alimentaires en acier inoxydable pour le micro-ondes am\u00e9liore grandement la qualit\u00e9 de vie. Nous proposons des options de vente en gros de diff\u00e9rentes sp\u00e9cifications et capacit\u00e9s, notamment de 680 ml \u00e0 2200 ml, en acier inoxydable de qualit\u00e9 alimentaire, convenant \u00e0 un usage commercial et domestique. En tant que fabricant de r\u00e9cipients alimentaires, nous proposons des services personnalis\u00e9s et pouvons ajouter des logos de marque ou concevoir des emballages exclusifs en fonction de vos besoins. N'h\u00e9sitez pas \u00e0 nous contacter.<\/p>\n<h3>Caract\u00e9ristiques et avantages du r\u00e9cipient en acier inoxydable pour aliments micro-ondables<\/h3>\n<p><strong>Grande capacit\u00e9 :<\/strong> Par rapport aux conteneurs alimentaires ordinaires sur le march\u00e9, nous proposons une grande vari\u00e9t\u00e9 de tailles, y compris des conteneurs alimentaires en acier inoxydable de grande capacit\u00e9.<\/p>\n<p><strong>Conception d'un module de temps :<\/strong> Le module d'enregistrement de l'heure sur le couvercle de ce r\u00e9cipient alimentaire en acier inoxydable peut vous aider \u00e0 mieux enregistrer la date de stockage et \u00e0 garantir la fra\u00eecheur des ingr\u00e9dients.<\/p>\n<p><strong>Conception \u00e9tanche :<\/strong> Ce r\u00e9cipient en acier inoxydable pour micro-ondes est \u00e9quip\u00e9 d'un anneau en silicone \u00e9pais, qui ne fuit pas m\u00eame s'il est renvers\u00e9.<\/p>\n<p><strong>Lavable au four \u00e0 micro-ondes :<\/strong> Gr\u00e2ce \u00e0 sa conception sp\u00e9ciale, cette bo\u00eete peut \u00eatre plac\u00e9e directement dans le four \u00e0 micro-ondes pour \u00eatre chauff\u00e9e, sans qu'il soit n\u00e9cessaire de transf\u00e9rer les aliments de la bo\u00eete \u00e0 d'autres r\u00e9cipients, ce qui am\u00e9liore grandement la commodit\u00e9 d'utilisation.<\/p>\n<p><strong>Stockage par empilage :<\/strong> Les r\u00e9cipients alimentaires multi-sp\u00e9cifications sont empilables, ce qui permet d'\u00e9conomiser de l'espace de stockage dans la cuisine ou le r\u00e9frig\u00e9rateur, et d'organiser efficacement les diff\u00e9rents ingr\u00e9dients ou aliments.<\/p>\n<p><strong>Exemple de disposition :<\/strong> En ce qui concerne les services de conteneurs alimentaires en gros, nous fournissons des \u00e9chantillons gratuits pour vous aider \u00e0 mieux comprendre nos produits et services afin que vous puissiez prendre une d\u00e9cision \u00e9clair\u00e9e.<\/p>","protected":false},"featured_media":9251,"comment_status":"closed","ping_status":"closed","template":"","meta":[],"product_cat":[57],"product_tag":[95,106,99],"class_list":{"0":"post-4933","1":"product","2":"type-product","3":"status-publish","4":"has-post-thumbnail","6":"product_cat-food-storage-container-wholesale","7":"product_tag-wholesale-food-storage-containers-with-date-dial","8":"product_tag-microwavable-food-storage-containers","9":"product_tag-wholesale-rectangle-food-storage-containers","11":"first","12":"instock","13":"shipping-taxable","14":"product-type-simple"},"_links":{"self":[{"href":"https:\/\/moyahousehold.com\/fr\/wp-json\/wp\/v2\/product\/4933","targetHints":{"allow":["GET"]}}],"collection":[{"href":"https:\/\/moyahousehold.com\/fr\/wp-json\/wp\/v2\/product"}],"about":[{"href":"https:\/\/moyahousehold.com\/fr\/wp-json\/wp\/v2\/types\/product"}],"replies":[{"embeddable":true,"href":"https:\/\/moyahousehold.com\/fr\/wp-json\/wp\/v2\/comments?post=4933"}],"version-history":[{"count":0,"href":"https:\/\/moyahousehold.com\/fr\/wp-json\/wp\/v2\/product\/4933\/revisions"}],"wp:featuredmedia":[{"embeddable":true,"href":"https:\/\/moyahousehold.com\/fr\/wp-json\/wp\/v2\/media\/9251"}],"wp:attachment":[{"href":"https:\/\/moyahousehold.com\/fr\/wp-json\/wp\/v2\/media?parent=4933"}],"wp:term":[{"taxonomy":"product_cat","embeddable":true,"href":"https:\/\/moyahousehold.com\/fr\/wp-json\/wp\/v2\/product_cat?post=4933"},{"taxonomy":"product_tag","embeddable":true,"href":"https:\/\/moyahousehold.com\/fr\/wp-json\/wp\/v2\/product_tag?post=4933"}],"curies":[{"name":"wp","href":"https:\/\/api.w.org\/{rel}","templated":true}]}}