{"id":4957,"date":"2024-05-22T01:57:05","date_gmt":"2024-05-22T01:57:05","guid":{"rendered":"https:\/\/moyahousehold.com\/?post_type=product&#038;p=4957"},"modified":"2025-03-05T10:21:28","modified_gmt":"2025-03-05T10:21:28","slug":"custom-square-metal-containers-with-handle-wholesale","status":"publish","type":"product","link":"https:\/\/moyahousehold.com\/fr\/produit\/conteneurs-metalliques-carres-personnalises-avec-poignee-grossiste\/","title":{"rendered":"R\u00e9cipients alimentaires carr\u00e9s en acier inoxydable avec couvercles et poign\u00e9es"},"content":{"rendered":"<h2 class=\"wp-block-heading\">R\u00e9cipient alimentaire carr\u00e9 en acier inoxydable Param\u00e8tres<\/h2>\n\n\n\n<p><strong>Mat\u00e9riau<\/strong>:304+PP      <strong>Couleur<\/strong>:Steel <\/p>\n\n\n\n<figure class=\"wp-block-table\"><table><tbody><tr><td>Num\u00e9ro de mod\u00e8le<\/td><td>Capacit\u00e9<\/td><td>Taille du produit<\/td><td>Taille de la bo\u00eete ext\u00e9rieure<\/td><td>Quantit\u00e9 par caisse<\/td><td>N.W<\/td><td>G.W\/Case<\/td><\/tr><tr><td>MYJX001<\/td><td>1200ml<\/td><td>17.5*17.5*8.5<\/td><td>74*44*55<\/td><td>60<\/td><td>0.36<\/td><td>23.6<\/td><\/tr><tr><td>MYJX002<\/td><td>1600ml<\/td><td>17.5*17.5*10.5<\/td><td>74*44*56<\/td><td>48<\/td><td>0.39<\/td><td>20.72<\/td><\/tr><tr><td>MYJX003<\/td><td>2300ml<\/td><td>21.5*21.5*11.5<\/td><td>68*56*68<\/td><td>45<\/td><td>0.51<\/td><td>24.95<\/td><\/tr><tr><td>MYJX004<\/td><td>3000ml<\/td><td>21.5*21.5*12<\/td><td>68*53*68<\/td><td>36<\/td><td>0.56<\/td><td>22.16<\/td><\/tr><\/tbody><\/table><\/figure>\n\n\n\n<h3 class=\"wp-block-heading\">Options de conteneurs alimentaires personnalis\u00e9s<\/h3>\n\n\n\n<p><strong>Logo<\/strong>: personnalisez le logo de votre marque sur les contenants et emballages alimentaires.<br><strong>Couvercle<\/strong>: Couvercle en verre, couvercle en PP<br><strong>Options du logo<\/strong>logo imprim\u00e9, logo grav\u00e9 au laser, etc.<br><strong>Mod\u00e8le<\/strong>: motifs d'impression sur les conteneurs de stockage de produits alimentaires.<br><strong>Technologie d'impression<\/strong>Les techniques d'impression sont les suivantes : impression par transfert d'eau, impression par s\u00e9rigraphie, impression par transfert de chaleur, etc.<br><strong>Paquet<\/strong>:color box<br><a href=\"https:\/\/moyahousehold.com\/fr\/solution-personnalisee\/\" data-type=\"page\" data-id=\"2817\"><strong>En savoir plus sur les solutions de conteneurs alimentaires personnalis\u00e9s<\/strong><\/a><\/p>\n\n\n\n<div class=\"wp-block-columns is-layout-flex wp-container-core-columns-is-layout-9d6595d7 wp-block-columns-is-layout-flex\">\n<div class=\"wp-block-column is-layout-flow wp-block-column-is-layout-flow\">\n<figure class=\"wp-block-image size-full\"><img fetchpriority=\"high\" decoding=\"async\" width=\"1500\" height=\"1500\" src=\"https:\/\/moyahousehold.com\/wp-content\/uploads\/2024\/05\/stainlss-steel-square-food-container-display-1.jpg\" alt=\"pr\u00e9sentoir de bo\u00eetes alimentaires carr\u00e9es en acier inoxydable (1)\" class=\"wp-image-9094\" srcset=\"https:\/\/moyahousehold.com\/wp-content\/uploads\/2024\/05\/stainlss-steel-square-food-container-display-1.jpg 1500w, https:\/\/moyahousehold.com\/wp-content\/uploads\/2024\/05\/stainlss-steel-square-food-container-display-1-300x300.jpg 300w, https:\/\/moyahousehold.com\/wp-content\/uploads\/2024\/05\/stainlss-steel-square-food-container-display-1-150x150.jpg 150w, https:\/\/moyahousehold.com\/wp-content\/uploads\/2024\/05\/stainlss-steel-square-food-container-display-1-768x768.jpg 768w, https:\/\/moyahousehold.com\/wp-content\/uploads\/2024\/05\/stainlss-steel-square-food-container-display-1-12x12.jpg 12w, https:\/\/moyahousehold.com\/wp-content\/uploads\/2024\/05\/stainlss-steel-square-food-container-display-1-285x285.jpg 285w, https:\/\/moyahousehold.com\/wp-content\/uploads\/2024\/05\/stainlss-steel-square-food-container-display-1-270x270.jpg 270w, https:\/\/moyahousehold.com\/wp-content\/uploads\/2024\/05\/stainlss-steel-square-food-container-display-1-540x540.jpg 540w, https:\/\/moyahousehold.com\/wp-content\/uploads\/2024\/05\/stainlss-steel-square-food-container-display-1-660x660.jpg 660w\" sizes=\"(max-width: 1500px) 100vw, 1500px\" \/><\/figure>\n<\/div>\n\n\n\n<div class=\"wp-block-column is-layout-flow wp-block-column-is-layout-flow\">\n<figure class=\"wp-block-image size-full\"><img decoding=\"async\" width=\"1500\" height=\"1500\" src=\"https:\/\/moyahousehold.com\/wp-content\/uploads\/2024\/05\/stainlss-steel-square-food-container-display-2.jpg\" alt=\"pr\u00e9sentoir de bo\u00eetes alimentaires carr\u00e9es en acier inoxydable (2)\" class=\"wp-image-9095\" srcset=\"https:\/\/moyahousehold.com\/wp-content\/uploads\/2024\/05\/stainlss-steel-square-food-container-display-2.jpg 1500w, https:\/\/moyahousehold.com\/wp-content\/uploads\/2024\/05\/stainlss-steel-square-food-container-display-2-300x300.jpg 300w, https:\/\/moyahousehold.com\/wp-content\/uploads\/2024\/05\/stainlss-steel-square-food-container-display-2-150x150.jpg 150w, https:\/\/moyahousehold.com\/wp-content\/uploads\/2024\/05\/stainlss-steel-square-food-container-display-2-768x768.jpg 768w, https:\/\/moyahousehold.com\/wp-content\/uploads\/2024\/05\/stainlss-steel-square-food-container-display-2-12x12.jpg 12w, https:\/\/moyahousehold.com\/wp-content\/uploads\/2024\/05\/stainlss-steel-square-food-container-display-2-285x285.jpg 285w, https:\/\/moyahousehold.com\/wp-content\/uploads\/2024\/05\/stainlss-steel-square-food-container-display-2-270x270.jpg 270w, https:\/\/moyahousehold.com\/wp-content\/uploads\/2024\/05\/stainlss-steel-square-food-container-display-2-540x540.jpg 540w, https:\/\/moyahousehold.com\/wp-content\/uploads\/2024\/05\/stainlss-steel-square-food-container-display-2-660x660.jpg 660w\" sizes=\"(max-width: 1500px) 100vw, 1500px\" \/><\/figure>\n<\/div>\n<\/div>","protected":false},"excerpt":{"rendered":"<p>R\u00e9cipient alimentaire carr\u00e9 en acier inoxydable avec poign\u00e9e, ce r\u00e9cipient alimentaire est \u00e9quip\u00e9 d'un couvercle transparent visible et \u00e9pais, facilitant le stockage et le tri des aliments. Il peut \u00eatre utilis\u00e9 pour le stockage des aliments \u00e0 temp\u00e9rature ambiante, le stockage des aliments congel\u00e9s, comme bo\u00eete \u00e0 lunch et bien d'autres usages. N'h\u00e9sitez pas \u00e0 nous contacter pour un devis.<\/p>\n<h3>Caract\u00e9ristiques du r\u00e9cipient alimentaire carr\u00e9 en acier inoxydable<\/h3>\n<p><strong>Scell\u00e9 et \u00e9tanche :<\/strong> Cette bo\u00eete alimentaire carr\u00e9e est dot\u00e9e d'un anneau d'\u00e9tanch\u00e9it\u00e9 en silicone int\u00e9gr\u00e9, qui est \u00e9tanche dans toutes les directions et prolonge efficacement la fra\u00eecheur des aliments.<\/p>\n<p><strong>Mat\u00e9riaux de haute qualit\u00e9 :<\/strong> Le r\u00e9cipient alimentaire carr\u00e9 est fabriqu\u00e9 en acier inoxydable 304, qui poss\u00e8de des propri\u00e9t\u00e9s antibact\u00e9riennes, garantissant la s\u00e9curit\u00e9 des aliments et prolongeant efficacement la dur\u00e9e de conservation.<\/p>\n<p><strong>Facile \u00e0 nettoyer :<\/strong> Ce r\u00e9cipient alimentaire est poli, et il n'est pas facile de laisser des taches sur la surface. Il est facile \u00e0 nettoyer et peut \u00e9galement \u00eatre nettoy\u00e9 au lave-vaisselle pour gagner du temps.<\/p>\n<p><strong>Poign\u00e9e confortable :<\/strong> Ce r\u00e9cipient alimentaire est \u00e9quip\u00e9 d'une poign\u00e9e de rangement pliable, qui est confortable \u00e0 tenir et ne prend pas de place lorsqu'elle n'est pas utilis\u00e9e.<\/p>\n<p><strong>Couverture visuelle \u00e9paissie<\/strong>: \u00c9quip\u00e9 d'un couvercle transparent en PP, vous pouvez v\u00e9rifier \u00e0 tout moment l'\u00e9tat des aliments dans la bo\u00eete. Meilleure classification des aliments.<\/p>\n<p>&nbsp;<\/p>","protected":false},"featured_media":9091,"comment_status":"open","ping_status":"closed","template":"","meta":[],"product_cat":[57],"product_tag":[95,107,100],"class_list":{"0":"post-4957","1":"product","2":"type-product","3":"status-publish","4":"has-post-thumbnail","6":"product_cat-food-storage-container-wholesale","7":"product_tag-wholesale-food-storage-containers-with-date-dial","8":"product_tag-large-stainless-steel-food-storage-containers","9":"product_tag-wholesale-square-food-storage-containers","11":"first","12":"instock","13":"shipping-taxable","14":"product-type-simple"},"_links":{"self":[{"href":"https:\/\/moyahousehold.com\/fr\/wp-json\/wp\/v2\/product\/4957","targetHints":{"allow":["GET"]}}],"collection":[{"href":"https:\/\/moyahousehold.com\/fr\/wp-json\/wp\/v2\/product"}],"about":[{"href":"https:\/\/moyahousehold.com\/fr\/wp-json\/wp\/v2\/types\/product"}],"replies":[{"embeddable":true,"href":"https:\/\/moyahousehold.com\/fr\/wp-json\/wp\/v2\/comments?post=4957"}],"version-history":[{"count":1,"href":"https:\/\/moyahousehold.com\/fr\/wp-json\/wp\/v2\/product\/4957\/revisions"}],"predecessor-version":[{"id":13076,"href":"https:\/\/moyahousehold.com\/fr\/wp-json\/wp\/v2\/product\/4957\/revisions\/13076"}],"wp:featuredmedia":[{"embeddable":true,"href":"https:\/\/moyahousehold.com\/fr\/wp-json\/wp\/v2\/media\/9091"}],"wp:attachment":[{"href":"https:\/\/moyahousehold.com\/fr\/wp-json\/wp\/v2\/media?parent=4957"}],"wp:term":[{"taxonomy":"product_cat","embeddable":true,"href":"https:\/\/moyahousehold.com\/fr\/wp-json\/wp\/v2\/product_cat?post=4957"},{"taxonomy":"product_tag","embeddable":true,"href":"https:\/\/moyahousehold.com\/fr\/wp-json\/wp\/v2\/product_tag?post=4957"}],"curies":[{"name":"wp","href":"https:\/\/api.w.org\/{rel}","templated":true}]}}