{"id":4968,"date":"2024-05-22T02:46:14","date_gmt":"2024-05-22T02:46:14","guid":{"rendered":"https:\/\/moyahousehold.com\/?post_type=product&#038;p=4968"},"modified":"2025-03-05T10:21:38","modified_gmt":"2025-03-05T10:21:38","slug":"wholesale-stainless-steel-rectangle-food-container","status":"publish","type":"product","link":"https:\/\/moyahousehold.com\/fr\/produit\/recipients-alimentaires-rectangulaires-en-acier-inoxydable\/","title":{"rendered":"Conteneurs alimentaires en acier inoxydable pour les restaurants Conteneurs alimentaires commerciaux : Les meilleurs conteneurs pour la cong\u00e9lation des aliments"},"content":{"rendered":"<div class=\"wp-block-columns is-layout-flex wp-container-core-columns-is-layout-9d6595d7 wp-block-columns-is-layout-flex\">\n<div class=\"wp-block-column is-layout-flow wp-block-column-is-layout-flow\">\n<h3 class=\"wp-block-heading\">Param\u00e8tres des conteneurs alimentaires commerciaux en acier inoxydable<\/h3>\n<\/div>\n<\/div>\n\n\n\n<p><strong>Mat\u00e9riau<\/strong>:304+PP  <strong>Couleur<\/strong>:Steel<\/p>\n\n\n\n<figure class=\"wp-block-table\"><table><tbody><tr><td>Num\u00e9ro de mod\u00e8le<\/td><td>Capacit\u00e9<\/td><td>Taille du produit<\/td><td>Taille de la bo\u00eete ext\u00e9rieure<\/td><td>Quantit\u00e9 par caisse<\/td><td>N.W<\/td><td>G.W\/Case<\/td><\/tr><tr><td>MYJX005<\/td><td>1700ml<\/td><td>23*16*8.5<\/td><td>71*49*51<\/td><td>48<\/td><td>0.42<\/td><td>22.16<\/td><\/tr><tr><td>MYJX006<\/td><td>2100ml<\/td><td>23*16*10.5<\/td><td>77*49*51<\/td><td>42<\/td><td>0.46<\/td><td>21.32<\/td><\/tr><tr><td>MYJX007<\/td><td>3200ml<\/td><td>27.5*19*11.5<\/td><td>44*57*60<\/td><td>36<\/td><td>0.61<\/td><td>23.96<\/td><\/tr><tr><td>MYJX008<\/td><td>3900ml<\/td><td>27.5*19*12.5<\/td><td>66*57*60<\/td><td>30<\/td><td>0.65<\/td><td>21.5<\/td><\/tr><\/tbody><\/table><\/figure>\n\n\n\n<h3 class=\"wp-block-heading\">Options de contenants alimentaires en acier inoxydable personnalis\u00e9s<\/h3>\n\n\n\n<p><strong>Logo<\/strong>: personnalisation du logo de votre marque sur le produit et l'emballage.<br><strong>Couvercle<\/strong>: Couvercle en verre, couvercle en PP<br><strong>Options du logo<\/strong>logo imprim\u00e9, logo grav\u00e9 au laser, etc.<br><strong>Mod\u00e8le<\/strong>: motifs d'impression sur les conteneurs de stockage de produits alimentaires.<br><strong>Technologie d'impression<\/strong>Les techniques d'impression sont les suivantes : impression par transfert d'eau, impression par s\u00e9rigraphie, impression par transfert de chaleur, etc.<br><strong>Paquet<\/strong>:color box<br><a href=\"https:\/\/moyahousehold.com\/fr\/solution-personnalisee\/\" data-type=\"page\" data-id=\"2817\"><strong>En savoir plus sur les solutions de conteneurs alimentaires personnalis\u00e9s.<\/strong><\/a><\/p>\n\n\n\n<div class=\"wp-block-columns is-layout-flex wp-container-core-columns-is-layout-9d6595d7 wp-block-columns-is-layout-flex\">\n<div class=\"wp-block-column is-layout-flow wp-block-column-is-layout-flow\">\n<figure class=\"wp-block-image size-full\"><img fetchpriority=\"high\" decoding=\"async\" width=\"1400\" height=\"1400\" src=\"https:\/\/moyahousehold.com\/wp-content\/uploads\/2024\/05\/Stainless-Steel-Commercial-Food-Container-2.jpg\" alt=\"Conteneurs commerciaux en acier inoxydable (2)\" class=\"wp-image-9140\" srcset=\"https:\/\/moyahousehold.com\/wp-content\/uploads\/2024\/05\/Stainless-Steel-Commercial-Food-Container-2.jpg 1400w, https:\/\/moyahousehold.com\/wp-content\/uploads\/2024\/05\/Stainless-Steel-Commercial-Food-Container-2-300x300.jpg 300w, https:\/\/moyahousehold.com\/wp-content\/uploads\/2024\/05\/Stainless-Steel-Commercial-Food-Container-2-150x150.jpg 150w, https:\/\/moyahousehold.com\/wp-content\/uploads\/2024\/05\/Stainless-Steel-Commercial-Food-Container-2-768x768.jpg 768w, https:\/\/moyahousehold.com\/wp-content\/uploads\/2024\/05\/Stainless-Steel-Commercial-Food-Container-2-12x12.jpg 12w, https:\/\/moyahousehold.com\/wp-content\/uploads\/2024\/05\/Stainless-Steel-Commercial-Food-Container-2-285x285.jpg 285w, https:\/\/moyahousehold.com\/wp-content\/uploads\/2024\/05\/Stainless-Steel-Commercial-Food-Container-2-270x270.jpg 270w, https:\/\/moyahousehold.com\/wp-content\/uploads\/2024\/05\/Stainless-Steel-Commercial-Food-Container-2-540x540.jpg 540w, https:\/\/moyahousehold.com\/wp-content\/uploads\/2024\/05\/Stainless-Steel-Commercial-Food-Container-2-660x660.jpg 660w\" sizes=\"(max-width: 1400px) 100vw, 1400px\" \/><\/figure>\n<\/div>\n\n\n\n<div class=\"wp-block-column is-layout-flow wp-block-column-is-layout-flow\">\n<figure class=\"wp-block-image size-full\"><img decoding=\"async\" width=\"1400\" height=\"1400\" src=\"https:\/\/moyahousehold.com\/wp-content\/uploads\/2024\/05\/Stainless-Steel-Commercial-Food-Container-1.jpg\" alt=\"Conteneurs commerciaux en acier inoxydable (1)\" class=\"wp-image-9139\" srcset=\"https:\/\/moyahousehold.com\/wp-content\/uploads\/2024\/05\/Stainless-Steel-Commercial-Food-Container-1.jpg 1400w, https:\/\/moyahousehold.com\/wp-content\/uploads\/2024\/05\/Stainless-Steel-Commercial-Food-Container-1-300x300.jpg 300w, https:\/\/moyahousehold.com\/wp-content\/uploads\/2024\/05\/Stainless-Steel-Commercial-Food-Container-1-150x150.jpg 150w, https:\/\/moyahousehold.com\/wp-content\/uploads\/2024\/05\/Stainless-Steel-Commercial-Food-Container-1-768x768.jpg 768w, https:\/\/moyahousehold.com\/wp-content\/uploads\/2024\/05\/Stainless-Steel-Commercial-Food-Container-1-12x12.jpg 12w, https:\/\/moyahousehold.com\/wp-content\/uploads\/2024\/05\/Stainless-Steel-Commercial-Food-Container-1-285x285.jpg 285w, https:\/\/moyahousehold.com\/wp-content\/uploads\/2024\/05\/Stainless-Steel-Commercial-Food-Container-1-270x270.jpg 270w, https:\/\/moyahousehold.com\/wp-content\/uploads\/2024\/05\/Stainless-Steel-Commercial-Food-Container-1-540x540.jpg 540w, https:\/\/moyahousehold.com\/wp-content\/uploads\/2024\/05\/Stainless-Steel-Commercial-Food-Container-1-660x660.jpg 660w\" sizes=\"(max-width: 1400px) 100vw, 1400px\" \/><\/figure>\n<\/div>\n<\/div>\n\n\n\n<div class=\"wp-block-columns is-layout-flex wp-container-core-columns-is-layout-9d6595d7 wp-block-columns-is-layout-flex\">\n<div class=\"wp-block-column is-layout-flow wp-block-column-is-layout-flow\"><\/div>\n\n\n\n<div class=\"wp-block-column is-layout-flow wp-block-column-is-layout-flow\"><\/div>\n<\/div>","protected":false},"excerpt":{"rendered":"<p>Nous proposons une vari\u00e9t\u00e9 de conteneurs alimentaires en acier inoxydable, de 1700 ml \u00e0 3900 ml, dont les diff\u00e9rentes capacit\u00e9s peuvent r\u00e9pondre \u00e0 vos besoins de stockage. Ce r\u00e9cipient en acier inoxydable est particuli\u00e8rement adapt\u00e9 aux cuisines domestiques, aux pique-niques en plein air, aux restaurants et \u00e0 d'autres occasions, car il est pratique pour stocker et transporter des aliments. La poign\u00e9e est ergonomique, confortable \u00e0 tenir et facile \u00e0 transporter. N'h\u00e9sitez pas \u00e0 nous contacter.<\/p>\n<h3>Caract\u00e9ristiques et avantages des conteneurs alimentaires commerciaux en acier inoxydable\u00a0<\/h3>\n<p><strong>Mat\u00e9riau de haute qualit\u00e9<\/strong>: Le r\u00e9cipient rectangulaire en acier inoxydable est fabriqu\u00e9 en acier inoxydable 304, qui pr\u00e9sente une excellente r\u00e9sistance \u00e0 la corrosion et une grande durabilit\u00e9, ainsi qu'un bel \u00e9clat m\u00e9tallique, et peut conserver sa brillance m\u00eame apr\u00e8s une utilisation prolong\u00e9e.<\/p>\n<p><strong>Conception \u00e9tanche<\/strong>: Le joint d'\u00e9tanch\u00e9it\u00e9 en silicone de haute qualit\u00e9 int\u00e9gr\u00e9 garantit que ce r\u00e9cipient xfood en acier inoxydable est \u00e9tanche dans toutes les directions, emp\u00eachant efficacement les fuites d'aliments et de liquides et pr\u00e9servant la fra\u00eecheur et l'hygi\u00e8ne des aliments.<\/p>\n<p><strong>Couvercle transparent<\/strong>: Le couvercle transparent en PP de qualit\u00e9 alimentaire permet aux utilisateurs de mieux voir les aliments stock\u00e9s dans le r\u00e9cipient et de r\u00e9duire les ouvertures inutiles.<\/p>\n<p><strong>Plusieurs sp\u00e9cifications disponibles<\/strong>: Une vari\u00e9t\u00e9 de tailles et d'options de capacit\u00e9 sont disponibles pour r\u00e9pondre aux besoins des diff\u00e9rents utilisateurs. Il convient \u00e0 diverses occasions telles que les cuisines domestiques, les pique-niques en plein air, les restaurants, les \u00e9coles, les bureaux, etc.<\/p>\n<p><strong>Exemple de soutien<\/strong>: Nous fournissons des \u00e9chantillons de ce conteneur alimentaire rectangulaire en acier inoxydable.<\/p>\n<p><strong>Service personnalis\u00e9 :<\/strong> Nous fournissons non seulement des services de conteneurs alimentaires en gros, mais nous aidons \u00e9galement nos clients \u00e0 d\u00e9velopper des solutions de conteneurs alimentaires personnalis\u00e9es. Pour plus de d\u00e9tails, veuillez nous contacter.<\/p>","protected":false},"featured_media":9141,"comment_status":"closed","ping_status":"closed","template":"","meta":[],"product_cat":[57],"product_tag":[107,99],"class_list":{"0":"post-4968","1":"product","2":"type-product","3":"status-publish","4":"has-post-thumbnail","6":"product_cat-food-storage-container-wholesale","7":"product_tag-large-stainless-steel-food-storage-containers","8":"product_tag-wholesale-rectangle-food-storage-containers","10":"first","11":"instock","12":"shipping-taxable","13":"product-type-simple"},"_links":{"self":[{"href":"https:\/\/moyahousehold.com\/fr\/wp-json\/wp\/v2\/product\/4968","targetHints":{"allow":["GET"]}}],"collection":[{"href":"https:\/\/moyahousehold.com\/fr\/wp-json\/wp\/v2\/product"}],"about":[{"href":"https:\/\/moyahousehold.com\/fr\/wp-json\/wp\/v2\/types\/product"}],"replies":[{"embeddable":true,"href":"https:\/\/moyahousehold.com\/fr\/wp-json\/wp\/v2\/comments?post=4968"}],"version-history":[{"count":0,"href":"https:\/\/moyahousehold.com\/fr\/wp-json\/wp\/v2\/product\/4968\/revisions"}],"wp:featuredmedia":[{"embeddable":true,"href":"https:\/\/moyahousehold.com\/fr\/wp-json\/wp\/v2\/media\/9141"}],"wp:attachment":[{"href":"https:\/\/moyahousehold.com\/fr\/wp-json\/wp\/v2\/media?parent=4968"}],"wp:term":[{"taxonomy":"product_cat","embeddable":true,"href":"https:\/\/moyahousehold.com\/fr\/wp-json\/wp\/v2\/product_cat?post=4968"},{"taxonomy":"product_tag","embeddable":true,"href":"https:\/\/moyahousehold.com\/fr\/wp-json\/wp\/v2\/product_tag?post=4968"}],"curies":[{"name":"wp","href":"https:\/\/api.w.org\/{rel}","templated":true}]}}