{"id":4979,"date":"2024-05-22T03:02:37","date_gmt":"2024-05-22T03:02:37","guid":{"rendered":"https:\/\/moyahousehold.com\/?post_type=product&#038;p=4979"},"modified":"2025-03-05T10:12:08","modified_gmt":"2025-03-05T10:12:08","slug":"full-range-of-customized-stainless-steel-food-containers","status":"publish","type":"product","link":"https:\/\/moyahousehold.com\/fr\/produit\/full-range-of-customized-stainless-steel-food-containers\/","title":{"rendered":"R\u00e9cipients alimentaires en acier inoxydable personnalis\u00e9s : Impression du logo et conception de l'emballage pour les conteneurs alimentaires en vrac"},"content":{"rendered":"<div class=\"wp-block-columns is-layout-flex wp-container-core-columns-is-layout-9d6595d7 wp-block-columns-is-layout-flex\">\n<div class=\"wp-block-column is-layout-flow wp-block-column-is-layout-flow\">\n<h3 class=\"wp-block-heading\">Param\u00e8tres des conteneurs alimentaires personnalis\u00e9s<\/h3>\n<\/div>\n<\/div>\n\n\n\n<p><strong>Mat\u00e9riau<\/strong>:304+PE    <strong>Couleur<\/strong>:Steel<\/p>\n\n\n\n<figure class=\"wp-block-table\"><table><tbody><tr><td>Num\u00e9ro de mod\u00e8le<\/td><td>Capacit\u00e9<\/td><td>Taille du produit<\/td><td>Taille de la bo\u00eete ext\u00e9rieure<\/td><td>Quantit\u00e9 par caisse<\/td><td>N.W<\/td><td>G.W\/Case<\/td><\/tr><tr><td>MYZT001<\/td><td>700ml<\/td><td>16.1*11.9*4.4<\/td><td>51*50*34.5<\/td><td>84<\/td><td>0.19<\/td><td>17.96<\/td><\/tr><tr><td>MYZT002<\/td><td>1100ml<\/td><td>19.6*14.9*4.8<\/td><td>62*41*38<\/td><td>56<\/td><td>0.27<\/td><td>17.12<\/td><\/tr><tr><td>MYZT003<\/td><td>1700ml<\/td><td>23.7*18.2*5.4<\/td><td>57*49*45<\/td><td>42<\/td><td>0.4<\/td><td>18.8<\/td><\/tr><tr><td>MYZT004<\/td><td>1000ml<\/td><td>16.1*11.9*6.6<\/td><td>51*50*43.5<\/td><td>72<\/td><td>0.3<\/td><td>23.6<\/td><\/tr><tr><td>MYZT005<\/td><td>1800ml<\/td><td>19.6*14.9*7.8<\/td><td>62*41*51<\/td><td>48<\/td><td>0.35<\/td><td>18.8<\/td><\/tr><tr><td>MYZT006<\/td><td>3000ml<\/td><td>23.7*18.2*8.8<\/td><td>59*49*57<\/td><td>36<\/td><td>0.5<\/td><td>20<\/td><\/tr><\/tbody><\/table><\/figure>\n\n\n\n<h3 class=\"wp-block-heading\">Options de conteneurs alimentaires personnalis\u00e9s<\/h3>\n\n\n\n<p><strong>Logo<\/strong>: personnalisez le logo de votre marque sur les contenants et emballages alimentaires.<br><strong>Couvercle<\/strong>: Choisissez des couvercles en verre ou en PP pour vos r\u00e9cipients alimentaires en acier inoxydable.<br><strong>Options du logo<\/strong>: Nous vous proposons des m\u00e9thodes de gravure au laser ou de transfert thermique pour ajouter votre logo aux r\u00e9cipients alimentaires.<br><strong>Mod\u00e8le<\/strong>: motifs d'impression sur les conteneurs de stockage de produits alimentaires.<br><strong>Technologie d'impression<\/strong>: Nous proposons l'impression par transfert d'\u00e9cran, transfert de chaleur et transfert d'eau pour ajouter des motifs \u00e0 vos produits.<br><strong>Paquet<\/strong>:Vous pouvez nous envoyer le fichier et nous personnaliserons la bo\u00eete de couleur de la bo\u00eete alimentaire pour vous.<br><a href=\"https:\/\/moyahousehold.com\/fr\/solution-personnalisee\/\" data-type=\"page\" data-id=\"2817\"><strong>Plus de personnalisation<\/strong><\/a><\/p>\n\n\n\n<div class=\"wp-block-columns is-layout-flex wp-container-core-columns-is-layout-9d6595d7 wp-block-columns-is-layout-flex\">\n<div class=\"wp-block-column is-layout-flow wp-block-column-is-layout-flow\">\n<figure class=\"wp-block-image size-full\"><img fetchpriority=\"high\" decoding=\"async\" width=\"601\" height=\"594\" src=\"https:\/\/moyahousehold.com\/wp-content\/uploads\/2024\/05\/customized-food-containers-1.webp\" alt=\"r\u00e9cipients alimentaires personnalis\u00e9s (1)\" class=\"wp-image-6941\" srcset=\"https:\/\/moyahousehold.com\/wp-content\/uploads\/2024\/05\/customized-food-containers-1.webp 601w, https:\/\/moyahousehold.com\/wp-content\/uploads\/2024\/05\/customized-food-containers-1-300x297.webp 300w, https:\/\/moyahousehold.com\/wp-content\/uploads\/2024\/05\/customized-food-containers-1-12x12.webp 12w, https:\/\/moyahousehold.com\/wp-content\/uploads\/2024\/05\/customized-food-containers-1-285x282.webp 285w, https:\/\/moyahousehold.com\/wp-content\/uploads\/2024\/05\/customized-food-containers-1-150x148.webp 150w\" sizes=\"(max-width: 601px) 100vw, 601px\" \/><\/figure>\n<\/div>\n\n\n\n<div class=\"wp-block-column is-layout-flow wp-block-column-is-layout-flow\">\n<figure class=\"wp-block-image size-full\"><img decoding=\"async\" width=\"597\" height=\"587\" src=\"https:\/\/moyahousehold.com\/wp-content\/uploads\/2024\/05\/customized-food-containers-2.webp\" alt=\"r\u00e9cipients alimentaires personnalis\u00e9s (2)\" class=\"wp-image-6942\" srcset=\"https:\/\/moyahousehold.com\/wp-content\/uploads\/2024\/05\/customized-food-containers-2.webp 597w, https:\/\/moyahousehold.com\/wp-content\/uploads\/2024\/05\/customized-food-containers-2-300x295.webp 300w, https:\/\/moyahousehold.com\/wp-content\/uploads\/2024\/05\/customized-food-containers-2-12x12.webp 12w, https:\/\/moyahousehold.com\/wp-content\/uploads\/2024\/05\/customized-food-containers-2-285x280.webp 285w, https:\/\/moyahousehold.com\/wp-content\/uploads\/2024\/05\/customized-food-containers-2-150x147.webp 150w\" sizes=\"(max-width: 597px) 100vw, 597px\" \/><\/figure>\n<\/div>\n<\/div>\n\n\n\n<div class=\"wp-block-columns is-layout-flex wp-container-core-columns-is-layout-9d6595d7 wp-block-columns-is-layout-flex\">\n<div class=\"wp-block-column is-layout-flow wp-block-column-is-layout-flow\">\n<figure class=\"wp-block-image size-full\"><img decoding=\"async\" width=\"596\" height=\"594\" src=\"https:\/\/moyahousehold.com\/wp-content\/uploads\/2024\/05\/customized-food-containers-3.webp\" alt=\"r\u00e9cipients alimentaires personnalis\u00e9s (3)\" class=\"wp-image-6943\" srcset=\"https:\/\/moyahousehold.com\/wp-content\/uploads\/2024\/05\/customized-food-containers-3.webp 596w, https:\/\/moyahousehold.com\/wp-content\/uploads\/2024\/05\/customized-food-containers-3-300x300.webp 300w, https:\/\/moyahousehold.com\/wp-content\/uploads\/2024\/05\/customized-food-containers-3-150x150.webp 150w, https:\/\/moyahousehold.com\/wp-content\/uploads\/2024\/05\/customized-food-containers-3-12x12.webp 12w, https:\/\/moyahousehold.com\/wp-content\/uploads\/2024\/05\/customized-food-containers-3-285x284.webp 285w, https:\/\/moyahousehold.com\/wp-content\/uploads\/2024\/05\/customized-food-containers-3-270x270.webp 270w\" sizes=\"(max-width: 596px) 100vw, 596px\" \/><\/figure>\n<\/div>\n\n\n\n<div class=\"wp-block-column is-layout-flow wp-block-column-is-layout-flow\">\n<figure class=\"wp-block-image size-full\"><img loading=\"lazy\" decoding=\"async\" width=\"595\" height=\"589\" src=\"https:\/\/moyahousehold.com\/wp-content\/uploads\/2024\/05\/customized-food-containers-4.webp\" alt=\"r\u00e9cipients alimentaires personnalis\u00e9s (4)\" class=\"wp-image-6944\" srcset=\"https:\/\/moyahousehold.com\/wp-content\/uploads\/2024\/05\/customized-food-containers-4.webp 595w, https:\/\/moyahousehold.com\/wp-content\/uploads\/2024\/05\/customized-food-containers-4-300x297.webp 300w, https:\/\/moyahousehold.com\/wp-content\/uploads\/2024\/05\/customized-food-containers-4-12x12.webp 12w, https:\/\/moyahousehold.com\/wp-content\/uploads\/2024\/05\/customized-food-containers-4-285x282.webp 285w, https:\/\/moyahousehold.com\/wp-content\/uploads\/2024\/05\/customized-food-containers-4-150x148.webp 150w\" sizes=\"(max-width: 595px) 100vw, 595px\" \/><\/figure>\n<\/div>\n<\/div>","protected":false},"excerpt":{"rendered":"<p>D\u00e9couvrez nos conteneurs en acier inoxydable personnalis\u00e9s. Nous proposons des services de personnalisation des logos des conteneurs, de l'emballage des produits, de la capacit\u00e9 et de la taille. Pour en savoir plus sur les conteneurs alimentaires personnalis\u00e9s, consultez notre rubrique <a href=\"https:\/\/moyahousehold.com\/fr\/solution-personnalisee\/\" target=\"_blank\" rel=\"noopener\">solution cuctom<\/a>. En formulant des solutions de conteneurs alimentaires profond\u00e9ment personnalis\u00e9es, vos besoins seront parfaitement satisfaits.<\/p>\n<h3>Caract\u00e9ristiques des conteneurs alimentaires personnalis\u00e9s<\/h3>\n<p>Ce r\u00e9cipient alimentaire personnalisable est fabriqu\u00e9 en acier inoxydable 304, facile \u00e0 nettoyer et inodore. L'int\u00e9rieur est poli par \u00e9lectrolyse pour emp\u00eacher v\u00e9ritablement la prolif\u00e9ration des bact\u00e9ries.<\/p>\n<p>Vous pouvez choisir ou personnaliser une vari\u00e9t\u00e9 de sp\u00e9cifications pour r\u00e9pondre \u00e0 vos diff\u00e9rents besoins de stockage.<\/p>\n<p>Le r\u00e9cipient alimentaire adopte un design arrondi sur tous les c\u00f4t\u00e9s, ce qui le rend plus confortable \u00e0 tenir et facile \u00e0 prendre sans se blesser les mains.<\/p>\n<p>Le design sur\u00e9lev\u00e9 des quatre c\u00f4t\u00e9s du fond peut augmenter la friction lorsqu'il est plac\u00e9 sur le bureau pour \u00e9viter de glisser, et ce design peut emp\u00eacher le r\u00e9cipient alimentaire de coller \u00e0 la surface du r\u00e9frig\u00e9rateur apr\u00e8s la cong\u00e9lation.<\/p>\n<p>Nous acceptons les commandes en petits lots pour vous aider \u00e0 mieux saisir les r\u00e9actions du march\u00e9 lors de la vente.<\/p>\n<p>Le fabricant de r\u00e9cipients alimentaires en acier inoxydable Moya vous propose des solutions de personnalisation flexibles pour vous aider \u00e0 mieux personnaliser vos produits et \u00e0 am\u00e9liorer votre image de marque.<\/p>","protected":false},"featured_media":7669,"comment_status":"closed","ping_status":"closed","template":"","meta":[],"product_cat":[57],"product_tag":[106,99],"class_list":{"0":"post-4979","1":"product","2":"type-product","3":"status-publish","4":"has-post-thumbnail","6":"product_cat-food-storage-container-wholesale","7":"product_tag-microwavable-food-storage-containers","8":"product_tag-wholesale-rectangle-food-storage-containers","10":"first","11":"instock","12":"shipping-taxable","13":"product-type-simple"},"_links":{"self":[{"href":"https:\/\/moyahousehold.com\/fr\/wp-json\/wp\/v2\/product\/4979","targetHints":{"allow":["GET"]}}],"collection":[{"href":"https:\/\/moyahousehold.com\/fr\/wp-json\/wp\/v2\/product"}],"about":[{"href":"https:\/\/moyahousehold.com\/fr\/wp-json\/wp\/v2\/types\/product"}],"replies":[{"embeddable":true,"href":"https:\/\/moyahousehold.com\/fr\/wp-json\/wp\/v2\/comments?post=4979"}],"version-history":[{"count":0,"href":"https:\/\/moyahousehold.com\/fr\/wp-json\/wp\/v2\/product\/4979\/revisions"}],"wp:featuredmedia":[{"embeddable":true,"href":"https:\/\/moyahousehold.com\/fr\/wp-json\/wp\/v2\/media\/7669"}],"wp:attachment":[{"href":"https:\/\/moyahousehold.com\/fr\/wp-json\/wp\/v2\/media?parent=4979"}],"wp:term":[{"taxonomy":"product_cat","embeddable":true,"href":"https:\/\/moyahousehold.com\/fr\/wp-json\/wp\/v2\/product_cat?post=4979"},{"taxonomy":"product_tag","embeddable":true,"href":"https:\/\/moyahousehold.com\/fr\/wp-json\/wp\/v2\/product_tag?post=4979"}],"curies":[{"name":"wp","href":"https:\/\/api.w.org\/{rel}","templated":true}]}}