{"id":4995,"date":"2024-05-22T03:23:32","date_gmt":"2024-05-22T03:23:32","guid":{"rendered":"https:\/\/moyahousehold.com\/?post_type=product&#038;p=4995"},"modified":"2025-03-05T10:11:51","modified_gmt":"2025-03-05T10:11:51","slug":"stylish-round-food-storage-container-wholesale","status":"publish","type":"product","link":"https:\/\/moyahousehold.com\/fr\/produit\/stylish-round-food-storage-container-wholesale\/","title":{"rendered":"R\u00e9cipients de conservation ronds et \u00e9l\u00e9gants Wholesale"},"content":{"rendered":"<div class=\"wp-block-columns is-layout-flex wp-container-core-columns-is-layout-9d6595d7 wp-block-columns-is-layout-flex\">\n<div class=\"wp-block-column is-layout-flow wp-block-column-is-layout-flow\">\n<h3 class=\"wp-block-heading\">Param\u00e8tres de la bo\u00eete ronde de conservation des aliments<\/h3>\n<\/div>\n<\/div>\n\n\n\n<p><strong>Mat\u00e9riau<\/strong>:304+PE  <strong>Couleur<\/strong>:Steel<\/p>\n\n\n\n<figure class=\"wp-block-table\"><table><tbody><tr><td>Num\u00e9ro de mod\u00e8le<\/td><td>Capacit\u00e9<\/td><td>Taille du produit<\/td><td>Taille de la bo\u00eete ext\u00e9rieure<\/td><td>Quantit\u00e9 par caisse<\/td><td>N.W<\/td><td>G.W\/Case<\/td><\/tr><tr><td>MYZT007<\/td><td>500ml<\/td><td>10.6*10.6*6.3<\/td><td>56*45*43<\/td><td>120<\/td><td>0.3<\/td><td>38<\/td><\/tr><tr><td>MYZT008<\/td><td>750ml<\/td><td>10.6*10.6*7.3<\/td><td>56*45*46<\/td><td>80<\/td><td>0.2<\/td><td>18<\/td><\/tr><tr><td>MYZT009<\/td><td>1350ml<\/td><td>14.6*14.6*9.2<\/td><td>61*46*48<\/td><td>60<\/td><td>0.25<\/td><td>17<\/td><\/tr><\/tbody><\/table><\/figure>\n\n\n\n<h3 class=\"wp-block-heading\">Options de contenants alimentaires ronds personnalis\u00e9s<\/h3>\n\n\n\n<p><strong>Logo<\/strong>: personnalisation du logo de votre marque sur le produit et l'emballage.<br><strong>Couvercle<\/strong>: Couvercle en verre, couvercle en PP<br><strong>Options du logo<\/strong>logo imprim\u00e9, logo grav\u00e9 au laser, etc.<br><strong>Mod\u00e8le<\/strong>: motifs d'impression sur les conteneurs de stockage de produits alimentaires.<br><strong>Technologie d'impression<\/strong>Les techniques d'impression sont les suivantes : impression par transfert d'eau, impression par s\u00e9rigraphie, impression par transfert de chaleur, etc.<br><strong>Paquet<\/strong>:color box<br><a href=\"https:\/\/moyahousehold.com\/fr\/solution-personnalisee\/\" data-type=\"page\" data-id=\"2817\"><strong>Plus de personnalisation<\/strong><\/a><\/p>\n\n\n\n<div class=\"wp-block-columns is-layout-flex wp-container-core-columns-is-layout-9d6595d7 wp-block-columns-is-layout-flex\">\n<div class=\"wp-block-column is-layout-flow wp-block-column-is-layout-flow\">\n<figure class=\"wp-block-image size-full\"><img fetchpriority=\"high\" decoding=\"async\" width=\"590\" height=\"592\" src=\"https:\/\/moyahousehold.com\/wp-content\/uploads\/2024\/05\/Round-food-container-wholesale-4.webp\" alt=\"R\u00e9cipients alimentaires ronds en gros \" class=\"wp-image-5006\" srcset=\"https:\/\/moyahousehold.com\/wp-content\/uploads\/2024\/05\/Round-food-container-wholesale-4.webp 590w, https:\/\/moyahousehold.com\/wp-content\/uploads\/2024\/05\/Round-food-container-wholesale-4-300x300.webp 300w, https:\/\/moyahousehold.com\/wp-content\/uploads\/2024\/05\/Round-food-container-wholesale-4-150x150.webp 150w, https:\/\/moyahousehold.com\/wp-content\/uploads\/2024\/05\/Round-food-container-wholesale-4-285x286.webp 285w, https:\/\/moyahousehold.com\/wp-content\/uploads\/2024\/05\/Round-food-container-wholesale-4-270x270.webp 270w\" sizes=\"(max-width: 590px) 100vw, 590px\" \/><\/figure>\n<\/div>\n\n\n\n<div class=\"wp-block-column is-layout-flow wp-block-column-is-layout-flow\">\n<figure class=\"wp-block-image size-full\"><img decoding=\"async\" width=\"591\" height=\"595\" src=\"https:\/\/moyahousehold.com\/wp-content\/uploads\/2024\/05\/Round-food-container-wholesale-3.webp\" alt=\"R\u00e9cipients alimentaires ronds en gros\" class=\"wp-image-5005\" srcset=\"https:\/\/moyahousehold.com\/wp-content\/uploads\/2024\/05\/Round-food-container-wholesale-3.webp 591w, https:\/\/moyahousehold.com\/wp-content\/uploads\/2024\/05\/Round-food-container-wholesale-3-298x300.webp 298w, https:\/\/moyahousehold.com\/wp-content\/uploads\/2024\/05\/Round-food-container-wholesale-3-150x150.webp 150w, https:\/\/moyahousehold.com\/wp-content\/uploads\/2024\/05\/Round-food-container-wholesale-3-285x287.webp 285w\" sizes=\"(max-width: 591px) 100vw, 591px\" \/><\/figure>\n<\/div>\n<\/div>","protected":false},"excerpt":{"rendered":"<p>Conteneurs alimentaires ronds en gros - Nous fournissons des conteneurs alimentaires ronds en gros dans diff\u00e9rentes sp\u00e9cifications. Chaque r\u00e9cipient est \u00e9quip\u00e9 d'un couvercle de haute qualit\u00e9 pour garantir la fra\u00eecheur et l'hygi\u00e8ne des aliments. Le design rond est facile \u00e0 stocker et \u00e0 transporter, ce qui est id\u00e9al pour la restauration, les h\u00f4tels et les cuisines domestiques. choisissez. Choisissez nos bo\u00eetes herm\u00e9tiques pour conserver vos aliments de mani\u00e8re plus efficace, plus s\u00fbre et plus pratique.<\/p>\n<h3>Caract\u00e9ristiques et avantages du r\u00e9cipient rond pour la conservation des aliments<\/h3>\n<p>Mat\u00e9riau en acier inoxydable 304, diff\u00e9rentes sp\u00e9cifications peuvent \u00eatre librement adapt\u00e9es, cong\u00e9lation rapide, facile \u00e0 nettoyer sans odeur, polissage \u00e9lectrolytique, anti-moisissure et anti-bact\u00e9rien.<\/p>\n<p>La conception du petit couvercle d'oreille rend l'ouverture et la fermeture plus pratiques.<\/p>\n<p>Bords et coins lisses, faciles \u00e0 manipuler sans se blesser les mains, avec le fond sur\u00e9lev\u00e9 sur les quatre c\u00f4t\u00e9s pour \u00e9viter l'adh\u00e9rence avec la surface du r\u00e9frig\u00e9rateur apr\u00e8s la cong\u00e9lation, ce qui le rend difficile \u00e0 glisser.<\/p>\n<p>Approfondir la conception \u00e0 haute capacit\u00e9 pour une meilleure capacit\u00e9.<\/p>\n<p><strong><a href=\"https:\/\/moyahousehold.com\/fr\/solution-personnalisee\/\">support OEM&amp;ODM solutions personnalis\u00e9es pour les conteneurs alimentaires<\/a><\/strong><\/p>","protected":false},"featured_media":7796,"comment_status":"open","ping_status":"closed","template":"","meta":[],"product_cat":[57],"product_tag":[106,98],"class_list":{"0":"post-4995","1":"product","2":"type-product","3":"status-publish","4":"has-post-thumbnail","6":"product_cat-food-storage-container-wholesale","7":"product_tag-microwavable-food-storage-containers","8":"product_tag-wholesale-round-food-storage-containers","10":"first","11":"instock","12":"shipping-taxable","13":"product-type-simple"},"_links":{"self":[{"href":"https:\/\/moyahousehold.com\/fr\/wp-json\/wp\/v2\/product\/4995","targetHints":{"allow":["GET"]}}],"collection":[{"href":"https:\/\/moyahousehold.com\/fr\/wp-json\/wp\/v2\/product"}],"about":[{"href":"https:\/\/moyahousehold.com\/fr\/wp-json\/wp\/v2\/types\/product"}],"replies":[{"embeddable":true,"href":"https:\/\/moyahousehold.com\/fr\/wp-json\/wp\/v2\/comments?post=4995"}],"version-history":[{"count":0,"href":"https:\/\/moyahousehold.com\/fr\/wp-json\/wp\/v2\/product\/4995\/revisions"}],"wp:featuredmedia":[{"embeddable":true,"href":"https:\/\/moyahousehold.com\/fr\/wp-json\/wp\/v2\/media\/7796"}],"wp:attachment":[{"href":"https:\/\/moyahousehold.com\/fr\/wp-json\/wp\/v2\/media?parent=4995"}],"wp:term":[{"taxonomy":"product_cat","embeddable":true,"href":"https:\/\/moyahousehold.com\/fr\/wp-json\/wp\/v2\/product_cat?post=4995"},{"taxonomy":"product_tag","embeddable":true,"href":"https:\/\/moyahousehold.com\/fr\/wp-json\/wp\/v2\/product_tag?post=4995"}],"curies":[{"name":"wp","href":"https:\/\/api.w.org\/{rel}","templated":true}]}}