{"id":5016,"date":"2024-05-22T06:04:02","date_gmt":"2024-05-22T06:04:02","guid":{"rendered":"https:\/\/moyahousehold.com\/?post_type=product&#038;p=5016"},"modified":"2025-02-05T08:44:21","modified_gmt":"2025-02-05T08:44:21","slug":"wholesale-rectangular-lunch-boxes-in-bulk","status":"publish","type":"product","link":"https:\/\/moyahousehold.com\/fr\/produit\/wholesale-rectangular-lunch-boxes-in-bulk\/","title":{"rendered":"Bo\u00eetes \u00e0 lunch rectangulaires en gros - MOYA Bo\u00eete \u00e0 lunch en acier inoxydable Fournisseur et fabricant"},"content":{"rendered":"<div class=\"wp-block-columns is-layout-flex wp-container-core-columns-is-layout-9d6595d7 wp-block-columns-is-layout-flex\">\n<div class=\"wp-block-column is-layout-flow wp-block-column-is-layout-flow\">\n<h3 class=\"wp-block-heading\">Param\u00e8tres des bo\u00eetes \u00e0 lunch rectangulaires <\/h3>\n<\/div>\n<\/div>\n\n\n\n<p><strong>Mat\u00e9riau<\/strong>:304+PP  <strong>Couleur<\/strong>:Vert\/Jaune<\/p>\n\n\n\n<figure class=\"wp-block-table\"><table><tbody><tr><td>Num\u00e9ro de mod\u00e8le<\/td><td>Capacit\u00e9<\/td><td>Taille du produit<\/td><td>Taille de la bo\u00eete ext\u00e9rieure<\/td><td>Quantit\u00e9 par caisse<\/td><td>N.W<\/td><td>G.W\/Case<\/td><\/tr><tr><td>MYJD099<\/td><td>550ML<\/td><td>14.5*10*7.5&nbsp;<\/td><td>60*50*53<\/td><td>60<\/td><td>0.25<\/td><td>26.4<\/td><\/tr><tr><td>MYJD100<\/td><td>850ML<\/td><td>17*11.8*8<\/td><td>61*58*60<\/td><td>48<\/td><td>0.35<\/td><td>26.28<\/td><\/tr><tr><td>MYJD101<\/td><td>1800ML<br>avec poign\u00e9e<\/td><td>19.8*14.5*10<\/td><td>67*66*45<\/td><td>36<\/td><td>0.53<\/td><td>42<\/td><\/tr><\/tbody><\/table><\/figure>\n\n\n\n<h3 class=\"wp-block-heading\">Options de bo\u00eetes \u00e0 lunch personnalis\u00e9es<\/h3>\n\n\n\n<p><strong>Logo<\/strong>: personnalisez le logo de votre marque sur les bo\u00eetes \u00e0 lunch et l'emballage.<br><strong>Couvercle<\/strong>: Couvercle en verre, couvercle en PP<br><strong>Options du logo<\/strong>logo imprim\u00e9, logo grav\u00e9 au laser, etc.<br><strong>Mod\u00e8le<\/strong>: motifs d'impression sur des bo\u00eetes \u00e0 lunch rectangulaires et des emballages.<br><strong>Technologie d'impression :<\/strong> impression par transfert d'eau, s\u00e9rigraphie, impression par transfert de chaleur, etc.<br><strong>Paquet<\/strong>:color box<br><a href=\"https:\/\/moyahousehold.com\/fr\/solution-personnalisee\/\" data-type=\"page\" data-id=\"2817\"><strong>En savoir plus sur les solutions de bo\u00eetes \u00e0 lunch personnalis\u00e9es <\/strong><\/a><\/p>\n\n\n\n<div class=\"wp-block-columns is-layout-flex wp-container-core-columns-is-layout-9d6595d7 wp-block-columns-is-layout-flex\">\n<div class=\"wp-block-column is-layout-flow wp-block-column-is-layout-flow\">\n<figure class=\"wp-block-image size-full\"><img fetchpriority=\"high\" decoding=\"async\" width=\"2656\" height=\"2658\" src=\"https:\/\/moyahousehold.com\/wp-content\/uploads\/2024\/05\/stainless-steel-lunch-box-supplier-2.jpg\" alt=\"Fournisseur de bo\u00eetes \u00e0 lunch en acier inoxydable (2)\" class=\"wp-image-7604\" srcset=\"https:\/\/moyahousehold.com\/wp-content\/uploads\/2024\/05\/stainless-steel-lunch-box-supplier-2.jpg 2656w, https:\/\/moyahousehold.com\/wp-content\/uploads\/2024\/05\/stainless-steel-lunch-box-supplier-2-300x300.jpg 300w, https:\/\/moyahousehold.com\/wp-content\/uploads\/2024\/05\/stainless-steel-lunch-box-supplier-2-150x150.jpg 150w, https:\/\/moyahousehold.com\/wp-content\/uploads\/2024\/05\/stainless-steel-lunch-box-supplier-2-768x769.jpg 768w, https:\/\/moyahousehold.com\/wp-content\/uploads\/2024\/05\/stainless-steel-lunch-box-supplier-2-12x12.jpg 12w, https:\/\/moyahousehold.com\/wp-content\/uploads\/2024\/05\/stainless-steel-lunch-box-supplier-2-285x285.jpg 285w, https:\/\/moyahousehold.com\/wp-content\/uploads\/2024\/05\/stainless-steel-lunch-box-supplier-2-1600x1601.jpg 1600w, https:\/\/moyahousehold.com\/wp-content\/uploads\/2024\/05\/stainless-steel-lunch-box-supplier-2-270x270.jpg 270w, https:\/\/moyahousehold.com\/wp-content\/uploads\/2024\/05\/stainless-steel-lunch-box-supplier-2-540x540.jpg 540w, https:\/\/moyahousehold.com\/wp-content\/uploads\/2024\/05\/stainless-steel-lunch-box-supplier-2-660x660.jpg 660w\" sizes=\"(max-width: 2656px) 100vw, 2656px\" \/><\/figure>\n<\/div>\n\n\n\n<div class=\"wp-block-column is-layout-flow wp-block-column-is-layout-flow\">\n<figure class=\"wp-block-image size-full\"><img decoding=\"async\" width=\"2656\" height=\"2658\" src=\"https:\/\/moyahousehold.com\/wp-content\/uploads\/2024\/05\/stainless-steel-lunch-box-supplier-4.jpg\" alt=\"Fournisseur de bo\u00eetes \u00e0 lunch en acier inoxydable (4)\" class=\"wp-image-7606\" srcset=\"https:\/\/moyahousehold.com\/wp-content\/uploads\/2024\/05\/stainless-steel-lunch-box-supplier-4.jpg 2656w, https:\/\/moyahousehold.com\/wp-content\/uploads\/2024\/05\/stainless-steel-lunch-box-supplier-4-300x300.jpg 300w, https:\/\/moyahousehold.com\/wp-content\/uploads\/2024\/05\/stainless-steel-lunch-box-supplier-4-150x150.jpg 150w, https:\/\/moyahousehold.com\/wp-content\/uploads\/2024\/05\/stainless-steel-lunch-box-supplier-4-768x769.jpg 768w, https:\/\/moyahousehold.com\/wp-content\/uploads\/2024\/05\/stainless-steel-lunch-box-supplier-4-12x12.jpg 12w, https:\/\/moyahousehold.com\/wp-content\/uploads\/2024\/05\/stainless-steel-lunch-box-supplier-4-285x285.jpg 285w, https:\/\/moyahousehold.com\/wp-content\/uploads\/2024\/05\/stainless-steel-lunch-box-supplier-4-1600x1601.jpg 1600w, https:\/\/moyahousehold.com\/wp-content\/uploads\/2024\/05\/stainless-steel-lunch-box-supplier-4-270x270.jpg 270w, https:\/\/moyahousehold.com\/wp-content\/uploads\/2024\/05\/stainless-steel-lunch-box-supplier-4-540x540.jpg 540w, https:\/\/moyahousehold.com\/wp-content\/uploads\/2024\/05\/stainless-steel-lunch-box-supplier-4-660x660.jpg 660w\" sizes=\"(max-width: 2656px) 100vw, 2656px\" \/><\/figure>\n<\/div>\n<\/div>","protected":false},"excerpt":{"rendered":"<p>MOYA est un fournisseur et fabricant de bo\u00eetes \u00e0 lunch en acier inoxydable en Chine. Nous fournissons des bo\u00eetes \u00e0 lunch rectangulaires en gros de haute qualit\u00e9. Nos bo\u00eetes \u00e0 lunch en acier inoxydable sont fabriqu\u00e9es en acier inoxydable 304 de qualit\u00e9 alimentaire, qui est r\u00e9sistant \u00e0 la corrosion, facile \u00e0 nettoyer et \u00e9quip\u00e9 de poign\u00e9es ergonomiques. Elles sont faciles \u00e0 transporter et conviennent \u00e0 la maison, \u00e0 l'\u00e9cole, au bureau, aux pique-niques en plein air et aux restaurants. Choisissez MOYA comme fournisseur de bo\u00eetes \u00e0 lunch en acier inoxydable de haute qualit\u00e9, nous vous fournirons les meilleurs services en gros et personnalis\u00e9s, n'h\u00e9sitez pas \u00e0 nous contacter pour obtenir des prix comp\u00e9titifs.<\/p>\n<h3>Caract\u00e9ristiques et avantages des bo\u00eetes \u00e0 lunch rectangulaires<\/h3>\n<p><strong>Un service de qualit\u00e9<\/strong>: En tant que premier fournisseur de bo\u00eetes \u00e0 lunch en acier inoxydable en Chine, notre \u00e9quipe vous fournit le meilleur service de bo\u00eetes \u00e0 lunch en gros en vous fournissant des \u00e9chantillons gratuits, une assistance administrative, etc.<\/p>\n<p><strong>Solutions personnalis\u00e9es OEM&amp;ODM<\/strong>: Notre usine de bo\u00eetes \u00e0 lunch en acier inoxydable concevra une solution personnalis\u00e9e qui r\u00e9pondra \u00e0 vos besoins et produira des produits qui r\u00e9pondent aux normes internationales et \u00e0 la reconnaissance du march\u00e9.<\/p>\n<p><strong>Design simple<\/strong>: Nos bo\u00eetes \u00e0 lunch adoptent un design minimaliste et des couleurs nettes et fra\u00eeches, et l'aspect g\u00e9n\u00e9ral est \u00e0 la mode et magnifique.<\/p>\n<p><strong>Mat\u00e9riau de qualit\u00e9 alimentaire<\/strong>: Nos bo\u00eetes \u00e0 lunch en acier inoxydable sont fabriqu\u00e9es en acier inoxydable 304 de qualit\u00e9 alimentaire, qui est robuste et durable, anti-chute et r\u00e9sistant \u00e0 la corrosion, garantissant une utilisation s\u00fbre et saine.<\/p>\n<p><strong>Conception compartiment\u00e9e<\/strong>: L'int\u00e9rieur de la bo\u00eete \u00e0 lunch est compartiment\u00e9, ce qui facilite le stockage des aliments, \u00e9vite les saveurs crois\u00e9es et permet une adaptation nutritionnelle plus pratique et plus raisonnable.<\/p>\n<p><strong>Sp\u00e9cifications compl\u00e8tes<\/strong>: Fournir une vari\u00e9t\u00e9 de sp\u00e9cifications, les utilisateurs peuvent librement combiner et utiliser pour r\u00e9pondre \u00e0 diff\u00e9rents besoins.<\/p>\n<p><strong>Facile \u00e0 r\u00e9aliser<\/strong>: La bo\u00eete \u00e0 lunch est \u00e9quip\u00e9e d'une serrure \u00e0 quatre c\u00f4t\u00e9s et d'un anneau en silicone, ce qui est plus pratique \u00e0 transporter et garantit que les aliments ne fuient pas.<\/p>\n<p><strong>Joint double couche<\/strong>: La conception de la fermeture \u00e0 double couche permet d'emporter plus facilement les aliments et de les conserver au frais.<\/p>\n<p><strong>L\u00e9ger et robuste<\/strong>: La bo\u00eete \u00e0 lunch est de conception simple et pratique, l\u00e9g\u00e8re et robuste, adapt\u00e9e \u00e0 la conservation quotidienne des aliments et \u00e0 de nombreuses autres utilisations.<\/p>\n<p><strong><a href=\"https:\/\/moyahousehold.com\/fr\/solution-personnalisee\/\">\u00a0En savoir plus sur le service personnalis\u00e9 OEM&amp;ODM<\/a><\/strong><\/p>","protected":false},"featured_media":8937,"comment_status":"closed","ping_status":"closed","template":"","meta":[],"product_cat":[58],"product_tag":[87,92],"class_list":{"0":"post-5016","1":"product","2":"type-product","3":"status-publish","4":"has-post-thumbnail","6":"product_cat-lunch-box-wholesale","7":"product_tag-wholesale-multi-compartment-lunch-box","8":"product_tag-wholesale-rectangle-lunch-box","10":"first","11":"instock","12":"shipping-taxable","13":"product-type-simple"},"_links":{"self":[{"href":"https:\/\/moyahousehold.com\/fr\/wp-json\/wp\/v2\/product\/5016","targetHints":{"allow":["GET"]}}],"collection":[{"href":"https:\/\/moyahousehold.com\/fr\/wp-json\/wp\/v2\/product"}],"about":[{"href":"https:\/\/moyahousehold.com\/fr\/wp-json\/wp\/v2\/types\/product"}],"replies":[{"embeddable":true,"href":"https:\/\/moyahousehold.com\/fr\/wp-json\/wp\/v2\/comments?post=5016"}],"version-history":[{"count":0,"href":"https:\/\/moyahousehold.com\/fr\/wp-json\/wp\/v2\/product\/5016\/revisions"}],"wp:featuredmedia":[{"embeddable":true,"href":"https:\/\/moyahousehold.com\/fr\/wp-json\/wp\/v2\/media\/8937"}],"wp:attachment":[{"href":"https:\/\/moyahousehold.com\/fr\/wp-json\/wp\/v2\/media?parent=5016"}],"wp:term":[{"taxonomy":"product_cat","embeddable":true,"href":"https:\/\/moyahousehold.com\/fr\/wp-json\/wp\/v2\/product_cat?post=5016"},{"taxonomy":"product_tag","embeddable":true,"href":"https:\/\/moyahousehold.com\/fr\/wp-json\/wp\/v2\/product_tag?post=5016"}],"curies":[{"name":"wp","href":"https:\/\/api.w.org\/{rel}","templated":true}]}}