{"id":5029,"date":"2024-05-22T06:26:05","date_gmt":"2024-05-22T06:26:05","guid":{"rendered":"https:\/\/moyahousehold.com\/?post_type=product&#038;p=5029"},"modified":"2024-11-17T15:16:04","modified_gmt":"2024-11-17T15:16:04","slug":"wholesale-stackable-stainless-steel-lunch-boxes-with-lids","status":"publish","type":"product","link":"https:\/\/moyahousehold.com\/fr\/produit\/wholesale-stackable-stainless-steel-lunch-boxes-with-lids\/","title":{"rendered":"Bo\u00eetes \u00e0 lunch empilables en acier inoxydable avec couvercles : Design mignon et apparence color\u00e9e"},"content":{"rendered":"<div class=\"wp-block-columns is-layout-flex wp-container-core-columns-is-layout-9d6595d7 wp-block-columns-is-layout-flex\">\n<div class=\"wp-block-column is-layout-flow wp-block-column-is-layout-flow\">\n<h3 class=\"wp-block-heading\">Param\u00e8tres de la bo\u00eete \u00e0 lunch empilable en acier inoxydable<\/h3>\n<\/div>\n<\/div>\n\n\n\n<p><strong>Mat\u00e9riau<\/strong>:304+PP   <strong>Couleur<\/strong>:Vert\/Jaune<\/p>\n\n\n\n<figure class=\"wp-block-table\"><table><tbody><tr><td>Num\u00e9ro de mod\u00e8le<\/td><td>Capacit\u00e9<\/td><td>Taille du produit<\/td><td>Taille de la bo\u00eete ext\u00e9rieure<\/td><td>Quantit\u00e9 par caisse<\/td><td>N.W<\/td><td>G.W\/Case<\/td><\/tr><tr><td>MYJD102<\/td><td>550ML<\/td><td>11.5*7.9*7.5<\/td><td>60*50*53<\/td><td>120<\/td><td>0.15<\/td><td>39.36<\/td><\/tr><tr><td>MYJD103<\/td><td>850ML<\/td><td>13.5*9.5*8.5<\/td><td>61*58*60<\/td><td>96<\/td><td>0.21<\/td><td>28.8<\/td><\/tr><tr><td>MYJD104<\/td><td>1500ML<\/td><td>16*11*9.5<\/td><td>67*66*45<\/td><td>60<\/td><td>0.28<\/td><td>24.12<\/td><\/tr><tr><td>MYJD105<\/td><td>2800ML<br>avec poign\u00e9e<\/td><td>19*13*12.5<\/td><td>68*67*69.5<\/td><td>36<\/td><td>0.47<\/td><td>16.3<\/td><\/tr><\/tbody><\/table><\/figure>\n\n\n\n<h3 class=\"wp-block-heading\">Options de bo\u00eetes \u00e0 lunch personnalis\u00e9es<\/h3>\n\n\n\n<p><strong>Logo<\/strong>: personnalisez le logo de votre marque sur les bo\u00eetes \u00e0 lunch et les emballages.<br><strong>Couvercle<\/strong>: Couvercle en verre, couvercle en PP<br><strong>Options du logo<\/strong>logo imprim\u00e9, logo grav\u00e9 au laser, etc.<br><strong>Mod\u00e8le<\/strong>: impression de motifs sur bo\u00eete \u00e0 lunch empilable<br><strong>Technologie d'impression<\/strong>Les techniques d'impression sont les suivantes : impression par transfert d'eau, impression par s\u00e9rigraphie, impression par transfert de chaleur, etc.<br><strong>Paquet<\/strong>:color box<br><a href=\"https:\/\/moyahousehold.com\/fr\/solution-personnalisee\/\" data-type=\"page\" data-id=\"2817\"><strong>D\u00e9couvrez d'autres solutions de bo\u00eetes \u00e0 lunch personnalis\u00e9es. <\/strong><\/a><\/p>\n\n\n\n<div class=\"wp-block-columns is-layout-flex wp-container-core-columns-is-layout-9d6595d7 wp-block-columns-is-layout-flex\">\n<div class=\"wp-block-column is-layout-flow wp-block-column-is-layout-flow\">\n<figure class=\"wp-block-image size-full\"><img fetchpriority=\"high\" decoding=\"async\" width=\"1500\" height=\"1501\" src=\"https:\/\/moyahousehold.com\/wp-content\/uploads\/2024\/05\/Stackable-Stainless-Steel-Lunch-Box-1.jpg\" alt=\"Bo\u00eete \u00e0 lunch empilable en acier inoxydable (1)\" class=\"wp-image-9296\" srcset=\"https:\/\/moyahousehold.com\/wp-content\/uploads\/2024\/05\/Stackable-Stainless-Steel-Lunch-Box-1.jpg 1500w, https:\/\/moyahousehold.com\/wp-content\/uploads\/2024\/05\/Stackable-Stainless-Steel-Lunch-Box-1-300x300.jpg 300w, https:\/\/moyahousehold.com\/wp-content\/uploads\/2024\/05\/Stackable-Stainless-Steel-Lunch-Box-1-150x150.jpg 150w, https:\/\/moyahousehold.com\/wp-content\/uploads\/2024\/05\/Stackable-Stainless-Steel-Lunch-Box-1-768x769.jpg 768w, https:\/\/moyahousehold.com\/wp-content\/uploads\/2024\/05\/Stackable-Stainless-Steel-Lunch-Box-1-12x12.jpg 12w, https:\/\/moyahousehold.com\/wp-content\/uploads\/2024\/05\/Stackable-Stainless-Steel-Lunch-Box-1-285x285.jpg 285w, https:\/\/moyahousehold.com\/wp-content\/uploads\/2024\/05\/Stackable-Stainless-Steel-Lunch-Box-1-270x270.jpg 270w, https:\/\/moyahousehold.com\/wp-content\/uploads\/2024\/05\/Stackable-Stainless-Steel-Lunch-Box-1-540x540.jpg 540w, https:\/\/moyahousehold.com\/wp-content\/uploads\/2024\/05\/Stackable-Stainless-Steel-Lunch-Box-1-660x660.jpg 660w\" sizes=\"(max-width: 1500px) 100vw, 1500px\" \/><\/figure>\n<\/div>\n\n\n\n<div class=\"wp-block-column is-layout-flow wp-block-column-is-layout-flow\">\n<figure class=\"wp-block-image size-full\"><img decoding=\"async\" width=\"1500\" height=\"1501\" src=\"https:\/\/moyahousehold.com\/wp-content\/uploads\/2024\/05\/Stackable-Stainless-Steel-Lunch-Box-2.jpg\" alt=\"Bo\u00eete \u00e0 lunch empilable en acier inoxydable (2)\" class=\"wp-image-9297\" srcset=\"https:\/\/moyahousehold.com\/wp-content\/uploads\/2024\/05\/Stackable-Stainless-Steel-Lunch-Box-2.jpg 1500w, https:\/\/moyahousehold.com\/wp-content\/uploads\/2024\/05\/Stackable-Stainless-Steel-Lunch-Box-2-300x300.jpg 300w, https:\/\/moyahousehold.com\/wp-content\/uploads\/2024\/05\/Stackable-Stainless-Steel-Lunch-Box-2-150x150.jpg 150w, https:\/\/moyahousehold.com\/wp-content\/uploads\/2024\/05\/Stackable-Stainless-Steel-Lunch-Box-2-768x769.jpg 768w, https:\/\/moyahousehold.com\/wp-content\/uploads\/2024\/05\/Stackable-Stainless-Steel-Lunch-Box-2-12x12.jpg 12w, https:\/\/moyahousehold.com\/wp-content\/uploads\/2024\/05\/Stackable-Stainless-Steel-Lunch-Box-2-285x285.jpg 285w, https:\/\/moyahousehold.com\/wp-content\/uploads\/2024\/05\/Stackable-Stainless-Steel-Lunch-Box-2-270x270.jpg 270w, https:\/\/moyahousehold.com\/wp-content\/uploads\/2024\/05\/Stackable-Stainless-Steel-Lunch-Box-2-540x540.jpg 540w, https:\/\/moyahousehold.com\/wp-content\/uploads\/2024\/05\/Stackable-Stainless-Steel-Lunch-Box-2-660x660.jpg 660w\" sizes=\"(max-width: 1500px) 100vw, 1500px\" \/><\/figure>\n<\/div>\n<\/div>","protected":false},"excerpt":{"rendered":"<p>Nos bo\u00eetes \u00e0 lunch empilables en acier inoxydable sont la solution parfaite pour la vie moderne. Elles conviennent \u00e0 la maison, \u00e0 l'\u00e9cole, au bureau et aux activit\u00e9s de plein air. L'aspect mignon de la bo\u00eete \u00e0 lunch apporte une bonne exp\u00e9rience culinaire aux utilisateurs, et les diff\u00e9rentes capacit\u00e9s r\u00e9pondent aux besoins des enfants et des adultes. Les grossistes et les d\u00e9taillants sont invit\u00e9s \u00e0 nous contacter pour acheter des bo\u00eetes \u00e0 lunch en vrac.<\/p>\n<h3>Caract\u00e9ristiques de la bo\u00eete \u00e0 lunch empilable en acier inoxydable<\/h3>\n<p><strong>Forme mignonne et apparence color\u00e9e :<\/strong> Ces bo\u00eetes \u00e0 lunch ont une grande vari\u00e9t\u00e9 de formes mignonnes et d'aspects color\u00e9s. Elles sont non seulement fonctionnelles et pratiques, mais elles ajoutent \u00e9galement du plaisir aux repas. Enfants ou adultes, ils peuvent trouver leur style pr\u00e9f\u00e9r\u00e9, apportant vitalit\u00e9 et joie \u00e0 chaque repas.<\/p>\n<p><strong>Conception empilable :<\/strong> Notre bo\u00eete \u00e0 lunch permet d'\u00e9conomiser de l'espace et est facile \u00e0 empiler pour le stockage et le transport. Elle rend la cuisine et le sac \u00e0 dos plus ordonn\u00e9s et s'adapte au rythme de vie rapide.<\/p>\n<p><strong>Durable et respectueux de l'environnement :<\/strong> Ces bo\u00eetes \u00e0 lunch sont fabriqu\u00e9es en acier inoxydable de premi\u00e8re qualit\u00e9, \u00e0 la fois robuste et respectueux de l'environnement. Elles peuvent \u00eatre utilis\u00e9es fr\u00e9quemment, ce qui vous permet de r\u00e9duire les plastiques jetables et de soutenir la vie verte.<\/p>\n<p><strong>Tr\u00e8s facile \u00e0 nettoyer :<\/strong> La bo\u00eete \u00e0 lunch a une surface lisse et est tr\u00e8s facile \u00e0 nettoyer. Elle peut \u00eatre lav\u00e9e \u00e0 la main ou au lave-vaisselle, ce qui vous permet de gagner du temps.<\/p>\n<p><strong>Polyvalent :<\/strong> Cette bo\u00eete \u00e0 lunch convient non seulement pour les repas quotidiens, mais aussi pour les voyages en plein air, les pique-niques, le sport et les f\u00eates. Pratique, elle vous permet de d\u00e9guster des repas d\u00e9licieux et sains \u00e0 tout moment et en tout lieu.<\/p>\n<p><strong>Prix d'usine :<\/strong> Nous fournissons des prix d'usine pour les bo\u00eetes \u00e0 lunch en gros afin de garantir que vous achetez des produits de haute qualit\u00e9 aux prix les plus comp\u00e9titifs.<\/p>","protected":false},"featured_media":7619,"comment_status":"closed","ping_status":"closed","template":"","meta":[],"product_cat":[57],"product_tag":[],"class_list":{"0":"post-5029","1":"product","2":"type-product","3":"status-publish","4":"has-post-thumbnail","6":"product_cat-food-storage-container-wholesale","8":"first","9":"instock","10":"shipping-taxable","11":"product-type-simple"},"_links":{"self":[{"href":"https:\/\/moyahousehold.com\/fr\/wp-json\/wp\/v2\/product\/5029","targetHints":{"allow":["GET"]}}],"collection":[{"href":"https:\/\/moyahousehold.com\/fr\/wp-json\/wp\/v2\/product"}],"about":[{"href":"https:\/\/moyahousehold.com\/fr\/wp-json\/wp\/v2\/types\/product"}],"replies":[{"embeddable":true,"href":"https:\/\/moyahousehold.com\/fr\/wp-json\/wp\/v2\/comments?post=5029"}],"version-history":[{"count":0,"href":"https:\/\/moyahousehold.com\/fr\/wp-json\/wp\/v2\/product\/5029\/revisions"}],"wp:featuredmedia":[{"embeddable":true,"href":"https:\/\/moyahousehold.com\/fr\/wp-json\/wp\/v2\/media\/7619"}],"wp:attachment":[{"href":"https:\/\/moyahousehold.com\/fr\/wp-json\/wp\/v2\/media?parent=5029"}],"wp:term":[{"taxonomy":"product_cat","embeddable":true,"href":"https:\/\/moyahousehold.com\/fr\/wp-json\/wp\/v2\/product_cat?post=5029"},{"taxonomy":"product_tag","embeddable":true,"href":"https:\/\/moyahousehold.com\/fr\/wp-json\/wp\/v2\/product_tag?post=5029"}],"curies":[{"name":"wp","href":"https:\/\/api.w.org\/{rel}","templated":true}]}}