{"id":5047,"date":"2024-05-22T07:04:39","date_gmt":"2024-05-22T07:04:39","guid":{"rendered":"https:\/\/moyahousehold.com\/?post_type=product&#038;p=5047"},"modified":"2025-02-05T08:44:07","modified_gmt":"2025-02-05T08:44:07","slug":"wholesale-lunch-boxes-made-of-stainless-steel","status":"publish","type":"product","link":"https:\/\/moyahousehold.com\/fr\/produit\/wholesale-lunch-boxes-made-of-stainless-steel\/","title":{"rendered":"Bo\u00eetes \u00e0 lunch en acier inoxydable \u00e0 2 compartiments : Possibilit\u00e9 de personnalisation OEM et ODM"},"content":{"rendered":"<h2 class=\"wp-block-heading\">Param\u00e8tres de la bo\u00eete \u00e0 lunch en acier inoxydable<\/h2>\n\n\n\n<figure class=\"wp-block-table\"><table><tbody><tr><td>Num\u00e9ro de mod\u00e8le<\/td><td>capacit\u00e9<\/td><td>Taille du produit<\/td><td>Taille de la bo\u00eete ext\u00e9rieure<\/td><td>Quantit\u00e9 par caisse<\/td><td>N.W<\/td><td>G.W\/Case<\/td><\/tr><tr><td>MYJD002<\/td><td>700ml<\/td><td>21.5*15*7<\/td><td>65*40*70<\/td><td>60<\/td><td>0.43<\/td><td>32.4<\/td><\/tr><tr><td>MYJD003<\/td><td>1000ml<\/td><td>21.5*15*8.5<\/td><td>65*40*70<\/td><td>48<\/td><td>0.5<\/td><td>28.8<\/td><\/tr><\/tbody><\/table><\/figure>\n\n\n\n<h3 class=\"wp-block-heading\">Options de bo\u00eetes \u00e0 lunch personnalis\u00e9es<\/h3>\n\n\n\n<p><strong>Logo :<\/strong> personnaliser le logo de votre marque sur le produit et l'emballage.<br><strong>Options de logo : <\/strong>logo imprim\u00e9, logo grav\u00e9 au laser, etc.<br><strong>Mod\u00e8le :<\/strong> motifs d'impression <br><strong>Technologie d'impression : <\/strong>impression par transfert d'eau, impression par s\u00e9rigraphie, impression par transfert thermique, transfert par sublimation, etc.<br><strong>Emballage : <\/strong>bo\u00eete \u00e0 couleurs<br><a href=\"https:\/\/moyahousehold.com\/fr\/solution-personnalisee\/\"><strong>Plus de personnalisation<\/strong><\/a><\/p>\n\n\n\n<div class=\"wp-block-columns is-layout-flex wp-container-core-columns-is-layout-9d6595d7 wp-block-columns-is-layout-flex\">\n<div class=\"wp-block-column is-layout-flow wp-block-column-is-layout-flow\">\n<figure class=\"wp-block-image size-full\"><img fetchpriority=\"high\" decoding=\"async\" width=\"1500\" height=\"1500\" src=\"https:\/\/moyahousehold.com\/wp-content\/uploads\/2024\/05\/stainless-steel-lunch-box-detail-1-1.jpg\" alt=\"bo\u00eete \u00e0 lunch en acier inoxydable d\u00e9tail (1)\" class=\"wp-image-8871\" srcset=\"https:\/\/moyahousehold.com\/wp-content\/uploads\/2024\/05\/stainless-steel-lunch-box-detail-1-1.jpg 1500w, https:\/\/moyahousehold.com\/wp-content\/uploads\/2024\/05\/stainless-steel-lunch-box-detail-1-1-300x300.jpg 300w, https:\/\/moyahousehold.com\/wp-content\/uploads\/2024\/05\/stainless-steel-lunch-box-detail-1-1-150x150.jpg 150w, https:\/\/moyahousehold.com\/wp-content\/uploads\/2024\/05\/stainless-steel-lunch-box-detail-1-1-768x768.jpg 768w, https:\/\/moyahousehold.com\/wp-content\/uploads\/2024\/05\/stainless-steel-lunch-box-detail-1-1-12x12.jpg 12w, https:\/\/moyahousehold.com\/wp-content\/uploads\/2024\/05\/stainless-steel-lunch-box-detail-1-1-285x285.jpg 285w, https:\/\/moyahousehold.com\/wp-content\/uploads\/2024\/05\/stainless-steel-lunch-box-detail-1-1-270x270.jpg 270w, https:\/\/moyahousehold.com\/wp-content\/uploads\/2024\/05\/stainless-steel-lunch-box-detail-1-1-540x540.jpg 540w, https:\/\/moyahousehold.com\/wp-content\/uploads\/2024\/05\/stainless-steel-lunch-box-detail-1-1-660x660.jpg 660w\" sizes=\"(max-width: 1500px) 100vw, 1500px\" \/><\/figure>\n<\/div>\n\n\n\n<div class=\"wp-block-column is-layout-flow wp-block-column-is-layout-flow\">\n<figure class=\"wp-block-image size-full\"><img decoding=\"async\" width=\"1500\" height=\"1500\" src=\"https:\/\/moyahousehold.com\/wp-content\/uploads\/2024\/05\/stainless-steel-lunch-box-detail-2-1.jpg\" alt=\"bo\u00eete \u00e0 lunch en acier inoxydable d\u00e9tail (2)\" class=\"wp-image-8872\" srcset=\"https:\/\/moyahousehold.com\/wp-content\/uploads\/2024\/05\/stainless-steel-lunch-box-detail-2-1.jpg 1500w, https:\/\/moyahousehold.com\/wp-content\/uploads\/2024\/05\/stainless-steel-lunch-box-detail-2-1-300x300.jpg 300w, https:\/\/moyahousehold.com\/wp-content\/uploads\/2024\/05\/stainless-steel-lunch-box-detail-2-1-150x150.jpg 150w, https:\/\/moyahousehold.com\/wp-content\/uploads\/2024\/05\/stainless-steel-lunch-box-detail-2-1-768x768.jpg 768w, https:\/\/moyahousehold.com\/wp-content\/uploads\/2024\/05\/stainless-steel-lunch-box-detail-2-1-12x12.jpg 12w, https:\/\/moyahousehold.com\/wp-content\/uploads\/2024\/05\/stainless-steel-lunch-box-detail-2-1-285x285.jpg 285w, https:\/\/moyahousehold.com\/wp-content\/uploads\/2024\/05\/stainless-steel-lunch-box-detail-2-1-270x270.jpg 270w, https:\/\/moyahousehold.com\/wp-content\/uploads\/2024\/05\/stainless-steel-lunch-box-detail-2-1-540x540.jpg 540w, https:\/\/moyahousehold.com\/wp-content\/uploads\/2024\/05\/stainless-steel-lunch-box-detail-2-1-660x660.jpg 660w\" sizes=\"(max-width: 1500px) 100vw, 1500px\" \/><\/figure>\n<\/div>\n<\/div>\n\n\n\n<div class=\"wp-block-columns is-layout-flex wp-container-core-columns-is-layout-9d6595d7 wp-block-columns-is-layout-flex\">\n<div class=\"wp-block-column is-layout-flow wp-block-column-is-layout-flow\"><\/div>\n\n\n\n<div class=\"wp-block-column is-layout-flow wp-block-column-is-layout-flow\"><\/div>\n<\/div>","protected":false},"excerpt":{"rendered":"<p>Vente en gros de bo\u00eetes \u00e0 lunch en acier inoxydable de haute qualit\u00e9, nous offrons des services de bo\u00eetes \u00e0 lunch personnalis\u00e9es OEM et ODM, et fournissons une vari\u00e9t\u00e9 d'options de personnalisation, y compris la s\u00e9lection des couleurs, l'impression du logo et la conception de l'emballage. Rendez vos produits plus sp\u00e9cifiques \u00e0 votre marque et plus comp\u00e9titifs sur le march\u00e9. Qu'il s'agisse d'une soci\u00e9t\u00e9 de restauration, d'une \u00e9cole, d'une entreprise ou d'une famille, nos bo\u00eetes \u00e0 lunch en acier inoxydable sont votre choix id\u00e9al.<\/p>\n<h3>Caract\u00e9ristiques et avantages de la bo\u00eete \u00e0 bento<\/h3>\n<p><strong>Mat\u00e9riau en acier inoxydable 304 de haute qualit\u00e9 :<\/strong> Fabriqu\u00e9 en acier inoxydable de qualit\u00e9 alimentaire, il r\u00e9pond aux normes de certification internationales pour garantir la s\u00e9curit\u00e9 et la sant\u00e9 des aliments.<\/p>\n<p><strong>Conception \u00e9tanche :<\/strong> \u00c9quip\u00e9 d'un anneau d'\u00e9tanch\u00e9it\u00e9 en silicone et d'une boucle de fermeture sur quatre c\u00f4t\u00e9s pour emp\u00eacher les fuites de liquides alimentaires internes.<\/p>\n<p><strong>Couvercle sup\u00e9rieur transparent :<\/strong> Le couvercle transparent permet de v\u00e9rifier facilement les aliments \u00e0 l'int\u00e9rieur sans ouvrir la bo\u00eete \u00e0 lunch.<\/p>\n<p><strong>Design simple et \u00e0 la mode :<\/strong> Cette bo\u00eete \u00e0 lunch aux couleurs simples et aux formes \u00e9l\u00e9gantes s'adapte \u00e0 diff\u00e9rentes sc\u00e8nes et rehausse l'exp\u00e9rience gastronomique.<\/p>\n<p><strong>Prise en charge des OEM et ODM :\u00a0<\/strong> Fournir des services sur mesure pour r\u00e9pondre aux besoins personnalis\u00e9s des clients, adapt\u00e9s aux achats en gros et \u00e0 la personnalisation des marques.<\/p>","protected":false},"featured_media":8869,"comment_status":"closed","ping_status":"closed","template":"","meta":[],"product_cat":[58],"product_tag":[87,92],"class_list":{"0":"post-5047","1":"product","2":"type-product","3":"status-publish","4":"has-post-thumbnail","6":"product_cat-lunch-box-wholesale","7":"product_tag-wholesale-multi-compartment-lunch-box","8":"product_tag-wholesale-rectangle-lunch-box","10":"first","11":"instock","12":"shipping-taxable","13":"product-type-simple"},"_links":{"self":[{"href":"https:\/\/moyahousehold.com\/fr\/wp-json\/wp\/v2\/product\/5047","targetHints":{"allow":["GET"]}}],"collection":[{"href":"https:\/\/moyahousehold.com\/fr\/wp-json\/wp\/v2\/product"}],"about":[{"href":"https:\/\/moyahousehold.com\/fr\/wp-json\/wp\/v2\/types\/product"}],"replies":[{"embeddable":true,"href":"https:\/\/moyahousehold.com\/fr\/wp-json\/wp\/v2\/comments?post=5047"}],"version-history":[{"count":0,"href":"https:\/\/moyahousehold.com\/fr\/wp-json\/wp\/v2\/product\/5047\/revisions"}],"wp:featuredmedia":[{"embeddable":true,"href":"https:\/\/moyahousehold.com\/fr\/wp-json\/wp\/v2\/media\/8869"}],"wp:attachment":[{"href":"https:\/\/moyahousehold.com\/fr\/wp-json\/wp\/v2\/media?parent=5047"}],"wp:term":[{"taxonomy":"product_cat","embeddable":true,"href":"https:\/\/moyahousehold.com\/fr\/wp-json\/wp\/v2\/product_cat?post=5047"},{"taxonomy":"product_tag","embeddable":true,"href":"https:\/\/moyahousehold.com\/fr\/wp-json\/wp\/v2\/product_tag?post=5047"}],"curies":[{"name":"wp","href":"https:\/\/api.w.org\/{rel}","templated":true}]}}