{"id":5059,"date":"2024-05-22T07:25:14","date_gmt":"2024-05-22T07:25:14","guid":{"rendered":"https:\/\/moyahousehold.com\/?post_type=product&#038;p=5059"},"modified":"2025-02-05T08:43:51","modified_gmt":"2025-02-05T08:43:51","slug":"wholesale-compartment-stainless-steel-lunch-box-leak-proof","status":"publish","type":"product","link":"https:\/\/moyahousehold.com\/fr\/produit\/wholesale-compartment-stainless-steel-lunch-box-leak-proof\/","title":{"rendered":"Grossiste Bo\u00eete \u00e0 lunch en acier inoxydable \u00e0 double compartiment \u00c9tanche"},"content":{"rendered":"<h2 class=\"wp-block-heading\">Param\u00e8tres de la bo\u00eete \u00e0 lunch en acier inoxydable \u00e0 double compartiment<\/h2>\n\n\n\n<p>Mati\u00e8re:304+PP Couleur:Rose\/Bleu\/Vert <\/p>\n\n\n\n<figure class=\"wp-block-table\"><table><tbody><tr><td>Num\u00e9ro de mod\u00e8le<\/td><td>capacit\u00e9<\/td><td>Taille du produit<\/td><td>Taille de la bo\u00eete ext\u00e9rieure<\/td><td>Quantit\u00e9 par caisse<\/td><td>N.W<\/td><td>G.W\/Case<\/td><\/tr><tr><td>MYJD004<\/td><td>350ml<\/td><td>15*11*6<\/td><td>47*35.5*48.5<\/td><td>60<\/td><td>0.18&nbsp;<\/td><td>22.8<\/td><\/tr><tr><td>MYJD005<\/td><td>550ml<\/td><td>17*13*6.5<\/td><td>54*31*54<\/td><td>48<\/td><td>0.24&nbsp;<\/td><td>21.12<\/td><\/tr><tr><td>MYJD006<\/td><td>850ml<\/td><td>19*14*7<\/td><td>62*34*47.5<\/td><td>36<\/td><td>0.31&nbsp;<\/td><td>18.36<\/td><\/tr><\/tbody><\/table><\/figure>\n\n\n\n<h3 class=\"wp-block-heading\">Options de bo\u00eetes \u00e0 lunch personnalis\u00e9es<\/h3>\n\n\n\n<p><strong>Logo<\/strong>: personnalisation du logo de votre marque sur le produit et l'emballage.<br><strong>Options du logo<\/strong>logo imprim\u00e9, logo grav\u00e9 au laser, etc.<br><strong>Mod\u00e8le<\/strong>: Mod\u00e8les d'impression <br><strong>Technologie d'impression<\/strong>Les techniques d'impression sont les suivantes : impression par transfert d'eau, impression par s\u00e9rigraphie, impression par transfert de chaleur, transfert par sublimation, etc.<br><strong>Paquet<\/strong>:color box<br><a href=\"https:\/\/moyahousehold.com\/fr\/solution-personnalisee\/\"><strong>En savoir plus sur les solutions de bo\u00eetes \u00e0 lunch personnalis\u00e9es <\/strong><\/a><br><br><\/p>\n\n\n\n<div class=\"wp-block-columns is-layout-flex wp-container-core-columns-is-layout-9d6595d7 wp-block-columns-is-layout-flex\">\n<div class=\"wp-block-column is-layout-flow wp-block-column-is-layout-flow\">\n<figure class=\"wp-block-image size-full\"><img fetchpriority=\"high\" decoding=\"async\" width=\"1500\" height=\"1500\" src=\"https:\/\/moyahousehold.com\/wp-content\/uploads\/2024\/05\/Double-Compartment-Stainless-Steel-Lunch-Box-Display-3.jpg\" alt=\"Pr\u00e9sentoir de bo\u00eetes \u00e0 lunch en acier inoxydable \u00e0 double compartiment (3)\" class=\"wp-image-8619\" srcset=\"https:\/\/moyahousehold.com\/wp-content\/uploads\/2024\/05\/Double-Compartment-Stainless-Steel-Lunch-Box-Display-3.jpg 1500w, https:\/\/moyahousehold.com\/wp-content\/uploads\/2024\/05\/Double-Compartment-Stainless-Steel-Lunch-Box-Display-3-300x300.jpg 300w, https:\/\/moyahousehold.com\/wp-content\/uploads\/2024\/05\/Double-Compartment-Stainless-Steel-Lunch-Box-Display-3-150x150.jpg 150w, https:\/\/moyahousehold.com\/wp-content\/uploads\/2024\/05\/Double-Compartment-Stainless-Steel-Lunch-Box-Display-3-768x768.jpg 768w, https:\/\/moyahousehold.com\/wp-content\/uploads\/2024\/05\/Double-Compartment-Stainless-Steel-Lunch-Box-Display-3-12x12.jpg 12w, https:\/\/moyahousehold.com\/wp-content\/uploads\/2024\/05\/Double-Compartment-Stainless-Steel-Lunch-Box-Display-3-285x285.jpg 285w, https:\/\/moyahousehold.com\/wp-content\/uploads\/2024\/05\/Double-Compartment-Stainless-Steel-Lunch-Box-Display-3-270x270.jpg 270w, https:\/\/moyahousehold.com\/wp-content\/uploads\/2024\/05\/Double-Compartment-Stainless-Steel-Lunch-Box-Display-3-540x540.jpg 540w, https:\/\/moyahousehold.com\/wp-content\/uploads\/2024\/05\/Double-Compartment-Stainless-Steel-Lunch-Box-Display-3-660x660.jpg 660w\" sizes=\"(max-width: 1500px) 100vw, 1500px\" \/><\/figure>\n<\/div>\n\n\n\n<div class=\"wp-block-column is-layout-flow wp-block-column-is-layout-flow\">\n<figure class=\"wp-block-image size-full\"><img decoding=\"async\" width=\"1500\" height=\"1500\" src=\"https:\/\/moyahousehold.com\/wp-content\/uploads\/2024\/05\/Double-Compartment-Stainless-Steel-Lunch-Box-Display-4.jpg\" alt=\"Pr\u00e9sentoir de bo\u00eetes \u00e0 lunch en acier inoxydable \u00e0 double compartiment (4)\" class=\"wp-image-8620\" srcset=\"https:\/\/moyahousehold.com\/wp-content\/uploads\/2024\/05\/Double-Compartment-Stainless-Steel-Lunch-Box-Display-4.jpg 1500w, https:\/\/moyahousehold.com\/wp-content\/uploads\/2024\/05\/Double-Compartment-Stainless-Steel-Lunch-Box-Display-4-300x300.jpg 300w, https:\/\/moyahousehold.com\/wp-content\/uploads\/2024\/05\/Double-Compartment-Stainless-Steel-Lunch-Box-Display-4-150x150.jpg 150w, https:\/\/moyahousehold.com\/wp-content\/uploads\/2024\/05\/Double-Compartment-Stainless-Steel-Lunch-Box-Display-4-768x768.jpg 768w, https:\/\/moyahousehold.com\/wp-content\/uploads\/2024\/05\/Double-Compartment-Stainless-Steel-Lunch-Box-Display-4-12x12.jpg 12w, https:\/\/moyahousehold.com\/wp-content\/uploads\/2024\/05\/Double-Compartment-Stainless-Steel-Lunch-Box-Display-4-285x285.jpg 285w, https:\/\/moyahousehold.com\/wp-content\/uploads\/2024\/05\/Double-Compartment-Stainless-Steel-Lunch-Box-Display-4-270x270.jpg 270w, https:\/\/moyahousehold.com\/wp-content\/uploads\/2024\/05\/Double-Compartment-Stainless-Steel-Lunch-Box-Display-4-540x540.jpg 540w, https:\/\/moyahousehold.com\/wp-content\/uploads\/2024\/05\/Double-Compartment-Stainless-Steel-Lunch-Box-Display-4-660x660.jpg 660w\" sizes=\"(max-width: 1500px) 100vw, 1500px\" \/><\/figure>\n<\/div>\n<\/div>","protected":false},"excerpt":{"rendered":"<p>Bo\u00eete \u00e0 lunch en acier inoxydable \u00e0 compartiments en gros, bien \u00e9tanche et facile \u00e0 transporter. Il y a trois tailles de 350ml, 550ml, 750ml \u00e0 choisir. Convient pour le bureau, l'\u00e9cole, le pique-nique en plein air et d'autres sc\u00e8nes. Nous fournissons en gros des bo\u00eetes \u00e0 lunch en acier inoxydable \u00e0 prix d'usine, n'h\u00e9sitez pas \u00e0 nous contacter.<\/p>\n<h3>Caract\u00e9ristiques et avantages de la bo\u00eete \u00e0 lunch en acier inoxydable \u00e0 double compartiment<\/h3>\n<p><strong>Aspect minimaliste :<\/strong> Cette bo\u00eete \u00e0 lunch \u00e0 compartiments en acier inoxydable adopte un design minimaliste, avec trois styles de rose, jaune et bleu, convenant \u00e0 un plus grand nombre de personnes.<\/p>\n<p><strong>L\u00e9ger et pratique :<\/strong> Cette bo\u00eete \u00e0 lunch en acier inoxydable \u00e0 compartiments adopte un design l\u00e9ger, vous pouvez facilement la mettre dans un sac \u00e0 dos, elle convient aux d\u00e9placements quotidiens, aux voyages d'affaires ou aux activit\u00e9s de plein air.<\/p>\n<p><strong>Plusieurs options de taille :<\/strong> Nous proposons des bo\u00eetes \u00e0 lunch d'une capacit\u00e9 de 350 ml, 550 ml et 850 ml. Que ce soit pour les adultes ou les enfants, il y a des choix appropri\u00e9s.<\/p>\n<p><strong>Conception \u00e9tanche :<\/strong> Cette bo\u00eete \u00e0 lunch en acier inoxydable adopte la meilleure conception anti-fuite, qui \u00e9vite efficacement les fuites accidentelles et le m\u00e9lange des aliments, ce qui rend son utilisation plus s\u00fbre.<\/p>\n<p><strong>Exemple de soutien :<\/strong> Nous fournissons des \u00e9chantillons gratuits de bo\u00eetes \u00e0 lunch en acier inoxydable afin que vous puissiez mieux comprendre nos produits.<\/p>\n<p><strong>Service personnalis\u00e9 :<\/strong> Si vous estimez que l'aspect ou la taille de cette bo\u00eete \u00e0 lunch en acier inoxydable 304 ne vous convient pas, nous vous proposons des solutions de bo\u00eetes \u00e0 lunch personnalis\u00e9es approfondies afin de cr\u00e9er une bo\u00eete \u00e0 lunch id\u00e9ale pour vous.<\/p>\n<p>&nbsp;<\/p>","protected":false},"featured_media":8608,"comment_status":"closed","ping_status":"closed","template":"","meta":[],"product_cat":[58],"product_tag":[87,92],"class_list":{"0":"post-5059","1":"product","2":"type-product","3":"status-publish","4":"has-post-thumbnail","6":"product_cat-lunch-box-wholesale","7":"product_tag-wholesale-multi-compartment-lunch-box","8":"product_tag-wholesale-rectangle-lunch-box","10":"first","11":"instock","12":"shipping-taxable","13":"product-type-simple"},"_links":{"self":[{"href":"https:\/\/moyahousehold.com\/fr\/wp-json\/wp\/v2\/product\/5059","targetHints":{"allow":["GET"]}}],"collection":[{"href":"https:\/\/moyahousehold.com\/fr\/wp-json\/wp\/v2\/product"}],"about":[{"href":"https:\/\/moyahousehold.com\/fr\/wp-json\/wp\/v2\/types\/product"}],"replies":[{"embeddable":true,"href":"https:\/\/moyahousehold.com\/fr\/wp-json\/wp\/v2\/comments?post=5059"}],"version-history":[{"count":0,"href":"https:\/\/moyahousehold.com\/fr\/wp-json\/wp\/v2\/product\/5059\/revisions"}],"wp:featuredmedia":[{"embeddable":true,"href":"https:\/\/moyahousehold.com\/fr\/wp-json\/wp\/v2\/media\/8608"}],"wp:attachment":[{"href":"https:\/\/moyahousehold.com\/fr\/wp-json\/wp\/v2\/media?parent=5059"}],"wp:term":[{"taxonomy":"product_cat","embeddable":true,"href":"https:\/\/moyahousehold.com\/fr\/wp-json\/wp\/v2\/product_cat?post=5059"},{"taxonomy":"product_tag","embeddable":true,"href":"https:\/\/moyahousehold.com\/fr\/wp-json\/wp\/v2\/product_tag?post=5059"}],"curies":[{"name":"wp","href":"https:\/\/api.w.org\/{rel}","templated":true}]}}