{"id":5080,"date":"2024-05-22T08:15:10","date_gmt":"2024-05-22T08:15:10","guid":{"rendered":"https:\/\/moyahousehold.com\/?post_type=product&#038;p=5080"},"modified":"2025-02-05T08:43:36","modified_gmt":"2025-02-05T08:43:36","slug":"wholesale-double-layer-rectangle-lunch-boxes","status":"publish","type":"product","link":"https:\/\/moyahousehold.com\/fr\/produit\/wholesale-double-layer-rectangle-lunch-boxes\/","title":{"rendered":"Wholesale Double Layer Rectangle Lunch Boxes\uff1aA A Aesthetic Cute Lunch Box To Accompany Your Lunch Time"},"content":{"rendered":"<h2 class=\"wp-block-heading\">Param\u00e8tres de la bo\u00eete \u00e0 lunch rectangulaire \u00e0 double couche<\/h2>\n\n\n\n<p><strong>mat\u00e9riel :<\/strong>304 + PP   <strong> couleur :<\/strong>Beige\/Kaki<\/p>\n\n\n\n<figure class=\"wp-block-table\"><table><tbody><tr><td>Num\u00e9ro de mod\u00e8le<\/td><td>capacit\u00e9<\/td><td>Taille du produit<\/td><td>Taille de la bo\u00eete ext\u00e9rieure<\/td><td>Quantit\u00e9 par caisse<\/td><td>N.W<\/td><td>G.W\/Case<\/td><\/tr><tr><td>MYJD008<\/td><td>Couche unique<\/td><td>18.5*13*9<\/td><td>58.5*41*58.5<\/td><td>48<\/td><td>0.49<\/td><td>18.6<\/td><\/tr><tr><td>MYJD009<\/td><td>Double couche<\/td><td>18.5*13*13<\/td><td>56*39.5*44<\/td><td>24<\/td><td>0.71<\/td><td>13.56<\/td><\/tr><\/tbody><\/table><\/figure>\n\n\n\n<h3 class=\"wp-block-heading\">Options de bo\u00eetes \u00e0 lunch personnalis\u00e9es<\/h3>\n\n\n\n<p><strong>Logo<\/strong>: personnalisez le logo de votre marque sur les bo\u00eetes \u00e0 lunch et les emballages.<br><strong>Options du logo<\/strong>logo imprim\u00e9, logo grav\u00e9 au laser, etc.<br><strong>Mod\u00e8le<\/strong>: motifs d'impression <br><strong>Technologie d'impression<\/strong>Les techniques d'impression sont les suivantes : impression par transfert d'eau, impression par s\u00e9rigraphie, impression par transfert de chaleur, transfert par sublimation, etc.<br><strong>Paquet<\/strong>:color box<br><a href=\"https:\/\/moyahousehold.com\/fr\/solution-personnalisee\/\"><strong>En savoir plus sur les solutions de bo\u00eetes \u00e0 lunch personnalis\u00e9es<\/strong><\/a><br><br><\/p>\n\n\n\n<div class=\"wp-block-columns is-layout-flex wp-container-core-columns-is-layout-9d6595d7 wp-block-columns-is-layout-flex\">\n<div class=\"wp-block-column is-layout-flow wp-block-column-is-layout-flow\">\n<figure class=\"wp-block-image size-full\"><img fetchpriority=\"high\" decoding=\"async\" width=\"2000\" height=\"2000\" src=\"https:\/\/moyahousehold.com\/wp-content\/uploads\/2024\/05\/Double-Layer-Rectangle-Lunch-Box-Display-5.jpg\" alt=\"Pr\u00e9sentoir de bo\u00eetes \u00e0 lunch rectangulaires \u00e0 double couche (5)\" class=\"wp-image-8716\" srcset=\"https:\/\/moyahousehold.com\/wp-content\/uploads\/2024\/05\/Double-Layer-Rectangle-Lunch-Box-Display-5.jpg 2000w, https:\/\/moyahousehold.com\/wp-content\/uploads\/2024\/05\/Double-Layer-Rectangle-Lunch-Box-Display-5-300x300.jpg 300w, https:\/\/moyahousehold.com\/wp-content\/uploads\/2024\/05\/Double-Layer-Rectangle-Lunch-Box-Display-5-150x150.jpg 150w, https:\/\/moyahousehold.com\/wp-content\/uploads\/2024\/05\/Double-Layer-Rectangle-Lunch-Box-Display-5-768x768.jpg 768w, https:\/\/moyahousehold.com\/wp-content\/uploads\/2024\/05\/Double-Layer-Rectangle-Lunch-Box-Display-5-12x12.jpg 12w, https:\/\/moyahousehold.com\/wp-content\/uploads\/2024\/05\/Double-Layer-Rectangle-Lunch-Box-Display-5-285x285.jpg 285w, https:\/\/moyahousehold.com\/wp-content\/uploads\/2024\/05\/Double-Layer-Rectangle-Lunch-Box-Display-5-1600x1600.jpg 1600w, https:\/\/moyahousehold.com\/wp-content\/uploads\/2024\/05\/Double-Layer-Rectangle-Lunch-Box-Display-5-270x270.jpg 270w, https:\/\/moyahousehold.com\/wp-content\/uploads\/2024\/05\/Double-Layer-Rectangle-Lunch-Box-Display-5-540x540.jpg 540w, https:\/\/moyahousehold.com\/wp-content\/uploads\/2024\/05\/Double-Layer-Rectangle-Lunch-Box-Display-5-660x660.jpg 660w\" sizes=\"(max-width: 2000px) 100vw, 2000px\" \/><\/figure>\n<\/div>\n\n\n\n<div class=\"wp-block-column is-layout-flow wp-block-column-is-layout-flow\">\n<figure class=\"wp-block-image size-full\"><img decoding=\"async\" width=\"2000\" height=\"2000\" src=\"https:\/\/moyahousehold.com\/wp-content\/uploads\/2024\/05\/Double-Layer-Rectangle-Lunch-Box-Display-6.jpg\" alt=\"Pr\u00e9sentoir de bo\u00eetes \u00e0 lunch rectangulaires \u00e0 double couche (6)\" class=\"wp-image-8717\" srcset=\"https:\/\/moyahousehold.com\/wp-content\/uploads\/2024\/05\/Double-Layer-Rectangle-Lunch-Box-Display-6.jpg 2000w, https:\/\/moyahousehold.com\/wp-content\/uploads\/2024\/05\/Double-Layer-Rectangle-Lunch-Box-Display-6-300x300.jpg 300w, https:\/\/moyahousehold.com\/wp-content\/uploads\/2024\/05\/Double-Layer-Rectangle-Lunch-Box-Display-6-150x150.jpg 150w, https:\/\/moyahousehold.com\/wp-content\/uploads\/2024\/05\/Double-Layer-Rectangle-Lunch-Box-Display-6-768x768.jpg 768w, https:\/\/moyahousehold.com\/wp-content\/uploads\/2024\/05\/Double-Layer-Rectangle-Lunch-Box-Display-6-12x12.jpg 12w, https:\/\/moyahousehold.com\/wp-content\/uploads\/2024\/05\/Double-Layer-Rectangle-Lunch-Box-Display-6-285x285.jpg 285w, https:\/\/moyahousehold.com\/wp-content\/uploads\/2024\/05\/Double-Layer-Rectangle-Lunch-Box-Display-6-1600x1600.jpg 1600w, https:\/\/moyahousehold.com\/wp-content\/uploads\/2024\/05\/Double-Layer-Rectangle-Lunch-Box-Display-6-270x270.jpg 270w, https:\/\/moyahousehold.com\/wp-content\/uploads\/2024\/05\/Double-Layer-Rectangle-Lunch-Box-Display-6-540x540.jpg 540w, https:\/\/moyahousehold.com\/wp-content\/uploads\/2024\/05\/Double-Layer-Rectangle-Lunch-Box-Display-6-660x660.jpg 660w\" sizes=\"(max-width: 2000px) 100vw, 2000px\" \/><\/figure>\n<\/div>\n<\/div>\n\n\n\n<div class=\"wp-block-columns is-layout-flex wp-container-core-columns-is-layout-9d6595d7 wp-block-columns-is-layout-flex\">\n<div class=\"wp-block-column is-layout-flow wp-block-column-is-layout-flow\">\n<figure class=\"wp-block-image size-full\"><img decoding=\"async\" width=\"2000\" height=\"2000\" src=\"https:\/\/moyahousehold.com\/wp-content\/uploads\/2024\/05\/Double-Layer-Rectangle-Lunch-Box-Display-3.jpg\" alt=\"Pr\u00e9sentoir de bo\u00eetes \u00e0 lunch rectangulaires \u00e0 double couche (3)\" class=\"wp-image-8714\" srcset=\"https:\/\/moyahousehold.com\/wp-content\/uploads\/2024\/05\/Double-Layer-Rectangle-Lunch-Box-Display-3.jpg 2000w, https:\/\/moyahousehold.com\/wp-content\/uploads\/2024\/05\/Double-Layer-Rectangle-Lunch-Box-Display-3-300x300.jpg 300w, https:\/\/moyahousehold.com\/wp-content\/uploads\/2024\/05\/Double-Layer-Rectangle-Lunch-Box-Display-3-150x150.jpg 150w, https:\/\/moyahousehold.com\/wp-content\/uploads\/2024\/05\/Double-Layer-Rectangle-Lunch-Box-Display-3-768x768.jpg 768w, https:\/\/moyahousehold.com\/wp-content\/uploads\/2024\/05\/Double-Layer-Rectangle-Lunch-Box-Display-3-12x12.jpg 12w, https:\/\/moyahousehold.com\/wp-content\/uploads\/2024\/05\/Double-Layer-Rectangle-Lunch-Box-Display-3-285x285.jpg 285w, https:\/\/moyahousehold.com\/wp-content\/uploads\/2024\/05\/Double-Layer-Rectangle-Lunch-Box-Display-3-1600x1600.jpg 1600w, https:\/\/moyahousehold.com\/wp-content\/uploads\/2024\/05\/Double-Layer-Rectangle-Lunch-Box-Display-3-270x270.jpg 270w, https:\/\/moyahousehold.com\/wp-content\/uploads\/2024\/05\/Double-Layer-Rectangle-Lunch-Box-Display-3-540x540.jpg 540w, https:\/\/moyahousehold.com\/wp-content\/uploads\/2024\/05\/Double-Layer-Rectangle-Lunch-Box-Display-3-660x660.jpg 660w\" sizes=\"(max-width: 2000px) 100vw, 2000px\" \/><\/figure>\n<\/div>\n\n\n\n<div class=\"wp-block-column is-layout-flow wp-block-column-is-layout-flow\">\n<figure class=\"wp-block-image size-full\"><img loading=\"lazy\" decoding=\"async\" width=\"2000\" height=\"2000\" src=\"https:\/\/moyahousehold.com\/wp-content\/uploads\/2024\/05\/Double-Layer-Rectangle-Lunch-Box-Display-4.jpg\" alt=\"Pr\u00e9sentoir de bo\u00eetes \u00e0 lunch rectangulaires \u00e0 double couche (4)\" class=\"wp-image-8715\" srcset=\"https:\/\/moyahousehold.com\/wp-content\/uploads\/2024\/05\/Double-Layer-Rectangle-Lunch-Box-Display-4.jpg 2000w, https:\/\/moyahousehold.com\/wp-content\/uploads\/2024\/05\/Double-Layer-Rectangle-Lunch-Box-Display-4-300x300.jpg 300w, https:\/\/moyahousehold.com\/wp-content\/uploads\/2024\/05\/Double-Layer-Rectangle-Lunch-Box-Display-4-150x150.jpg 150w, https:\/\/moyahousehold.com\/wp-content\/uploads\/2024\/05\/Double-Layer-Rectangle-Lunch-Box-Display-4-768x768.jpg 768w, https:\/\/moyahousehold.com\/wp-content\/uploads\/2024\/05\/Double-Layer-Rectangle-Lunch-Box-Display-4-12x12.jpg 12w, https:\/\/moyahousehold.com\/wp-content\/uploads\/2024\/05\/Double-Layer-Rectangle-Lunch-Box-Display-4-285x285.jpg 285w, https:\/\/moyahousehold.com\/wp-content\/uploads\/2024\/05\/Double-Layer-Rectangle-Lunch-Box-Display-4-1600x1600.jpg 1600w, https:\/\/moyahousehold.com\/wp-content\/uploads\/2024\/05\/Double-Layer-Rectangle-Lunch-Box-Display-4-270x270.jpg 270w, https:\/\/moyahousehold.com\/wp-content\/uploads\/2024\/05\/Double-Layer-Rectangle-Lunch-Box-Display-4-540x540.jpg 540w, https:\/\/moyahousehold.com\/wp-content\/uploads\/2024\/05\/Double-Layer-Rectangle-Lunch-Box-Display-4-660x660.jpg 660w\" sizes=\"(max-width: 2000px) 100vw, 2000px\" \/><\/figure>\n<\/div>\n<\/div>","protected":false},"excerpt":{"rendered":"<p>Bo\u00eete \u00e0 lunch rectangulaire \u00e0 double couche en gros. Cette bo\u00eete \u00e0 lunch a une excellente apparence et un bon effet de conservation de la chaleur. En tant que bo\u00eete \u00e0 lunch esth\u00e9tique et mignonne, elle peut apporter une meilleure exp\u00e9rience visuelle aux utilisateurs. La conception \u00e0 double couche vous permet de transporter plus de nourriture facilement. Elle convient parfaitement \u00e0 une utilisation dans divers endroits tels que l'\u00e9cole, le bureau, les activit\u00e9s de plein air, etc. N'h\u00e9sitez pas \u00e0 nous contacter pour obtenir un devis.<\/p>\n<h3>Caract\u00e9ristiques et avantages de la bo\u00eete \u00e0 lunch\u00a0<\/h3>\n<p><strong>Double couche :<\/strong> Cette bo\u00eete \u00e0 lunch rectangulaire adopte une conception \u00e0 double couche. La structure \u00e0 double couche augmente la capacit\u00e9 de stockage et permet de classer et de conserver diff\u00e9rents aliments.<\/p>\n<p><strong>Esth\u00e9tique et mignon :<\/strong> Elle a une apparence mignonne et est une bo\u00eete \u00e0 lunch esth\u00e9tique et mignonne, qui apporte de la bonne humeur aux utilisateurs \u00e0 tout moment.<\/p>\n<p><strong>Rev\u00eatement en acier inoxydable 304 de qualit\u00e9 alimentaire :<\/strong> Le rev\u00eatement est en acier inoxydable 304 de qualit\u00e9 alimentaire, qui pr\u00e9sente une bonne r\u00e9sistance aux antioxydants et \u00e0 la corrosion et convient \u00e0 la conservation d'une grande vari\u00e9t\u00e9 d'aliments.<\/p>\n<p><strong>Bonne \u00e9tanch\u00e9it\u00e9 :<\/strong> La bo\u00eete \u00e0 lunch est \u00e9quip\u00e9e d'un anneau d'\u00e9tanch\u00e9it\u00e9 en silicone de qualit\u00e9 alimentaire, qui emp\u00eache efficacement les fuites de liquide. La conception de la boucle \u00e0 quatre c\u00f4t\u00e9s garantit que la bo\u00eete \u00e0 lunch reste herm\u00e9tiquement ferm\u00e9e, ce qui am\u00e9liore encore les performances d'\u00e9tanch\u00e9it\u00e9.<\/p>\n<p><strong>Poign\u00e9e cach\u00e9e :<\/strong> La bo\u00eete \u00e0 lunch est dot\u00e9e d'une poign\u00e9e cach\u00e9e, astucieusement int\u00e9gr\u00e9e \u00e0 la structure de la bo\u00eete \u00e0 lunch. Elle peut \u00eatre facilement rang\u00e9e lorsqu'elle n'est pas utilis\u00e9e, ce qui lui conf\u00e8re une apparence simple et \u00e9l\u00e9gante.<\/p>\n<p><strong>Service de bo\u00eetes \u00e0 lunch en gros :<\/strong> En tant que fournisseur et fabricant professionnel de bo\u00eetes \u00e0 lunch, nous fournissons des services de bo\u00eetes \u00e0 lunch en gros, qui conviennent aux entreprises pour les achats en gros.<\/p>","protected":false},"featured_media":8811,"comment_status":"open","ping_status":"closed","template":"","meta":[],"product_cat":[58],"product_tag":[90,86,92],"class_list":{"0":"post-5080","1":"product","2":"type-product","3":"status-publish","4":"has-post-thumbnail","6":"product_cat-lunch-box-wholesale","7":"product_tag-wholesale-double-layer-lunch-box","8":"product_tag-wholesale-insulated-lunch-box","9":"product_tag-wholesale-rectangle-lunch-box","11":"first","12":"instock","13":"shipping-taxable","14":"product-type-simple"},"_links":{"self":[{"href":"https:\/\/moyahousehold.com\/fr\/wp-json\/wp\/v2\/product\/5080","targetHints":{"allow":["GET"]}}],"collection":[{"href":"https:\/\/moyahousehold.com\/fr\/wp-json\/wp\/v2\/product"}],"about":[{"href":"https:\/\/moyahousehold.com\/fr\/wp-json\/wp\/v2\/types\/product"}],"replies":[{"embeddable":true,"href":"https:\/\/moyahousehold.com\/fr\/wp-json\/wp\/v2\/comments?post=5080"}],"version-history":[{"count":0,"href":"https:\/\/moyahousehold.com\/fr\/wp-json\/wp\/v2\/product\/5080\/revisions"}],"wp:featuredmedia":[{"embeddable":true,"href":"https:\/\/moyahousehold.com\/fr\/wp-json\/wp\/v2\/media\/8811"}],"wp:attachment":[{"href":"https:\/\/moyahousehold.com\/fr\/wp-json\/wp\/v2\/media?parent=5080"}],"wp:term":[{"taxonomy":"product_cat","embeddable":true,"href":"https:\/\/moyahousehold.com\/fr\/wp-json\/wp\/v2\/product_cat?post=5080"},{"taxonomy":"product_tag","embeddable":true,"href":"https:\/\/moyahousehold.com\/fr\/wp-json\/wp\/v2\/product_tag?post=5080"}],"curies":[{"name":"wp","href":"https:\/\/api.w.org\/{rel}","templated":true}]}}