{"id":5098,"date":"2024-05-22T08:38:26","date_gmt":"2024-05-22T08:38:26","guid":{"rendered":"https:\/\/moyahousehold.com\/?post_type=product&#038;p=5098"},"modified":"2025-02-05T08:43:04","modified_gmt":"2025-02-05T08:43:04","slug":"stainless-steel-lunch-box-with-removable-compartments","status":"publish","type":"product","link":"https:\/\/moyahousehold.com\/fr\/produit\/stainless-steel-lunch-box-with-removable-compartments\/","title":{"rendered":"Grossiste Bo\u00eete \u00e0 lunch en acier inoxydable avec compartiments amovibles"},"content":{"rendered":"<h3 class=\"wp-block-heading\">Param\u00e8tres de la bo\u00eete \u00e0 lunch en acier inoxydable<\/h3>\n\n\n\n<p><strong>mat\u00e9riel :<\/strong>304 + PP <strong> couleur :<\/strong>bleu\/beige\/rose<\/p>\n\n\n\n<figure class=\"wp-block-table\"><table><tbody><tr><td>Num\u00e9ro de mod\u00e8le<\/td><td>capacit\u00e9<\/td><td>Taille du produit<\/td><td>Taille de la bo\u00eete ext\u00e9rieure<\/td><td>Quantit\u00e9 par caisse<\/td><td>N.W<\/td><td>G.W\/Case<\/td><\/tr><tr><td>MYJD007<\/td><td>Deux\/trois compartiments<\/td><td>24*17*6<\/td><td>52*50*53<\/td><td>36<\/td><td>0.42&nbsp;<\/td><td>22.32<\/td><\/tr><\/tbody><\/table><\/figure>\n\n\n\n<h3 class=\"wp-block-heading\">Options de bo\u00eetes \u00e0 lunch personnalis\u00e9es en acier inoxydable<\/h3>\n\n\n\n<p><strong>Logo<\/strong>: personnalisez le logo de votre marque sur la bo\u00eete \u00e0 lunch en acier inoxydable et sur l'emballage.<br><strong>Couvercle<\/strong>: Choisissez des couvercles en verre ou en pp pour votre bo\u00eete \u00e0 lunch en acier inoxydable.<br><strong>Options du logo<\/strong>: Nous proposons des m\u00e9thodes de gravure au laser ou de transfert thermique pour personnaliser votre logo sur la bo\u00eete \u00e0 lunch.<br><strong>Mod\u00e8le<\/strong>: impression de motifs sur la bo\u00eete \u00e0 lunch.<br><strong>Technologie d'impression<\/strong>: Nous proposons le transfert d'\u00e9cran, le transfert de chaleur, l'impression par transfert d'eau pour personnaliser les motifs des bo\u00eetes \u00e0 lunch.<br><strong>Paquet<\/strong>:Vous pouvez nous envoyer le fichier et nous personnaliserons la bo\u00eete de couleur du r\u00e9cipient alimentaire pour vousExplorer plus de personnalisation<br><a href=\"https:\/\/moyahousehold.com\/fr\/solution-personnalisee\/\"><strong>En savoir plus sur les solutions de bo\u00eetes \u00e0 lunch personnalis\u00e9es<\/strong><\/a><br><\/p>\n\n\n\n<div class=\"wp-block-columns is-layout-flex wp-container-core-columns-is-layout-9d6595d7 wp-block-columns-is-layout-flex\">\n<div class=\"wp-block-column is-layout-flow wp-block-column-is-layout-flow\">\n<figure class=\"wp-block-image size-full\"><img fetchpriority=\"high\" decoding=\"async\" width=\"2000\" height=\"2000\" src=\"https:\/\/moyahousehold.com\/wp-content\/uploads\/2024\/05\/stainless-steel-lunch-box-detail-1.jpg\" alt=\"bo\u00eete \u00e0 lunch en acier inoxydable d\u00e9tail (1)\" class=\"wp-image-8676\" srcset=\"https:\/\/moyahousehold.com\/wp-content\/uploads\/2024\/05\/stainless-steel-lunch-box-detail-1.jpg 2000w, https:\/\/moyahousehold.com\/wp-content\/uploads\/2024\/05\/stainless-steel-lunch-box-detail-1-300x300.jpg 300w, https:\/\/moyahousehold.com\/wp-content\/uploads\/2024\/05\/stainless-steel-lunch-box-detail-1-150x150.jpg 150w, https:\/\/moyahousehold.com\/wp-content\/uploads\/2024\/05\/stainless-steel-lunch-box-detail-1-768x768.jpg 768w, https:\/\/moyahousehold.com\/wp-content\/uploads\/2024\/05\/stainless-steel-lunch-box-detail-1-12x12.jpg 12w, https:\/\/moyahousehold.com\/wp-content\/uploads\/2024\/05\/stainless-steel-lunch-box-detail-1-285x285.jpg 285w, https:\/\/moyahousehold.com\/wp-content\/uploads\/2024\/05\/stainless-steel-lunch-box-detail-1-1600x1600.jpg 1600w, https:\/\/moyahousehold.com\/wp-content\/uploads\/2024\/05\/stainless-steel-lunch-box-detail-1-270x270.jpg 270w, https:\/\/moyahousehold.com\/wp-content\/uploads\/2024\/05\/stainless-steel-lunch-box-detail-1-540x540.jpg 540w, https:\/\/moyahousehold.com\/wp-content\/uploads\/2024\/05\/stainless-steel-lunch-box-detail-1-660x660.jpg 660w\" sizes=\"(max-width: 2000px) 100vw, 2000px\" \/><\/figure>\n<\/div>\n\n\n\n<div class=\"wp-block-column is-layout-flow wp-block-column-is-layout-flow\">\n<figure class=\"wp-block-image size-full\"><img decoding=\"async\" width=\"2000\" height=\"2000\" src=\"https:\/\/moyahousehold.com\/wp-content\/uploads\/2024\/05\/stainless-steel-lunch-box-detail-2.jpg\" alt=\"bo\u00eete \u00e0 lunch en acier inoxydable d\u00e9tail (2)\" class=\"wp-image-8677\" srcset=\"https:\/\/moyahousehold.com\/wp-content\/uploads\/2024\/05\/stainless-steel-lunch-box-detail-2.jpg 2000w, https:\/\/moyahousehold.com\/wp-content\/uploads\/2024\/05\/stainless-steel-lunch-box-detail-2-300x300.jpg 300w, https:\/\/moyahousehold.com\/wp-content\/uploads\/2024\/05\/stainless-steel-lunch-box-detail-2-150x150.jpg 150w, https:\/\/moyahousehold.com\/wp-content\/uploads\/2024\/05\/stainless-steel-lunch-box-detail-2-768x768.jpg 768w, https:\/\/moyahousehold.com\/wp-content\/uploads\/2024\/05\/stainless-steel-lunch-box-detail-2-12x12.jpg 12w, https:\/\/moyahousehold.com\/wp-content\/uploads\/2024\/05\/stainless-steel-lunch-box-detail-2-285x285.jpg 285w, https:\/\/moyahousehold.com\/wp-content\/uploads\/2024\/05\/stainless-steel-lunch-box-detail-2-1600x1600.jpg 1600w, https:\/\/moyahousehold.com\/wp-content\/uploads\/2024\/05\/stainless-steel-lunch-box-detail-2-270x270.jpg 270w, https:\/\/moyahousehold.com\/wp-content\/uploads\/2024\/05\/stainless-steel-lunch-box-detail-2-540x540.jpg 540w, https:\/\/moyahousehold.com\/wp-content\/uploads\/2024\/05\/stainless-steel-lunch-box-detail-2-660x660.jpg 660w\" sizes=\"(max-width: 2000px) 100vw, 2000px\" \/><\/figure>\n<\/div>\n<\/div>","protected":false},"excerpt":{"rendered":"<p>Bo\u00eete \u00e0 lunch en gros en acier inoxydable avec compartiments amovibles, les compartiments amovibles peuvent \u00eatre mis dans le lave-vaisselle pour le nettoyage, ce qui vous permet d'\u00e9conomiser du temps. Les compartiments amovibles peuvent \u00eatre mis au lave-vaisselle, ce qui permet de gagner du temps. Nous fournissons trois couleurs au choix, tr\u00e8s appropri\u00e9es pour la vente au d\u00e9tail, nous invitons les grossistes et les distributeurs \u00e0 nous contacter pour l'achat.<\/p>\n<h3>Caract\u00e9ristiques et avantages de la bo\u00eete \u00e0 lunch isolante en acier inoxydable\u00a0<\/h3>\n<p><strong>Conception des cloisons :<\/strong> La bo\u00eete \u00e0 lunch poss\u00e8de deux compartiments \u00e0 l'int\u00e9rieur, qui peuvent \u00eatre utilis\u00e9s pour emballer diff\u00e9rents types d'aliments tout en conservant la saveur originale de la nourriture.<\/p>\n<p><strong>Compartiments amovibles :<\/strong> Cette bo\u00eete \u00e0 lunch comporte des compartiments amovibles et peut \u00eatre lav\u00e9e au lave-vaisselle, ce qui est plus pratique et permet de gagner du temps.<\/p>\n<p><strong>Portable :<\/strong> Cette bo\u00eete \u00e0 lunch est dot\u00e9e d'une fermeture solide et d'une poign\u00e9e pratique. Elle est facile \u00e0 transporter et convient aux employ\u00e9s de bureau, aux \u00e9tudiants et aux autres personnes qui prennent leurs repas \u00e0 l'ext\u00e9rieur.<\/p>\n<p><strong>Respectueux de l'environnement et de la sant\u00e9 :<\/strong> Cette bo\u00eete \u00e0 lunch est fabriqu\u00e9e en acier inoxydable de qualit\u00e9 alimentaire, s\u00fbr, fiable, r\u00e9utilisable et respectueux de l'environnement.<\/p>\n<p><strong>Personnalisation OEM&amp;ODM :<\/strong> En tant que fabricant professionnel de bo\u00eetes \u00e0 lunch, nous fournissons des services complets de bo\u00eetes \u00e0 lunch personnalis\u00e9es, y compris des formes, des mat\u00e9riaux et des emballages personnalis\u00e9s, etc.<\/p>","protected":false},"featured_media":8678,"comment_status":"closed","ping_status":"closed","template":"","meta":[],"product_cat":[58],"product_tag":[87,92],"class_list":{"0":"post-5098","1":"product","2":"type-product","3":"status-publish","4":"has-post-thumbnail","6":"product_cat-lunch-box-wholesale","7":"product_tag-wholesale-multi-compartment-lunch-box","8":"product_tag-wholesale-rectangle-lunch-box","10":"first","11":"instock","12":"shipping-taxable","13":"product-type-simple"},"_links":{"self":[{"href":"https:\/\/moyahousehold.com\/fr\/wp-json\/wp\/v2\/product\/5098","targetHints":{"allow":["GET"]}}],"collection":[{"href":"https:\/\/moyahousehold.com\/fr\/wp-json\/wp\/v2\/product"}],"about":[{"href":"https:\/\/moyahousehold.com\/fr\/wp-json\/wp\/v2\/types\/product"}],"replies":[{"embeddable":true,"href":"https:\/\/moyahousehold.com\/fr\/wp-json\/wp\/v2\/comments?post=5098"}],"version-history":[{"count":0,"href":"https:\/\/moyahousehold.com\/fr\/wp-json\/wp\/v2\/product\/5098\/revisions"}],"wp:featuredmedia":[{"embeddable":true,"href":"https:\/\/moyahousehold.com\/fr\/wp-json\/wp\/v2\/media\/8678"}],"wp:attachment":[{"href":"https:\/\/moyahousehold.com\/fr\/wp-json\/wp\/v2\/media?parent=5098"}],"wp:term":[{"taxonomy":"product_cat","embeddable":true,"href":"https:\/\/moyahousehold.com\/fr\/wp-json\/wp\/v2\/product_cat?post=5098"},{"taxonomy":"product_tag","embeddable":true,"href":"https:\/\/moyahousehold.com\/fr\/wp-json\/wp\/v2\/product_tag?post=5098"}],"curies":[{"name":"wp","href":"https:\/\/api.w.org\/{rel}","templated":true}]}}