{"id":5111,"date":"2024-05-22T08:55:33","date_gmt":"2024-05-22T08:55:33","guid":{"rendered":"https:\/\/moyahousehold.com\/?post_type=product&#038;p=5111"},"modified":"2025-02-05T08:42:47","modified_gmt":"2025-02-05T08:42:47","slug":"wholesale-stylish-lunch-boxes-for-women","status":"publish","type":"product","link":"https:\/\/moyahousehold.com\/fr\/produit\/boites-a-lunch-japonaises-en-gros-de-forme-rectangulaire-en-vrac\/","title":{"rendered":"Bo\u00eetes \u00e0 lunch stylis\u00e9es pour femmes : Design cr\u00e9atif, inspir\u00e9 par les sacs \u00e0 main"},"content":{"rendered":"<h2 class=\"wp-block-heading\">Param\u00e8tres de la bo\u00eete \u00e0 lunch \u00e9l\u00e9gante<\/h2>\n\n\n\n<p><strong>mat\u00e9riel :<\/strong>304 + PP <strong> couleur :<\/strong>Beige\/Kaki<\/p>\n\n\n\n<figure class=\"wp-block-table\"><table><tbody><tr><td>Num\u00e9ro de mod\u00e8le<\/td><td>capacit\u00e9<\/td><td>Taille du produit<\/td><td>Taille de la bo\u00eete ext\u00e9rieure<\/td><td>Quantit\u00e9 par caisse<\/td><td>N.W<\/td><td>G.W\/Case<\/td><\/tr><tr><td>MYJD086<\/td><td>Couche unique<\/td><td>23*14.5*8.5<\/td><td>64*55*51<\/td><td>48<\/td><td>0.55<\/td><td>30.4<\/td><\/tr><tr><td>MYJD087<\/td><td>Double couche<\/td><td>23*14.5*14.5<\/td><td>63*50*47<\/td><td>24<\/td><td>0.94<\/td><td>25.56<\/td><\/tr><\/tbody><\/table><\/figure>\n\n\n\n<h3 class=\"wp-block-heading\">Options de bo\u00eetes \u00e0 lunch personnalis\u00e9es<\/h3>\n\n\n\n<p><strong>Logo :<\/strong> personnaliser le logo de votre marque sur le produit et l'emballage.<br><strong>Options de logo : <\/strong>logo imprim\u00e9, logo grav\u00e9 au laser, etc.<br><strong>Mod\u00e8le :<\/strong> Mod\u00e8les d'impression <br><strong>Technologie d'impression : <\/strong>impression par transfert d'eau, impression par s\u00e9rigraphie, impression par transfert thermique, transfert par sublimation, etc.<br><strong>Emballage :<\/strong>bo\u00eete \u00e0 couleurs<br><a href=\"https:\/\/moyahousehold.com\/fr\/solution-personnalisee\/\"><strong>En savoir plus sur les bo\u00eetes \u00e0 lunch personnalis\u00e9es<\/strong>.<\/a><br><br><\/p>\n\n\n\n<div class=\"wp-block-columns is-layout-flex wp-container-core-columns-is-layout-9d6595d7 wp-block-columns-is-layout-flex\">\n<div class=\"wp-block-column is-layout-flow wp-block-column-is-layout-flow\">\n<figure class=\"wp-block-image size-full\"><img fetchpriority=\"high\" decoding=\"async\" width=\"1500\" height=\"1500\" src=\"https:\/\/moyahousehold.com\/wp-content\/uploads\/2024\/05\/white-single-layer-stylish-lunch-box.jpg\" alt=\"bo\u00eete \u00e0 lunch blanche \u00e0 simple couche\" class=\"wp-image-8789\" srcset=\"https:\/\/moyahousehold.com\/wp-content\/uploads\/2024\/05\/white-single-layer-stylish-lunch-box.jpg 1500w, https:\/\/moyahousehold.com\/wp-content\/uploads\/2024\/05\/white-single-layer-stylish-lunch-box-300x300.jpg 300w, https:\/\/moyahousehold.com\/wp-content\/uploads\/2024\/05\/white-single-layer-stylish-lunch-box-150x150.jpg 150w, https:\/\/moyahousehold.com\/wp-content\/uploads\/2024\/05\/white-single-layer-stylish-lunch-box-768x768.jpg 768w, https:\/\/moyahousehold.com\/wp-content\/uploads\/2024\/05\/white-single-layer-stylish-lunch-box-12x12.jpg 12w, https:\/\/moyahousehold.com\/wp-content\/uploads\/2024\/05\/white-single-layer-stylish-lunch-box-285x285.jpg 285w, https:\/\/moyahousehold.com\/wp-content\/uploads\/2024\/05\/white-single-layer-stylish-lunch-box-270x270.jpg 270w, https:\/\/moyahousehold.com\/wp-content\/uploads\/2024\/05\/white-single-layer-stylish-lunch-box-540x540.jpg 540w, https:\/\/moyahousehold.com\/wp-content\/uploads\/2024\/05\/white-single-layer-stylish-lunch-box-660x660.jpg 660w\" sizes=\"(max-width: 1500px) 100vw, 1500px\" \/><\/figure>\n<\/div>\n\n\n\n<div class=\"wp-block-column is-layout-flow wp-block-column-is-layout-flow\">\n<figure class=\"wp-block-image size-full\"><img decoding=\"async\" width=\"1500\" height=\"1500\" src=\"https:\/\/moyahousehold.com\/wp-content\/uploads\/2024\/05\/stylish-lunch-box-display-3.jpg\" alt=\"Pr\u00e9sentoir de bo\u00eetes \u00e0 lunch (3)\" class=\"wp-image-8788\" srcset=\"https:\/\/moyahousehold.com\/wp-content\/uploads\/2024\/05\/stylish-lunch-box-display-3.jpg 1500w, https:\/\/moyahousehold.com\/wp-content\/uploads\/2024\/05\/stylish-lunch-box-display-3-300x300.jpg 300w, https:\/\/moyahousehold.com\/wp-content\/uploads\/2024\/05\/stylish-lunch-box-display-3-150x150.jpg 150w, https:\/\/moyahousehold.com\/wp-content\/uploads\/2024\/05\/stylish-lunch-box-display-3-768x768.jpg 768w, https:\/\/moyahousehold.com\/wp-content\/uploads\/2024\/05\/stylish-lunch-box-display-3-12x12.jpg 12w, https:\/\/moyahousehold.com\/wp-content\/uploads\/2024\/05\/stylish-lunch-box-display-3-285x285.jpg 285w, https:\/\/moyahousehold.com\/wp-content\/uploads\/2024\/05\/stylish-lunch-box-display-3-270x270.jpg 270w, https:\/\/moyahousehold.com\/wp-content\/uploads\/2024\/05\/stylish-lunch-box-display-3-540x540.jpg 540w, https:\/\/moyahousehold.com\/wp-content\/uploads\/2024\/05\/stylish-lunch-box-display-3-660x660.jpg 660w\" sizes=\"(max-width: 1500px) 100vw, 1500px\" \/><\/figure>\n<\/div>\n<\/div>\n\n\n\n<div class=\"wp-block-columns is-layout-flex wp-container-core-columns-is-layout-9d6595d7 wp-block-columns-is-layout-flex\">\n<div class=\"wp-block-column is-layout-flow wp-block-column-is-layout-flow\">\n<figure class=\"wp-block-image size-full\"><img decoding=\"async\" width=\"1500\" height=\"1500\" src=\"https:\/\/moyahousehold.com\/wp-content\/uploads\/2024\/05\/brown-single-layer-stylish-lunch-box.jpg\" alt=\"bo\u00eete \u00e0 lunch marron \u00e0 couche unique\" class=\"wp-image-8781\" srcset=\"https:\/\/moyahousehold.com\/wp-content\/uploads\/2024\/05\/brown-single-layer-stylish-lunch-box.jpg 1500w, https:\/\/moyahousehold.com\/wp-content\/uploads\/2024\/05\/brown-single-layer-stylish-lunch-box-300x300.jpg 300w, https:\/\/moyahousehold.com\/wp-content\/uploads\/2024\/05\/brown-single-layer-stylish-lunch-box-150x150.jpg 150w, https:\/\/moyahousehold.com\/wp-content\/uploads\/2024\/05\/brown-single-layer-stylish-lunch-box-768x768.jpg 768w, https:\/\/moyahousehold.com\/wp-content\/uploads\/2024\/05\/brown-single-layer-stylish-lunch-box-12x12.jpg 12w, https:\/\/moyahousehold.com\/wp-content\/uploads\/2024\/05\/brown-single-layer-stylish-lunch-box-285x285.jpg 285w, https:\/\/moyahousehold.com\/wp-content\/uploads\/2024\/05\/brown-single-layer-stylish-lunch-box-270x270.jpg 270w, https:\/\/moyahousehold.com\/wp-content\/uploads\/2024\/05\/brown-single-layer-stylish-lunch-box-540x540.jpg 540w, https:\/\/moyahousehold.com\/wp-content\/uploads\/2024\/05\/brown-single-layer-stylish-lunch-box-660x660.jpg 660w\" sizes=\"(max-width: 1500px) 100vw, 1500px\" \/><\/figure>\n<\/div>\n\n\n\n<div class=\"wp-block-column is-layout-flow wp-block-column-is-layout-flow\">\n<figure class=\"wp-block-image size-full\"><img loading=\"lazy\" decoding=\"async\" width=\"1500\" height=\"1500\" src=\"https:\/\/moyahousehold.com\/wp-content\/uploads\/2024\/05\/brown-double-layer-stylish-lunch-box.jpg\" alt=\"bo\u00eete \u00e0 lunch marron \u00e0 double couche\" class=\"wp-image-8780\" srcset=\"https:\/\/moyahousehold.com\/wp-content\/uploads\/2024\/05\/brown-double-layer-stylish-lunch-box.jpg 1500w, https:\/\/moyahousehold.com\/wp-content\/uploads\/2024\/05\/brown-double-layer-stylish-lunch-box-300x300.jpg 300w, https:\/\/moyahousehold.com\/wp-content\/uploads\/2024\/05\/brown-double-layer-stylish-lunch-box-150x150.jpg 150w, https:\/\/moyahousehold.com\/wp-content\/uploads\/2024\/05\/brown-double-layer-stylish-lunch-box-768x768.jpg 768w, https:\/\/moyahousehold.com\/wp-content\/uploads\/2024\/05\/brown-double-layer-stylish-lunch-box-12x12.jpg 12w, https:\/\/moyahousehold.com\/wp-content\/uploads\/2024\/05\/brown-double-layer-stylish-lunch-box-285x285.jpg 285w, https:\/\/moyahousehold.com\/wp-content\/uploads\/2024\/05\/brown-double-layer-stylish-lunch-box-270x270.jpg 270w, https:\/\/moyahousehold.com\/wp-content\/uploads\/2024\/05\/brown-double-layer-stylish-lunch-box-540x540.jpg 540w, https:\/\/moyahousehold.com\/wp-content\/uploads\/2024\/05\/brown-double-layer-stylish-lunch-box-660x660.jpg 660w\" sizes=\"(max-width: 1500px) 100vw, 1500px\" \/><\/figure>\n<\/div>\n<\/div>","protected":false},"excerpt":{"rendered":"<p>Cette bo\u00eete \u00e0 lunch ressemble \u00e0 un sac \u00e0 main de femme, et convient parfaitement aux femmes. Elle n'est pas seulement \u00e0 la mode, mais offre \u00e9galement des mod\u00e8les \u00e0 une ou deux couches pour r\u00e9pondre \u00e0 diff\u00e9rents besoins en mati\u00e8re de repas. Le mod\u00e8le \u00e0 une couche est simple et l\u00e9ger, et convient pour un d\u00e9jeuner simple ou des collations ; le mod\u00e8le \u00e0 deux couches offre plus d'espace de rangement. Nous invitons les acheteurs B2B \u00e0 nous contacter.<\/p>\n<h3>Caract\u00e9ristiques et avantages de la bo\u00eete \u00e0 lunch \u00e9l\u00e9gante<\/h3>\n<p><strong>Aspect \u00e9l\u00e9gant :<\/strong> Il s'agit d'une bo\u00eete \u00e0 lunch \u00e9l\u00e9gante de style minimaliste. Son design s'inspire des sacs \u00e0 main f\u00e9minins. Simple mais \u00e9l\u00e9gante, elle t\u00e9moigne d'un go\u00fbt unique, apporte de la bonne humeur aux utilisateurs et convient parfaitement aux femmes.<\/p>\n<p><strong>Deux styles :<\/strong> Cette bo\u00eete \u00e0 lunch \u00e9l\u00e9gante se d\u00e9cline en deux styles : simple couche et double couche. Le mod\u00e8le \u00e0 double couche offre une plus grande capacit\u00e9 pour r\u00e9pondre aux besoins de diff\u00e9rents sc\u00e9narios.<\/p>\n<p><strong>Mat\u00e9riau sain :<\/strong> Le rev\u00eatement int\u00e9rieur de la bo\u00eete \u00e0 lunch est en acier inoxydable 304 de qualit\u00e9 alimentaire, qui pr\u00e9sente une excellente durabilit\u00e9 et des propri\u00e9t\u00e9s antibact\u00e9riennes et constitue un choix id\u00e9al pour une alimentation saine.<\/p>\n<p><strong>Poign\u00e9e cach\u00e9e :<\/strong> Cette bo\u00eete \u00e0 lunch est \u00e9quip\u00e9e d'une poign\u00e9e cach\u00e9e, qui n'affecte pas la forme g\u00e9n\u00e9rale, et la poign\u00e9e peut \u00eatre facilement retir\u00e9e lorsqu'elle est utilis\u00e9e.<\/p>\n<p><strong>Vente en gros et personnalisation :<\/strong> Nous fournissons des services de vente en gros de bo\u00eetes \u00e0 lunch, et nous vous aidons \u00e0 r\u00e9pondre \u00e0 vos diff\u00e9rents besoins gr\u00e2ce \u00e0 des solutions de bo\u00eetes \u00e0 lunch personnalis\u00e9es.<\/p>","protected":false},"featured_media":8784,"comment_status":"closed","ping_status":"closed","template":"","meta":[],"product_cat":[58],"product_tag":[90,86,92],"class_list":{"0":"post-5111","1":"product","2":"type-product","3":"status-publish","4":"has-post-thumbnail","6":"product_cat-lunch-box-wholesale","7":"product_tag-wholesale-double-layer-lunch-box","8":"product_tag-wholesale-insulated-lunch-box","9":"product_tag-wholesale-rectangle-lunch-box","11":"first","12":"instock","13":"shipping-taxable","14":"product-type-simple"},"_links":{"self":[{"href":"https:\/\/moyahousehold.com\/fr\/wp-json\/wp\/v2\/product\/5111","targetHints":{"allow":["GET"]}}],"collection":[{"href":"https:\/\/moyahousehold.com\/fr\/wp-json\/wp\/v2\/product"}],"about":[{"href":"https:\/\/moyahousehold.com\/fr\/wp-json\/wp\/v2\/types\/product"}],"replies":[{"embeddable":true,"href":"https:\/\/moyahousehold.com\/fr\/wp-json\/wp\/v2\/comments?post=5111"}],"version-history":[{"count":0,"href":"https:\/\/moyahousehold.com\/fr\/wp-json\/wp\/v2\/product\/5111\/revisions"}],"wp:featuredmedia":[{"embeddable":true,"href":"https:\/\/moyahousehold.com\/fr\/wp-json\/wp\/v2\/media\/8784"}],"wp:attachment":[{"href":"https:\/\/moyahousehold.com\/fr\/wp-json\/wp\/v2\/media?parent=5111"}],"wp:term":[{"taxonomy":"product_cat","embeddable":true,"href":"https:\/\/moyahousehold.com\/fr\/wp-json\/wp\/v2\/product_cat?post=5111"},{"taxonomy":"product_tag","embeddable":true,"href":"https:\/\/moyahousehold.com\/fr\/wp-json\/wp\/v2\/product_tag?post=5111"}],"curies":[{"name":"wp","href":"https:\/\/api.w.org\/{rel}","templated":true}]}}