{"id":5126,"date":"2024-05-22T09:21:59","date_gmt":"2024-05-22T09:21:59","guid":{"rendered":"https:\/\/moyahousehold.com\/?post_type=product&#038;p=5126"},"modified":"2025-02-05T08:42:27","modified_gmt":"2025-02-05T08:42:27","slug":"wholesale-fashionable-lunch-boxes-for-adults","status":"publish","type":"product","link":"https:\/\/moyahousehold.com\/fr\/produit\/wholesale-fashionable-lunch-boxes-for-adults\/","title":{"rendered":"Bo\u00eetes \u00e0 lunch \u00e0 la mode pour adultes (vente en gros)"},"content":{"rendered":"<h2 class=\"wp-block-heading\">Param\u00e8tres de la bo\u00eete \u00e0 lunch Fashion<\/h2>\n\n\n\n<p><strong>mat\u00e9riel :<\/strong>304 + PP <strong> couleur :<\/strong>Blanc\/Jaune\/Beige\/Kaki<\/p>\n\n\n\n<figure class=\"wp-block-table\"><table><tbody><tr><td>Num\u00e9ro de mod\u00e8le<\/td><td>capacit\u00e9<\/td><td>Taille du produit<\/td><td>Taille de la bo\u00eete ext\u00e9rieure<\/td><td>Quantit\u00e9 par caisse<\/td><td>N.W<\/td><td>G.W\/Case<\/td><\/tr><tr><td>MYJD088<\/td><td>Couche unique<\/td><td>22*11.5*8.5<\/td><td>58.5*41*58.5<\/td><td>48<\/td><td>0.39<\/td><td>23.3<\/td><\/tr><tr><td>MYJD089<\/td><td>Double couche<\/td><td>22*11.5*15<\/td><td>56*39.5*44<\/td><td>24<\/td><td>0.57<\/td><td>16.92<\/td><\/tr><tr><td>MYJD090<\/td><td>Double couche avec bol<\/td><td>22*11.5*15<\/td><td>56*39.5*44<\/td><td>24<\/td><td>0.69<\/td><td>19.92<\/td><\/tr><\/tbody><\/table><\/figure>\n\n\n\n<h3 class=\"wp-block-heading\">Options de bo\u00eetes \u00e0 lunch personnalis\u00e9es<\/h3>\n\n\n\n<p><strong>Logo<\/strong>: personnalisez le logo de votre marque sur les bo\u00eetes \u00e0 lunch et les emballages.<br><strong>Options du logo<\/strong>logo imprim\u00e9, logo grav\u00e9 au laser, etc.<br><strong>Mod\u00e8le<\/strong>: motifs d'impression <br><strong>Technologie d'impression<\/strong>Les techniques d'impression sont les suivantes : impression par transfert d'eau, impression par s\u00e9rigraphie, impression par transfert de chaleur, transfert par sublimation, etc.<br><strong>Emballage :<\/strong> bo\u00eete \u00e0 couleurs<br><a href=\"https:\/\/moyahousehold.com\/fr\/solution-personnalisee\/\"><strong>En savoir plus sur les bo\u00eetes \u00e0 lunch personnalis\u00e9es<\/strong><\/a><\/p>\n\n\n\n<div class=\"wp-block-columns is-layout-flex wp-container-core-columns-is-layout-9d6595d7 wp-block-columns-is-layout-flex\">\n<div class=\"wp-block-column is-layout-flow wp-block-column-is-layout-flow\">\n<figure class=\"wp-block-image size-full\"><img fetchpriority=\"high\" decoding=\"async\" width=\"3353\" height=\"3353\" src=\"https:\/\/moyahousehold.com\/wp-content\/uploads\/2024\/05\/fashion-lunch-box-display-1.jpg\" alt=\"Pr\u00e9sentoir de bo\u00eetes \u00e0 lunch \u00e0 la mode (1)\" class=\"wp-image-8806\" srcset=\"https:\/\/moyahousehold.com\/wp-content\/uploads\/2024\/05\/fashion-lunch-box-display-1.jpg 3353w, https:\/\/moyahousehold.com\/wp-content\/uploads\/2024\/05\/fashion-lunch-box-display-1-300x300.jpg 300w, https:\/\/moyahousehold.com\/wp-content\/uploads\/2024\/05\/fashion-lunch-box-display-1-150x150.jpg 150w, https:\/\/moyahousehold.com\/wp-content\/uploads\/2024\/05\/fashion-lunch-box-display-1-768x768.jpg 768w, https:\/\/moyahousehold.com\/wp-content\/uploads\/2024\/05\/fashion-lunch-box-display-1-12x12.jpg 12w, https:\/\/moyahousehold.com\/wp-content\/uploads\/2024\/05\/fashion-lunch-box-display-1-285x285.jpg 285w, https:\/\/moyahousehold.com\/wp-content\/uploads\/2024\/05\/fashion-lunch-box-display-1-1600x1600.jpg 1600w, https:\/\/moyahousehold.com\/wp-content\/uploads\/2024\/05\/fashion-lunch-box-display-1-270x270.jpg 270w, https:\/\/moyahousehold.com\/wp-content\/uploads\/2024\/05\/fashion-lunch-box-display-1-540x540.jpg 540w, https:\/\/moyahousehold.com\/wp-content\/uploads\/2024\/05\/fashion-lunch-box-display-1-660x660.jpg 660w\" sizes=\"(max-width: 3353px) 100vw, 3353px\" \/><\/figure>\n<\/div>\n\n\n\n<div class=\"wp-block-column is-layout-flow wp-block-column-is-layout-flow\">\n<figure class=\"wp-block-image size-full\"><img decoding=\"async\" width=\"3567\" height=\"3567\" src=\"https:\/\/moyahousehold.com\/wp-content\/uploads\/2024\/05\/fashion-lunch-box-display-2.jpg\" alt=\"Pr\u00e9sentoir de bo\u00eetes \u00e0 lunch \u00e0 la mode (2)\" class=\"wp-image-8807\" srcset=\"https:\/\/moyahousehold.com\/wp-content\/uploads\/2024\/05\/fashion-lunch-box-display-2.jpg 3567w, https:\/\/moyahousehold.com\/wp-content\/uploads\/2024\/05\/fashion-lunch-box-display-2-300x300.jpg 300w, https:\/\/moyahousehold.com\/wp-content\/uploads\/2024\/05\/fashion-lunch-box-display-2-150x150.jpg 150w, https:\/\/moyahousehold.com\/wp-content\/uploads\/2024\/05\/fashion-lunch-box-display-2-768x768.jpg 768w, https:\/\/moyahousehold.com\/wp-content\/uploads\/2024\/05\/fashion-lunch-box-display-2-12x12.jpg 12w, https:\/\/moyahousehold.com\/wp-content\/uploads\/2024\/05\/fashion-lunch-box-display-2-285x285.jpg 285w, https:\/\/moyahousehold.com\/wp-content\/uploads\/2024\/05\/fashion-lunch-box-display-2-1600x1600.jpg 1600w, https:\/\/moyahousehold.com\/wp-content\/uploads\/2024\/05\/fashion-lunch-box-display-2-270x270.jpg 270w, https:\/\/moyahousehold.com\/wp-content\/uploads\/2024\/05\/fashion-lunch-box-display-2-540x540.jpg 540w, https:\/\/moyahousehold.com\/wp-content\/uploads\/2024\/05\/fashion-lunch-box-display-2-660x660.jpg 660w\" sizes=\"(max-width: 3567px) 100vw, 3567px\" \/><\/figure>\n<\/div>\n<\/div>","protected":false},"excerpt":{"rendered":"<p>Cette bo\u00eete \u00e0 lunch est \u00e9l\u00e9gante, facile \u00e0 transporter, \u00e0 la fois belle et pratique. Elle convient pour le plein air, l'\u00e9cole, le bureau et d'autres occasions. Il y a plusieurs styles au choix, y compris des options \u00e0 double couche et \u00e0 simple couche, qui peuvent s\u00e9parer diff\u00e9rents types d'aliments. N'h\u00e9sitez pas \u00e0 nous contacter pour obtenir un devis.<\/p>\n<h3>Caract\u00e9ristiques et avantages de la bo\u00eete \u00e0 lunch Fashion<\/h3>\n<p><strong>Aspect \u00e0 la mode :<\/strong> Le design de cette Fashion Lunch Box s'inspire du style minimaliste moderne, en accord avec l'esth\u00e9tique contemporaine, avec une grande capacit\u00e9, tr\u00e8s adapt\u00e9e aux adultes.<\/p>\n<p><strong>Poign\u00e9e pliante cach\u00e9e :<\/strong> Cette bo\u00eete \u00e0 lunch \u00e0 la mode est \u00e9quip\u00e9e d'une poign\u00e9e pliante cach\u00e9e, qui est intelligemment con\u00e7ue, ne prend pas de place, est facile \u00e0 transporter, et est \u00e0 la fois belle et pratique.<\/p>\n<p><strong>Rev\u00eatement en acier inoxydable 304 :<\/strong> Le rev\u00eatement de la bo\u00eete \u00e0 lunch est fabriqu\u00e9 en acier inoxydable 304 de haute qualit\u00e9 pour garantir la s\u00e9curit\u00e9 et l'hygi\u00e8ne des aliments, afin que vous puissiez conserver vos aliments en toute tranquillit\u00e9.<\/p>\n<p><strong>Compartiment alimentaire ind\u00e9pendant :<\/strong> La bo\u00eete \u00e0 lunch adopte une conception \u00e0 compartiments ind\u00e9pendants, chaque couche pouvant contenir diff\u00e9rents types d'aliments s\u00e9par\u00e9ment, ce qui emp\u00eache efficacement les aliments de se m\u00e9langer.<\/p>\n<p><strong>Conception \u00e9tanche :<\/strong> La conception de la boucle de fixation double face assure une \u00e9tanch\u00e9it\u00e9 plus fiable de la bo\u00eete \u00e0 lunch et garantit qu'elle ne fuira pas.<\/p>\n<p><strong>Service de vente en gros :<\/strong> Nous fournissons le meilleur service de bo\u00eete \u00e0 lunch en gros, en vous apportant un soutien complet en mati\u00e8re d'emballage, de logistique, de prix et d'autres aspects.<\/p>","protected":false},"featured_media":8801,"comment_status":"closed","ping_status":"closed","template":"","meta":[],"product_cat":[58],"product_tag":[90,86,92],"class_list":{"0":"post-5126","1":"product","2":"type-product","3":"status-publish","4":"has-post-thumbnail","6":"product_cat-lunch-box-wholesale","7":"product_tag-wholesale-double-layer-lunch-box","8":"product_tag-wholesale-insulated-lunch-box","9":"product_tag-wholesale-rectangle-lunch-box","11":"first","12":"instock","13":"shipping-taxable","14":"product-type-simple"},"_links":{"self":[{"href":"https:\/\/moyahousehold.com\/fr\/wp-json\/wp\/v2\/product\/5126","targetHints":{"allow":["GET"]}}],"collection":[{"href":"https:\/\/moyahousehold.com\/fr\/wp-json\/wp\/v2\/product"}],"about":[{"href":"https:\/\/moyahousehold.com\/fr\/wp-json\/wp\/v2\/types\/product"}],"replies":[{"embeddable":true,"href":"https:\/\/moyahousehold.com\/fr\/wp-json\/wp\/v2\/comments?post=5126"}],"version-history":[{"count":0,"href":"https:\/\/moyahousehold.com\/fr\/wp-json\/wp\/v2\/product\/5126\/revisions"}],"wp:featuredmedia":[{"embeddable":true,"href":"https:\/\/moyahousehold.com\/fr\/wp-json\/wp\/v2\/media\/8801"}],"wp:attachment":[{"href":"https:\/\/moyahousehold.com\/fr\/wp-json\/wp\/v2\/media?parent=5126"}],"wp:term":[{"taxonomy":"product_cat","embeddable":true,"href":"https:\/\/moyahousehold.com\/fr\/wp-json\/wp\/v2\/product_cat?post=5126"},{"taxonomy":"product_tag","embeddable":true,"href":"https:\/\/moyahousehold.com\/fr\/wp-json\/wp\/v2\/product_tag?post=5126"}],"curies":[{"name":"wp","href":"https:\/\/api.w.org\/{rel}","templated":true}]}}