{"id":5150,"date":"2024-05-22T10:05:35","date_gmt":"2024-05-22T10:05:35","guid":{"rendered":"https:\/\/moyahousehold.com\/?post_type=product&#038;p=5150"},"modified":"2025-02-05T08:41:46","modified_gmt":"2025-02-05T08:41:46","slug":"wholesale-insulated-lunch-boxes","status":"publish","type":"product","link":"https:\/\/moyahousehold.com\/fr\/produit\/wholesale-insulated-lunch-boxes\/","title":{"rendered":"Bo\u00eetes \u00e0 lunch isothermes en acier inoxydable en gros avec solution personnalisable pour les commandes en gros"},"content":{"rendered":"<h2 class=\"wp-block-heading\">Param\u00e8tres de la bo\u00eete \u00e0 lunch isotherme en acier inoxydable<\/h2>\n\n\n\n<p><strong>mat\u00e9riel :<\/strong>304 + PP <strong> couleur :<\/strong>Beige\/Kaki<\/p>\n\n\n\n<figure class=\"wp-block-table\"><table><tbody><tr><td>Num\u00e9ro de mod\u00e8le<\/td><td>Capacit\u00e9<\/td><td>Taille du produit<\/td><td>Taille de la bo\u00eete ext\u00e9rieure<\/td><td>Quantit\u00e9 par caisse<\/td><td>N.W<\/td><td>G.W\/Case<\/td><\/tr><tr><td>MYLY003<\/td><td>Couche unique<\/td><td>14.6*14.6*12.5<\/td><td>66*48*57<\/td><td>48<\/td><td>0.55<\/td><td>34<\/td><\/tr><tr><td>MYLY004<\/td><td>Double couche<\/td><td>14.6*14.6*19.7<\/td><td>66*48*65<\/td><td>36<\/td><td>0.8<\/td><td>30<\/td><\/tr><tr><td>MYLY005<\/td><td>Triple couche<\/td><td>14.6*14.6*27<\/td><td>65*48*58<\/td><td>24<\/td><td>1.1<\/td><td>27<\/td><\/tr><tr><td>MYLY006<\/td><td>Quatri\u00e8mes couches<\/td><td>14.6*14.6*34.8<\/td><td>65*33*73<\/td><td>16<\/td><td>1.4<\/td><td>23<\/td><\/tr><\/tbody><\/table><\/figure>\n\n\n\n<h3 class=\"wp-block-heading\">Options de bo\u00eetes \u00e0 lunch isol\u00e9es en acier inoxydable personnalis\u00e9es<\/h3>\n\n\n\n<p><strong>Logo<\/strong>: personnalisation du logo de votre marque sur le produit et l'emballage.<br><strong>Options du logo<\/strong>logo imprim\u00e9, logo grav\u00e9 au laser, etc.<br><strong>Mod\u00e8le :<\/strong> Mod\u00e8les d'impression <br><strong>Technologie d'impression<\/strong>Les techniques d'impression sont les suivantes : impression par transfert d'eau, impression par s\u00e9rigraphie, impression par transfert de chaleur, transfert par sublimation, etc.<br><strong>Paquet<\/strong>:color box<br><a href=\"https:\/\/moyahousehold.com\/fr\/solution-personnalisee\/\"><strong>Plus de personnalisation<\/strong><\/a><\/p>\n\n\n\n<div class=\"wp-block-columns is-layout-flex wp-container-core-columns-is-layout-9d6595d7 wp-block-columns-is-layout-flex\">\n<div class=\"wp-block-column is-layout-flow wp-block-column-is-layout-flow\">\n<figure class=\"wp-block-image size-full\"><img fetchpriority=\"high\" decoding=\"async\" width=\"3346\" height=\"3346\" src=\"https:\/\/moyahousehold.com\/wp-content\/uploads\/2024\/05\/wholesale-stainless-steel-lunch-box-1.webp\" alt=\"Bo\u00eete \u00e0 lunch en gros en acier inoxydable (1)\" class=\"wp-image-8057\" srcset=\"https:\/\/moyahousehold.com\/wp-content\/uploads\/2024\/05\/wholesale-stainless-steel-lunch-box-1.webp 3346w, https:\/\/moyahousehold.com\/wp-content\/uploads\/2024\/05\/wholesale-stainless-steel-lunch-box-1-300x300.webp 300w, https:\/\/moyahousehold.com\/wp-content\/uploads\/2024\/05\/wholesale-stainless-steel-lunch-box-1-150x150.webp 150w, https:\/\/moyahousehold.com\/wp-content\/uploads\/2024\/05\/wholesale-stainless-steel-lunch-box-1-768x768.webp 768w, https:\/\/moyahousehold.com\/wp-content\/uploads\/2024\/05\/wholesale-stainless-steel-lunch-box-1-12x12.webp 12w, https:\/\/moyahousehold.com\/wp-content\/uploads\/2024\/05\/wholesale-stainless-steel-lunch-box-1-285x285.webp 285w, https:\/\/moyahousehold.com\/wp-content\/uploads\/2024\/05\/wholesale-stainless-steel-lunch-box-1-1600x1600.webp 1600w, https:\/\/moyahousehold.com\/wp-content\/uploads\/2024\/05\/wholesale-stainless-steel-lunch-box-1-270x270.webp 270w, https:\/\/moyahousehold.com\/wp-content\/uploads\/2024\/05\/wholesale-stainless-steel-lunch-box-1-540x540.webp 540w, https:\/\/moyahousehold.com\/wp-content\/uploads\/2024\/05\/wholesale-stainless-steel-lunch-box-1-660x660.webp 660w\" sizes=\"(max-width: 3346px) 100vw, 3346px\" \/><\/figure>\n<\/div>\n\n\n\n<div class=\"wp-block-column is-layout-flow wp-block-column-is-layout-flow\">\n<figure class=\"wp-block-image size-full\"><img decoding=\"async\" width=\"3575\" height=\"3575\" src=\"https:\/\/moyahousehold.com\/wp-content\/uploads\/2024\/05\/wholesale-stainless-steel-lunch-box-2.webp\" alt=\"Bo\u00eete \u00e0 lunch en acier inoxydable (2)\" class=\"wp-image-8058\" srcset=\"https:\/\/moyahousehold.com\/wp-content\/uploads\/2024\/05\/wholesale-stainless-steel-lunch-box-2.webp 3575w, https:\/\/moyahousehold.com\/wp-content\/uploads\/2024\/05\/wholesale-stainless-steel-lunch-box-2-300x300.webp 300w, https:\/\/moyahousehold.com\/wp-content\/uploads\/2024\/05\/wholesale-stainless-steel-lunch-box-2-150x150.webp 150w, https:\/\/moyahousehold.com\/wp-content\/uploads\/2024\/05\/wholesale-stainless-steel-lunch-box-2-768x768.webp 768w, https:\/\/moyahousehold.com\/wp-content\/uploads\/2024\/05\/wholesale-stainless-steel-lunch-box-2-12x12.webp 12w, https:\/\/moyahousehold.com\/wp-content\/uploads\/2024\/05\/wholesale-stainless-steel-lunch-box-2-285x285.webp 285w, https:\/\/moyahousehold.com\/wp-content\/uploads\/2024\/05\/wholesale-stainless-steel-lunch-box-2-1600x1600.webp 1600w, https:\/\/moyahousehold.com\/wp-content\/uploads\/2024\/05\/wholesale-stainless-steel-lunch-box-2-270x270.webp 270w, https:\/\/moyahousehold.com\/wp-content\/uploads\/2024\/05\/wholesale-stainless-steel-lunch-box-2-540x540.webp 540w, https:\/\/moyahousehold.com\/wp-content\/uploads\/2024\/05\/wholesale-stainless-steel-lunch-box-2-660x660.webp 660w\" sizes=\"(max-width: 3575px) 100vw, 3575px\" \/><\/figure>\n<\/div>\n<\/div>\n\n\n\n<div class=\"wp-block-columns is-layout-flex wp-container-core-columns-is-layout-9d6595d7 wp-block-columns-is-layout-flex\">\n<div class=\"wp-block-column is-layout-flow wp-block-column-is-layout-flow\"><\/div>\n\n\n\n<div class=\"wp-block-column is-layout-flow wp-block-column-is-layout-flow\"><\/div>\n<\/div>","protected":false},"excerpt":{"rendered":"<p>Chaque bo\u00eete \u00e0 lunch est fabriqu\u00e9e \u00e0 partir de mat\u00e9riaux de qualit\u00e9 alimentaire et d'une conception d'isolation thermique pour maintenir efficacement la temp\u00e9rature et la fra\u00eecheur des aliments. La structure multicouche permet aux utilisateurs de transporter plus de nourriture. Nous proposons des services de personnalisation et pouvons imprimer des logos de marque et s\u00e9lectionner des motifs exclusifs en fonction de vos besoins. Contactez-nous pour plus d'informations sur la vente en gros et les d\u00e9tails pr\u00e9f\u00e9rentiels.<\/p>\n<h3>Caract\u00e9ristiques et avantages de la bo\u00eete \u00e0 lunch isolante en acier inoxydable<\/h3>\n<p>1) Le rev\u00eatement int\u00e9rieur de la bo\u00eete \u00e0 lunch est en acier alimentaire 304 ;<\/p>\n<p>2. processus de polissage, lisse comme un miroir ;<\/p>\n<p>3. facile \u00e0 nettoyer ; ind\u00e9pendant couche par couche, avec un petit compartiment cach\u00e9 sur le couvercle sup\u00e9rieur ;<\/p>\n<p>4. les aliments peuvent \u00eatre servis ind\u00e9pendamment les uns des autres ;<\/p>\n<p>5. la correspondance des motifs ne croise pas les saveurs ; l'\u00e9tanch\u00e9it\u00e9 est assur\u00e9e ; la combinaison multicouche ; la combinaison libre ;\u00a0<\/p>\n<p><strong><a href=\"https:\/\/moyahousehold.com\/fr\/solution-personnalisee\/\">support OEM&amp;ODM<\/a><\/strong><\/p>","protected":false},"featured_media":8050,"comment_status":"closed","ping_status":"closed","template":"","meta":[],"product_cat":[58],"product_tag":[89,90,86,91],"class_list":{"0":"post-5150","1":"product","2":"type-product","3":"status-publish","4":"has-post-thumbnail","6":"product_cat-lunch-box-wholesale","7":"product_tag-wholesale-3-layer-lunch-box","8":"product_tag-wholesale-double-layer-lunch-box","9":"product_tag-wholesale-insulated-lunch-box","10":"product_tag-wholesale-round-lunch-box","12":"first","13":"instock","14":"shipping-taxable","15":"product-type-simple"},"_links":{"self":[{"href":"https:\/\/moyahousehold.com\/fr\/wp-json\/wp\/v2\/product\/5150","targetHints":{"allow":["GET"]}}],"collection":[{"href":"https:\/\/moyahousehold.com\/fr\/wp-json\/wp\/v2\/product"}],"about":[{"href":"https:\/\/moyahousehold.com\/fr\/wp-json\/wp\/v2\/types\/product"}],"replies":[{"embeddable":true,"href":"https:\/\/moyahousehold.com\/fr\/wp-json\/wp\/v2\/comments?post=5150"}],"version-history":[{"count":0,"href":"https:\/\/moyahousehold.com\/fr\/wp-json\/wp\/v2\/product\/5150\/revisions"}],"wp:featuredmedia":[{"embeddable":true,"href":"https:\/\/moyahousehold.com\/fr\/wp-json\/wp\/v2\/media\/8050"}],"wp:attachment":[{"href":"https:\/\/moyahousehold.com\/fr\/wp-json\/wp\/v2\/media?parent=5150"}],"wp:term":[{"taxonomy":"product_cat","embeddable":true,"href":"https:\/\/moyahousehold.com\/fr\/wp-json\/wp\/v2\/product_cat?post=5150"},{"taxonomy":"product_tag","embeddable":true,"href":"https:\/\/moyahousehold.com\/fr\/wp-json\/wp\/v2\/product_tag?post=5150"}],"curies":[{"name":"wp","href":"https:\/\/api.w.org\/{rel}","templated":true}]}}