{"id":5227,"date":"2024-06-04T22:42:28","date_gmt":"2024-06-04T22:27:55","guid":{"rendered":"https:\/\/moyahousehold.com\/?post_type=product&#038;p=5227"},"modified":"2025-02-21T13:40:43","modified_gmt":"2025-02-21T13:40:43","slug":"wholesale-lunch-box-with-multi-layer","status":"publish","type":"product","link":"https:\/\/moyahousehold.com\/fr\/produit\/wholesale-lunch-box-with-multi-layer\/","title":{"rendered":"Wholesale Cute Lunch Box For Women\uff0csquare thermos lunch box with Handle"},"content":{"rendered":"<h2 class=\"wp-block-heading\">Param\u00e8tres de la bo\u00eete \u00e0 lunch mignonne<\/h2>\n\n\n\n<p><strong>mat\u00e9riel :<\/strong>304 + PP <strong> couleur :<\/strong>Beige\/Kaki<\/p>\n\n\n\n<figure class=\"wp-block-table\"><table><tbody><tr><td>Num\u00e9ro de mod\u00e8le<\/td><td>capacit\u00e9<\/td><td>Taille du produit<\/td><td>Taille de la bo\u00eete ext\u00e9rieure<\/td><td>Quantit\u00e9 par caisse<\/td><td>N.W<\/td><td>G.W\/Case<\/td><\/tr><tr><td>MYSK004<\/td><td>Couche unique 700ml<\/td><td>12.5*12.5*7<\/td><td>58*40*46<\/td><td>60<\/td><td>0.23<\/td><td>23<\/td><\/tr><tr><td>MYSK005<\/td><td>Double couche 1400ml<\/td><td>12.5*12.5*14<\/td><td>58*40*46<\/td><td>36<\/td><td>0.62<\/td><td>23.5<\/td><\/tr><tr><td>MYSK006<\/td><td>Triple couche 2100ml<\/td><td>12.5*12.5*21<\/td><td>58*40*44<\/td><td>24<\/td><td>0.88<\/td><td>22.3<\/td><\/tr><\/tbody><\/table><\/figure>\n\n\n\n<h3 class=\"wp-block-heading\">Options de bo\u00eetes \u00e0 lunch personnalis\u00e9es<\/h3>\n\n\n\n<p><strong>Logo :<\/strong> personnaliser le logo de votre marque sur les bo\u00eetes \u00e0 lunch et les emballages.<br><strong>Options de logo :<\/strong> logo imprim\u00e9, logo grav\u00e9 au laser, etc.<br><strong>Mod\u00e8le :<\/strong> motifs d'impression <br><strong>Technologie d'impression :<\/strong> impression par transfert d'eau, impression par s\u00e9rigraphie, impression par transfert thermique, transfert par sublimation, etc.<br><strong>Paquet<\/strong>:color box<br><a href=\"https:\/\/moyahousehold.com\/fr\/solution-personnalisee\/\">En savoir plus sur les bo\u00eetes \u00e0 lunch personnalis\u00e9es<\/a><br><br><\/p>\n\n\n\n<div class=\"wp-block-columns is-layout-flex wp-container-core-columns-is-layout-9d6595d7 wp-block-columns-is-layout-flex\">\n<div class=\"wp-block-column is-layout-flow wp-block-column-is-layout-flow\">\n<figure class=\"wp-block-image size-full\"><img fetchpriority=\"high\" decoding=\"async\" width=\"2000\" height=\"2000\" src=\"https:\/\/moyahousehold.com\/wp-content\/uploads\/2024\/06\/Cute-Lunch-Box-For-Women-2.jpg\" alt=\"Bo\u00eete \u00e0 lunch mignonne pour femmes (2)\" class=\"wp-image-8851\" srcset=\"https:\/\/moyahousehold.com\/wp-content\/uploads\/2024\/06\/Cute-Lunch-Box-For-Women-2.jpg 2000w, https:\/\/moyahousehold.com\/wp-content\/uploads\/2024\/06\/Cute-Lunch-Box-For-Women-2-300x300.jpg 300w, https:\/\/moyahousehold.com\/wp-content\/uploads\/2024\/06\/Cute-Lunch-Box-For-Women-2-150x150.jpg 150w, https:\/\/moyahousehold.com\/wp-content\/uploads\/2024\/06\/Cute-Lunch-Box-For-Women-2-768x768.jpg 768w, https:\/\/moyahousehold.com\/wp-content\/uploads\/2024\/06\/Cute-Lunch-Box-For-Women-2-12x12.jpg 12w, https:\/\/moyahousehold.com\/wp-content\/uploads\/2024\/06\/Cute-Lunch-Box-For-Women-2-285x285.jpg 285w, https:\/\/moyahousehold.com\/wp-content\/uploads\/2024\/06\/Cute-Lunch-Box-For-Women-2-1600x1600.jpg 1600w, https:\/\/moyahousehold.com\/wp-content\/uploads\/2024\/06\/Cute-Lunch-Box-For-Women-2-270x270.jpg 270w, https:\/\/moyahousehold.com\/wp-content\/uploads\/2024\/06\/Cute-Lunch-Box-For-Women-2-540x540.jpg 540w, https:\/\/moyahousehold.com\/wp-content\/uploads\/2024\/06\/Cute-Lunch-Box-For-Women-2-660x660.jpg 660w\" sizes=\"(max-width: 2000px) 100vw, 2000px\" \/><\/figure>\n<\/div>\n\n\n\n<div class=\"wp-block-column is-layout-flow wp-block-column-is-layout-flow\">\n<figure class=\"wp-block-image size-full\"><img decoding=\"async\" width=\"2000\" height=\"2000\" src=\"https:\/\/moyahousehold.com\/wp-content\/uploads\/2024\/06\/Cute-Lunch-Box-For-Women.jpg\" alt=\"Bo\u00eete \u00e0 lunch mignonne pour femmes\" class=\"wp-image-8852\" srcset=\"https:\/\/moyahousehold.com\/wp-content\/uploads\/2024\/06\/Cute-Lunch-Box-For-Women.jpg 2000w, https:\/\/moyahousehold.com\/wp-content\/uploads\/2024\/06\/Cute-Lunch-Box-For-Women-300x300.jpg 300w, https:\/\/moyahousehold.com\/wp-content\/uploads\/2024\/06\/Cute-Lunch-Box-For-Women-150x150.jpg 150w, https:\/\/moyahousehold.com\/wp-content\/uploads\/2024\/06\/Cute-Lunch-Box-For-Women-768x768.jpg 768w, https:\/\/moyahousehold.com\/wp-content\/uploads\/2024\/06\/Cute-Lunch-Box-For-Women-12x12.jpg 12w, https:\/\/moyahousehold.com\/wp-content\/uploads\/2024\/06\/Cute-Lunch-Box-For-Women-285x285.jpg 285w, https:\/\/moyahousehold.com\/wp-content\/uploads\/2024\/06\/Cute-Lunch-Box-For-Women-1600x1600.jpg 1600w, https:\/\/moyahousehold.com\/wp-content\/uploads\/2024\/06\/Cute-Lunch-Box-For-Women-270x270.jpg 270w, https:\/\/moyahousehold.com\/wp-content\/uploads\/2024\/06\/Cute-Lunch-Box-For-Women-540x540.jpg 540w, https:\/\/moyahousehold.com\/wp-content\/uploads\/2024\/06\/Cute-Lunch-Box-For-Women-660x660.jpg 660w\" sizes=\"(max-width: 2000px) 100vw, 2000px\" \/><\/figure>\n<\/div>\n<\/div>\n\n\n\n<div class=\"wp-block-columns is-layout-flex wp-container-core-columns-is-layout-9d6595d7 wp-block-columns-is-layout-flex\">\n<div class=\"wp-block-column is-layout-flow wp-block-column-is-layout-flow\"><\/div>\n\n\n\n<div class=\"wp-block-column is-layout-flow wp-block-column-is-layout-flow\"><\/div>\n<\/div>","protected":false},"excerpt":{"rendered":"<p>Bo\u00eetes \u00e0 lunch mignonnes pour femmes, avec un design carr\u00e9 et une bonne isolation. Convient pour le d\u00e9jeuner, et peut facilement contenir des fruits, des collations et d'autres aliments, c'est votre compagnon id\u00e9al. N'h\u00e9sitez pas \u00e0 nous contacter pour un devis.<\/p>\n<h3>Caract\u00e9ristiques et avantages de la bo\u00eete \u00e0 lunch<\/h3>\n<p><strong>Conception cr\u00e9ative :<\/strong> Cette bo\u00eete \u00e0 lunch thermos carr\u00e9e avec poign\u00e9e est con\u00e7ue pour imiter un sac \u00e0 main, avec une forme mignonne et \u00e0 la mode, qui convient parfaitement aux femmes.<\/p>\n<p><strong>Conception multicouche :<\/strong> Nous proposons trois styles de bo\u00eetes \u00e0 lunch : \u00e0 une couche, \u00e0 deux couches et \u00e0 trois couches, afin de r\u00e9pondre aux diff\u00e9rents besoins en mati\u00e8re de repas. Choisissez le style qui vous convient le mieux en fonction de vos besoins.<\/p>\n<p><strong>Meilleure conception de l'\u00e9tanch\u00e9it\u00e9 :<\/strong> Cette bo\u00eete \u00e0 lunch est dot\u00e9e d'une serrure \u00e0 double face et d'un anneau en silicone qui assure une double protection contre les fuites.<\/p>\n<p><strong>Stockage de la vaisselle :<\/strong> Le dessus de la bo\u00eete \u00e0 lunch comporte un compartiment pour ranger les cuill\u00e8res, les baguettes et autres ustensiles de table, ce qui rend vos repas plus pratiques.<\/p>\n<p><strong>Services de vente en gros et de personnalisation :<\/strong> Nous fournissons des services de bo\u00eetes \u00e0 lunch en gros et des solutions de bo\u00eetes \u00e0 lunch personnalis\u00e9es, adapt\u00e9es aux acheteurs B2B pour la personnalisation et l'achat en gros.<\/p>","protected":false},"featured_media":8855,"comment_status":"closed","ping_status":"closed","template":"","meta":[],"product_cat":[58],"product_tag":[89,90,86,93],"class_list":{"0":"post-5227","1":"product","2":"type-product","3":"status-publish","4":"has-post-thumbnail","6":"product_cat-lunch-box-wholesale","7":"product_tag-wholesale-3-layer-lunch-box","8":"product_tag-wholesale-double-layer-lunch-box","9":"product_tag-wholesale-insulated-lunch-box","10":"product_tag-wholesale-square-lunch-box","12":"first","13":"instock","14":"shipping-taxable","15":"product-type-simple"},"_links":{"self":[{"href":"https:\/\/moyahousehold.com\/fr\/wp-json\/wp\/v2\/product\/5227","targetHints":{"allow":["GET"]}}],"collection":[{"href":"https:\/\/moyahousehold.com\/fr\/wp-json\/wp\/v2\/product"}],"about":[{"href":"https:\/\/moyahousehold.com\/fr\/wp-json\/wp\/v2\/types\/product"}],"replies":[{"embeddable":true,"href":"https:\/\/moyahousehold.com\/fr\/wp-json\/wp\/v2\/comments?post=5227"}],"version-history":[{"count":0,"href":"https:\/\/moyahousehold.com\/fr\/wp-json\/wp\/v2\/product\/5227\/revisions"}],"wp:featuredmedia":[{"embeddable":true,"href":"https:\/\/moyahousehold.com\/fr\/wp-json\/wp\/v2\/media\/8855"}],"wp:attachment":[{"href":"https:\/\/moyahousehold.com\/fr\/wp-json\/wp\/v2\/media?parent=5227"}],"wp:term":[{"taxonomy":"product_cat","embeddable":true,"href":"https:\/\/moyahousehold.com\/fr\/wp-json\/wp\/v2\/product_cat?post=5227"},{"taxonomy":"product_tag","embeddable":true,"href":"https:\/\/moyahousehold.com\/fr\/wp-json\/wp\/v2\/product_tag?post=5227"}],"curies":[{"name":"wp","href":"https:\/\/api.w.org\/{rel}","templated":true}]}}