{"id":5245,"date":"2024-06-07T06:31:09","date_gmt":"2024-06-07T06:31:09","guid":{"rendered":"https:\/\/moyahousehold.com\/?post_type=product&#038;p=5245"},"modified":"2025-02-05T08:40:38","modified_gmt":"2025-02-05T08:40:38","slug":"wholesale-simple-modern-lunch-boxes","status":"publish","type":"product","link":"https:\/\/moyahousehold.com\/fr\/produit\/wholesale-simple-modern-lunch-boxes\/","title":{"rendered":"Wholesale Simple Modern Lunch Boxes\uff1a2 Compartment Design and 3 Layer Can Be Selected"},"content":{"rendered":"<h2 class=\"wp-block-heading\">Param\u00e8tres de la bo\u00eete \u00e0 lunch simple et moderne<\/h2>\n\n\n\n<p><strong>mat\u00e9riel :<\/strong>304 + PP <strong> couleur :<\/strong>Beige\/Kaki<\/p>\n\n\n\n<figure class=\"wp-block-table\"><table><tbody><tr><td>Num\u00e9ro de mod\u00e8le<\/td><td>capacit\u00e9<\/td><td>Taille du produit<\/td><td>Taille de la bo\u00eete ext\u00e9rieure<\/td><td>Quantit\u00e9 par caisse<\/td><td>N.W<\/td><td>G.W\/Case<\/td><\/tr><tr><td>MYSK007<\/td><td>Couche unique 1000ml<\/td><td>19*11.3*7.5<\/td><td>66*49*44<\/td><td>60<\/td><td>0.54<\/td><td>44.4<\/td><\/tr><tr><td>MYSK008<\/td><td>Double couche 2000ml<\/td><td>19*11.3*15<\/td><td>66*49*58<\/td><td>36<\/td><td>0.92<\/td><td>40.32<\/td><\/tr><tr><td>MYSK009<\/td><td>Triple couche 3000ml<\/td><td>19*11.3*22.5<\/td><td>66*49*62<\/td><td>24<\/td><td>1.3<\/td><td>36<\/td><\/tr><tr><td>MYSK010<\/td><td>double couche avec bol \u00e0 soupe<\/td><td>19*11.3*15<\/td><td>66*49*58<\/td><td>36<\/td><td>1<\/td><td>43.2<\/td><\/tr><tr><td>MYSK011<\/td><td>triple couche avec bol \u00e0 soupe<\/td><td>19*11.3*22.5<\/td><td>66*49*62<\/td><td>24<\/td><td>1.4<\/td><td>38.4<\/td><\/tr><\/tbody><\/table><\/figure>\n\n\n\n<h3 class=\"wp-block-heading\">Option de bo\u00eetes \u00e0 lunch personnalis\u00e9es<\/h3>\n\n\n\n<p><strong>Logo : <\/strong>personnaliser le logo de votre marque sur le produit et l'emballage.<br><strong>Options de logo : <\/strong>logo imprim\u00e9, logo grav\u00e9 au laser, etc.<br><strong>Mod\u00e8le :<\/strong> Mod\u00e8les d'impression <br><strong>Technologie d'impression : <\/strong>impression par transfert d'eau, impression par s\u00e9rigraphie, impression par transfert thermique, transfert par sublimation, etc.<br><strong>Paquet :<\/strong>bo\u00eete \u00e0 couleurs<br><a href=\"https:\/\/moyahousehold.com\/fr\/solution-personnalisee\/\"><strong>En savoir plus sur les solutions de bo\u00eetes \u00e0 lunch personnalis\u00e9es<\/strong><\/a><br><br><\/p>\n\n\n\n<div class=\"wp-block-columns is-layout-flex wp-container-core-columns-is-layout-9d6595d7 wp-block-columns-is-layout-flex\">\n<div class=\"wp-block-column is-layout-flow wp-block-column-is-layout-flow\">\n<figure class=\"wp-block-image size-full\"><img fetchpriority=\"high\" decoding=\"async\" width=\"731\" height=\"731\" src=\"https:\/\/moyahousehold.com\/wp-content\/uploads\/2024\/06\/Simple-Modern-Lunch-Box-Display-4.jpg\" alt=\"Pr\u00e9sentoir simple et moderne de bo\u00eetes \u00e0 lunch (4)\" class=\"wp-image-8699\" srcset=\"https:\/\/moyahousehold.com\/wp-content\/uploads\/2024\/06\/Simple-Modern-Lunch-Box-Display-4.jpg 731w, https:\/\/moyahousehold.com\/wp-content\/uploads\/2024\/06\/Simple-Modern-Lunch-Box-Display-4-300x300.jpg 300w, https:\/\/moyahousehold.com\/wp-content\/uploads\/2024\/06\/Simple-Modern-Lunch-Box-Display-4-150x150.jpg 150w, https:\/\/moyahousehold.com\/wp-content\/uploads\/2024\/06\/Simple-Modern-Lunch-Box-Display-4-12x12.jpg 12w, https:\/\/moyahousehold.com\/wp-content\/uploads\/2024\/06\/Simple-Modern-Lunch-Box-Display-4-285x285.jpg 285w, https:\/\/moyahousehold.com\/wp-content\/uploads\/2024\/06\/Simple-Modern-Lunch-Box-Display-4-270x270.jpg 270w, https:\/\/moyahousehold.com\/wp-content\/uploads\/2024\/06\/Simple-Modern-Lunch-Box-Display-4-540x540.jpg 540w, https:\/\/moyahousehold.com\/wp-content\/uploads\/2024\/06\/Simple-Modern-Lunch-Box-Display-4-660x660.jpg 660w\" sizes=\"(max-width: 731px) 100vw, 731px\" \/><\/figure>\n<\/div>\n\n\n\n<div class=\"wp-block-column is-layout-flow wp-block-column-is-layout-flow\">\n<figure class=\"wp-block-image size-full\"><img decoding=\"async\" width=\"800\" height=\"800\" src=\"https:\/\/moyahousehold.com\/wp-content\/uploads\/2024\/06\/Simple-Modern-Lunch-Box-Display-1.jpg\" alt=\"Pr\u00e9sentoir simple et moderne de bo\u00eetes \u00e0 lunch (1)\" class=\"wp-image-8696\" srcset=\"https:\/\/moyahousehold.com\/wp-content\/uploads\/2024\/06\/Simple-Modern-Lunch-Box-Display-1.jpg 800w, https:\/\/moyahousehold.com\/wp-content\/uploads\/2024\/06\/Simple-Modern-Lunch-Box-Display-1-300x300.jpg 300w, https:\/\/moyahousehold.com\/wp-content\/uploads\/2024\/06\/Simple-Modern-Lunch-Box-Display-1-150x150.jpg 150w, https:\/\/moyahousehold.com\/wp-content\/uploads\/2024\/06\/Simple-Modern-Lunch-Box-Display-1-768x768.jpg 768w, https:\/\/moyahousehold.com\/wp-content\/uploads\/2024\/06\/Simple-Modern-Lunch-Box-Display-1-12x12.jpg 12w, https:\/\/moyahousehold.com\/wp-content\/uploads\/2024\/06\/Simple-Modern-Lunch-Box-Display-1-285x285.jpg 285w, https:\/\/moyahousehold.com\/wp-content\/uploads\/2024\/06\/Simple-Modern-Lunch-Box-Display-1-270x270.jpg 270w, https:\/\/moyahousehold.com\/wp-content\/uploads\/2024\/06\/Simple-Modern-Lunch-Box-Display-1-540x540.jpg 540w, https:\/\/moyahousehold.com\/wp-content\/uploads\/2024\/06\/Simple-Modern-Lunch-Box-Display-1-660x660.jpg 660w\" sizes=\"(max-width: 800px) 100vw, 800px\" \/><\/figure>\n<\/div>\n<\/div>\n\n\n\n<div class=\"wp-block-columns is-layout-flex wp-container-core-columns-is-layout-9d6595d7 wp-block-columns-is-layout-flex\">\n<div class=\"wp-block-column is-layout-flow wp-block-column-is-layout-flow\">\n<figure class=\"wp-block-image size-full\"><img decoding=\"async\" width=\"800\" height=\"800\" src=\"https:\/\/moyahousehold.com\/wp-content\/uploads\/2024\/06\/Simple-Modern-Lunch-Box-Display-2.jpg\" alt=\"Pr\u00e9sentoir simple et moderne de bo\u00eetes \u00e0 lunch (2)\" class=\"wp-image-8697\" srcset=\"https:\/\/moyahousehold.com\/wp-content\/uploads\/2024\/06\/Simple-Modern-Lunch-Box-Display-2.jpg 800w, https:\/\/moyahousehold.com\/wp-content\/uploads\/2024\/06\/Simple-Modern-Lunch-Box-Display-2-300x300.jpg 300w, https:\/\/moyahousehold.com\/wp-content\/uploads\/2024\/06\/Simple-Modern-Lunch-Box-Display-2-150x150.jpg 150w, https:\/\/moyahousehold.com\/wp-content\/uploads\/2024\/06\/Simple-Modern-Lunch-Box-Display-2-768x768.jpg 768w, https:\/\/moyahousehold.com\/wp-content\/uploads\/2024\/06\/Simple-Modern-Lunch-Box-Display-2-12x12.jpg 12w, https:\/\/moyahousehold.com\/wp-content\/uploads\/2024\/06\/Simple-Modern-Lunch-Box-Display-2-285x285.jpg 285w, https:\/\/moyahousehold.com\/wp-content\/uploads\/2024\/06\/Simple-Modern-Lunch-Box-Display-2-270x270.jpg 270w, https:\/\/moyahousehold.com\/wp-content\/uploads\/2024\/06\/Simple-Modern-Lunch-Box-Display-2-540x540.jpg 540w, https:\/\/moyahousehold.com\/wp-content\/uploads\/2024\/06\/Simple-Modern-Lunch-Box-Display-2-660x660.jpg 660w\" sizes=\"(max-width: 800px) 100vw, 800px\" \/><\/figure>\n<\/div>\n\n\n\n<div class=\"wp-block-column is-layout-flow wp-block-column-is-layout-flow\">\n<figure class=\"wp-block-image size-full\"><img loading=\"lazy\" decoding=\"async\" width=\"800\" height=\"800\" src=\"https:\/\/moyahousehold.com\/wp-content\/uploads\/2024\/06\/Simple-Modern-Lunch-Box-Display-3.jpg\" alt=\"Pr\u00e9sentoir simple et moderne de bo\u00eetes \u00e0 lunch (3)\" class=\"wp-image-8698\" srcset=\"https:\/\/moyahousehold.com\/wp-content\/uploads\/2024\/06\/Simple-Modern-Lunch-Box-Display-3.jpg 800w, https:\/\/moyahousehold.com\/wp-content\/uploads\/2024\/06\/Simple-Modern-Lunch-Box-Display-3-300x300.jpg 300w, https:\/\/moyahousehold.com\/wp-content\/uploads\/2024\/06\/Simple-Modern-Lunch-Box-Display-3-150x150.jpg 150w, https:\/\/moyahousehold.com\/wp-content\/uploads\/2024\/06\/Simple-Modern-Lunch-Box-Display-3-768x768.jpg 768w, https:\/\/moyahousehold.com\/wp-content\/uploads\/2024\/06\/Simple-Modern-Lunch-Box-Display-3-12x12.jpg 12w, https:\/\/moyahousehold.com\/wp-content\/uploads\/2024\/06\/Simple-Modern-Lunch-Box-Display-3-285x285.jpg 285w, https:\/\/moyahousehold.com\/wp-content\/uploads\/2024\/06\/Simple-Modern-Lunch-Box-Display-3-270x270.jpg 270w, https:\/\/moyahousehold.com\/wp-content\/uploads\/2024\/06\/Simple-Modern-Lunch-Box-Display-3-540x540.jpg 540w, https:\/\/moyahousehold.com\/wp-content\/uploads\/2024\/06\/Simple-Modern-Lunch-Box-Display-3-660x660.jpg 660w\" sizes=\"(max-width: 800px) 100vw, 800px\" \/><\/figure>\n<\/div>\n<\/div>","protected":false},"excerpt":{"rendered":"<p>Bo\u00eete \u00e0 lunch simple et moderne en gros, notre bo\u00eete \u00e0 lunch est \u00e9l\u00e9gante et fonctionnelle, avec trois styles au choix. Cette bo\u00eete \u00e0 lunch a un design multicouche, vous pouvez librement l'assortir \u00e0 une bo\u00eete \u00e0 lunch \u00e0 double couche ou \u00e0 une bo\u00eete \u00e0 lunch \u00e0 3 couches. Elle convient aux bureaux, aux \u00e9coles, aux activit\u00e9s de plein air et \u00e0 d'autres endroits. N'h\u00e9sitez pas \u00e0 nous contacter pour obtenir un devis.<\/p>\n<h3>Caract\u00e9ristiques et avantages de la bo\u00eete \u00e0 lunch<\/h3>\n<p><strong>Design simple et moderne :<\/strong> Cette bo\u00eete \u00e0 lunch adopte un design simple et moderne, conforme \u00e0 la tendance de la mode, qui accompagne parfaitement votre d\u00e9jeuner et rend chaque repas plein de beaut\u00e9.<\/p>\n<p><strong>Compartiment multifonctionnel :<\/strong> Chaque couche de cette bo\u00eete \u00e0 lunch comporte deux compartiments, ce qui permet de classer et de conserver efficacement les aliments et d'en pr\u00e9server le go\u00fbt.<\/p>\n<p><strong>Conception ind\u00e9pendante du bol \u00e0 soupe :<\/strong> La bo\u00eete \u00e0 lunch est \u00e9quip\u00e9e d'un bol \u00e0 soupe scell\u00e9 ind\u00e9pendant, pratique pour conserver la soupe ou d'autres aliments liquides.<\/p>\n<p><strong>Rangement pratique de la vaisselle :<\/strong> Cette bo\u00eete \u00e0 lunch est dot\u00e9e d'un compartiment int\u00e9gr\u00e9 pour la vaisselle, sp\u00e9cialement con\u00e7u pour ranger les cuill\u00e8res, les baguettes et d'autres ustensiles de table, ce qui est pratique \u00e0 transporter et \u00e0 utiliser.<\/p>\n<p><strong>Services de personnalisation et de vente en gros :<\/strong> Nous fournissons des services de bo\u00eetes \u00e0 lunch en gros, des solutions de bo\u00eetes \u00e0 lunch personnalis\u00e9es, nous r\u00e9pondons \u00e0 des besoins personnalis\u00e9s et nous sommes adapt\u00e9s \u00e0 la personnalisation des entreprises et aux achats en gros.<\/p>","protected":false},"featured_media":8702,"comment_status":"open","ping_status":"closed","template":"","meta":[],"product_cat":[58],"product_tag":[89,90,86,92],"class_list":{"0":"post-5245","1":"product","2":"type-product","3":"status-publish","4":"has-post-thumbnail","6":"product_cat-lunch-box-wholesale","7":"product_tag-wholesale-3-layer-lunch-box","8":"product_tag-wholesale-double-layer-lunch-box","9":"product_tag-wholesale-insulated-lunch-box","10":"product_tag-wholesale-rectangle-lunch-box","12":"first","13":"instock","14":"shipping-taxable","15":"product-type-simple"},"_links":{"self":[{"href":"https:\/\/moyahousehold.com\/fr\/wp-json\/wp\/v2\/product\/5245","targetHints":{"allow":["GET"]}}],"collection":[{"href":"https:\/\/moyahousehold.com\/fr\/wp-json\/wp\/v2\/product"}],"about":[{"href":"https:\/\/moyahousehold.com\/fr\/wp-json\/wp\/v2\/types\/product"}],"replies":[{"embeddable":true,"href":"https:\/\/moyahousehold.com\/fr\/wp-json\/wp\/v2\/comments?post=5245"}],"version-history":[{"count":0,"href":"https:\/\/moyahousehold.com\/fr\/wp-json\/wp\/v2\/product\/5245\/revisions"}],"wp:featuredmedia":[{"embeddable":true,"href":"https:\/\/moyahousehold.com\/fr\/wp-json\/wp\/v2\/media\/8702"}],"wp:attachment":[{"href":"https:\/\/moyahousehold.com\/fr\/wp-json\/wp\/v2\/media?parent=5245"}],"wp:term":[{"taxonomy":"product_cat","embeddable":true,"href":"https:\/\/moyahousehold.com\/fr\/wp-json\/wp\/v2\/product_cat?post=5245"},{"taxonomy":"product_tag","embeddable":true,"href":"https:\/\/moyahousehold.com\/fr\/wp-json\/wp\/v2\/product_tag?post=5245"}],"curies":[{"name":"wp","href":"https:\/\/api.w.org\/{rel}","templated":true}]}}