{"id":5261,"date":"2024-06-07T06:53:44","date_gmt":"2024-06-07T06:53:44","guid":{"rendered":"https:\/\/moyahousehold.com\/?post_type=product&#038;p=5261"},"modified":"2025-02-05T08:40:19","modified_gmt":"2025-02-05T08:40:19","slug":"wholesale-insulated-stainless-steel-food-containers","status":"publish","type":"product","link":"https:\/\/moyahousehold.com\/fr\/produit\/vente-en-gros-de-recipients-alimentaires-isoles-en-acier-inoxydable\/","title":{"rendered":"R\u00e9cipients alimentaires isol\u00e9s en acier inoxydable avec poign\u00e9e pour apporter un d\u00e9jeuner ou stocker de la nourriture"},"content":{"rendered":"<h2 class=\"wp-block-heading\">Param\u00e8tres du conteneur alimentaire isol\u00e9 en acier inoxydable<\/h2>\n\n\n\n<p><strong>mat\u00e9riel :<\/strong>304 + PP <strong> couleur :<\/strong>Acier<\/p>\n\n\n\n<figure class=\"wp-block-table\"><table><tbody><tr><td>Num\u00e9ro de mod\u00e8le<\/td><td>capacit\u00e9<\/td><td>Taille du produit<\/td><td>Taille de la bo\u00eete ext\u00e9rieure<\/td><td>Quantit\u00e9 par caisse<\/td><td>N.W<\/td><td>G.W\/Case<\/td><\/tr><tr><td>MYLY010<\/td><td>Couche unique<\/td><td>14.6*14.6*16.5<\/td><td>64*64*42<\/td><td>32<\/td><td>0.81<\/td><td>29<\/td><\/tr><tr><td>MYLY011<\/td><td>Double couche<\/td><td>14.6*14.6*25<\/td><td>48*48*59<\/td><td>18<\/td><td>1.44<\/td><td>29<\/td><\/tr><tr><td>MYLY012<\/td><td>Triple couche<\/td><td>14.6*14.6*33<\/td><td>64*64*38<\/td><td>16<\/td><td>1.63<\/td><td>29<\/td><\/tr><\/tbody><\/table><\/figure>\n\n\n\n<h3 class=\"wp-block-heading\">R\u00e9cipient alimentaire isotherme en acier inoxydable personnalis\u00e9<\/h3>\n\n\n\n<p><strong>Logo :<\/strong> personnaliser le logo de votre marque sur le produit et l'emballage.<br><strong>Options de logo :<\/strong> logo imprim\u00e9, logo grav\u00e9 au laser, etc.<br><strong>Mod\u00e8le : <\/strong>motifs d'impression <br><strong>Technologie d'impression : <\/strong>impression par transfert d'eau, impression par s\u00e9rigraphie, impression par transfert thermique, transfert par sublimation, etc.<br><strong>Emballage :<\/strong>bo\u00eete \u00e0 couleurs<br><a href=\"https:\/\/moyahousehold.com\/fr\/solution-personnalisee\/\"><strong>En savoir plus sur les conteneurs alimentaires personnalis\u00e9s<\/strong><\/a><\/p>\n\n\n\n<div class=\"wp-block-columns is-layout-flex wp-container-core-columns-is-layout-9d6595d7 wp-block-columns-is-layout-flex\">\n<div class=\"wp-block-column is-layout-flow wp-block-column-is-layout-flow\">\n<figure class=\"wp-block-image size-full\"><img fetchpriority=\"high\" decoding=\"async\" width=\"800\" height=\"800\" src=\"https:\/\/moyahousehold.com\/wp-content\/uploads\/2024\/06\/wholesale-food-container-detail-1.jpg\" alt=\"d\u00e9tail des contenants alimentaires en gros (1)\" class=\"wp-image-8757\" srcset=\"https:\/\/moyahousehold.com\/wp-content\/uploads\/2024\/06\/wholesale-food-container-detail-1.jpg 800w, https:\/\/moyahousehold.com\/wp-content\/uploads\/2024\/06\/wholesale-food-container-detail-1-300x300.jpg 300w, https:\/\/moyahousehold.com\/wp-content\/uploads\/2024\/06\/wholesale-food-container-detail-1-150x150.jpg 150w, https:\/\/moyahousehold.com\/wp-content\/uploads\/2024\/06\/wholesale-food-container-detail-1-768x768.jpg 768w, https:\/\/moyahousehold.com\/wp-content\/uploads\/2024\/06\/wholesale-food-container-detail-1-12x12.jpg 12w, https:\/\/moyahousehold.com\/wp-content\/uploads\/2024\/06\/wholesale-food-container-detail-1-285x285.jpg 285w, https:\/\/moyahousehold.com\/wp-content\/uploads\/2024\/06\/wholesale-food-container-detail-1-270x270.jpg 270w, https:\/\/moyahousehold.com\/wp-content\/uploads\/2024\/06\/wholesale-food-container-detail-1-540x540.jpg 540w, https:\/\/moyahousehold.com\/wp-content\/uploads\/2024\/06\/wholesale-food-container-detail-1-660x660.jpg 660w\" sizes=\"(max-width: 800px) 100vw, 800px\" \/><\/figure>\n<\/div>\n\n\n\n<div class=\"wp-block-column is-layout-flow wp-block-column-is-layout-flow\">\n<figure class=\"wp-block-image size-full\"><img decoding=\"async\" width=\"1500\" height=\"1500\" src=\"https:\/\/moyahousehold.com\/wp-content\/uploads\/2024\/06\/wholesale-food-container-detail-2.jpg\" alt=\"D\u00e9tail des contenants alimentaires en gros (2)\" class=\"wp-image-8758\" srcset=\"https:\/\/moyahousehold.com\/wp-content\/uploads\/2024\/06\/wholesale-food-container-detail-2.jpg 1500w, https:\/\/moyahousehold.com\/wp-content\/uploads\/2024\/06\/wholesale-food-container-detail-2-300x300.jpg 300w, https:\/\/moyahousehold.com\/wp-content\/uploads\/2024\/06\/wholesale-food-container-detail-2-150x150.jpg 150w, https:\/\/moyahousehold.com\/wp-content\/uploads\/2024\/06\/wholesale-food-container-detail-2-768x768.jpg 768w, https:\/\/moyahousehold.com\/wp-content\/uploads\/2024\/06\/wholesale-food-container-detail-2-12x12.jpg 12w, https:\/\/moyahousehold.com\/wp-content\/uploads\/2024\/06\/wholesale-food-container-detail-2-285x285.jpg 285w, https:\/\/moyahousehold.com\/wp-content\/uploads\/2024\/06\/wholesale-food-container-detail-2-270x270.jpg 270w, https:\/\/moyahousehold.com\/wp-content\/uploads\/2024\/06\/wholesale-food-container-detail-2-540x540.jpg 540w, https:\/\/moyahousehold.com\/wp-content\/uploads\/2024\/06\/wholesale-food-container-detail-2-660x660.jpg 660w\" sizes=\"(max-width: 1500px) 100vw, 1500px\" \/><\/figure>\n<\/div>\n<\/div>\n\n\n\n<div class=\"wp-block-columns is-layout-flex wp-container-core-columns-is-layout-9d6595d7 wp-block-columns-is-layout-flex\">\n<div class=\"wp-block-column is-layout-flow wp-block-column-is-layout-flow\"><\/div>\n\n\n\n<div class=\"wp-block-column is-layout-flow wp-block-column-is-layout-flow\"><\/div>\n<\/div>","protected":false},"excerpt":{"rendered":"<p>Gr\u00e2ce \u00e0 la conception de la couche sous vide, ces r\u00e9cipients alimentaires isol\u00e9s en acier inoxydable peuvent conserver la temp\u00e9rature \u00e0 l'int\u00e9rieur du r\u00e9cipient pendant une longue p\u00e9riode par rapport aux bo\u00eetes \u00e0 lunch ordinaires. Convient aux \u00e9coles, aux activit\u00e9s de plein air, aux bureaux et \u00e0 d'autres endroits. <strong>Nous proposons des services de vente en gros et des services personnalis\u00e9s, n'h\u00e9sitez pas \u00e0 nous contacter.<\/strong><\/p>\n<h3>Caract\u00e9ristiques et avantages des r\u00e9cipients alimentaires isothermes en acier inoxydable<\/h3>\n<p><strong>Portable : <\/strong>Ce conteneur alimentaire est \u00e9l\u00e9gant et pratique, comme une cuisine mobile portable, vous permettant de d\u00e9guster de d\u00e9licieux plats \u00e0 tout moment et en tout lieu.<\/p>\n<p><strong>Mat\u00e9riau en acier inoxydable de qualit\u00e9 alimentaire :<\/strong> Fabriqu\u00e9 en acier inoxydable 304 de qualit\u00e9 alimentaire, durable et r\u00e9sistant \u00e0 la corrosion, il convient \u00e0 la conservation de divers aliments et offre une plus grande s\u00e9curit\u00e9 d'utilisation.<\/p>\n<p><strong>Mod\u00e8le \u00e0 couches multiples :<\/strong> Cette bo\u00eete \u00e0 aliments en acier inoxydable adopte un design en couches, qui peut \u00eatre librement combin\u00e9 en bo\u00eetes \u00e0 lunch \u00e0 2 couches et \u00e0 3 couches pour assurer le stockage classifi\u00e9 de diff\u00e9rents aliments.<\/p>\n<p><strong>Bon effet d'isolation :<\/strong> La conception de la couche sous vide permet d'isoler efficacement la chaleur du contenu et de conserver la chaleur plus longtemps.<\/p>\n<p><strong>Services de vente en gros et de personnalisation :<\/strong> En tant que fabricant de conteneurs alimentaires, nous fournissons des conteneurs alimentaires en gros \u00e0 des prix d'usine, et prenons en charge la personnalisation OEM&amp;ODM, adapt\u00e9e aux achats en gros.<\/p>","protected":false},"featured_media":8756,"comment_status":"closed","ping_status":"closed","template":"","meta":[],"product_cat":[58],"product_tag":[89,90,86,91],"class_list":{"0":"post-5261","1":"product","2":"type-product","3":"status-publish","4":"has-post-thumbnail","6":"product_cat-lunch-box-wholesale","7":"product_tag-wholesale-3-layer-lunch-box","8":"product_tag-wholesale-double-layer-lunch-box","9":"product_tag-wholesale-insulated-lunch-box","10":"product_tag-wholesale-round-lunch-box","12":"first","13":"instock","14":"shipping-taxable","15":"product-type-simple"},"_links":{"self":[{"href":"https:\/\/moyahousehold.com\/fr\/wp-json\/wp\/v2\/product\/5261","targetHints":{"allow":["GET"]}}],"collection":[{"href":"https:\/\/moyahousehold.com\/fr\/wp-json\/wp\/v2\/product"}],"about":[{"href":"https:\/\/moyahousehold.com\/fr\/wp-json\/wp\/v2\/types\/product"}],"replies":[{"embeddable":true,"href":"https:\/\/moyahousehold.com\/fr\/wp-json\/wp\/v2\/comments?post=5261"}],"version-history":[{"count":0,"href":"https:\/\/moyahousehold.com\/fr\/wp-json\/wp\/v2\/product\/5261\/revisions"}],"wp:featuredmedia":[{"embeddable":true,"href":"https:\/\/moyahousehold.com\/fr\/wp-json\/wp\/v2\/media\/8756"}],"wp:attachment":[{"href":"https:\/\/moyahousehold.com\/fr\/wp-json\/wp\/v2\/media?parent=5261"}],"wp:term":[{"taxonomy":"product_cat","embeddable":true,"href":"https:\/\/moyahousehold.com\/fr\/wp-json\/wp\/v2\/product_cat?post=5261"},{"taxonomy":"product_tag","embeddable":true,"href":"https:\/\/moyahousehold.com\/fr\/wp-json\/wp\/v2\/product_tag?post=5261"}],"curies":[{"name":"wp","href":"https:\/\/api.w.org\/{rel}","templated":true}]}}