{"id":5271,"date":"2024-06-07T07:25:35","date_gmt":"2024-06-07T07:25:35","guid":{"rendered":"https:\/\/moyahousehold.com\/?post_type=product&#038;p=5271"},"modified":"2025-02-05T08:39:58","modified_gmt":"2025-02-05T08:39:58","slug":"stainless-steel-insulated-food-container-wholesale","status":"publish","type":"product","link":"https:\/\/moyahousehold.com\/fr\/produit\/stainless-steel-insulated-food-container-wholesale\/","title":{"rendered":"Conteneurs alimentaires isol\u00e9s en acier inoxydable Wholesale - MOYA Food Container Manufacturer"},"content":{"rendered":"<h2 class=\"wp-block-heading\">Param\u00e8tres du conteneur alimentaire isotherme en acier inoxydable<\/h2>\n\n\n\n<p><strong>mat\u00e9riel :<\/strong>304 + PP <strong> couleur :<\/strong>Beige\/Kaki<\/p>\n\n\n\n<figure class=\"wp-block-table\"><table><tbody><tr><td>Num\u00e9ro de mod\u00e8le<\/td><td>capacit\u00e9<\/td><td>Taille du produit<\/td><td>Taille de la bo\u00eete ext\u00e9rieure<\/td><td>Quantit\u00e9 par caisse<\/td><td>N.W<\/td><td>G.W\/Case<\/td><\/tr><tr><td>MYLY013<\/td><td>Couche unique<\/td><td>14.6*14.6*16.5<\/td><td>64*64*42<\/td><td>32<\/td><td>0.81<\/td><td>29<\/td><\/tr><tr><td>MYLY014<\/td><td>Double couche<\/td><td>14.6*14.6*25<\/td><td>48*48*59<\/td><td>18<\/td><td>1.44<\/td><td>29<\/td><\/tr><tr><td>MYLY015<\/td><td>Triple couche<\/td><td>14.6*14.6*33<\/td><td>64*64*38<\/td><td>16<\/td><td>1.63<\/td><td>29<\/td><\/tr><\/tbody><\/table><\/figure>\n\n\n\n<h3 class=\"wp-block-heading\">Options de conteneurs alimentaires personnalis\u00e9s<\/h3>\n\n\n\n<p>Logo : personnalisez le logo de votre marque sur le produit et l'emballage.<br>Options de logo : logo imprim\u00e9, logo grav\u00e9 au laser, etc.<br>Motif : Motifs d'impression <br>Technologie d'impression : impression par transfert d'eau, impression par s\u00e9rigraphie, impression par transfert de chaleur, transfert par sublimation, etc.<br>Emballage : bo\u00eete de couleur<br><a href=\"https:\/\/moyahousehold.com\/fr\/solution-personnalisee\/\"><strong>En savoir plus sur les solutions de conteneurs alimentaires personnalis\u00e9s<\/strong><\/a><\/p>\n\n\n\n<div class=\"wp-block-columns is-layout-flex wp-container-core-columns-is-layout-9d6595d7 wp-block-columns-is-layout-flex\">\n<div class=\"wp-block-column is-layout-flow wp-block-column-is-layout-flow\">\n<figure class=\"wp-block-image size-full\"><img fetchpriority=\"high\" decoding=\"async\" width=\"800\" height=\"800\" src=\"https:\/\/moyahousehold.com\/wp-content\/uploads\/2024\/06\/Stainless-Steel-Insulated-Food-Container-Display-1.jpg\" alt=\"Pr\u00e9sentoir de r\u00e9cipients alimentaires isothermes en acier inoxydable (1)\" class=\"wp-image-8635\" srcset=\"https:\/\/moyahousehold.com\/wp-content\/uploads\/2024\/06\/Stainless-Steel-Insulated-Food-Container-Display-1.jpg 800w, https:\/\/moyahousehold.com\/wp-content\/uploads\/2024\/06\/Stainless-Steel-Insulated-Food-Container-Display-1-300x300.jpg 300w, https:\/\/moyahousehold.com\/wp-content\/uploads\/2024\/06\/Stainless-Steel-Insulated-Food-Container-Display-1-150x150.jpg 150w, https:\/\/moyahousehold.com\/wp-content\/uploads\/2024\/06\/Stainless-Steel-Insulated-Food-Container-Display-1-768x768.jpg 768w, https:\/\/moyahousehold.com\/wp-content\/uploads\/2024\/06\/Stainless-Steel-Insulated-Food-Container-Display-1-12x12.jpg 12w, https:\/\/moyahousehold.com\/wp-content\/uploads\/2024\/06\/Stainless-Steel-Insulated-Food-Container-Display-1-285x285.jpg 285w, https:\/\/moyahousehold.com\/wp-content\/uploads\/2024\/06\/Stainless-Steel-Insulated-Food-Container-Display-1-270x270.jpg 270w, https:\/\/moyahousehold.com\/wp-content\/uploads\/2024\/06\/Stainless-Steel-Insulated-Food-Container-Display-1-540x540.jpg 540w, https:\/\/moyahousehold.com\/wp-content\/uploads\/2024\/06\/Stainless-Steel-Insulated-Food-Container-Display-1-660x660.jpg 660w\" sizes=\"(max-width: 800px) 100vw, 800px\" \/><\/figure>\n<\/div>\n\n\n\n<div class=\"wp-block-column is-layout-flow wp-block-column-is-layout-flow\">\n<figure class=\"wp-block-image size-full\"><img decoding=\"async\" width=\"1500\" height=\"1500\" src=\"https:\/\/moyahousehold.com\/wp-content\/uploads\/2024\/06\/Stainless-Steel-Insulated-Food-Container-Display-3.jpg\" alt=\"Pr\u00e9sentoir de r\u00e9cipients alimentaires isothermes en acier inoxydable (3)\" class=\"wp-image-8637\" srcset=\"https:\/\/moyahousehold.com\/wp-content\/uploads\/2024\/06\/Stainless-Steel-Insulated-Food-Container-Display-3.jpg 1500w, https:\/\/moyahousehold.com\/wp-content\/uploads\/2024\/06\/Stainless-Steel-Insulated-Food-Container-Display-3-300x300.jpg 300w, https:\/\/moyahousehold.com\/wp-content\/uploads\/2024\/06\/Stainless-Steel-Insulated-Food-Container-Display-3-150x150.jpg 150w, https:\/\/moyahousehold.com\/wp-content\/uploads\/2024\/06\/Stainless-Steel-Insulated-Food-Container-Display-3-768x768.jpg 768w, https:\/\/moyahousehold.com\/wp-content\/uploads\/2024\/06\/Stainless-Steel-Insulated-Food-Container-Display-3-12x12.jpg 12w, https:\/\/moyahousehold.com\/wp-content\/uploads\/2024\/06\/Stainless-Steel-Insulated-Food-Container-Display-3-285x285.jpg 285w, https:\/\/moyahousehold.com\/wp-content\/uploads\/2024\/06\/Stainless-Steel-Insulated-Food-Container-Display-3-270x270.jpg 270w, https:\/\/moyahousehold.com\/wp-content\/uploads\/2024\/06\/Stainless-Steel-Insulated-Food-Container-Display-3-540x540.jpg 540w, https:\/\/moyahousehold.com\/wp-content\/uploads\/2024\/06\/Stainless-Steel-Insulated-Food-Container-Display-3-660x660.jpg 660w\" sizes=\"(max-width: 1500px) 100vw, 1500px\" \/><\/figure>\n<\/div>\n<\/div>","protected":false},"excerpt":{"rendered":"<p>Contenant alimentaire isolant en acier inoxydable. Cette bo\u00eete peut conserver les aliments chauds ou froids pendant une longue p\u00e9riode. Gr\u00e2ce \u00e0 sa conception multicouche, vous pouvez r\u00e9partir raisonnablement les aliments. De plus, il a une apparence mignonne. Il convient parfaitement pour un pique-nique ou pour l'\u00e9cole. N'h\u00e9sitez pas \u00e0 nous contacter pour obtenir un devis.<\/p>\n<h3>Caract\u00e9ristiques du conteneur alimentaire isotherme en acier inoxydable<\/h3>\n<p><strong>S\u00e9curit\u00e9 alimentaire :<\/strong> Le r\u00e9cipient alimentaire isolant sous vide est fabriqu\u00e9 en acier inoxydable 304, qui r\u00e9pond aux normes de sant\u00e9 et de s\u00e9curit\u00e9 et dont l'utilisation est plus fiable.<\/p>\n<p><strong>Super effet d'isolation :<\/strong> Ce r\u00e9cipient alimentaire adopte une conception de couche sous vide, qui isole efficacement la chaleur et a un bon effet d'isolation.<\/p>\n<p><strong>Conception multicouche :<\/strong> Vous pouvez choisir librement le nombre de couches du conteneur alimentaire. La conception en couches permet d'\u00e9viter que les diff\u00e9rents aliments ne m\u00e9langent leurs saveurs et de conserver leurs saveurs respectives.<\/p>\n<p><strong>Facile \u00e0 nettoyer :<\/strong> L'int\u00e9rieur de ce conteneur alimentaire isotherme en acier inoxydable est poli, la surface int\u00e9rieure est lisse et le nettoyage est facile et peu co\u00fbteux.<\/p>\n<p><strong>\u00c9chantillons gratuits :<\/strong> Avant de vous procurer des conteneurs alimentaires en gros, nous vous fournissons des \u00e9chantillons gratuits afin que vous puissiez mieux comprendre nos produits.<\/p>\n<p>&nbsp;<\/p>","protected":false},"featured_media":8671,"comment_status":"open","ping_status":"closed","template":"","meta":[],"product_cat":[58],"product_tag":[89,90,86,91],"class_list":{"0":"post-5271","1":"product","2":"type-product","3":"status-publish","4":"has-post-thumbnail","6":"product_cat-lunch-box-wholesale","7":"product_tag-wholesale-3-layer-lunch-box","8":"product_tag-wholesale-double-layer-lunch-box","9":"product_tag-wholesale-insulated-lunch-box","10":"product_tag-wholesale-round-lunch-box","12":"first","13":"instock","14":"shipping-taxable","15":"product-type-simple"},"_links":{"self":[{"href":"https:\/\/moyahousehold.com\/fr\/wp-json\/wp\/v2\/product\/5271","targetHints":{"allow":["GET"]}}],"collection":[{"href":"https:\/\/moyahousehold.com\/fr\/wp-json\/wp\/v2\/product"}],"about":[{"href":"https:\/\/moyahousehold.com\/fr\/wp-json\/wp\/v2\/types\/product"}],"replies":[{"embeddable":true,"href":"https:\/\/moyahousehold.com\/fr\/wp-json\/wp\/v2\/comments?post=5271"}],"version-history":[{"count":0,"href":"https:\/\/moyahousehold.com\/fr\/wp-json\/wp\/v2\/product\/5271\/revisions"}],"wp:featuredmedia":[{"embeddable":true,"href":"https:\/\/moyahousehold.com\/fr\/wp-json\/wp\/v2\/media\/8671"}],"wp:attachment":[{"href":"https:\/\/moyahousehold.com\/fr\/wp-json\/wp\/v2\/media?parent=5271"}],"wp:term":[{"taxonomy":"product_cat","embeddable":true,"href":"https:\/\/moyahousehold.com\/fr\/wp-json\/wp\/v2\/product_cat?post=5271"},{"taxonomy":"product_tag","embeddable":true,"href":"https:\/\/moyahousehold.com\/fr\/wp-json\/wp\/v2\/product_tag?post=5271"}],"curies":[{"name":"wp","href":"https:\/\/api.w.org\/{rel}","templated":true}]}}