{"id":5289,"date":"2024-06-07T07:45:11","date_gmt":"2024-06-07T07:45:11","guid":{"rendered":"https:\/\/moyahousehold.com\/?post_type=product&#038;p=5289"},"modified":"2025-04-22T09:20:11","modified_gmt":"2025-04-22T09:20:11","slug":"wholesale-bulk-lunch-boxes","status":"publish","type":"product","link":"https:\/\/moyahousehold.com\/fr\/produit\/wholesale-bulk-lunch-boxes\/","title":{"rendered":"Bo\u00eetes \u00e0 lunch isothermes pour femmes : Design multicouche, apparence exquise"},"content":{"rendered":"<h2 class=\"wp-block-heading\">Param\u00e8tres des bo\u00eetes \u00e0 lunch isothermes \u00e9l\u00e9gantes pour les femmes<\/h2>\n\n\n\n<p><strong>mat\u00e9riel :<\/strong>304 + PP <strong> couleur :<\/strong>Beige\/Kaki<\/p>\n\n\n\n<figure class=\"wp-block-table\"><table><tbody><tr><td>Num\u00e9ro de mod\u00e8le<\/td><td>capacit\u00e9<\/td><td>Taille du produit<\/td><td>Taille de la bo\u00eete ext\u00e9rieure<\/td><td>Quantit\u00e9 par caisse<\/td><td>N.W<\/td><td>G.W\/Case<\/td><\/tr><tr><td>MYSC001<\/td><td>900ml<\/td><td>19.5*12*8<\/td><td>62*53*43<\/td><td>48<\/td><td>0.35<\/td><td>18.8<\/td><\/tr><tr><td>MYSC002<\/td><td>1600ml<\/td><td>19.5*12*14.5<\/td><td>63*53*49<\/td><td>36<\/td><td>0.7<\/td><td>27.2<\/td><\/tr><tr><td>MYSC003<\/td><td>2300ml<\/td><td>19.5*12*22.5<\/td><td>62*53*45<\/td><td>24<\/td><td>1<\/td><td>26<\/td><\/tr><\/tbody><\/table><\/figure>\n\n\n\n<h3 class=\"wp-block-heading\">Options de bo\u00eetes \u00e0 lunch personnalis\u00e9es<\/h3>\n\n\n\n<p><strong>Logo :<\/strong> Personnalisez le logo de votre marque sur les bo\u00eetes \u00e0 lunch et les emballages.<br><strong>Options de logo : <\/strong>logo imprim\u00e9, logo grav\u00e9 au laser, etc.<br><strong>Mod\u00e8le : <\/strong>Mod\u00e8les d'impression <br><strong>Technologie d'impression :<\/strong> impression par transfert d'eau, impression par s\u00e9rigraphie, impression par transfert thermique, transfert par sublimation, etc.<br><strong>Emballage<\/strong>: Bo\u00eete \u00e0 couleurs<br><a href=\"https:\/\/moyahousehold.com\/fr\/solution-personnalisee\/\"><strong>En savoir plus sur les solutions de bo\u00eetes \u00e0 lunch personnalis\u00e9es<\/strong><\/a><\/p>\n\n\n\n<div class=\"wp-block-columns is-layout-flex wp-container-core-columns-is-layout-9d6595d7 wp-block-columns-is-layout-flex\">\n<div class=\"wp-block-column is-layout-flow wp-block-column-is-layout-flow\">\n<figure class=\"wp-block-image size-full\"><img fetchpriority=\"high\" decoding=\"async\" width=\"3642\" height=\"3642\" src=\"https:\/\/moyahousehold.com\/wp-content\/uploads\/2024\/06\/MYSC001-003-10.webp\" alt=\"bo\u00eetes \u00e0 lunch en gros et en vrac\" class=\"wp-image-5297\" srcset=\"https:\/\/moyahousehold.com\/wp-content\/uploads\/2024\/06\/MYSC001-003-10.webp 3642w, https:\/\/moyahousehold.com\/wp-content\/uploads\/2024\/06\/MYSC001-003-10-300x300.webp 300w, https:\/\/moyahousehold.com\/wp-content\/uploads\/2024\/06\/MYSC001-003-10-150x150.webp 150w, https:\/\/moyahousehold.com\/wp-content\/uploads\/2024\/06\/MYSC001-003-10-768x768.webp 768w, https:\/\/moyahousehold.com\/wp-content\/uploads\/2024\/06\/MYSC001-003-10-285x285.webp 285w, https:\/\/moyahousehold.com\/wp-content\/uploads\/2024\/06\/MYSC001-003-10-1600x1600.webp 1600w, https:\/\/moyahousehold.com\/wp-content\/uploads\/2024\/06\/MYSC001-003-10-270x270.webp 270w, https:\/\/moyahousehold.com\/wp-content\/uploads\/2024\/06\/MYSC001-003-10-540x540.webp 540w, https:\/\/moyahousehold.com\/wp-content\/uploads\/2024\/06\/MYSC001-003-10-660x660.webp 660w\" sizes=\"(max-width: 3642px) 100vw, 3642px\" \/><\/figure>\n<\/div>\n\n\n\n<div class=\"wp-block-column is-layout-flow wp-block-column-is-layout-flow\">\n<figure class=\"wp-block-image size-full\"><img decoding=\"async\" width=\"3629\" height=\"3629\" src=\"https:\/\/moyahousehold.com\/wp-content\/uploads\/2024\/06\/MYSC001-003-11.webp\" alt=\"bo\u00eetes \u00e0 lunch en gros et en vrac\" class=\"wp-image-5298\" srcset=\"https:\/\/moyahousehold.com\/wp-content\/uploads\/2024\/06\/MYSC001-003-11.webp 3629w, https:\/\/moyahousehold.com\/wp-content\/uploads\/2024\/06\/MYSC001-003-11-300x300.webp 300w, https:\/\/moyahousehold.com\/wp-content\/uploads\/2024\/06\/MYSC001-003-11-150x150.webp 150w, https:\/\/moyahousehold.com\/wp-content\/uploads\/2024\/06\/MYSC001-003-11-768x768.webp 768w, https:\/\/moyahousehold.com\/wp-content\/uploads\/2024\/06\/MYSC001-003-11-285x285.webp 285w, https:\/\/moyahousehold.com\/wp-content\/uploads\/2024\/06\/MYSC001-003-11-1600x1600.webp 1600w, https:\/\/moyahousehold.com\/wp-content\/uploads\/2024\/06\/MYSC001-003-11-270x270.webp 270w, https:\/\/moyahousehold.com\/wp-content\/uploads\/2024\/06\/MYSC001-003-11-540x540.webp 540w, https:\/\/moyahousehold.com\/wp-content\/uploads\/2024\/06\/MYSC001-003-11-660x660.webp 660w\" sizes=\"(max-width: 3629px) 100vw, 3629px\" \/><\/figure>\n<\/div>\n<\/div>\n\n\n\n<div class=\"wp-block-columns is-layout-flex wp-container-core-columns-is-layout-9d6595d7 wp-block-columns-is-layout-flex\">\n<div class=\"wp-block-column is-layout-flow wp-block-column-is-layout-flow\">\n<figure class=\"wp-block-image size-full\"><img decoding=\"async\" width=\"3247\" height=\"3247\" src=\"https:\/\/moyahousehold.com\/wp-content\/uploads\/2024\/06\/MYSC001-003-13.webp\" alt=\"bo\u00eetes \u00e0 lunch en gros et en vrac\" class=\"wp-image-5299\" srcset=\"https:\/\/moyahousehold.com\/wp-content\/uploads\/2024\/06\/MYSC001-003-13.webp 3247w, https:\/\/moyahousehold.com\/wp-content\/uploads\/2024\/06\/MYSC001-003-13-300x300.webp 300w, https:\/\/moyahousehold.com\/wp-content\/uploads\/2024\/06\/MYSC001-003-13-150x150.webp 150w, https:\/\/moyahousehold.com\/wp-content\/uploads\/2024\/06\/MYSC001-003-13-768x768.webp 768w, https:\/\/moyahousehold.com\/wp-content\/uploads\/2024\/06\/MYSC001-003-13-285x285.webp 285w, https:\/\/moyahousehold.com\/wp-content\/uploads\/2024\/06\/MYSC001-003-13-1600x1600.webp 1600w, https:\/\/moyahousehold.com\/wp-content\/uploads\/2024\/06\/MYSC001-003-13-270x270.webp 270w, https:\/\/moyahousehold.com\/wp-content\/uploads\/2024\/06\/MYSC001-003-13-540x540.webp 540w, https:\/\/moyahousehold.com\/wp-content\/uploads\/2024\/06\/MYSC001-003-13-660x660.webp 660w\" sizes=\"(max-width: 3247px) 100vw, 3247px\" \/><\/figure>\n<\/div>\n\n\n\n<div class=\"wp-block-column is-layout-flow wp-block-column-is-layout-flow\">\n<figure class=\"wp-block-image size-full\"><img loading=\"lazy\" decoding=\"async\" width=\"3341\" height=\"3341\" src=\"https:\/\/moyahousehold.com\/wp-content\/uploads\/2024\/06\/MYSC001-003-14.webp\" alt=\"bo\u00eetes \u00e0 lunch en gros et en vrac\" class=\"wp-image-5300\" srcset=\"https:\/\/moyahousehold.com\/wp-content\/uploads\/2024\/06\/MYSC001-003-14.webp 3341w, https:\/\/moyahousehold.com\/wp-content\/uploads\/2024\/06\/MYSC001-003-14-300x300.webp 300w, https:\/\/moyahousehold.com\/wp-content\/uploads\/2024\/06\/MYSC001-003-14-150x150.webp 150w, https:\/\/moyahousehold.com\/wp-content\/uploads\/2024\/06\/MYSC001-003-14-768x768.webp 768w, https:\/\/moyahousehold.com\/wp-content\/uploads\/2024\/06\/MYSC001-003-14-285x285.webp 285w, https:\/\/moyahousehold.com\/wp-content\/uploads\/2024\/06\/MYSC001-003-14-1600x1600.webp 1600w, https:\/\/moyahousehold.com\/wp-content\/uploads\/2024\/06\/MYSC001-003-14-270x270.webp 270w, https:\/\/moyahousehold.com\/wp-content\/uploads\/2024\/06\/MYSC001-003-14-540x540.webp 540w, https:\/\/moyahousehold.com\/wp-content\/uploads\/2024\/06\/MYSC001-003-14-660x660.webp 660w\" sizes=\"(max-width: 3341px) 100vw, 3341px\" \/><\/figure>\n<\/div>\n<\/div>","protected":false},"excerpt":{"rendered":"<p>Des bo\u00eetes \u00e0 lunch isol\u00e9es de style sont disponibles en gros, en vrac, en 900 ml, 1600 ml et 2300 ml. Le rev\u00eatement de la bo\u00eete \u00e0 lunch est en acier inoxydable 304. Il est r\u00e9sistant \u00e0 la corrosion et \u00e0 la rouille, ce qui garantit la s\u00e9curit\u00e9 et la sant\u00e9. Cette bo\u00eete \u00e0 lunch a une apparence \u00e9l\u00e9gante, combinant parfaitement la praticit\u00e9 et la beaut\u00e9, convenant aux femmes. Nous vous invitons \u00e0 acheter nos bo\u00eetes \u00e0 lunch en gros.<\/p>\n<h3>Caract\u00e9ristiques des bo\u00eetes \u00e0 lunch isol\u00e9es pour femmes<\/h3>\n<p><strong>Conception thermo-isolante :<\/strong> La coque ext\u00e9rieure de cette bo\u00eete \u00e0 lunch est fabriqu\u00e9e en plastique PP respectueux de l'environnement, qui isole efficacement et emp\u00eache les br\u00fblures, prot\u00e9geant ainsi la s\u00e9curit\u00e9 des utilisateurs.<\/p>\n<p><strong>Poign\u00e9e cach\u00e9e :<\/strong> Cette bo\u00eete \u00e0 lunch est munie d'une poign\u00e9e cach\u00e9e, ce qui facilite son transport et la rend \u00e0 la fois belle et pratique.<\/p>\n<p><strong>Combinaison de plusieurs couches : T<\/strong>Cette bo\u00eete \u00e0 lunch comporte plusieurs couches, dont le nombre peut \u00eatre combin\u00e9 librement pour r\u00e9pondre aux besoins des diff\u00e9rents utilisateurs.<\/p>\n<p><strong>Mat\u00e9riau de haute qualit\u00e9 :<\/strong> Le rev\u00eatement int\u00e9rieur de la bo\u00eete \u00e0 lunch est en acier inoxydable 304 de qualit\u00e9 alimentaire et est poli miroir, ce qui le rend tr\u00e8s facile \u00e0 nettoyer.<\/p>\n<p><strong>Personnalisation OEM&amp;ODM :<\/strong> En tant que fabricant professionnel de bo\u00eetes \u00e0 lunch, MOYA fournit des services de bo\u00eetes \u00e0 lunch personnalis\u00e9es pour les commandes en vrac, y compris les mat\u00e9riaux, les conceptions et plus encore.<\/p>\n<p>&nbsp;<\/p>","protected":false},"featured_media":8674,"comment_status":"closed","ping_status":"closed","template":"","meta":[],"product_cat":[58],"product_tag":[89,90,86,92],"class_list":{"0":"post-5289","1":"product","2":"type-product","3":"status-publish","4":"has-post-thumbnail","6":"product_cat-lunch-box-wholesale","7":"product_tag-wholesale-3-layer-lunch-box","8":"product_tag-wholesale-double-layer-lunch-box","9":"product_tag-wholesale-insulated-lunch-box","10":"product_tag-wholesale-rectangle-lunch-box","12":"first","13":"instock","14":"shipping-taxable","15":"product-type-simple"},"_links":{"self":[{"href":"https:\/\/moyahousehold.com\/fr\/wp-json\/wp\/v2\/product\/5289","targetHints":{"allow":["GET"]}}],"collection":[{"href":"https:\/\/moyahousehold.com\/fr\/wp-json\/wp\/v2\/product"}],"about":[{"href":"https:\/\/moyahousehold.com\/fr\/wp-json\/wp\/v2\/types\/product"}],"replies":[{"embeddable":true,"href":"https:\/\/moyahousehold.com\/fr\/wp-json\/wp\/v2\/comments?post=5289"}],"version-history":[{"count":0,"href":"https:\/\/moyahousehold.com\/fr\/wp-json\/wp\/v2\/product\/5289\/revisions"}],"wp:featuredmedia":[{"embeddable":true,"href":"https:\/\/moyahousehold.com\/fr\/wp-json\/wp\/v2\/media\/8674"}],"wp:attachment":[{"href":"https:\/\/moyahousehold.com\/fr\/wp-json\/wp\/v2\/media?parent=5289"}],"wp:term":[{"taxonomy":"product_cat","embeddable":true,"href":"https:\/\/moyahousehold.com\/fr\/wp-json\/wp\/v2\/product_cat?post=5289"},{"taxonomy":"product_tag","embeddable":true,"href":"https:\/\/moyahousehold.com\/fr\/wp-json\/wp\/v2\/product_tag?post=5289"}],"curies":[{"name":"wp","href":"https:\/\/api.w.org\/{rel}","templated":true}]}}