{"id":5304,"date":"2024-06-07T08:53:37","date_gmt":"2024-06-07T08:53:37","guid":{"rendered":"https:\/\/moyahousehold.com\/?post_type=product&#038;p=5304"},"modified":"2025-02-05T08:39:21","modified_gmt":"2025-02-05T08:39:21","slug":"wholesale-stainless-steel-lunch-box-with-compartments","status":"publish","type":"product","link":"https:\/\/moyahousehold.com\/fr\/produit\/wholesale-stainless-steel-lunch-box-with-compartments\/","title":{"rendered":"Grossiste bo\u00eetes \u00e0 lunch en acier inoxydable avec compartiments - Bo\u00eete \u00e0 lunch \u00e0 2 compartiments et bo\u00eete \u00e0 lunch \u00e0 3 compartiments"},"content":{"rendered":"<h2 class=\"wp-block-heading\">Param\u00e8tres de la bo\u00eete \u00e0 lunch en acier inoxydable avec compartiments<\/h2>\n\n\n\n<p><strong>mat\u00e9riel :<\/strong>304 + PP <strong> couleur :<\/strong>Beige<\/p>\n\n\n\n<figure class=\"wp-block-table\"><table><tbody><tr><td>Num\u00e9ro de mod\u00e8le<\/td><td>Nom du produit<\/td><td>capacit\u00e9<\/td><td>Taille du produit<\/td><td>Taille de la bo\u00eete ext\u00e9rieure<\/td><td>Quantit\u00e9 par caisse<\/td><td>N.W<\/td><td>G.W\/Case<\/td><\/tr><tr><td>MYJD110<\/td><td>Bo\u00eete \u00e0 bento \u00e0 double compartiment<\/td><td>2 compartiments<\/td><td>20.5*14*6.5<\/td><td>62*38*68<\/td><td>60<\/td><td>0.44<\/td><td>26<\/td><\/tr><tr><td>MYJD111<\/td><td>Bo\u00eete \u00e0 bento \u00e0 3 compartiments<\/td><td>3 compartiments<\/td><td>20.5*14*6.5<\/td><td>62*38*68<\/td><td>60<\/td><td>0.44<\/td><td>32.5<\/td><\/tr><\/tbody><\/table><\/figure>\n\n\n\n<h3 class=\"wp-block-heading\">Options de bo\u00eetes \u00e0 lunch personnalis\u00e9es<\/h3>\n\n\n\n<p><strong>Logo<\/strong>: Personnalisez le logo de votre marque sur les bo\u00eetes \u00e0 bento et les emballages.<br><strong>Options du logo<\/strong>logo imprim\u00e9, logo grav\u00e9 au laser, etc.<br><strong>Mod\u00e8le<\/strong>: Impression de motifs personnalis\u00e9s sur les bo\u00eetes \u00e0 bento<br><strong>Technologie d'impression<\/strong>Les techniques d'impression sont les suivantes : impression par transfert d'eau, impression par s\u00e9rigraphie, impression par transfert de chaleur, transfert par sublimation, etc.<br>Emballage : bo\u00eete de couleur<br><a href=\"https:\/\/moyahousehold.com\/fr\/solution-personnalisee\/\"><strong>En savoir plus sur les solutions de bo\u00eetes \u00e0 lunch personnalis\u00e9es<\/strong><\/a><\/p>\n\n\n\n<div class=\"wp-block-columns is-layout-flex wp-container-core-columns-is-layout-9d6595d7 wp-block-columns-is-layout-flex\">\n<div class=\"wp-block-column is-layout-flow wp-block-column-is-layout-flow\">\n<figure class=\"wp-block-image size-full\"><img fetchpriority=\"high\" decoding=\"async\" width=\"1500\" height=\"1500\" src=\"https:\/\/moyahousehold.com\/wp-content\/uploads\/2024\/06\/stainless-steel-with-compartments-1.jpg\" alt=\"acier inoxydable avec compartiments (1)\" class=\"wp-image-8596\" srcset=\"https:\/\/moyahousehold.com\/wp-content\/uploads\/2024\/06\/stainless-steel-with-compartments-1.jpg 1500w, https:\/\/moyahousehold.com\/wp-content\/uploads\/2024\/06\/stainless-steel-with-compartments-1-300x300.jpg 300w, https:\/\/moyahousehold.com\/wp-content\/uploads\/2024\/06\/stainless-steel-with-compartments-1-150x150.jpg 150w, https:\/\/moyahousehold.com\/wp-content\/uploads\/2024\/06\/stainless-steel-with-compartments-1-768x768.jpg 768w, https:\/\/moyahousehold.com\/wp-content\/uploads\/2024\/06\/stainless-steel-with-compartments-1-12x12.jpg 12w, https:\/\/moyahousehold.com\/wp-content\/uploads\/2024\/06\/stainless-steel-with-compartments-1-285x285.jpg 285w, https:\/\/moyahousehold.com\/wp-content\/uploads\/2024\/06\/stainless-steel-with-compartments-1-270x270.jpg 270w, https:\/\/moyahousehold.com\/wp-content\/uploads\/2024\/06\/stainless-steel-with-compartments-1-540x540.jpg 540w, https:\/\/moyahousehold.com\/wp-content\/uploads\/2024\/06\/stainless-steel-with-compartments-1-660x660.jpg 660w\" sizes=\"(max-width: 1500px) 100vw, 1500px\" \/><\/figure>\n<\/div>\n\n\n\n<div class=\"wp-block-column is-layout-flow wp-block-column-is-layout-flow\">\n<figure class=\"wp-block-image size-full\"><img decoding=\"async\" width=\"1500\" height=\"1500\" src=\"https:\/\/moyahousehold.com\/wp-content\/uploads\/2024\/06\/stainless-steel-with-compartments-2-1.jpg\" alt=\"acier inoxydable avec compartiments (2)\" class=\"wp-image-8600\" srcset=\"https:\/\/moyahousehold.com\/wp-content\/uploads\/2024\/06\/stainless-steel-with-compartments-2-1.jpg 1500w, https:\/\/moyahousehold.com\/wp-content\/uploads\/2024\/06\/stainless-steel-with-compartments-2-1-300x300.jpg 300w, https:\/\/moyahousehold.com\/wp-content\/uploads\/2024\/06\/stainless-steel-with-compartments-2-1-150x150.jpg 150w, https:\/\/moyahousehold.com\/wp-content\/uploads\/2024\/06\/stainless-steel-with-compartments-2-1-768x768.jpg 768w, https:\/\/moyahousehold.com\/wp-content\/uploads\/2024\/06\/stainless-steel-with-compartments-2-1-12x12.jpg 12w, https:\/\/moyahousehold.com\/wp-content\/uploads\/2024\/06\/stainless-steel-with-compartments-2-1-285x285.jpg 285w, https:\/\/moyahousehold.com\/wp-content\/uploads\/2024\/06\/stainless-steel-with-compartments-2-1-270x270.jpg 270w, https:\/\/moyahousehold.com\/wp-content\/uploads\/2024\/06\/stainless-steel-with-compartments-2-1-540x540.jpg 540w, https:\/\/moyahousehold.com\/wp-content\/uploads\/2024\/06\/stainless-steel-with-compartments-2-1-660x660.jpg 660w\" sizes=\"(max-width: 1500px) 100vw, 1500px\" \/><\/figure>\n<\/div>\n<\/div>\n\n\n\n<div class=\"wp-block-columns is-layout-flex wp-container-core-columns-is-layout-9d6595d7 wp-block-columns-is-layout-flex\">\n<div class=\"wp-block-column is-layout-flow wp-block-column-is-layout-flow\"><\/div>\n\n\n\n<div class=\"wp-block-column is-layout-flow wp-block-column-is-layout-flow\"><\/div>\n<\/div>","protected":false},"excerpt":{"rendered":"<p>Bo\u00eete \u00e0 lunch en gros en acier inoxydable avec compartiments, disponible en 2 compartiments et 3 compartiments, la conception des compartiments permet de mieux placer les aliments. La conception de la boucle \u00e0 quatre c\u00f4t\u00e9s garantit que la bo\u00eete \u00e0 lunch est solide et durable et qu'elle n'est pas facile \u00e0 desserrer. N'h\u00e9sitez pas \u00e0 nous contacter pour un devis.<\/p>\n<h3>Caract\u00e9ristiques et avantages de la bo\u00eete \u00e0 lunch en acier inoxydable avec compartiments<\/h3>\n<p><strong>Facile \u00e0 nettoyer :<\/strong> La bo\u00eete \u00e0 lunch est fabriqu\u00e9e avec un rev\u00eatement int\u00e9rieur en acier inoxydable 304, non seulement durable mais aussi facile \u00e0 nettoyer.<\/p>\n<p><strong>Imperm\u00e9able et \u00e9tanche :<\/strong> La bo\u00eete \u00e0 lunch \u00e0 compartiments est dot\u00e9e d'un anneau en silicone alimentaire de haute qualit\u00e9, et le couvercle peut \u00eatre fermement attach\u00e9 \u00e0 la bo\u00eete \u00e0 lunch pour former un effet d'\u00e9tanch\u00e9it\u00e9, ce qui est non seulement imperm\u00e9able et \u00e9tanche, mais permet \u00e9galement de conserver efficacement la fra\u00eecheur des aliments.<\/p>\n<p><strong>Conception des compartiments :<\/strong> La bo\u00eete \u00e0 lunch adopte une conception \u00e0 compartiments flexible, avec deux compartiments et trois compartiments au choix.<\/p>\n<p><strong>Facile \u00e0 transporter :<\/strong> Cette bo\u00eete \u00e0 lunch au design exquis, l\u00e9g\u00e8re et facile \u00e0 transporter, est parfaite pour les trajets quotidiens, les pique-niques ou les voyages. Sa taille compacte permet de la glisser facilement dans un sac \u00e0 dos ou un sac \u00e0 main, ce qui vous permet de savourer un d\u00e9licieux repas \u00e0 tout moment.<\/p>\n<p><strong>Service de vente en gros :<\/strong> Nous fournissons un service professionnel de vente en gros de bo\u00eetes \u00e0 lunch. De la fourniture d'\u00e9chantillons gratuits \u00e0 l'exp\u00e9dition en passant par la production, nous vous proposons une solution compl\u00e8te.<\/p>\n<p><strong>Service personnalis\u00e9 :<\/strong> Nous fournissons des services de bo\u00eetes \u00e0 lunch personnalis\u00e9es OEM et ODM, personnalisant votre bo\u00eete \u00e0 lunch de marque exclusive de 0 \u00e0 1.<\/p>","protected":false},"featured_media":8595,"comment_status":"open","ping_status":"closed","template":"","meta":[],"product_cat":[58],"product_tag":[87,92],"class_list":{"0":"post-5304","1":"product","2":"type-product","3":"status-publish","4":"has-post-thumbnail","6":"product_cat-lunch-box-wholesale","7":"product_tag-wholesale-multi-compartment-lunch-box","8":"product_tag-wholesale-rectangle-lunch-box","10":"first","11":"instock","12":"shipping-taxable","13":"product-type-simple"},"_links":{"self":[{"href":"https:\/\/moyahousehold.com\/fr\/wp-json\/wp\/v2\/product\/5304","targetHints":{"allow":["GET"]}}],"collection":[{"href":"https:\/\/moyahousehold.com\/fr\/wp-json\/wp\/v2\/product"}],"about":[{"href":"https:\/\/moyahousehold.com\/fr\/wp-json\/wp\/v2\/types\/product"}],"replies":[{"embeddable":true,"href":"https:\/\/moyahousehold.com\/fr\/wp-json\/wp\/v2\/comments?post=5304"}],"version-history":[{"count":0,"href":"https:\/\/moyahousehold.com\/fr\/wp-json\/wp\/v2\/product\/5304\/revisions"}],"wp:featuredmedia":[{"embeddable":true,"href":"https:\/\/moyahousehold.com\/fr\/wp-json\/wp\/v2\/media\/8595"}],"wp:attachment":[{"href":"https:\/\/moyahousehold.com\/fr\/wp-json\/wp\/v2\/media?parent=5304"}],"wp:term":[{"taxonomy":"product_cat","embeddable":true,"href":"https:\/\/moyahousehold.com\/fr\/wp-json\/wp\/v2\/product_cat?post=5304"},{"taxonomy":"product_tag","embeddable":true,"href":"https:\/\/moyahousehold.com\/fr\/wp-json\/wp\/v2\/product_tag?post=5304"}],"curies":[{"name":"wp","href":"https:\/\/api.w.org\/{rel}","templated":true}]}}