{"id":5319,"date":"2024-06-07T09:21:37","date_gmt":"2024-06-07T09:21:37","guid":{"rendered":"https:\/\/moyahousehold.com\/?post_type=product&#038;p=5319"},"modified":"2026-04-14T09:59:33","modified_gmt":"2026-04-14T09:59:33","slug":"custom-insulated-lunch-box-wholesale","status":"publish","type":"product","link":"https:\/\/moyahousehold.com\/fr\/produit\/custom-insulated-lunch-box-wholesale\/","title":{"rendered":"Bo\u00eete \u00e0 lunch isotherme personnalis\u00e9e en gros : Options de personnalisation flexibles pour votre marque"},"content":{"rendered":"<h3 class=\"wp-block-heading\">Param\u00e8tres de la bo\u00eete \u00e0 lunch isotherme personnalisable<\/h3>\n\n\n\n<p><strong>Mat\u00e9riau :<\/strong> 304 + PP  <strong> Couleur :<\/strong> Beige<\/p>\n\n\n\n<figure class=\"wp-block-table\"><table><tbody><tr><td><strong>Objet<\/strong><\/td><td><strong>Nom du produit<\/strong><\/td><td><strong>Capacit\u00e9<\/strong><\/td><td><strong>Taille du produit<\/strong><\/td><td><strong>PCS\/Case<\/strong><\/td><td><strong>N.W.\/PCS<\/strong><\/td><td><strong>G.W.\/Cas<\/strong><\/td><\/tr><tr><td>MYJD112<\/td><td>bo\u00eete \u00e0 lunch isol\u00e9e \u00e0 double couche<\/td><td>750ml-2 couches<\/td><td>11.5*11.5*20<\/td><td>36<\/td><td>0.49<\/td><td>20.64<\/td><\/tr><tr><td>MYJD113<\/td><td>Bo\u00eete \u00e0 lunch isol\u00e9e \u00e0 3 couches<\/td><td>1000ml-3 couches<\/td><td>11.5*11.5*26<\/td><td>24<\/td><td>0.66<\/td><td>18.84<\/td><\/tr><\/tbody><\/table><\/figure>\n\n\n\n<h3 class=\"wp-block-heading\">Options de bo\u00eetes \u00e0 lunch isol\u00e9es personnalis\u00e9es<\/h3>\n\n\n\n<p><strong>Logo<\/strong>: personnalisez le logo de votre marque sur les bo\u00eetes \u00e0 lunch et les emballages.<br><strong>Logo Options<\/strong>logo imprim\u00e9, logo grav\u00e9 au laser, etc.<br><strong>Mod\u00e8le<\/strong>: Impression de motifs personnalis\u00e9s sur des bo\u00eetes \u00e0 lunch<br><strong>Printing Technology<\/strong>Les techniques utilis\u00e9es sont les suivantes : impression par transfert d'eau, impression par s\u00e9rigraphie, impression par transfert de chaleur, transfert par sublimation, etc.<br><strong>Paquet<\/strong>Bo\u00eete de couleur<br><a href=\"https:\/\/moyahousehold.com\/fr\/solution-personnalisee\/\"><strong>En savoir plus sur les solutions de bo\u00eetes \u00e0 lunch personnalis\u00e9es<\/strong><\/a><\/p>\n\n\n\n<div class=\"wp-block-columns is-layout-flex wp-container-core-columns-is-layout-9d6595d7 wp-block-columns-is-layout-flex\">\n<div class=\"wp-block-column is-layout-flow wp-block-column-is-layout-flow\">\n<figure class=\"wp-block-image size-full\"><img fetchpriority=\"high\" decoding=\"async\" width=\"3579\" height=\"3579\" src=\"https:\/\/moyahousehold.com\/wp-content\/uploads\/2024\/06\/custom-insulated-lunch-box-2-1.webp\" alt=\"bo\u00eete \u00e0 lunch isotherme personnalis\u00e9e\" class=\"wp-image-5330\" srcset=\"https:\/\/moyahousehold.com\/wp-content\/uploads\/2024\/06\/custom-insulated-lunch-box-2-1.webp 3579w, https:\/\/moyahousehold.com\/wp-content\/uploads\/2024\/06\/custom-insulated-lunch-box-2-1-300x300.webp 300w, https:\/\/moyahousehold.com\/wp-content\/uploads\/2024\/06\/custom-insulated-lunch-box-2-1-150x150.webp 150w, https:\/\/moyahousehold.com\/wp-content\/uploads\/2024\/06\/custom-insulated-lunch-box-2-1-768x768.webp 768w, https:\/\/moyahousehold.com\/wp-content\/uploads\/2024\/06\/custom-insulated-lunch-box-2-1-285x285.webp 285w, https:\/\/moyahousehold.com\/wp-content\/uploads\/2024\/06\/custom-insulated-lunch-box-2-1-1600x1600.webp 1600w, https:\/\/moyahousehold.com\/wp-content\/uploads\/2024\/06\/custom-insulated-lunch-box-2-1-270x270.webp 270w, https:\/\/moyahousehold.com\/wp-content\/uploads\/2024\/06\/custom-insulated-lunch-box-2-1-540x540.webp 540w, https:\/\/moyahousehold.com\/wp-content\/uploads\/2024\/06\/custom-insulated-lunch-box-2-1-660x660.webp 660w\" sizes=\"(max-width: 3579px) 100vw, 3579px\" \/><\/figure>\n<\/div>\n\n\n\n<div class=\"wp-block-column is-layout-flow wp-block-column-is-layout-flow\">\n<figure class=\"wp-block-image size-full\"><img decoding=\"async\" width=\"3623\" height=\"3623\" src=\"https:\/\/moyahousehold.com\/wp-content\/uploads\/2024\/06\/custom-insulated-lunch-box-4-1.webp\" alt=\"bo\u00eete \u00e0 lunch isotherme personnalis\u00e9e\" class=\"wp-image-5332\" srcset=\"https:\/\/moyahousehold.com\/wp-content\/uploads\/2024\/06\/custom-insulated-lunch-box-4-1.webp 3623w, https:\/\/moyahousehold.com\/wp-content\/uploads\/2024\/06\/custom-insulated-lunch-box-4-1-300x300.webp 300w, https:\/\/moyahousehold.com\/wp-content\/uploads\/2024\/06\/custom-insulated-lunch-box-4-1-150x150.webp 150w, https:\/\/moyahousehold.com\/wp-content\/uploads\/2024\/06\/custom-insulated-lunch-box-4-1-768x768.webp 768w, https:\/\/moyahousehold.com\/wp-content\/uploads\/2024\/06\/custom-insulated-lunch-box-4-1-285x285.webp 285w, https:\/\/moyahousehold.com\/wp-content\/uploads\/2024\/06\/custom-insulated-lunch-box-4-1-1600x1600.webp 1600w, https:\/\/moyahousehold.com\/wp-content\/uploads\/2024\/06\/custom-insulated-lunch-box-4-1-270x270.webp 270w, https:\/\/moyahousehold.com\/wp-content\/uploads\/2024\/06\/custom-insulated-lunch-box-4-1-540x540.webp 540w, https:\/\/moyahousehold.com\/wp-content\/uploads\/2024\/06\/custom-insulated-lunch-box-4-1-660x660.webp 660w\" sizes=\"(max-width: 3623px) 100vw, 3623px\" \/><\/figure>\n<\/div>\n<\/div>\n\n\n\n<div class=\"wp-block-columns is-layout-flex wp-container-core-columns-is-layout-9d6595d7 wp-block-columns-is-layout-flex\">\n<div class=\"wp-block-column is-layout-flow wp-block-column-is-layout-flow\">\n<figure class=\"wp-block-image size-full\"><img decoding=\"async\" width=\"3514\" height=\"3514\" src=\"https:\/\/moyahousehold.com\/wp-content\/uploads\/2024\/06\/custom-insulated-lunch-box-5.webp\" alt=\"bo\u00eete \u00e0 lunch isotherme personnalis\u00e9e\" class=\"wp-image-5333\" srcset=\"https:\/\/moyahousehold.com\/wp-content\/uploads\/2024\/06\/custom-insulated-lunch-box-5.webp 3514w, https:\/\/moyahousehold.com\/wp-content\/uploads\/2024\/06\/custom-insulated-lunch-box-5-300x300.webp 300w, https:\/\/moyahousehold.com\/wp-content\/uploads\/2024\/06\/custom-insulated-lunch-box-5-150x150.webp 150w, https:\/\/moyahousehold.com\/wp-content\/uploads\/2024\/06\/custom-insulated-lunch-box-5-768x768.webp 768w, https:\/\/moyahousehold.com\/wp-content\/uploads\/2024\/06\/custom-insulated-lunch-box-5-285x285.webp 285w, https:\/\/moyahousehold.com\/wp-content\/uploads\/2024\/06\/custom-insulated-lunch-box-5-1600x1600.webp 1600w, https:\/\/moyahousehold.com\/wp-content\/uploads\/2024\/06\/custom-insulated-lunch-box-5-270x270.webp 270w, https:\/\/moyahousehold.com\/wp-content\/uploads\/2024\/06\/custom-insulated-lunch-box-5-540x540.webp 540w, https:\/\/moyahousehold.com\/wp-content\/uploads\/2024\/06\/custom-insulated-lunch-box-5-660x660.webp 660w\" sizes=\"(max-width: 3514px) 100vw, 3514px\" \/><\/figure>\n<\/div>\n\n\n\n<div class=\"wp-block-column is-layout-flow wp-block-column-is-layout-flow\">\n<figure class=\"wp-block-image size-full\"><img loading=\"lazy\" decoding=\"async\" width=\"3447\" height=\"3447\" src=\"https:\/\/moyahousehold.com\/wp-content\/uploads\/2024\/06\/custom-insulated-lunch-box-6.webp\" alt=\"bo\u00eete \u00e0 lunch isotherme personnalis\u00e9e\" class=\"wp-image-5334\" srcset=\"https:\/\/moyahousehold.com\/wp-content\/uploads\/2024\/06\/custom-insulated-lunch-box-6.webp 3447w, https:\/\/moyahousehold.com\/wp-content\/uploads\/2024\/06\/custom-insulated-lunch-box-6-300x300.webp 300w, https:\/\/moyahousehold.com\/wp-content\/uploads\/2024\/06\/custom-insulated-lunch-box-6-150x150.webp 150w, https:\/\/moyahousehold.com\/wp-content\/uploads\/2024\/06\/custom-insulated-lunch-box-6-768x768.webp 768w, https:\/\/moyahousehold.com\/wp-content\/uploads\/2024\/06\/custom-insulated-lunch-box-6-285x285.webp 285w, https:\/\/moyahousehold.com\/wp-content\/uploads\/2024\/06\/custom-insulated-lunch-box-6-1600x1600.webp 1600w, https:\/\/moyahousehold.com\/wp-content\/uploads\/2024\/06\/custom-insulated-lunch-box-6-270x270.webp 270w, https:\/\/moyahousehold.com\/wp-content\/uploads\/2024\/06\/custom-insulated-lunch-box-6-540x540.webp 540w, https:\/\/moyahousehold.com\/wp-content\/uploads\/2024\/06\/custom-insulated-lunch-box-6-660x660.webp 660w\" sizes=\"(max-width: 3447px) 100vw, 3447px\" \/><\/figure>\n<\/div>\n<\/div>","protected":false},"excerpt":{"rendered":"<p>Cette s\u00e9rie de bo\u00eetes \u00e0 lunch isol\u00e9es a deux styles : la bo\u00eete \u00e0 lunch \u00e0 double couche et la bo\u00eete \u00e0 lunch \u00e0 triple couche, qui peuvent conserver la temp\u00e9rature des aliments pendant une longue p\u00e9riode et qui conviennent pour les d\u00e9placements. Nous fournissons des solutions professionnelles de bo\u00eetes \u00e0 lunch personnalis\u00e9es. Nous pouvons personnaliser la capacit\u00e9, la couleur, la conception de l'impression et plus encore, et personnaliser des bo\u00eetes \u00e0 lunch de marque exclusive pour vous. N'h\u00e9sitez pas \u00e0 nous contacter.<\/p>\n<h3>Caract\u00e9ristiques de la bo\u00eete \u00e0 lunch isol\u00e9e personnalisable<\/h3>\n<p><strong>Multi-layer Design:<\/strong> Cette bo\u00eete \u00e0 lunch isotherme adopte une conception multicouche. Vous pouvez librement combiner et choisir une bo\u00eete \u00e0 lunch \u00e0 double couche ou une bo\u00eete \u00e0 lunch \u00e0 triple couche.<\/p>\n<p><strong>Good Insulation Effect:<\/strong> Le rev\u00eatement int\u00e9rieur de la bo\u00eete \u00e0 lunch est en acier inoxydable 304, et le milieu est en mousse isolante, ce qui permet de conserver la chaleur jusqu'\u00e0 10 heures.<\/p>\n<p><strong>Ergonomic Handle:<\/strong> Cette bo\u00eete \u00e0 lunch est dot\u00e9e d'une poign\u00e9e large et confortable ; elle peut \u00eatre facilement transport\u00e9e, ce qui vous permet de savourer un d\u00e9licieux d\u00e9jeuner \u00e0 tout moment ;<\/p>\n<p><strong>Good Airtightness:<\/strong> La bo\u00eete \u00e0 lunch est dot\u00e9e d'un anneau d'\u00e9tanch\u00e9it\u00e9 int\u00e9gr\u00e9, qui ne fuit pas m\u00eame si elle est violemment secou\u00e9e. Vous n'avez donc plus \u00e0 vous en soucier et l'exp\u00e9rience d'utilisation s'en trouve consid\u00e9rablement am\u00e9lior\u00e9e.<\/p>\n<p><strong>Customized Service:<\/strong> Nous fournissons des solutions professionnelles de bo\u00eetes \u00e0 lunch personnalis\u00e9es. La forme, la capacit\u00e9, le motif et le logo peuvent \u00eatre personnalis\u00e9s. Nous cr\u00e9ons des bo\u00eetes \u00e0 lunch de marque exclusive pour vous.<\/p>","protected":false},"featured_media":8062,"comment_status":"open","ping_status":"closed","template":"","meta":[],"product_cat":[58],"product_tag":[89,90,86,91],"class_list":{"0":"post-5319","1":"product","2":"type-product","3":"status-publish","4":"has-post-thumbnail","6":"product_cat-lunch-box-wholesale","7":"product_tag-wholesale-3-layer-lunch-box","8":"product_tag-wholesale-double-layer-lunch-box","9":"product_tag-wholesale-insulated-lunch-box","10":"product_tag-wholesale-round-lunch-box","12":"first","13":"instock","14":"shipping-taxable","15":"product-type-simple"},"_links":{"self":[{"href":"https:\/\/moyahousehold.com\/fr\/wp-json\/wp\/v2\/product\/5319","targetHints":{"allow":["GET"]}}],"collection":[{"href":"https:\/\/moyahousehold.com\/fr\/wp-json\/wp\/v2\/product"}],"about":[{"href":"https:\/\/moyahousehold.com\/fr\/wp-json\/wp\/v2\/types\/product"}],"replies":[{"embeddable":true,"href":"https:\/\/moyahousehold.com\/fr\/wp-json\/wp\/v2\/comments?post=5319"}],"version-history":[{"count":2,"href":"https:\/\/moyahousehold.com\/fr\/wp-json\/wp\/v2\/product\/5319\/revisions"}],"predecessor-version":[{"id":13079,"href":"https:\/\/moyahousehold.com\/fr\/wp-json\/wp\/v2\/product\/5319\/revisions\/13079"}],"wp:featuredmedia":[{"embeddable":true,"href":"https:\/\/moyahousehold.com\/fr\/wp-json\/wp\/v2\/media\/8062"}],"wp:attachment":[{"href":"https:\/\/moyahousehold.com\/fr\/wp-json\/wp\/v2\/media?parent=5319"}],"wp:term":[{"taxonomy":"product_cat","embeddable":true,"href":"https:\/\/moyahousehold.com\/fr\/wp-json\/wp\/v2\/product_cat?post=5319"},{"taxonomy":"product_tag","embeddable":true,"href":"https:\/\/moyahousehold.com\/fr\/wp-json\/wp\/v2\/product_tag?post=5319"}],"curies":[{"name":"wp","href":"https:\/\/api.w.org\/{rel}","templated":true}]}}