{"id":5338,"date":"2024-06-07T09:50:15","date_gmt":"2024-06-07T09:50:15","guid":{"rendered":"https:\/\/moyahousehold.com\/?post_type=product&#038;p=5338"},"modified":"2025-02-05T08:37:58","modified_gmt":"2025-02-05T08:37:58","slug":"wholesale-stainless-steel-insulated-lunch-box","status":"publish","type":"product","link":"https:\/\/moyahousehold.com\/fr\/produit\/wholesale-stainless-steel-insulated-lunch-box\/","title":{"rendered":"Bo\u00eetes \u00e0 lunch isol\u00e9es en acier inoxydable : 800ML et 1200ML"},"content":{"rendered":"<h3 class=\"wp-block-heading\">Param\u00e8tres de la bo\u00eete \u00e0 lunch chaude isol\u00e9e<\/h3>\n\n\n\n<p><strong>mat\u00e9riel :<\/strong>304 + PP <strong> couleur :<\/strong>Beige<\/p>\n\n\n\n<figure class=\"wp-block-table\"><table><tbody><tr><td>Num\u00e9ro de mod\u00e8le<\/td><td>capacit\u00e9<\/td><td>Taille du produit<\/td><td>Taille de la bo\u00eete ext\u00e9rieure<\/td><td>Quantit\u00e9 par caisse<\/td><td>N.W<\/td><td>G.W\/Case<\/td><\/tr><tr><td>MYJD115<\/td><td>800ml<\/td><td>12*12*8<\/td><td>58*43*45<\/td><td>36<\/td><td>0.06<\/td><td>9.36<\/td><\/tr><tr><td>MYJD116<\/td><td>1200ml<\/td><td>12*12*13<\/td><td>58*43*52<\/td><td>36<\/td><td>0.33<\/td><td>19.08<\/td><\/tr><\/tbody><\/table><\/figure>\n\n\n\n<h3 class=\"wp-block-heading\">Options de bo\u00eetes \u00e0 lunch isol\u00e9es personnalis\u00e9es<\/h3>\n\n\n\n<p><strong>Logo : <\/strong>personnaliser le logo de votre marque sur les bo\u00eetes \u00e0 lunch et les emballages.<br><strong>Options de logo : <\/strong>logo imprim\u00e9, logo grav\u00e9 au laser, etc.<br><strong>Mod\u00e8le :<\/strong> motifs d'impression <br><strong>Technologie d'impression : <\/strong>impression par transfert d'eau, impression par s\u00e9rigraphie, impression par transfert thermique, transfert par sublimation, etc.<br><strong>Emballage : <\/strong>bo\u00eete \u00e0 couleurs<br><a href=\"https:\/\/moyahousehold.com\/fr\/solution-personnalisee\/\"><strong>En savoir plus sur les solutions de bo\u00eetes \u00e0 lunch isol\u00e9es personnalis\u00e9es<\/strong><\/a><\/p>\n\n\n\n<div class=\"wp-block-columns is-layout-flex wp-container-core-columns-is-layout-9d6595d7 wp-block-columns-is-layout-flex\">\n<div class=\"wp-block-column is-layout-flow wp-block-column-is-layout-flow\">\n<figure class=\"wp-block-image size-full\"><img fetchpriority=\"high\" decoding=\"async\" width=\"1500\" height=\"1501\" src=\"https:\/\/moyahousehold.com\/wp-content\/uploads\/2024\/06\/insulated-hot-lunch-box-display-1.jpg\" alt=\"pr\u00e9sentoir de bo\u00eetes \u00e0 lunch chaudes isol\u00e9es (1)\" class=\"wp-image-8948\" srcset=\"https:\/\/moyahousehold.com\/wp-content\/uploads\/2024\/06\/insulated-hot-lunch-box-display-1.jpg 1500w, https:\/\/moyahousehold.com\/wp-content\/uploads\/2024\/06\/insulated-hot-lunch-box-display-1-300x300.jpg 300w, https:\/\/moyahousehold.com\/wp-content\/uploads\/2024\/06\/insulated-hot-lunch-box-display-1-150x150.jpg 150w, https:\/\/moyahousehold.com\/wp-content\/uploads\/2024\/06\/insulated-hot-lunch-box-display-1-768x769.jpg 768w, https:\/\/moyahousehold.com\/wp-content\/uploads\/2024\/06\/insulated-hot-lunch-box-display-1-12x12.jpg 12w, https:\/\/moyahousehold.com\/wp-content\/uploads\/2024\/06\/insulated-hot-lunch-box-display-1-285x285.jpg 285w, https:\/\/moyahousehold.com\/wp-content\/uploads\/2024\/06\/insulated-hot-lunch-box-display-1-270x270.jpg 270w, https:\/\/moyahousehold.com\/wp-content\/uploads\/2024\/06\/insulated-hot-lunch-box-display-1-540x540.jpg 540w, https:\/\/moyahousehold.com\/wp-content\/uploads\/2024\/06\/insulated-hot-lunch-box-display-1-660x660.jpg 660w\" sizes=\"(max-width: 1500px) 100vw, 1500px\" \/><\/figure>\n<\/div>\n\n\n\n<div class=\"wp-block-column is-layout-flow wp-block-column-is-layout-flow\">\n<figure class=\"wp-block-image size-full\"><img decoding=\"async\" width=\"1500\" height=\"1501\" src=\"https:\/\/moyahousehold.com\/wp-content\/uploads\/2024\/06\/insulated-hot-lunch-box-display-2.jpg\" alt=\"Pr\u00e9sentoir de bo\u00eetes \u00e0 lunch chaudes isol\u00e9es (2)\" class=\"wp-image-8949\" srcset=\"https:\/\/moyahousehold.com\/wp-content\/uploads\/2024\/06\/insulated-hot-lunch-box-display-2.jpg 1500w, https:\/\/moyahousehold.com\/wp-content\/uploads\/2024\/06\/insulated-hot-lunch-box-display-2-300x300.jpg 300w, https:\/\/moyahousehold.com\/wp-content\/uploads\/2024\/06\/insulated-hot-lunch-box-display-2-150x150.jpg 150w, https:\/\/moyahousehold.com\/wp-content\/uploads\/2024\/06\/insulated-hot-lunch-box-display-2-768x769.jpg 768w, https:\/\/moyahousehold.com\/wp-content\/uploads\/2024\/06\/insulated-hot-lunch-box-display-2-12x12.jpg 12w, https:\/\/moyahousehold.com\/wp-content\/uploads\/2024\/06\/insulated-hot-lunch-box-display-2-285x285.jpg 285w, https:\/\/moyahousehold.com\/wp-content\/uploads\/2024\/06\/insulated-hot-lunch-box-display-2-270x270.jpg 270w, https:\/\/moyahousehold.com\/wp-content\/uploads\/2024\/06\/insulated-hot-lunch-box-display-2-540x540.jpg 540w, https:\/\/moyahousehold.com\/wp-content\/uploads\/2024\/06\/insulated-hot-lunch-box-display-2-660x660.jpg 660w\" sizes=\"(max-width: 1500px) 100vw, 1500px\" \/><\/figure>\n<\/div>\n<\/div>\n\n\n\n<div class=\"wp-block-columns is-layout-flex wp-container-core-columns-is-layout-9d6595d7 wp-block-columns-is-layout-flex\">\n<div class=\"wp-block-column is-layout-flow wp-block-column-is-layout-flow\"><\/div>\n\n\n\n<div class=\"wp-block-column is-layout-flow wp-block-column-is-layout-flow\"><\/div>\n<\/div>","protected":false},"excerpt":{"rendered":"<p>Vente en gros de bo\u00eetes \u00e0 lunch rondes isol\u00e9es et chaudes. Nous proposons des mod\u00e8les de 800 ml et de 1200 ml pour r\u00e9pondre \u00e0 vos besoins en mati\u00e8re de repas. Avec un design rond et mignon, elle convient pour emporter ou comme cadeau. Si vous le souhaitez, nous pouvons vous aider \u00e0 d\u00e9velopper une solution de bo\u00eete \u00e0 lunch isol\u00e9e en acier inoxydable personnalis\u00e9e et d\u00e9taill\u00e9e. Les acheteurs B2B sont invit\u00e9s \u00e0 nous contacter pour acheter des bo\u00eetes \u00e0 lunch isol\u00e9es en vrac.<\/p>\n<h3>Caract\u00e9ristiques et avantages de la bo\u00eete \u00e0 lunch isol\u00e9e en acier inoxydable<\/h3>\n<p><strong>Conception pratique :<\/strong> La bo\u00eete \u00e0 lunch adopte une conception \u00e0 trois couches avec un excellent effet de conservation de la chaleur. Le rev\u00eatement int\u00e9rieur est en acier inoxydable 304, le milieu est en mousse isolante et la couche ext\u00e9rieure est en PP.<\/p>\n<p><strong>Jolie forme :<\/strong> Cette bo\u00eete \u00e0 lunch chaude isol\u00e9e adopte un design rond, avec une apparence simple et \u00e9l\u00e9gante, pour que vous puissiez garder la bonne humeur pendant le repas.<\/p>\n<p><strong>Bonne \u00e9tanch\u00e9it\u00e9 :<\/strong> Cette bo\u00eete-repas isotherme est dot\u00e9e d'un anneau en silicone int\u00e9gr\u00e9 et offre une bonne \u00e9tanch\u00e9it\u00e9. Les utilisateurs peuvent la transporter en toute confiance sans craindre que son contenu ne se renverse.<\/p>\n<p><strong>Deux styles :<\/strong> Nous proposons deux mod\u00e8les, 800 ml et 1200 ml, pour r\u00e9pondre aux besoins de restauration des diff\u00e9rents utilisateurs.<\/p>\n<p><strong>Service OEM&amp;ODM :<\/strong> En tant que fabricant professionnel de bo\u00eetes \u00e0 lunch, nous fournissons une solution unique de bo\u00eetes \u00e0 lunch personnalis\u00e9es. N'h\u00e9sitez pas \u00e0 nous contacter pour personnaliser votre bo\u00eete \u00e0 lunch exclusive.<\/p>\n<p>&nbsp;<\/p>","protected":false},"featured_media":8944,"comment_status":"closed","ping_status":"closed","template":"","meta":[],"product_cat":[58],"product_tag":[86,91],"class_list":{"0":"post-5338","1":"product","2":"type-product","3":"status-publish","4":"has-post-thumbnail","6":"product_cat-lunch-box-wholesale","7":"product_tag-wholesale-insulated-lunch-box","8":"product_tag-wholesale-round-lunch-box","10":"first","11":"instock","12":"shipping-taxable","13":"product-type-simple"},"_links":{"self":[{"href":"https:\/\/moyahousehold.com\/fr\/wp-json\/wp\/v2\/product\/5338","targetHints":{"allow":["GET"]}}],"collection":[{"href":"https:\/\/moyahousehold.com\/fr\/wp-json\/wp\/v2\/product"}],"about":[{"href":"https:\/\/moyahousehold.com\/fr\/wp-json\/wp\/v2\/types\/product"}],"replies":[{"embeddable":true,"href":"https:\/\/moyahousehold.com\/fr\/wp-json\/wp\/v2\/comments?post=5338"}],"version-history":[{"count":0,"href":"https:\/\/moyahousehold.com\/fr\/wp-json\/wp\/v2\/product\/5338\/revisions"}],"wp:featuredmedia":[{"embeddable":true,"href":"https:\/\/moyahousehold.com\/fr\/wp-json\/wp\/v2\/media\/8944"}],"wp:attachment":[{"href":"https:\/\/moyahousehold.com\/fr\/wp-json\/wp\/v2\/media?parent=5338"}],"wp:term":[{"taxonomy":"product_cat","embeddable":true,"href":"https:\/\/moyahousehold.com\/fr\/wp-json\/wp\/v2\/product_cat?post=5338"},{"taxonomy":"product_tag","embeddable":true,"href":"https:\/\/moyahousehold.com\/fr\/wp-json\/wp\/v2\/product_tag?post=5338"}],"curies":[{"name":"wp","href":"https:\/\/api.w.org\/{rel}","templated":true}]}}