{"id":5360,"date":"2024-06-08T01:05:00","date_gmt":"2024-06-08T01:05:00","guid":{"rendered":"https:\/\/moyahousehold.com\/?post_type=product&#038;p=5360"},"modified":"2025-04-22T09:56:59","modified_gmt":"2025-04-22T09:56:59","slug":"stackable-round-lunch-box-wholesale","status":"publish","type":"product","link":"https:\/\/moyahousehold.com\/fr\/produit\/stackable-round-lunch-box-wholesale\/","title":{"rendered":"Bo\u00eete \u00e0 lunch ronde empilable Wholesale : \u00c9tanch\u00e9it\u00e9 et conservation durable de la chaleur"},"content":{"rendered":"<h2 class=\"wp-block-heading\">Param\u00e8tres de la bo\u00eete \u00e0 lunch ronde empilable<\/h2>\n\n\n\n<p><strong>mat\u00e9riel :<\/strong>316 + PP <strong> couleur :<\/strong>Beige\/Kaki\/Blanc\/Jaune<\/p>\n\n\n\n<figure class=\"wp-block-table\"><table><tbody><tr><td>Num\u00e9ro de mod\u00e8le<\/td><td>capacit\u00e9<\/td><td>Taille du produit<\/td><td>Taille de la bo\u00eete ext\u00e9rieure<\/td><td>Quantit\u00e9 par caisse<\/td><td>N.W<\/td><td>G.W\/Case<\/td><\/tr><tr><td>MYJD108<\/td><td>400ML<\/td><td>11.8*11.8*6.5<\/td><td>61*49*34<\/td><td>100<\/td><td>0.17<\/td><td>19.07<\/td><\/tr><tr><td>MYJD109<\/td><td>600ML<\/td><td>11.8*11.8*8.5<\/td><td>61*49*36<\/td><td>80<\/td><td>0.2<\/td><td>17.58<\/td><\/tr><\/tbody><\/table><\/figure>\n\n\n\n<h3 class=\"wp-block-heading\">Bo\u00eete \u00e0 lunch personnalis\u00e9e Options<\/h3>\n\n\n\n<p><strong>Logo : <\/strong>Personnalisez le logo de votre marque sur les bo\u00eetes \u00e0 bento et les emballages.<br><strong>Options de logo :<\/strong> logo imprim\u00e9, logo grav\u00e9 au laser, etc.<br><strong>Mod\u00e8le : <\/strong>motifs d'impression <br><strong>Technologie d'impression : <\/strong>impression par transfert d'eau, impression par s\u00e9rigraphie, impression par transfert thermique, transfert par sublimation, etc.<br><strong>Emballage : <\/strong>bo\u00eete \u00e0 couleurs<br><a href=\"https:\/\/moyahousehold.com\/fr\/solution-personnalisee\/\"><strong>En savoir plus sur les solutions de bo\u00eetes \u00e0 bento personnalis\u00e9es<\/strong><\/a><\/p>\n\n\n\n<div class=\"wp-block-columns is-layout-flex wp-container-core-columns-is-layout-9d6595d7 wp-block-columns-is-layout-flex\">\n<div class=\"wp-block-column is-layout-flow wp-block-column-is-layout-flow\">\n<figure class=\"wp-block-image size-full\"><img fetchpriority=\"high\" decoding=\"async\" width=\"1500\" height=\"1500\" src=\"https:\/\/moyahousehold.com\/wp-content\/uploads\/2024\/06\/Macaron-color-round-bento-box.jpg\" alt=\"Bo\u00eete \u00e0 bento ronde couleur macaron\" class=\"wp-image-8909\" srcset=\"https:\/\/moyahousehold.com\/wp-content\/uploads\/2024\/06\/Macaron-color-round-bento-box.jpg 1500w, https:\/\/moyahousehold.com\/wp-content\/uploads\/2024\/06\/Macaron-color-round-bento-box-300x300.jpg 300w, https:\/\/moyahousehold.com\/wp-content\/uploads\/2024\/06\/Macaron-color-round-bento-box-150x150.jpg 150w, https:\/\/moyahousehold.com\/wp-content\/uploads\/2024\/06\/Macaron-color-round-bento-box-768x768.jpg 768w, https:\/\/moyahousehold.com\/wp-content\/uploads\/2024\/06\/Macaron-color-round-bento-box-12x12.jpg 12w, https:\/\/moyahousehold.com\/wp-content\/uploads\/2024\/06\/Macaron-color-round-bento-box-285x285.jpg 285w, https:\/\/moyahousehold.com\/wp-content\/uploads\/2024\/06\/Macaron-color-round-bento-box-270x270.jpg 270w, https:\/\/moyahousehold.com\/wp-content\/uploads\/2024\/06\/Macaron-color-round-bento-box-540x540.jpg 540w, https:\/\/moyahousehold.com\/wp-content\/uploads\/2024\/06\/Macaron-color-round-bento-box-660x660.jpg 660w\" sizes=\"(max-width: 1500px) 100vw, 1500px\" \/><\/figure>\n<\/div>\n\n\n\n<div class=\"wp-block-column is-layout-flow wp-block-column-is-layout-flow\">\n<figure class=\"wp-block-image size-full\"><img decoding=\"async\" width=\"1500\" height=\"1500\" src=\"https:\/\/moyahousehold.com\/wp-content\/uploads\/2024\/06\/cute-round-bento-box-display-2.jpg\" alt=\"pr\u00e9sentoir de bo\u00eetes \u00e0 bento rondes mignonnes (2)\" class=\"wp-image-8903\" srcset=\"https:\/\/moyahousehold.com\/wp-content\/uploads\/2024\/06\/cute-round-bento-box-display-2.jpg 1500w, https:\/\/moyahousehold.com\/wp-content\/uploads\/2024\/06\/cute-round-bento-box-display-2-300x300.jpg 300w, https:\/\/moyahousehold.com\/wp-content\/uploads\/2024\/06\/cute-round-bento-box-display-2-150x150.jpg 150w, https:\/\/moyahousehold.com\/wp-content\/uploads\/2024\/06\/cute-round-bento-box-display-2-768x768.jpg 768w, https:\/\/moyahousehold.com\/wp-content\/uploads\/2024\/06\/cute-round-bento-box-display-2-12x12.jpg 12w, https:\/\/moyahousehold.com\/wp-content\/uploads\/2024\/06\/cute-round-bento-box-display-2-285x285.jpg 285w, https:\/\/moyahousehold.com\/wp-content\/uploads\/2024\/06\/cute-round-bento-box-display-2-270x270.jpg 270w, https:\/\/moyahousehold.com\/wp-content\/uploads\/2024\/06\/cute-round-bento-box-display-2-540x540.jpg 540w, https:\/\/moyahousehold.com\/wp-content\/uploads\/2024\/06\/cute-round-bento-box-display-2-660x660.jpg 660w\" sizes=\"(max-width: 1500px) 100vw, 1500px\" \/><\/figure>\n<\/div>\n<\/div>\n\n\n\n<div class=\"wp-block-columns is-layout-flex wp-container-core-columns-is-layout-9d6595d7 wp-block-columns-is-layout-flex\">\n<div class=\"wp-block-column is-layout-flow wp-block-column-is-layout-flow\">\n<figure class=\"wp-block-image size-full\"><img decoding=\"async\" width=\"1500\" height=\"1500\" src=\"https:\/\/moyahousehold.com\/wp-content\/uploads\/2024\/06\/White-round-bento-box.jpg\" alt=\"Bo\u00eete \u00e0 bento ronde blanche\" class=\"wp-image-8912\" srcset=\"https:\/\/moyahousehold.com\/wp-content\/uploads\/2024\/06\/White-round-bento-box.jpg 1500w, https:\/\/moyahousehold.com\/wp-content\/uploads\/2024\/06\/White-round-bento-box-300x300.jpg 300w, https:\/\/moyahousehold.com\/wp-content\/uploads\/2024\/06\/White-round-bento-box-150x150.jpg 150w, https:\/\/moyahousehold.com\/wp-content\/uploads\/2024\/06\/White-round-bento-box-768x768.jpg 768w, https:\/\/moyahousehold.com\/wp-content\/uploads\/2024\/06\/White-round-bento-box-12x12.jpg 12w, https:\/\/moyahousehold.com\/wp-content\/uploads\/2024\/06\/White-round-bento-box-285x285.jpg 285w, https:\/\/moyahousehold.com\/wp-content\/uploads\/2024\/06\/White-round-bento-box-270x270.jpg 270w, https:\/\/moyahousehold.com\/wp-content\/uploads\/2024\/06\/White-round-bento-box-540x540.jpg 540w, https:\/\/moyahousehold.com\/wp-content\/uploads\/2024\/06\/White-round-bento-box-660x660.jpg 660w\" sizes=\"(max-width: 1500px) 100vw, 1500px\" \/><\/figure>\n<\/div>\n\n\n\n<div class=\"wp-block-column is-layout-flow wp-block-column-is-layout-flow\">\n<figure class=\"wp-block-image size-full\"><img loading=\"lazy\" decoding=\"async\" width=\"1500\" height=\"1500\" src=\"https:\/\/moyahousehold.com\/wp-content\/uploads\/2024\/06\/cute-round-bento-box-display-1.jpg\" alt=\"pr\u00e9sentoir de bo\u00eetes \u00e0 bento rondes mignonnes (1)\" class=\"wp-image-8902\" srcset=\"https:\/\/moyahousehold.com\/wp-content\/uploads\/2024\/06\/cute-round-bento-box-display-1.jpg 1500w, https:\/\/moyahousehold.com\/wp-content\/uploads\/2024\/06\/cute-round-bento-box-display-1-300x300.jpg 300w, https:\/\/moyahousehold.com\/wp-content\/uploads\/2024\/06\/cute-round-bento-box-display-1-150x150.jpg 150w, https:\/\/moyahousehold.com\/wp-content\/uploads\/2024\/06\/cute-round-bento-box-display-1-768x768.jpg 768w, https:\/\/moyahousehold.com\/wp-content\/uploads\/2024\/06\/cute-round-bento-box-display-1-12x12.jpg 12w, https:\/\/moyahousehold.com\/wp-content\/uploads\/2024\/06\/cute-round-bento-box-display-1-285x285.jpg 285w, https:\/\/moyahousehold.com\/wp-content\/uploads\/2024\/06\/cute-round-bento-box-display-1-270x270.jpg 270w, https:\/\/moyahousehold.com\/wp-content\/uploads\/2024\/06\/cute-round-bento-box-display-1-540x540.jpg 540w, https:\/\/moyahousehold.com\/wp-content\/uploads\/2024\/06\/cute-round-bento-box-display-1-660x660.jpg 660w\" sizes=\"(max-width: 1500px) 100vw, 1500px\" \/><\/figure>\n<\/div>\n<\/div>","protected":false},"excerpt":{"rendered":"<p>Bo\u00eete \u00e0 lunch ronde empilable en gros. Cette bo\u00eete \u00e0 lunch ronde isol\u00e9e de couleur macaron n'est pas seulement \u00e9l\u00e9gante, mais elle a aussi un bon effet de conservation de la chaleur, qui peut garder les aliments au chaud pendant 8 \u00e0 10 heures. Elle est fabriqu\u00e9e en acier de qualit\u00e9 m\u00e9dicale 316, qui est non seulement plus durable, mais qui prot\u00e8ge \u00e9galement mieux votre sant\u00e9. Nous fournissons non seulement un service de vente en gros de bo\u00eetes \u00e0 lunch, mais aussi des solutions professionnelles de bo\u00eetes \u00e0 lunch personnalis\u00e9es. N'h\u00e9sitez pas \u00e0 nous contacter.<\/p>\n<h3>Caract\u00e9ristiques et avantages de la bo\u00eete \u00e0 lunch ronde empilable<\/h3>\n<p><strong>A la mode et mignon<\/strong>La couleur des macarons est \u00e0 la mode, le design est rond et mignon, simple et plein de vitalit\u00e9.<\/p>\n<p><strong>Conception empilable :<\/strong> La bo\u00eete \u00e0 lunch adopte un design empilable, ce qui permet de l'empiler facilement et d'\u00e9conomiser de l'espace de stockage.<\/p>\n<p><strong>L\u00e9ger et pratique :<\/strong> Petit et l\u00e9ger, facile \u00e0 transporter, convient \u00e0 diverses occasions, peut \u00eatre utilis\u00e9 pour sortir, travailler, faire du sport, etc.<\/p>\n<p><strong>Doublure de haute qualit\u00e9 :<\/strong> La doublure de cette jolie bo\u00eete \u00e0 lunch ronde est fabriqu\u00e9e en acier inoxydable 316 de qualit\u00e9 m\u00e9dicale pour garantir la s\u00e9curit\u00e9 et la sant\u00e9 des aliments.<\/p>\n<p><strong>Coque en PP :<\/strong> La coque de la bo\u00eete \u00e0 lunch ronde est en PP double couche, ce qui la rend plus durable et am\u00e9liore l'effet d'isolation pour \u00e9viter que les fluctuations de la temp\u00e9rature ext\u00e9rieure n'affectent la temp\u00e9rature int\u00e9rieure.<\/p>\n<p><strong>Excellent effet d'isolation :<\/strong> adopte la conception de la couche sous vide, ce qui lui conf\u00e8re un excellent effet isolant et permet de conserver efficacement la temp\u00e9rature et les \u00e9l\u00e9ments nutritifs.<\/p>","protected":false},"featured_media":8910,"comment_status":"closed","ping_status":"closed","template":"","meta":[],"product_cat":[58],"product_tag":[86,91],"class_list":{"0":"post-5360","1":"product","2":"type-product","3":"status-publish","4":"has-post-thumbnail","6":"product_cat-lunch-box-wholesale","7":"product_tag-wholesale-insulated-lunch-box","8":"product_tag-wholesale-round-lunch-box","10":"first","11":"instock","12":"shipping-taxable","13":"product-type-simple"},"_links":{"self":[{"href":"https:\/\/moyahousehold.com\/fr\/wp-json\/wp\/v2\/product\/5360","targetHints":{"allow":["GET"]}}],"collection":[{"href":"https:\/\/moyahousehold.com\/fr\/wp-json\/wp\/v2\/product"}],"about":[{"href":"https:\/\/moyahousehold.com\/fr\/wp-json\/wp\/v2\/types\/product"}],"replies":[{"embeddable":true,"href":"https:\/\/moyahousehold.com\/fr\/wp-json\/wp\/v2\/comments?post=5360"}],"version-history":[{"count":0,"href":"https:\/\/moyahousehold.com\/fr\/wp-json\/wp\/v2\/product\/5360\/revisions"}],"wp:featuredmedia":[{"embeddable":true,"href":"https:\/\/moyahousehold.com\/fr\/wp-json\/wp\/v2\/media\/8910"}],"wp:attachment":[{"href":"https:\/\/moyahousehold.com\/fr\/wp-json\/wp\/v2\/media?parent=5360"}],"wp:term":[{"taxonomy":"product_cat","embeddable":true,"href":"https:\/\/moyahousehold.com\/fr\/wp-json\/wp\/v2\/product_cat?post=5360"},{"taxonomy":"product_tag","embeddable":true,"href":"https:\/\/moyahousehold.com\/fr\/wp-json\/wp\/v2\/product_tag?post=5360"}],"curies":[{"name":"wp","href":"https:\/\/api.w.org\/{rel}","templated":true}]}}