{"id":5390,"date":"2024-06-08T01:41:29","date_gmt":"2024-06-08T01:41:29","guid":{"rendered":"https:\/\/moyahousehold.com\/?post_type=product&#038;p=5390"},"modified":"2025-02-05T10:12:02","modified_gmt":"2025-02-05T10:12:02","slug":"factory-direct-airtight-tea-containers","status":"publish","type":"product","link":"https:\/\/moyahousehold.com\/fr\/produit\/factory-direct-airtight-tea-containers\/","title":{"rendered":"Contenants \u00e0 th\u00e9 herm\u00e9tiques Factory Direct\u3001Coffee Bean Storage Containers"},"content":{"rendered":"<h3 class=\"wp-block-heading\">Param\u00e8tres des conteneurs herm\u00e9tiques en acier inoxydable<\/h3>\n\n\n\n<p><strong>mat\u00e9riel :<\/strong>304 + PP <strong> couleur :<\/strong>Rose\/vert\/beige\/acier<\/p>\n\n\n\n<figure class=\"wp-block-table\"><table><tbody><tr><td>Num\u00e9ro de mod\u00e8le<\/td><td>capacit\u00e9<\/td><td>Taille du produit<\/td><td>Taille de la bo\u00eete ext\u00e9rieure<\/td><td>Quantit\u00e9 par caisse<\/td><td>N.W<\/td><td>G.W\/Case<\/td><\/tr><tr><td>MYHL001<\/td><td>750ml<\/td><td>14.3*14.3*9.3<\/td><td>62*35*62<\/td><td>48<\/td><td>0.32<\/td><td>17.36<\/td><\/tr><tr><td>MYHL002<\/td><td>1100ml<\/td><td>14.3*14.3*11.7<\/td><td>62*41*62<\/td><td>48<\/td><td>0.35<\/td><td>18.8<\/td><\/tr><tr><td>MYHL003<\/td><td>1600ml<\/td><td>14.3*14.3*14.7<\/td><td>62*49*62<\/td><td>48<\/td><td>0.4<\/td><td>21.2<\/td><\/tr><\/tbody><\/table><\/figure>\n\n\n\n<h3 class=\"wp-block-heading\">Options de bo\u00eetes \u00e0 th\u00e9 herm\u00e9tiques personnalis\u00e9es<\/h3>\n\n\n\n<p><strong>Logo<\/strong>: personnalisez le logo de votre marque sur les contenants et emballages alimentaires.<br><strong>Options du logo<\/strong>logo imprim\u00e9, logo grav\u00e9 au laser, etc.<br><strong>Mod\u00e8le<\/strong>: motifs d'impression <br><strong>Technologie d'impression<\/strong>Les techniques utilis\u00e9es sont les suivantes : impression par transfert d'eau, impression par s\u00e9rigraphie, impression par transfert de chaleur, transfert par sublimation, etc.<br><strong>Paquet<\/strong>:color box<br><a href=\"https:\/\/moyahousehold.com\/fr\/solution-personnalisee\/\"><strong>D\u00e9couvrez d'autres solutions de conteneurs alimentaires personnalis\u00e9s.<\/strong><\/a><\/p>\n\n\n\n<div class=\"wp-block-columns is-layout-flex wp-container-core-columns-is-layout-9d6595d7 wp-block-columns-is-layout-flex\">\n<div class=\"wp-block-column is-layout-flow wp-block-column-is-layout-flow\">\n<figure class=\"wp-block-image size-full\"><img fetchpriority=\"high\" decoding=\"async\" width=\"1500\" height=\"1500\" src=\"https:\/\/moyahousehold.com\/wp-content\/uploads\/2024\/06\/stainless-steel-airtight-container-display-1.jpg\" alt=\"pr\u00e9sentoir pour conteneurs herm\u00e9tiques en acier inoxydable (1)\" class=\"wp-image-9120\" srcset=\"https:\/\/moyahousehold.com\/wp-content\/uploads\/2024\/06\/stainless-steel-airtight-container-display-1.jpg 1500w, https:\/\/moyahousehold.com\/wp-content\/uploads\/2024\/06\/stainless-steel-airtight-container-display-1-300x300.jpg 300w, https:\/\/moyahousehold.com\/wp-content\/uploads\/2024\/06\/stainless-steel-airtight-container-display-1-150x150.jpg 150w, https:\/\/moyahousehold.com\/wp-content\/uploads\/2024\/06\/stainless-steel-airtight-container-display-1-768x768.jpg 768w, https:\/\/moyahousehold.com\/wp-content\/uploads\/2024\/06\/stainless-steel-airtight-container-display-1-12x12.jpg 12w, https:\/\/moyahousehold.com\/wp-content\/uploads\/2024\/06\/stainless-steel-airtight-container-display-1-285x285.jpg 285w, https:\/\/moyahousehold.com\/wp-content\/uploads\/2024\/06\/stainless-steel-airtight-container-display-1-270x270.jpg 270w, https:\/\/moyahousehold.com\/wp-content\/uploads\/2024\/06\/stainless-steel-airtight-container-display-1-540x540.jpg 540w, https:\/\/moyahousehold.com\/wp-content\/uploads\/2024\/06\/stainless-steel-airtight-container-display-1-660x660.jpg 660w\" sizes=\"(max-width: 1500px) 100vw, 1500px\" \/><\/figure>\n<\/div>\n\n\n\n<div class=\"wp-block-column is-layout-flow wp-block-column-is-layout-flow\">\n<figure class=\"wp-block-image size-full\"><img decoding=\"async\" width=\"1500\" height=\"1500\" src=\"https:\/\/moyahousehold.com\/wp-content\/uploads\/2024\/06\/stainless-steel-airtight-container-display-2.jpg\" alt=\"pr\u00e9sentoir pour conteneurs herm\u00e9tiques en acier inoxydable (2)\" class=\"wp-image-9121\" srcset=\"https:\/\/moyahousehold.com\/wp-content\/uploads\/2024\/06\/stainless-steel-airtight-container-display-2.jpg 1500w, https:\/\/moyahousehold.com\/wp-content\/uploads\/2024\/06\/stainless-steel-airtight-container-display-2-300x300.jpg 300w, https:\/\/moyahousehold.com\/wp-content\/uploads\/2024\/06\/stainless-steel-airtight-container-display-2-150x150.jpg 150w, https:\/\/moyahousehold.com\/wp-content\/uploads\/2024\/06\/stainless-steel-airtight-container-display-2-768x768.jpg 768w, https:\/\/moyahousehold.com\/wp-content\/uploads\/2024\/06\/stainless-steel-airtight-container-display-2-12x12.jpg 12w, https:\/\/moyahousehold.com\/wp-content\/uploads\/2024\/06\/stainless-steel-airtight-container-display-2-285x285.jpg 285w, https:\/\/moyahousehold.com\/wp-content\/uploads\/2024\/06\/stainless-steel-airtight-container-display-2-270x270.jpg 270w, https:\/\/moyahousehold.com\/wp-content\/uploads\/2024\/06\/stainless-steel-airtight-container-display-2-540x540.jpg 540w, https:\/\/moyahousehold.com\/wp-content\/uploads\/2024\/06\/stainless-steel-airtight-container-display-2-660x660.jpg 660w\" sizes=\"(max-width: 1500px) 100vw, 1500px\" \/><\/figure>\n<\/div>\n<\/div>\n\n\n\n<p><\/p>","protected":false},"excerpt":{"rendered":"<p>Vente directe en usine de conteneurs scell\u00e9s en acier inoxydable. Ils peuvent \u00eatre utilis\u00e9s pour conserver les feuilles de th\u00e9, les grains de caf\u00e9, le lait en poudre, etc. Le r\u00e9cipient scell\u00e9 pour le th\u00e9 est dot\u00e9 d'un anneau en silicone int\u00e9gr\u00e9 pour \u00e9viter les fuites et garantir la fra\u00eecheur du th\u00e9. Fabriqu\u00e9 en acier inoxydable de qualit\u00e9 alimentaire, il pr\u00e9sente une excellente r\u00e9sistance aux chocs et \u00e0 la corrosion. Nous fournissons des conteneurs scell\u00e9s en acier inoxydable \u00e0 des prix d'usine. N'h\u00e9sitez pas \u00e0 nous contacter pour plus d'informations.<\/p>\n<h3>Caract\u00e9ristiques et avantages du r\u00e9cipient herm\u00e9tique en acier inoxydable<\/h3>\n<p><strong>Polyvalent :<\/strong> Ce r\u00e9cipient herm\u00e9tique en acier inoxydable peut \u00eatre utilis\u00e9 pour conserver du th\u00e9, des grains de caf\u00e9 et d'autres aliments. Il convient parfaitement comme r\u00e9cipient herm\u00e9tique pour le th\u00e9 et les grains de caf\u00e9.<\/p>\n<p><strong>Bonne \u00e9tanch\u00e9it\u00e9 :<\/strong> Ce r\u00e9cipient en acier inoxydable pr\u00e9sente une bonne \u00e9tanch\u00e9it\u00e9, ce qui le rend s\u00fbr pour le stockage, emp\u00eache la poussi\u00e8re et la vapeur d'eau de p\u00e9n\u00e9trer et permet de conserver les aliments propres et secs.<\/p>\n<p><strong>Facile \u00e0 utiliser :<\/strong> Appuyez sur le bouton d'\u00e9chappement pour ouvrir le compartiment de stockage, ce qui est pratique et efficace et vous offre une meilleure exp\u00e9rience.<\/p>\n<p><strong>Sp\u00e9cifications multiples :<\/strong> Nous proposons trois sp\u00e9cifications de conteneurs scell\u00e9s, \u00e0 savoir 750 ml, 1100 ml et 1600 ml, afin que vous puissiez stocker s\u00e9par\u00e9ment diff\u00e9rents types d'aliments.<\/p>\n<p><strong>Service personnalis\u00e9 :<\/strong> En tant que fabricant professionnel de conteneurs alimentaires, MOYA vous propose une solution unique de conteneurs alimentaires en acier inoxydable scell\u00e9s et personnalis\u00e9s.<\/p>","protected":false},"featured_media":9122,"comment_status":"closed","ping_status":"closed","template":"","meta":[],"product_cat":[57],"product_tag":[98],"class_list":{"0":"post-5390","1":"product","2":"type-product","3":"status-publish","4":"has-post-thumbnail","6":"product_cat-food-storage-container-wholesale","7":"product_tag-wholesale-round-food-storage-containers","9":"first","10":"instock","11":"shipping-taxable","12":"product-type-simple"},"_links":{"self":[{"href":"https:\/\/moyahousehold.com\/fr\/wp-json\/wp\/v2\/product\/5390","targetHints":{"allow":["GET"]}}],"collection":[{"href":"https:\/\/moyahousehold.com\/fr\/wp-json\/wp\/v2\/product"}],"about":[{"href":"https:\/\/moyahousehold.com\/fr\/wp-json\/wp\/v2\/types\/product"}],"replies":[{"embeddable":true,"href":"https:\/\/moyahousehold.com\/fr\/wp-json\/wp\/v2\/comments?post=5390"}],"version-history":[{"count":0,"href":"https:\/\/moyahousehold.com\/fr\/wp-json\/wp\/v2\/product\/5390\/revisions"}],"wp:featuredmedia":[{"embeddable":true,"href":"https:\/\/moyahousehold.com\/fr\/wp-json\/wp\/v2\/media\/9122"}],"wp:attachment":[{"href":"https:\/\/moyahousehold.com\/fr\/wp-json\/wp\/v2\/media?parent=5390"}],"wp:term":[{"taxonomy":"product_cat","embeddable":true,"href":"https:\/\/moyahousehold.com\/fr\/wp-json\/wp\/v2\/product_cat?post=5390"},{"taxonomy":"product_tag","embeddable":true,"href":"https:\/\/moyahousehold.com\/fr\/wp-json\/wp\/v2\/product_tag?post=5390"}],"curies":[{"name":"wp","href":"https:\/\/api.w.org\/{rel}","templated":true}]}}