{"id":5425,"date":"2024-06-08T03:10:29","date_gmt":"2024-06-08T03:10:29","guid":{"rendered":"https:\/\/moyahousehold.com\/?post_type=product&#038;p=5425"},"modified":"2025-02-05T08:37:31","modified_gmt":"2025-02-05T08:37:31","slug":"portable-thermal-lunch-box-wholesale","status":"publish","type":"product","link":"https:\/\/moyahousehold.com\/fr\/produit\/portable-thermal-lunch-box-wholesale\/","title":{"rendered":"Bo\u00eete \u00e0 lunch thermique portative avec poign\u00e9e s\u00e9curis\u00e9e pour un transport facile"},"content":{"rendered":"<h3 class=\"wp-block-heading\">Param\u00e8tres de la bo\u00eete \u00e0 lunch thermique portable<\/h3>\n\n\n\n<p><strong>mat\u00e9riel :<\/strong>304 + PP <strong> couleur :<\/strong>Blanc\/Rose\/Vert<\/p>\n\n\n\n<figure class=\"wp-block-table\"><table><tbody><tr><td>Num\u00e9ro de mod\u00e8le<\/td><td>capacit\u00e9<\/td><td>Taille du produit<\/td><td>Taille de la bo\u00eete ext\u00e9rieure<\/td><td>Quantit\u00e9 par caisse<\/td><td>N.W<\/td><td>G.W\/Case<\/td><\/tr><tr><td>MYJJL01<\/td><td>1400ml<br>avec une bo\u00eete profonde<\/td><td>14.5*14.5*16.3<\/td><td>71*35*36<\/td><td>16<\/td><td>0.78<\/td><td>15.68<\/td><\/tr><tr><td>MYJJL02<\/td><td>1800ml<br>avec bo\u00eete en papier<br>\uff08one light&amp;one deep\uff09<\/td><td>14.5*14.5*19.3<\/td><td>70.5*35*47.5<\/td><td>16<\/td><td>1.1<\/td><td>20.8<\/td><\/tr><tr><td>MYJJL03<\/td><td>2200ml<br>avec bo\u00eete en papier<br>\uff08two light&amp;one deep\uff09 (deux lumi\u00e8res et une profondeur)<\/td><td>14.5*14.5*22.5<\/td><td>70.5*35*53.5<\/td><td>16<\/td><td>1.3<\/td><td>24<\/td><\/tr><\/tbody><\/table><\/figure>\n\n\n\n<h3 class=\"wp-block-heading\">Options de bo\u00eetes \u00e0 lunch personnalis\u00e9es<\/h3>\n\n\n\n<p><strong>Logo<\/strong>: personnalisez le logo de votre marque sur les bo\u00eetes \u00e0 lunch et l'emballage.<br><strong>Options du logo<\/strong>logo imprim\u00e9, logo grav\u00e9 au laser, etc.<br><strong>Mod\u00e8le<\/strong>: impression de motifs personnalis\u00e9s sur la bo\u00eete \u00e0 lunch thermique<br><strong>Technologie d'impression<\/strong>Les techniques d'impression sont les suivantes : impression par transfert d'eau, impression par s\u00e9rigraphie, impression par transfert de chaleur, transfert par sublimation, etc.<br><strong>Paquet<\/strong>:color box<br><a href=\"https:\/\/moyahousehold.com\/fr\/solution-personnalisee\/\"><strong>D\u00e9couvrez d'autres solutions de bo\u00eetes \u00e0 lunch personnalis\u00e9es <\/strong><\/a><\/p>\n\n\n\n<div class=\"wp-block-columns is-layout-flex wp-container-core-columns-is-layout-9d6595d7 wp-block-columns-is-layout-flex\">\n<div class=\"wp-block-column is-layout-flow wp-block-column-is-layout-flow\">\n<figure class=\"wp-block-image size-full\"><img fetchpriority=\"high\" decoding=\"async\" width=\"1200\" height=\"1200\" src=\"https:\/\/moyahousehold.com\/wp-content\/uploads\/2024\/06\/Portable-Thermal-Lunch-Box-Display-2.jpg\" alt=\"Pr\u00e9sentoir de bo\u00eete \u00e0 lunch thermique portative (2)\" class=\"wp-image-8931\" srcset=\"https:\/\/moyahousehold.com\/wp-content\/uploads\/2024\/06\/Portable-Thermal-Lunch-Box-Display-2.jpg 1200w, https:\/\/moyahousehold.com\/wp-content\/uploads\/2024\/06\/Portable-Thermal-Lunch-Box-Display-2-300x300.jpg 300w, https:\/\/moyahousehold.com\/wp-content\/uploads\/2024\/06\/Portable-Thermal-Lunch-Box-Display-2-150x150.jpg 150w, https:\/\/moyahousehold.com\/wp-content\/uploads\/2024\/06\/Portable-Thermal-Lunch-Box-Display-2-768x768.jpg 768w, https:\/\/moyahousehold.com\/wp-content\/uploads\/2024\/06\/Portable-Thermal-Lunch-Box-Display-2-12x12.jpg 12w, https:\/\/moyahousehold.com\/wp-content\/uploads\/2024\/06\/Portable-Thermal-Lunch-Box-Display-2-285x285.jpg 285w, https:\/\/moyahousehold.com\/wp-content\/uploads\/2024\/06\/Portable-Thermal-Lunch-Box-Display-2-270x270.jpg 270w, https:\/\/moyahousehold.com\/wp-content\/uploads\/2024\/06\/Portable-Thermal-Lunch-Box-Display-2-540x540.jpg 540w, https:\/\/moyahousehold.com\/wp-content\/uploads\/2024\/06\/Portable-Thermal-Lunch-Box-Display-2-660x660.jpg 660w\" sizes=\"(max-width: 1200px) 100vw, 1200px\" \/><\/figure>\n<\/div>\n\n\n\n<div class=\"wp-block-column is-layout-flow wp-block-column-is-layout-flow\">\n<figure class=\"wp-block-image size-full\"><img decoding=\"async\" width=\"1200\" height=\"1200\" src=\"https:\/\/moyahousehold.com\/wp-content\/uploads\/2024\/06\/Portable-Thermal-Lunch-Box-Display-1.jpg\" alt=\"Pr\u00e9sentoir de bo\u00eete \u00e0 lunch thermique portative (1)\" class=\"wp-image-8930\" srcset=\"https:\/\/moyahousehold.com\/wp-content\/uploads\/2024\/06\/Portable-Thermal-Lunch-Box-Display-1.jpg 1200w, https:\/\/moyahousehold.com\/wp-content\/uploads\/2024\/06\/Portable-Thermal-Lunch-Box-Display-1-300x300.jpg 300w, https:\/\/moyahousehold.com\/wp-content\/uploads\/2024\/06\/Portable-Thermal-Lunch-Box-Display-1-150x150.jpg 150w, https:\/\/moyahousehold.com\/wp-content\/uploads\/2024\/06\/Portable-Thermal-Lunch-Box-Display-1-768x768.jpg 768w, https:\/\/moyahousehold.com\/wp-content\/uploads\/2024\/06\/Portable-Thermal-Lunch-Box-Display-1-12x12.jpg 12w, https:\/\/moyahousehold.com\/wp-content\/uploads\/2024\/06\/Portable-Thermal-Lunch-Box-Display-1-285x285.jpg 285w, https:\/\/moyahousehold.com\/wp-content\/uploads\/2024\/06\/Portable-Thermal-Lunch-Box-Display-1-270x270.jpg 270w, https:\/\/moyahousehold.com\/wp-content\/uploads\/2024\/06\/Portable-Thermal-Lunch-Box-Display-1-540x540.jpg 540w, https:\/\/moyahousehold.com\/wp-content\/uploads\/2024\/06\/Portable-Thermal-Lunch-Box-Display-1-660x660.jpg 660w\" sizes=\"(max-width: 1200px) 100vw, 1200px\" \/><\/figure>\n<\/div>\n<\/div>","protected":false},"excerpt":{"rendered":"<p>Nous fournissons en gros des bo\u00eetes \u00e0 lunch thermiques portables avec poign\u00e9es. La bo\u00eete \u00e0 lunch thermique adopte la technologie du vide \u00e0 double couche, a une capacit\u00e9 de conservation de la chaleur de 8 \u00e0 10 heures, une apparence belle et \u00e0 la mode, et une vari\u00e9t\u00e9 de couleurs peut \u00eatre s\u00e9lectionn\u00e9e pour r\u00e9pondre aux pr\u00e9f\u00e9rences des diff\u00e9rents utilisateurs. Elle peut \u00eatre utilis\u00e9e dans de nombreux contextes tels que les bureaux, les \u00e9coles et les activit\u00e9s de plein air. Nous proposons des services personnalis\u00e9s et pouvons ajouter des logos de marque ou choisir des couleurs exclusives en fonction des besoins. Contactez-nous pour un devis.<\/p>\n<h3>Caract\u00e9ristiques de la bo\u00eete \u00e0 lunch thermique portable<\/h3>\n<p><strong>Acier inoxydable 304 de haute qualit\u00e9 :<\/strong> La bo\u00eete \u00e0 lunch thermique portable est fabriqu\u00e9e en acier inoxydable 304 de qualit\u00e9 alimentaire, qui est durable, peut \u00eatre utilis\u00e9 pendant longtemps et n'est pas facile \u00e0 d\u00e9former ou \u00e0 endommager.<\/p>\n<p><strong>Bon effet d'isolation :<\/strong> La bo\u00eete \u00e0 lunch adopte une structure sous vide \u00e0 double couche, qui peut garder la chaleur pendant 8 \u00e0 10 heures. M\u00eame si vous participez \u00e0 de longues activit\u00e9s de plein air, cette bo\u00eete \u00e0 lunch peut vous fournir des repas chauds.<\/p>\n<p><strong>Conception \u00e9tanche :<\/strong> Le mat\u00e9riau en silicone est doux et durable, et peut s'adapter \u00e9troitement \u00e0 l'interface entre le couvercle et la bo\u00eete \u00e0 lunch pour \u00e9viter les fuites d'odeurs ou le m\u00e9lange des aliments.<\/p>\n<p><strong>Fond antid\u00e9rapant :<\/strong> Le fond de la bo\u00eete \u00e0 lunch thermique adopte un design antid\u00e9rapant sp\u00e9cial. Ce mat\u00e9riau permet d'augmenter consid\u00e9rablement la friction de la bo\u00eete \u00e0 lunch sur diff\u00e9rentes surfaces, et elle peut \u00eatre plac\u00e9e fermement m\u00eame sur une table lisse.<\/p>\n<p><strong>Service de bo\u00eetes \u00e0 lunch en gros :<\/strong> En tant que fabricant professionnel de bo\u00eetes \u00e0 lunch, nous fournissons des bo\u00eetes \u00e0 lunch en gros aux entreprises et aux commer\u00e7ants du monde entier. Nos services couvrent le processus de personnalisation, de production et de transport afin de vous garantir la meilleure exp\u00e9rience.<\/p>","protected":false},"featured_media":8920,"comment_status":"closed","ping_status":"closed","template":"","meta":[],"product_cat":[58],"product_tag":[89,90,86,91],"class_list":{"0":"post-5425","1":"product","2":"type-product","3":"status-publish","4":"has-post-thumbnail","6":"product_cat-lunch-box-wholesale","7":"product_tag-wholesale-3-layer-lunch-box","8":"product_tag-wholesale-double-layer-lunch-box","9":"product_tag-wholesale-insulated-lunch-box","10":"product_tag-wholesale-round-lunch-box","12":"first","13":"instock","14":"shipping-taxable","15":"product-type-simple"},"_links":{"self":[{"href":"https:\/\/moyahousehold.com\/fr\/wp-json\/wp\/v2\/product\/5425","targetHints":{"allow":["GET"]}}],"collection":[{"href":"https:\/\/moyahousehold.com\/fr\/wp-json\/wp\/v2\/product"}],"about":[{"href":"https:\/\/moyahousehold.com\/fr\/wp-json\/wp\/v2\/types\/product"}],"replies":[{"embeddable":true,"href":"https:\/\/moyahousehold.com\/fr\/wp-json\/wp\/v2\/comments?post=5425"}],"version-history":[{"count":0,"href":"https:\/\/moyahousehold.com\/fr\/wp-json\/wp\/v2\/product\/5425\/revisions"}],"wp:featuredmedia":[{"embeddable":true,"href":"https:\/\/moyahousehold.com\/fr\/wp-json\/wp\/v2\/media\/8920"}],"wp:attachment":[{"href":"https:\/\/moyahousehold.com\/fr\/wp-json\/wp\/v2\/media?parent=5425"}],"wp:term":[{"taxonomy":"product_cat","embeddable":true,"href":"https:\/\/moyahousehold.com\/fr\/wp-json\/wp\/v2\/product_cat?post=5425"},{"taxonomy":"product_tag","embeddable":true,"href":"https:\/\/moyahousehold.com\/fr\/wp-json\/wp\/v2\/product_tag?post=5425"}],"curies":[{"name":"wp","href":"https:\/\/api.w.org\/{rel}","templated":true}]}}