{"id":5469,"date":"2024-06-08T03:58:35","date_gmt":"2024-06-08T03:58:35","guid":{"rendered":"https:\/\/moyahousehold.com\/?post_type=product&#038;p=5469"},"modified":"2025-02-05T08:37:16","modified_gmt":"2025-02-05T08:37:16","slug":"bulk-insulated-lunch-boxes-wholesale","status":"publish","type":"product","link":"https:\/\/moyahousehold.com\/fr\/produit\/bulk-insulated-lunch-boxes-wholesale\/","title":{"rendered":"Bo\u00eete \u00e0 lunch isol\u00e9e en acier inoxydable en vrac Wholesale"},"content":{"rendered":"<h2 class=\"wp-block-heading\">Param\u00e8tres de la bo\u00eete \u00e0 lunch isol\u00e9e en acier inoxydable <\/h2>\n\n\n\n<p><strong>mat\u00e9riel :<\/strong>304 + PP <strong> couleur :<\/strong>Acier\/Noir\/Beige<\/p>\n\n\n\n<figure class=\"wp-block-table\"><table><tbody><tr><td>Num\u00e9ro de mod\u00e8le<\/td><td>capacit\u00e9<\/td><td>Taille du produit<\/td><td>Taille de la bo\u00eete ext\u00e9rieure<\/td><td>Quantit\u00e9 par caisse<\/td><td>N.W<\/td><td>G.W\/Case<\/td><\/tr><tr><td>MYJJL04<\/td><td>1400ml<br>avec une lumi\u00e8re et une bo\u00eete profonde<\/td><td>14.5*14.5*16.3<\/td><td>71*35*36<\/td><td>16<\/td><td>0.78<\/td><td>15.68<\/td><\/tr><tr><td>MYJJL05<\/td><td>1800ml<br>avec bo\u00eete en papier<br>\uff08two deep boxes\uff09 (deux bo\u00eetes profondes)<\/td><td>14.5*14.5*19.3<\/td><td>70.5*35*47.5<\/td><td>16<\/td><td>1.1<\/td><td>20.8<\/td><\/tr><tr><td>MYJJL06<\/td><td>2200ml<br>avec bo\u00eete en papier<br>\uff08two light&amp;one deep\uff09 (deux lumi\u00e8res et une profondeur)<\/td><td>14.5*14.5*22.5<\/td><td>70.5*35*53.5<\/td><td>16<\/td><td>1.3<\/td><td>24<\/td><\/tr><\/tbody><\/table><\/figure>\n\n\n\n<h3 class=\"wp-block-heading\">Options de bo\u00eetes \u00e0 lunch personnalis\u00e9es en acier inoxydable<\/h3>\n\n\n\n<p><strong>Logo<\/strong>: personnalisez le logo de votre marque sur les bo\u00eetes \u00e0 lunch et l'emballage.<br><strong>Options du logo<\/strong>logo imprim\u00e9, logo grav\u00e9 au laser, etc.<br><strong>Mod\u00e8le<\/strong>: Mod\u00e8les d'impression <br><strong>Technologie d'impression<\/strong>Les techniques d'impression sont les suivantes : impression par transfert d'eau, impression par s\u00e9rigraphie, impression par transfert de chaleur, transfert par sublimation, etc.<br><strong>Emballage :<\/strong> bo\u00eete \u00e0 couleurs<br><a href=\"https:\/\/moyahousehold.com\/fr\/solution-personnalisee\/\"><strong>En savoir plus sur les bo\u00eetes \u00e0 lunch personnalis\u00e9es<\/strong><\/a><\/p>\n\n\n\n<div class=\"wp-block-columns is-layout-flex wp-container-core-columns-is-layout-9d6595d7 wp-block-columns-is-layout-flex\">\n<div class=\"wp-block-column is-layout-flow wp-block-column-is-layout-flow\">\n<figure class=\"wp-block-image size-full\"><img fetchpriority=\"high\" decoding=\"async\" width=\"3284\" height=\"3284\" src=\"https:\/\/moyahousehold.com\/wp-content\/uploads\/2024\/06\/Wholesale-Insulated-Stainless-Steel-Lunch-Box-1.webp\" alt=\"Bo\u00eete \u00e0 lunch isol\u00e9e en acier inoxydable (1)\" class=\"wp-image-8840\" srcset=\"https:\/\/moyahousehold.com\/wp-content\/uploads\/2024\/06\/Wholesale-Insulated-Stainless-Steel-Lunch-Box-1.webp 3284w, https:\/\/moyahousehold.com\/wp-content\/uploads\/2024\/06\/Wholesale-Insulated-Stainless-Steel-Lunch-Box-1-300x300.webp 300w, https:\/\/moyahousehold.com\/wp-content\/uploads\/2024\/06\/Wholesale-Insulated-Stainless-Steel-Lunch-Box-1-150x150.webp 150w, https:\/\/moyahousehold.com\/wp-content\/uploads\/2024\/06\/Wholesale-Insulated-Stainless-Steel-Lunch-Box-1-768x768.webp 768w, https:\/\/moyahousehold.com\/wp-content\/uploads\/2024\/06\/Wholesale-Insulated-Stainless-Steel-Lunch-Box-1-12x12.webp 12w, https:\/\/moyahousehold.com\/wp-content\/uploads\/2024\/06\/Wholesale-Insulated-Stainless-Steel-Lunch-Box-1-285x285.webp 285w, https:\/\/moyahousehold.com\/wp-content\/uploads\/2024\/06\/Wholesale-Insulated-Stainless-Steel-Lunch-Box-1-1600x1600.webp 1600w, https:\/\/moyahousehold.com\/wp-content\/uploads\/2024\/06\/Wholesale-Insulated-Stainless-Steel-Lunch-Box-1-270x270.webp 270w, https:\/\/moyahousehold.com\/wp-content\/uploads\/2024\/06\/Wholesale-Insulated-Stainless-Steel-Lunch-Box-1-540x540.webp 540w, https:\/\/moyahousehold.com\/wp-content\/uploads\/2024\/06\/Wholesale-Insulated-Stainless-Steel-Lunch-Box-1-660x660.webp 660w\" sizes=\"(max-width: 3284px) 100vw, 3284px\" \/><\/figure>\n<\/div>\n\n\n\n<div class=\"wp-block-column is-layout-flow wp-block-column-is-layout-flow\">\n<figure class=\"wp-block-image size-full\"><img decoding=\"async\" width=\"3284\" height=\"3284\" src=\"https:\/\/moyahousehold.com\/wp-content\/uploads\/2024\/06\/Wholesale-Insulated-Stainless-Steel-Lunch-Box-2.webp\" alt=\"Bo\u00eete \u00e0 lunch isol\u00e9e en acier inoxydable (2)\" class=\"wp-image-8841\" srcset=\"https:\/\/moyahousehold.com\/wp-content\/uploads\/2024\/06\/Wholesale-Insulated-Stainless-Steel-Lunch-Box-2.webp 3284w, https:\/\/moyahousehold.com\/wp-content\/uploads\/2024\/06\/Wholesale-Insulated-Stainless-Steel-Lunch-Box-2-300x300.webp 300w, https:\/\/moyahousehold.com\/wp-content\/uploads\/2024\/06\/Wholesale-Insulated-Stainless-Steel-Lunch-Box-2-150x150.webp 150w, https:\/\/moyahousehold.com\/wp-content\/uploads\/2024\/06\/Wholesale-Insulated-Stainless-Steel-Lunch-Box-2-768x768.webp 768w, https:\/\/moyahousehold.com\/wp-content\/uploads\/2024\/06\/Wholesale-Insulated-Stainless-Steel-Lunch-Box-2-12x12.webp 12w, https:\/\/moyahousehold.com\/wp-content\/uploads\/2024\/06\/Wholesale-Insulated-Stainless-Steel-Lunch-Box-2-285x285.webp 285w, https:\/\/moyahousehold.com\/wp-content\/uploads\/2024\/06\/Wholesale-Insulated-Stainless-Steel-Lunch-Box-2-1600x1600.webp 1600w, https:\/\/moyahousehold.com\/wp-content\/uploads\/2024\/06\/Wholesale-Insulated-Stainless-Steel-Lunch-Box-2-270x270.webp 270w, https:\/\/moyahousehold.com\/wp-content\/uploads\/2024\/06\/Wholesale-Insulated-Stainless-Steel-Lunch-Box-2-540x540.webp 540w, https:\/\/moyahousehold.com\/wp-content\/uploads\/2024\/06\/Wholesale-Insulated-Stainless-Steel-Lunch-Box-2-660x660.webp 660w\" sizes=\"(max-width: 3284px) 100vw, 3284px\" \/><\/figure>\n<\/div>\n<\/div>\n\n\n\n<div class=\"wp-block-columns is-layout-flex wp-container-core-columns-is-layout-9d6595d7 wp-block-columns-is-layout-flex\">\n<div class=\"wp-block-column is-layout-flow wp-block-column-is-layout-flow\">\n<figure class=\"wp-block-image size-full\"><img decoding=\"async\" width=\"3284\" height=\"3284\" src=\"https:\/\/moyahousehold.com\/wp-content\/uploads\/2024\/06\/Wholesale-Insulated-Stainless-Steel-Lunch-Box-3.webp\" alt=\"Bo\u00eete \u00e0 lunch isol\u00e9e en acier inoxydable (3)\" class=\"wp-image-8842\" srcset=\"https:\/\/moyahousehold.com\/wp-content\/uploads\/2024\/06\/Wholesale-Insulated-Stainless-Steel-Lunch-Box-3.webp 3284w, https:\/\/moyahousehold.com\/wp-content\/uploads\/2024\/06\/Wholesale-Insulated-Stainless-Steel-Lunch-Box-3-300x300.webp 300w, https:\/\/moyahousehold.com\/wp-content\/uploads\/2024\/06\/Wholesale-Insulated-Stainless-Steel-Lunch-Box-3-150x150.webp 150w, https:\/\/moyahousehold.com\/wp-content\/uploads\/2024\/06\/Wholesale-Insulated-Stainless-Steel-Lunch-Box-3-768x768.webp 768w, https:\/\/moyahousehold.com\/wp-content\/uploads\/2024\/06\/Wholesale-Insulated-Stainless-Steel-Lunch-Box-3-12x12.webp 12w, https:\/\/moyahousehold.com\/wp-content\/uploads\/2024\/06\/Wholesale-Insulated-Stainless-Steel-Lunch-Box-3-285x285.webp 285w, https:\/\/moyahousehold.com\/wp-content\/uploads\/2024\/06\/Wholesale-Insulated-Stainless-Steel-Lunch-Box-3-1600x1600.webp 1600w, https:\/\/moyahousehold.com\/wp-content\/uploads\/2024\/06\/Wholesale-Insulated-Stainless-Steel-Lunch-Box-3-270x270.webp 270w, https:\/\/moyahousehold.com\/wp-content\/uploads\/2024\/06\/Wholesale-Insulated-Stainless-Steel-Lunch-Box-3-540x540.webp 540w, https:\/\/moyahousehold.com\/wp-content\/uploads\/2024\/06\/Wholesale-Insulated-Stainless-Steel-Lunch-Box-3-660x660.webp 660w\" sizes=\"(max-width: 3284px) 100vw, 3284px\" \/><\/figure>\n<\/div>\n\n\n\n<div class=\"wp-block-column is-layout-flow wp-block-column-is-layout-flow\">\n<figure class=\"wp-block-image size-full\"><img loading=\"lazy\" decoding=\"async\" width=\"3284\" height=\"3284\" src=\"https:\/\/moyahousehold.com\/wp-content\/uploads\/2024\/06\/Wholesale-Insulated-Stainless-Steel-Lunch-Box-4.webp\" alt=\"Bo\u00eete \u00e0 lunch isol\u00e9e en acier inoxydable (4)\" class=\"wp-image-8843\" srcset=\"https:\/\/moyahousehold.com\/wp-content\/uploads\/2024\/06\/Wholesale-Insulated-Stainless-Steel-Lunch-Box-4.webp 3284w, https:\/\/moyahousehold.com\/wp-content\/uploads\/2024\/06\/Wholesale-Insulated-Stainless-Steel-Lunch-Box-4-300x300.webp 300w, https:\/\/moyahousehold.com\/wp-content\/uploads\/2024\/06\/Wholesale-Insulated-Stainless-Steel-Lunch-Box-4-150x150.webp 150w, https:\/\/moyahousehold.com\/wp-content\/uploads\/2024\/06\/Wholesale-Insulated-Stainless-Steel-Lunch-Box-4-768x768.webp 768w, https:\/\/moyahousehold.com\/wp-content\/uploads\/2024\/06\/Wholesale-Insulated-Stainless-Steel-Lunch-Box-4-12x12.webp 12w, https:\/\/moyahousehold.com\/wp-content\/uploads\/2024\/06\/Wholesale-Insulated-Stainless-Steel-Lunch-Box-4-285x285.webp 285w, https:\/\/moyahousehold.com\/wp-content\/uploads\/2024\/06\/Wholesale-Insulated-Stainless-Steel-Lunch-Box-4-1600x1600.webp 1600w, https:\/\/moyahousehold.com\/wp-content\/uploads\/2024\/06\/Wholesale-Insulated-Stainless-Steel-Lunch-Box-4-270x270.webp 270w, https:\/\/moyahousehold.com\/wp-content\/uploads\/2024\/06\/Wholesale-Insulated-Stainless-Steel-Lunch-Box-4-540x540.webp 540w, https:\/\/moyahousehold.com\/wp-content\/uploads\/2024\/06\/Wholesale-Insulated-Stainless-Steel-Lunch-Box-4-660x660.webp 660w\" sizes=\"(max-width: 3284px) 100vw, 3284px\" \/><\/figure>\n<\/div>\n<\/div>\n\n\n\n<p><\/p>","protected":false},"excerpt":{"rendered":"<p>Nos bo\u00eetes \u00e0 lunch en gros sont con\u00e7ues avec une couche de vide, qui a un effet d'isolation \u00e0 long terme, de sorte que les repas conservent la meilleure temp\u00e9rature et le meilleur go\u00fbt, convenant \u00e0 de nombreuses occasions telles que le bureau, l'\u00e9cole, les activit\u00e9s de plein air, etc. En tant que fabricant de bo\u00eetes \u00e0 lunch, nous vous fournissons des bo\u00eetes \u00e0 lunch en vrac \u00e0 des prix d'usine, n'h\u00e9sitez pas \u00e0 nous contacter.<\/p>\n<h3>Caract\u00e9ristiques de la bo\u00eete \u00e0 lunch isol\u00e9e en acier inoxydable<\/h3>\n<p><strong>Conception de la couche sous vide :<\/strong> Cette bo\u00eete \u00e0 lunch isotherme en acier inoxydable adopte une conception \u00e0 couche sous vide, qui pr\u00e9sente d'excellentes performances d'isolation et peut maintenir efficacement la temp\u00e9rature des aliments pendant 8 \u00e0 10 heures, permettant ainsi aux utilisateurs de d\u00e9guster des plats chauds \u00e0 tout moment.<\/p>\n<p><strong>Conception multicouche :<\/strong> Cette bo\u00eete \u00e0 lunch isol\u00e9e en acier inoxydable poss\u00e8de plusieurs couches de stockage ind\u00e9pendantes, avec un design exquis, qui permet de s\u00e9parer facilement diff\u00e9rents types d'aliments.<\/p>\n<p><strong>Bonne \u00e9tanch\u00e9it\u00e9 :<\/strong> Cette bo\u00eete \u00e0 lunch isotherme en acier inoxydable est dot\u00e9e d'un anneau d'\u00e9tanch\u00e9it\u00e9 en silicone de haute qualit\u00e9 int\u00e9gr\u00e9, offrant d'excellentes performances en mati\u00e8re d'\u00e9tanch\u00e9it\u00e9. Elle peut \u00e9galement \u00eatre utilis\u00e9e en toute confiance pour transporter des soupes.<\/p>\n<p><strong>Base antid\u00e9rapante :<\/strong> La base antid\u00e9rapante sp\u00e9cialement con\u00e7ue augmente la stabilit\u00e9 de la bo\u00eete \u00e0 lunch, qui peut rester stable m\u00eame lorsqu'elle est plac\u00e9e sur une table en verre.<\/p>\n<p><strong>Poign\u00e9e confortable :<\/strong> La configuration est confortable et la poign\u00e9e durable pour r\u00e9duire la charge, ce qui la rend tr\u00e8s pratique pour vous.<\/p>\n<p><strong>Bo\u00eetes \u00e0 lunch en gros :<\/strong> Nous proposons des bo\u00eetes \u00e0 lunch en vrac pour la vente en gros, adapt\u00e9es aux entreprises pour la personnalisation et l'achat en vrac.<\/p>\n<p>&nbsp;<\/p>","protected":false},"featured_media":8847,"comment_status":"closed","ping_status":"closed","template":"","meta":[],"product_cat":[58],"product_tag":[89,90,86,91],"class_list":{"0":"post-5469","1":"product","2":"type-product","3":"status-publish","4":"has-post-thumbnail","6":"product_cat-lunch-box-wholesale","7":"product_tag-wholesale-3-layer-lunch-box","8":"product_tag-wholesale-double-layer-lunch-box","9":"product_tag-wholesale-insulated-lunch-box","10":"product_tag-wholesale-round-lunch-box","12":"first","13":"instock","14":"shipping-taxable","15":"product-type-simple"},"_links":{"self":[{"href":"https:\/\/moyahousehold.com\/fr\/wp-json\/wp\/v2\/product\/5469","targetHints":{"allow":["GET"]}}],"collection":[{"href":"https:\/\/moyahousehold.com\/fr\/wp-json\/wp\/v2\/product"}],"about":[{"href":"https:\/\/moyahousehold.com\/fr\/wp-json\/wp\/v2\/types\/product"}],"replies":[{"embeddable":true,"href":"https:\/\/moyahousehold.com\/fr\/wp-json\/wp\/v2\/comments?post=5469"}],"version-history":[{"count":0,"href":"https:\/\/moyahousehold.com\/fr\/wp-json\/wp\/v2\/product\/5469\/revisions"}],"wp:featuredmedia":[{"embeddable":true,"href":"https:\/\/moyahousehold.com\/fr\/wp-json\/wp\/v2\/media\/8847"}],"wp:attachment":[{"href":"https:\/\/moyahousehold.com\/fr\/wp-json\/wp\/v2\/media?parent=5469"}],"wp:term":[{"taxonomy":"product_cat","embeddable":true,"href":"https:\/\/moyahousehold.com\/fr\/wp-json\/wp\/v2\/product_cat?post=5469"},{"taxonomy":"product_tag","embeddable":true,"href":"https:\/\/moyahousehold.com\/fr\/wp-json\/wp\/v2\/product_tag?post=5469"}],"curies":[{"name":"wp","href":"https:\/\/api.w.org\/{rel}","templated":true}]}}