{"id":5511,"date":"2024-06-08T06:46:55","date_gmt":"2024-06-08T06:46:55","guid":{"rendered":"https:\/\/moyahousehold.com\/?post_type=product&#038;p=5511"},"modified":"2025-02-05T08:37:00","modified_gmt":"2025-02-05T08:37:00","slug":"wholesale-insulated-bento-box","status":"publish","type":"product","link":"https:\/\/moyahousehold.com\/fr\/produit\/wholesale-insulated-bento-box\/","title":{"rendered":"Wholesale Insulated Stainless Steel Bento Boxes (bo\u00eetes \u00e0 bento isol\u00e9es en acier inoxydable) Convient pour les aliments chauds et froids"},"content":{"rendered":"<h2 class=\"wp-block-heading\">Param\u00e8tres de la bo\u00eete \u00e0 bento isol\u00e9e en acier inoxydable<\/h2>\n\n\n\n<p><strong>mat\u00e9riel :<\/strong>304 + PP <strong> couleur :<\/strong>Acier\/Beige\/Gris<\/p>\n\n\n\n<figure class=\"wp-block-table\"><table><tbody><tr><td>Num\u00e9ro de mod\u00e8le<\/td><td>capacit\u00e9<\/td><td>Taille du produit<\/td><td>Taille de la bo\u00eete ext\u00e9rieure<\/td><td>Quantit\u00e9 par caisse<\/td><td>N.W<\/td><td>G.W\/Case<\/td><\/tr><tr><td>MYJJL07<\/td><td>1800ml<br>avec bo\u00eete en papier<br>\uff08two deep boxes\uff09 (deux bo\u00eetes profondes)<\/td><td>14.5*14.5*19.3<\/td><td>71*35*51<\/td><td>16<\/td><td>1.1<\/td><td>20.8<\/td><\/tr><tr><td>MYJJL08<\/td><td>2200ml<br>avec bo\u00eete en papier<br>\uff08two deept&amp;one light\uff09<\/td><td>14.5*14.5*22.5<\/td><td>71*35*58<\/td><td>16<\/td><td>1.3<\/td><td>24<\/td><\/tr><tr><td>MYJJL09<\/td><td>2500ml<br>avec bo\u00eete en papier<br>\uff08two deept&amp;two light\uff09<\/td><td>14.5*14.5*28.5<\/td><td>71*35*70<\/td><td>16<\/td><td>1.3<\/td><td>24<\/td><\/tr><\/tbody><\/table><\/figure>\n\n\n\n<h3 class=\"wp-block-heading\">Options de bo\u00eetes \u00e0 bento isol\u00e9es personnalis\u00e9es<\/h3>\n\n\n\n<p><strong>Logo :<\/strong> personnaliser le logo de votre marque sur les bo\u00eetes \u00e0 bento et les emballages.<br><strong>Options de logo :<\/strong> logo imprim\u00e9, logo grav\u00e9 au laser, etc.<br><strong>Mod\u00e8le : <\/strong>Mod\u00e8les d'impression <br><strong>Technologie d'impression : <\/strong>impression par transfert d'eau, impression par s\u00e9rigraphie, impression par transfert thermique, transfert par sublimation, etc.<br><strong>Emballage :<\/strong>bo\u00eete \u00e0 couleurs<br><a href=\"https:\/\/moyahousehold.com\/fr\/solution-personnalisee\/\"><strong>D\u00e9couvrez d'autres solutions de bo\u00eetes \u00e0 bento personnalis\u00e9es.<\/strong><\/a><br><br><\/p>\n\n\n\n<div class=\"wp-block-columns is-layout-flex wp-container-core-columns-is-layout-9d6595d7 wp-block-columns-is-layout-flex\">\n<div class=\"wp-block-column is-layout-flow wp-block-column-is-layout-flow\">\n<figure class=\"wp-block-image size-full\"><img fetchpriority=\"high\" decoding=\"async\" width=\"2000\" height=\"2000\" src=\"https:\/\/moyahousehold.com\/wp-content\/uploads\/2024\/06\/Insulated-Stainless-Steel-Bento-Box-Display.jpg\" alt=\"Bo\u00eete \u00e0 bento isol\u00e9e en acier inoxydable\" class=\"wp-image-8825\" srcset=\"https:\/\/moyahousehold.com\/wp-content\/uploads\/2024\/06\/Insulated-Stainless-Steel-Bento-Box-Display.jpg 2000w, https:\/\/moyahousehold.com\/wp-content\/uploads\/2024\/06\/Insulated-Stainless-Steel-Bento-Box-Display-300x300.jpg 300w, https:\/\/moyahousehold.com\/wp-content\/uploads\/2024\/06\/Insulated-Stainless-Steel-Bento-Box-Display-150x150.jpg 150w, https:\/\/moyahousehold.com\/wp-content\/uploads\/2024\/06\/Insulated-Stainless-Steel-Bento-Box-Display-768x768.jpg 768w, https:\/\/moyahousehold.com\/wp-content\/uploads\/2024\/06\/Insulated-Stainless-Steel-Bento-Box-Display-12x12.jpg 12w, https:\/\/moyahousehold.com\/wp-content\/uploads\/2024\/06\/Insulated-Stainless-Steel-Bento-Box-Display-285x285.jpg 285w, https:\/\/moyahousehold.com\/wp-content\/uploads\/2024\/06\/Insulated-Stainless-Steel-Bento-Box-Display-1600x1600.jpg 1600w, https:\/\/moyahousehold.com\/wp-content\/uploads\/2024\/06\/Insulated-Stainless-Steel-Bento-Box-Display-270x270.jpg 270w, https:\/\/moyahousehold.com\/wp-content\/uploads\/2024\/06\/Insulated-Stainless-Steel-Bento-Box-Display-540x540.jpg 540w, https:\/\/moyahousehold.com\/wp-content\/uploads\/2024\/06\/Insulated-Stainless-Steel-Bento-Box-Display-660x660.jpg 660w\" sizes=\"(max-width: 2000px) 100vw, 2000px\" \/><\/figure>\n<\/div>\n\n\n\n<div class=\"wp-block-column is-layout-flow wp-block-column-is-layout-flow\">\n<figure class=\"wp-block-image size-full\"><img decoding=\"async\" width=\"2000\" height=\"2000\" src=\"https:\/\/moyahousehold.com\/wp-content\/uploads\/2024\/06\/Insulated-Stainless-Steel-Bento-Box-Display-2.jpg\" alt=\"Bo\u00eete \u00e0 bento isol\u00e9e en acier inoxydable Display (2)\" class=\"wp-image-8824\" srcset=\"https:\/\/moyahousehold.com\/wp-content\/uploads\/2024\/06\/Insulated-Stainless-Steel-Bento-Box-Display-2.jpg 2000w, https:\/\/moyahousehold.com\/wp-content\/uploads\/2024\/06\/Insulated-Stainless-Steel-Bento-Box-Display-2-300x300.jpg 300w, https:\/\/moyahousehold.com\/wp-content\/uploads\/2024\/06\/Insulated-Stainless-Steel-Bento-Box-Display-2-150x150.jpg 150w, https:\/\/moyahousehold.com\/wp-content\/uploads\/2024\/06\/Insulated-Stainless-Steel-Bento-Box-Display-2-768x768.jpg 768w, https:\/\/moyahousehold.com\/wp-content\/uploads\/2024\/06\/Insulated-Stainless-Steel-Bento-Box-Display-2-12x12.jpg 12w, https:\/\/moyahousehold.com\/wp-content\/uploads\/2024\/06\/Insulated-Stainless-Steel-Bento-Box-Display-2-285x285.jpg 285w, https:\/\/moyahousehold.com\/wp-content\/uploads\/2024\/06\/Insulated-Stainless-Steel-Bento-Box-Display-2-1600x1600.jpg 1600w, https:\/\/moyahousehold.com\/wp-content\/uploads\/2024\/06\/Insulated-Stainless-Steel-Bento-Box-Display-2-270x270.jpg 270w, https:\/\/moyahousehold.com\/wp-content\/uploads\/2024\/06\/Insulated-Stainless-Steel-Bento-Box-Display-2-540x540.jpg 540w, https:\/\/moyahousehold.com\/wp-content\/uploads\/2024\/06\/Insulated-Stainless-Steel-Bento-Box-Display-2-660x660.jpg 660w\" sizes=\"(max-width: 2000px) 100vw, 2000px\" \/><\/figure>\n<\/div>\n<\/div>","protected":false},"excerpt":{"rendered":"<p>Bo\u00eete \u00e0 bento isol\u00e9e en gros en acier inoxydable. Cette bo\u00eete \u00e0 bento peut conserver les aliments chauds ou froids pendant 8 \u00e0 10 heures. Elle adopte une conception multicouche, adapt\u00e9e \u00e0 la conservation de diff\u00e9rents types d'aliments. Nous fournissons des services OEM&amp;ODM, n'h\u00e9sitez pas \u00e0 nous contacter.<\/p>\n<h3>Caract\u00e9ristiques de la bo\u00eete \u00e0 bento isol\u00e9e en acier inoxydable<\/h3>\n<p><strong>Mat\u00e9riau en acier inoxydable de qualit\u00e9 alimentaire :<\/strong> La bo\u00eete \u00e0 bento isotherme est fabriqu\u00e9e en acier inoxydable 304 de qualit\u00e9 alimentaire, ce qui permet de conserver les aliments de mani\u00e8re plus saine et plus s\u00fbre.<\/p>\n<p><strong>8 \u00e0 10 heures de conservation de la chaleur :<\/strong> La structure en couches sous vide de la bo\u00eete \u00e0 lunch permet de conserver la chaleur pendant une longue p\u00e9riode, et vous pouvez prendre votre repas chaud \u00e0 tout moment.<\/p>\n<p><strong>Bonne \u00e9tanch\u00e9it\u00e9 :<\/strong> La bo\u00eete \u00e0 lunch isotherme en acier inoxydable sous vide est dot\u00e9e d'un anneau d'\u00e9tanch\u00e9it\u00e9 en silicone int\u00e9gr\u00e9 qui garantit que le liquide ne fuira pas.<\/p>\n<p><strong>Conception multicouche :<\/strong> Les bo\u00eetes \u00e0 lunch sont con\u00e7ues en plusieurs couches et les utilisateurs peuvent choisir entre 1 et 4 couches pour les m\u00e9langer ou les assortir librement.<\/p>\n<p><strong>Poign\u00e9e confortable :<\/strong> Dot\u00e9e d'une poign\u00e9e solide et confortable, cette bo\u00eete \u00e0 lunch est tr\u00e8s pratique \u00e0 transporter et convient donc parfaitement aux employ\u00e9s et aux \u00e9tudiants.<\/p>\n<p><strong>Service de personnalisation OEM&amp;ODM :<\/strong> Nous proposons des solutions de bo\u00eetes \u00e0 lunch personnalis\u00e9es, applicables \u00e0 la personnalisation des entreprises et \u00e0 l'achat en gros.<\/p>","protected":false},"featured_media":8823,"comment_status":"closed","ping_status":"closed","template":"","meta":[],"product_cat":[58],"product_tag":[89,86,91],"class_list":{"0":"post-5511","1":"product","2":"type-product","3":"status-publish","4":"has-post-thumbnail","6":"product_cat-lunch-box-wholesale","7":"product_tag-wholesale-3-layer-lunch-box","8":"product_tag-wholesale-insulated-lunch-box","9":"product_tag-wholesale-round-lunch-box","11":"first","12":"instock","13":"shipping-taxable","14":"product-type-simple"},"_links":{"self":[{"href":"https:\/\/moyahousehold.com\/fr\/wp-json\/wp\/v2\/product\/5511","targetHints":{"allow":["GET"]}}],"collection":[{"href":"https:\/\/moyahousehold.com\/fr\/wp-json\/wp\/v2\/product"}],"about":[{"href":"https:\/\/moyahousehold.com\/fr\/wp-json\/wp\/v2\/types\/product"}],"replies":[{"embeddable":true,"href":"https:\/\/moyahousehold.com\/fr\/wp-json\/wp\/v2\/comments?post=5511"}],"version-history":[{"count":0,"href":"https:\/\/moyahousehold.com\/fr\/wp-json\/wp\/v2\/product\/5511\/revisions"}],"wp:featuredmedia":[{"embeddable":true,"href":"https:\/\/moyahousehold.com\/fr\/wp-json\/wp\/v2\/media\/8823"}],"wp:attachment":[{"href":"https:\/\/moyahousehold.com\/fr\/wp-json\/wp\/v2\/media?parent=5511"}],"wp:term":[{"taxonomy":"product_cat","embeddable":true,"href":"https:\/\/moyahousehold.com\/fr\/wp-json\/wp\/v2\/product_cat?post=5511"},{"taxonomy":"product_tag","embeddable":true,"href":"https:\/\/moyahousehold.com\/fr\/wp-json\/wp\/v2\/product_tag?post=5511"}],"curies":[{"name":"wp","href":"https:\/\/api.w.org\/{rel}","templated":true}]}}