{"id":5543,"date":"2024-06-08T08:13:21","date_gmt":"2024-06-08T08:13:21","guid":{"rendered":"https:\/\/moyahousehold.com\/?post_type=product&#038;p=5543"},"modified":"2025-04-12T04:38:43","modified_gmt":"2025-04-12T04:38:43","slug":"fashion-stainless-steel-mug-wholesale","status":"publish","type":"product","link":"https:\/\/moyahousehold.com\/fr\/produit\/fashion-stainless-steel-mug-wholesale\/","title":{"rendered":"Tasses \u00e0 caf\u00e9 en acier inoxydable 400ML, OEM et ODM disponibles en gros"},"content":{"rendered":"<h2 class=\"wp-block-heading\">Param\u00e8tres des tasses \u00e0 caf\u00e9 \u00e0 la mode en acier inoxydable<\/h2>\n\n\n\n<p><strong>mat\u00e9riel :<\/strong>304 + 316 + PP <strong> couleur :<\/strong>Blanc\/Noir\/Acier\/Vert<\/p>\n\n\n\n<figure class=\"wp-block-table\"><table><tbody><tr><td>Num\u00e9ro de mod\u00e8le<\/td><td>capacit\u00e9<\/td><td>Taille du produit<\/td><td>Taille de la bo\u00eete ext\u00e9rieure<\/td><td>Quantit\u00e9 par caisse<\/td><td>N.W<\/td><td>G.W\/Case<\/td><\/tr><tr><td>MYJJL10<\/td><td>400ml<\/td><td>8.8*8.8*10.8<\/td><td>62*40*37.5<\/td><td>60<\/td><td>0.3<\/td><td>30<\/td><\/tr><\/tbody><\/table><\/figure>\n\n\n\n<h3 class=\"wp-block-heading\">Option de tasse \u00e0 caf\u00e9 en acier inoxydable personnalis\u00e9e<\/h3>\n\n\n\n<p><strong>Logo :<\/strong> Personnalisez le logo de votre marque sur le produit et l'emballage.<br><strong>Options de logo :<\/strong> logo imprim\u00e9, logo grav\u00e9 au laser, etc.<br><strong>Mod\u00e8le :<\/strong> Mod\u00e8les d'impression <br><strong>Technologie d'impression :<\/strong> impression par transfert d'eau, impression par s\u00e9rigraphie, impression par transfert thermique, transfert par sublimation, etc.<br><strong>Emballage :<\/strong> bo\u00eete \u00e0 couleurs<br><a href=\"https:\/\/moyahousehold.com\/fr\/solution-personnalisee\/\"><strong>D\u00e9couvrez plus de d\u00e9tails sur les tasses \u00e0 caf\u00e9 personnalis\u00e9es.<\/strong><\/a><\/p>\n\n\n\n<div class=\"wp-block-columns is-layout-flex wp-container-core-columns-is-layout-9d6595d7 wp-block-columns-is-layout-flex\">\n<div class=\"wp-block-column is-layout-flow wp-block-column-is-layout-flow\">\n<figure class=\"wp-block-image size-full\"><img fetchpriority=\"high\" decoding=\"async\" width=\"2500\" height=\"2500\" src=\"https:\/\/moyahousehold.com\/wp-content\/uploads\/2024\/06\/wholesale-stainless-steel-coffee-mug-display-1.webp\" alt=\"Pr\u00e9sentoir de tasses \u00e0 caf\u00e9 en acier inoxydable (1)\" class=\"wp-image-10817\" srcset=\"https:\/\/moyahousehold.com\/wp-content\/uploads\/2024\/06\/wholesale-stainless-steel-coffee-mug-display-1.webp 2500w, https:\/\/moyahousehold.com\/wp-content\/uploads\/2024\/06\/wholesale-stainless-steel-coffee-mug-display-1-300x300.webp 300w, https:\/\/moyahousehold.com\/wp-content\/uploads\/2024\/06\/wholesale-stainless-steel-coffee-mug-display-1-150x150.webp 150w, https:\/\/moyahousehold.com\/wp-content\/uploads\/2024\/06\/wholesale-stainless-steel-coffee-mug-display-1-768x768.webp 768w, https:\/\/moyahousehold.com\/wp-content\/uploads\/2024\/06\/wholesale-stainless-steel-coffee-mug-display-1-12x12.webp 12w, https:\/\/moyahousehold.com\/wp-content\/uploads\/2024\/06\/wholesale-stainless-steel-coffee-mug-display-1-285x285.webp 285w, https:\/\/moyahousehold.com\/wp-content\/uploads\/2024\/06\/wholesale-stainless-steel-coffee-mug-display-1-1600x1600.webp 1600w, https:\/\/moyahousehold.com\/wp-content\/uploads\/2024\/06\/wholesale-stainless-steel-coffee-mug-display-1-270x270.webp 270w, https:\/\/moyahousehold.com\/wp-content\/uploads\/2024\/06\/wholesale-stainless-steel-coffee-mug-display-1-540x540.webp 540w, https:\/\/moyahousehold.com\/wp-content\/uploads\/2024\/06\/wholesale-stainless-steel-coffee-mug-display-1-660x660.webp 660w\" sizes=\"(max-width: 2500px) 100vw, 2500px\" \/><\/figure>\n<\/div>\n\n\n\n<div class=\"wp-block-column is-layout-flow wp-block-column-is-layout-flow\">\n<figure class=\"wp-block-image size-full\"><img decoding=\"async\" width=\"2500\" height=\"2500\" src=\"https:\/\/moyahousehold.com\/wp-content\/uploads\/2024\/06\/wholesale-stainless-steel-coffee-mug-display-2.webp\" alt=\"Pr\u00e9sentoir de tasses \u00e0 caf\u00e9 en acier inoxydable (2)\" class=\"wp-image-10818\" srcset=\"https:\/\/moyahousehold.com\/wp-content\/uploads\/2024\/06\/wholesale-stainless-steel-coffee-mug-display-2.webp 2500w, https:\/\/moyahousehold.com\/wp-content\/uploads\/2024\/06\/wholesale-stainless-steel-coffee-mug-display-2-300x300.webp 300w, https:\/\/moyahousehold.com\/wp-content\/uploads\/2024\/06\/wholesale-stainless-steel-coffee-mug-display-2-150x150.webp 150w, https:\/\/moyahousehold.com\/wp-content\/uploads\/2024\/06\/wholesale-stainless-steel-coffee-mug-display-2-768x768.webp 768w, https:\/\/moyahousehold.com\/wp-content\/uploads\/2024\/06\/wholesale-stainless-steel-coffee-mug-display-2-12x12.webp 12w, https:\/\/moyahousehold.com\/wp-content\/uploads\/2024\/06\/wholesale-stainless-steel-coffee-mug-display-2-285x285.webp 285w, https:\/\/moyahousehold.com\/wp-content\/uploads\/2024\/06\/wholesale-stainless-steel-coffee-mug-display-2-1600x1600.webp 1600w, https:\/\/moyahousehold.com\/wp-content\/uploads\/2024\/06\/wholesale-stainless-steel-coffee-mug-display-2-270x270.webp 270w, https:\/\/moyahousehold.com\/wp-content\/uploads\/2024\/06\/wholesale-stainless-steel-coffee-mug-display-2-540x540.webp 540w, https:\/\/moyahousehold.com\/wp-content\/uploads\/2024\/06\/wholesale-stainless-steel-coffee-mug-display-2-660x660.webp 660w\" sizes=\"(max-width: 2500px) 100vw, 2500px\" \/><\/figure>\n<\/div>\n<\/div>\n\n\n\n<div class=\"wp-block-columns is-layout-flex wp-container-core-columns-is-layout-9d6595d7 wp-block-columns-is-layout-flex\">\n<div class=\"wp-block-column is-layout-flow wp-block-column-is-layout-flow\">\n<figure class=\"wp-block-image size-full\"><img decoding=\"async\" width=\"1024\" height=\"1024\" src=\"https:\/\/moyahousehold.com\/wp-content\/uploads\/2024\/06\/stainless-steel-coffee-mug-details-1.webp\" alt=\"Tasse \u00e0 caf\u00e9 en acier inoxydable d\u00e9tails (1)\" class=\"wp-image-10813\" srcset=\"https:\/\/moyahousehold.com\/wp-content\/uploads\/2024\/06\/stainless-steel-coffee-mug-details-1.webp 1024w, https:\/\/moyahousehold.com\/wp-content\/uploads\/2024\/06\/stainless-steel-coffee-mug-details-1-300x300.webp 300w, https:\/\/moyahousehold.com\/wp-content\/uploads\/2024\/06\/stainless-steel-coffee-mug-details-1-150x150.webp 150w, https:\/\/moyahousehold.com\/wp-content\/uploads\/2024\/06\/stainless-steel-coffee-mug-details-1-768x768.webp 768w, https:\/\/moyahousehold.com\/wp-content\/uploads\/2024\/06\/stainless-steel-coffee-mug-details-1-12x12.webp 12w, https:\/\/moyahousehold.com\/wp-content\/uploads\/2024\/06\/stainless-steel-coffee-mug-details-1-285x285.webp 285w, https:\/\/moyahousehold.com\/wp-content\/uploads\/2024\/06\/stainless-steel-coffee-mug-details-1-270x270.webp 270w, https:\/\/moyahousehold.com\/wp-content\/uploads\/2024\/06\/stainless-steel-coffee-mug-details-1-540x540.webp 540w, https:\/\/moyahousehold.com\/wp-content\/uploads\/2024\/06\/stainless-steel-coffee-mug-details-1-660x660.webp 660w\" sizes=\"(max-width: 1024px) 100vw, 1024px\" \/><\/figure>\n<\/div>\n\n\n\n<div class=\"wp-block-column is-layout-flow wp-block-column-is-layout-flow\">\n<figure class=\"wp-block-image size-full\"><img loading=\"lazy\" decoding=\"async\" width=\"1024\" height=\"1024\" src=\"https:\/\/moyahousehold.com\/wp-content\/uploads\/2024\/06\/stainless-steel-coffee-mug-details-2.webp\" alt=\"Tasse \u00e0 caf\u00e9 en acier inoxydable d\u00e9tails (2)\" class=\"wp-image-10814\" srcset=\"https:\/\/moyahousehold.com\/wp-content\/uploads\/2024\/06\/stainless-steel-coffee-mug-details-2.webp 1024w, https:\/\/moyahousehold.com\/wp-content\/uploads\/2024\/06\/stainless-steel-coffee-mug-details-2-300x300.webp 300w, https:\/\/moyahousehold.com\/wp-content\/uploads\/2024\/06\/stainless-steel-coffee-mug-details-2-150x150.webp 150w, https:\/\/moyahousehold.com\/wp-content\/uploads\/2024\/06\/stainless-steel-coffee-mug-details-2-768x768.webp 768w, https:\/\/moyahousehold.com\/wp-content\/uploads\/2024\/06\/stainless-steel-coffee-mug-details-2-12x12.webp 12w, https:\/\/moyahousehold.com\/wp-content\/uploads\/2024\/06\/stainless-steel-coffee-mug-details-2-285x285.webp 285w, https:\/\/moyahousehold.com\/wp-content\/uploads\/2024\/06\/stainless-steel-coffee-mug-details-2-270x270.webp 270w, https:\/\/moyahousehold.com\/wp-content\/uploads\/2024\/06\/stainless-steel-coffee-mug-details-2-540x540.webp 540w, https:\/\/moyahousehold.com\/wp-content\/uploads\/2024\/06\/stainless-steel-coffee-mug-details-2-660x660.webp 660w\" sizes=\"(max-width: 1024px) 100vw, 1024px\" \/><\/figure>\n<\/div>\n<\/div>","protected":false},"excerpt":{"rendered":"<p>Les tasses \u00e0 caf\u00e9 en acier inoxydable sont un m\u00e9lange parfait de mode, de praticit\u00e9 et de s\u00e9curit\u00e9. Le couvercle anti-poussi\u00e8re coulissant est facile \u00e0 ouvrir et \u00e0 fermer, ce qui rend l'utilisation plus conviviale. Id\u00e9ales pour le bureau, la maison ou les voyages. Nous acceptons les demandes OEM et ODM, contactez-nous pour un devis.<\/p>\n<h3>Caract\u00e9ristiques et avantages de la tasse \u00e0 caf\u00e9 en acier inoxydable<\/h3>\n<p><strong>S\u00fbr et sain :<\/strong> Fabriqu\u00e9 en acier inoxydable 304 de qualit\u00e9 alimentaire - inodore et facile \u00e0 nettoyer pour une exp\u00e9rience de consommation plus saine.<\/p>\n<p><strong>Durable et pratique :<\/strong> La tasse \u00e0 caf\u00e9 en acier inoxydable adopte un design \u00e9pais \u00e0 double couche avec une fonction anti-br\u00fblure, gardant la boisson \u00e0 la bonne temp\u00e9rature et prot\u00e9geant vos mains.<\/p>\n<p><strong>Conception pratique :<\/strong> La tasse \u00e0 caf\u00e9 en acier inoxydable adopte un design \u00e0 large ouverture, facile \u00e0 pr\u00e9parer et \u00e0 nettoyer. Elle est \u00e9quip\u00e9e d'un couvercle anti-poussi\u00e8re coulissant pour une ouverture\/fermeture flexible.<\/p>\n<p><strong>Personnalisable et en gros :<\/strong> Le fournisseur de tasses \u00e0 caf\u00e9 MOYA propose la vente en gros et la personnalisation OEM\/ODM.<\/p>","protected":false},"featured_media":10819,"comment_status":"closed","ping_status":"closed","template":"","meta":[],"product_cat":[75],"product_tag":[],"class_list":{"0":"post-5543","1":"product","2":"type-product","3":"status-publish","4":"has-post-thumbnail","6":"product_cat-wholesale-stainless-steel-coffee-mug","8":"first","9":"instock","10":"shipping-taxable","11":"product-type-simple"},"_links":{"self":[{"href":"https:\/\/moyahousehold.com\/fr\/wp-json\/wp\/v2\/product\/5543","targetHints":{"allow":["GET"]}}],"collection":[{"href":"https:\/\/moyahousehold.com\/fr\/wp-json\/wp\/v2\/product"}],"about":[{"href":"https:\/\/moyahousehold.com\/fr\/wp-json\/wp\/v2\/types\/product"}],"replies":[{"embeddable":true,"href":"https:\/\/moyahousehold.com\/fr\/wp-json\/wp\/v2\/comments?post=5543"}],"version-history":[{"count":0,"href":"https:\/\/moyahousehold.com\/fr\/wp-json\/wp\/v2\/product\/5543\/revisions"}],"wp:featuredmedia":[{"embeddable":true,"href":"https:\/\/moyahousehold.com\/fr\/wp-json\/wp\/v2\/media\/10819"}],"wp:attachment":[{"href":"https:\/\/moyahousehold.com\/fr\/wp-json\/wp\/v2\/media?parent=5543"}],"wp:term":[{"taxonomy":"product_cat","embeddable":true,"href":"https:\/\/moyahousehold.com\/fr\/wp-json\/wp\/v2\/product_cat?post=5543"},{"taxonomy":"product_tag","embeddable":true,"href":"https:\/\/moyahousehold.com\/fr\/wp-json\/wp\/v2\/product_tag?post=5543"}],"curies":[{"name":"wp","href":"https:\/\/api.w.org\/{rel}","templated":true}]}}