{"id":5566,"date":"2024-06-08T08:41:46","date_gmt":"2024-06-08T08:41:46","guid":{"rendered":"https:\/\/moyahousehold.com\/?post_type=product&#038;p=5566"},"modified":"2025-04-12T09:29:34","modified_gmt":"2025-04-12T09:29:34","slug":"wholesale-stainless-steel-coffee-cups-with-handle","status":"publish","type":"product","link":"https:\/\/moyahousehold.com\/fr\/produit\/wholesale-stainless-steel-coffee-cups-with-handle\/","title":{"rendered":"Grossiste Tasses \u00e0 caf\u00e9 en acier inoxydable avec poign\u00e9e, design simple, deux options de couleur"},"content":{"rendered":"<h3 class=\"wp-block-heading\">Param\u00e8tres des tasses \u00e0 caf\u00e9 en acier inoxydable<\/h3>\n\n\n\n<p><strong>mat\u00e9riel :<\/strong>304 + 316 + PP <strong> couleur :<\/strong>Blanc\/Noir<\/p>\n\n\n\n<figure class=\"wp-block-table\"><table><tbody><tr><td>Num\u00e9ro de mod\u00e8le<\/td><td>capacit\u00e9<\/td><td>Taille du produit<\/td><td>Taille de la bo\u00eete ext\u00e9rieure<\/td><td>Quantit\u00e9 par caisse<\/td><td>N.W<\/td><td>G.W\/Case<\/td><\/tr><tr><td>MYJJL11<\/td><td>400ml<\/td><td>9*9*10<\/td><td>62*40*37.5<\/td><td>60<\/td><td>0.21<\/td><td>24.6<\/td><\/tr><\/tbody><\/table><\/figure>\n\n\n\n<h3 class=\"wp-block-heading\">Tasses \u00e0 caf\u00e9 en acier inoxydable personnalis\u00e9es<\/h3>\n\n\n\n<p><strong>Logo :<\/strong> Personnalisez le logo de votre marque sur le produit et l'emballage.<br><strong>Options de logo :<\/strong> logo imprim\u00e9, logo grav\u00e9 au laser, etc.<br><strong>Mod\u00e8le : <\/strong>Mod\u00e8les d'impression <br><strong>Technologie d'impression : <\/strong>impression par transfert d'eau, impression par s\u00e9rigraphie, impression par transfert thermique, transfert par sublimation, etc.<br><strong>Emballage : <\/strong>bo\u00eete \u00e0 couleurs<br><a href=\"https:\/\/moyahousehold.com\/fr\/solution-personnalisee\/\"><strong>En savoir plus sur les solutions personnalis\u00e9es pour les tasses \u00e0 caf\u00e9.<\/strong><\/a><\/p>\n\n\n\n<div class=\"wp-block-columns is-layout-flex wp-container-core-columns-is-layout-9d6595d7 wp-block-columns-is-layout-flex\">\n<div class=\"wp-block-column is-layout-flow wp-block-column-is-layout-flow\">\n<figure class=\"wp-block-image size-full\"><img fetchpriority=\"high\" decoding=\"async\" width=\"2500\" height=\"2437\" src=\"https:\/\/moyahousehold.com\/wp-content\/uploads\/2024\/06\/Wholesale-Stainless-Steel-Coffee-Cups-with-Handle-3.webp\" alt=\"Grosses tasses \u00e0 caf\u00e9 en acier inoxydable avec poign\u00e9e (3)\" class=\"wp-image-10900\" srcset=\"https:\/\/moyahousehold.com\/wp-content\/uploads\/2024\/06\/Wholesale-Stainless-Steel-Coffee-Cups-with-Handle-3.webp 2500w, https:\/\/moyahousehold.com\/wp-content\/uploads\/2024\/06\/Wholesale-Stainless-Steel-Coffee-Cups-with-Handle-3-300x292.webp 300w, https:\/\/moyahousehold.com\/wp-content\/uploads\/2024\/06\/Wholesale-Stainless-Steel-Coffee-Cups-with-Handle-3-768x749.webp 768w, https:\/\/moyahousehold.com\/wp-content\/uploads\/2024\/06\/Wholesale-Stainless-Steel-Coffee-Cups-with-Handle-3-12x12.webp 12w, https:\/\/moyahousehold.com\/wp-content\/uploads\/2024\/06\/Wholesale-Stainless-Steel-Coffee-Cups-with-Handle-3-285x278.webp 285w, https:\/\/moyahousehold.com\/wp-content\/uploads\/2024\/06\/Wholesale-Stainless-Steel-Coffee-Cups-with-Handle-3-1600x1560.webp 1600w, https:\/\/moyahousehold.com\/wp-content\/uploads\/2024\/06\/Wholesale-Stainless-Steel-Coffee-Cups-with-Handle-3-660x643.webp 660w, https:\/\/moyahousehold.com\/wp-content\/uploads\/2024\/06\/Wholesale-Stainless-Steel-Coffee-Cups-with-Handle-3-150x146.webp 150w\" sizes=\"(max-width: 2500px) 100vw, 2500px\" \/><\/figure>\n<\/div>\n\n\n\n<div class=\"wp-block-column is-layout-flow wp-block-column-is-layout-flow\">\n<figure class=\"wp-block-image size-full\"><img decoding=\"async\" width=\"2500\" height=\"2437\" src=\"https:\/\/moyahousehold.com\/wp-content\/uploads\/2024\/06\/Wholesale-Stainless-Steel-Coffee-Cups-with-Handle-4.webp\" alt=\"Grossiste Tasses \u00e0 caf\u00e9 en acier inoxydable avec poign\u00e9e (4)\" class=\"wp-image-10901\" srcset=\"https:\/\/moyahousehold.com\/wp-content\/uploads\/2024\/06\/Wholesale-Stainless-Steel-Coffee-Cups-with-Handle-4.webp 2500w, https:\/\/moyahousehold.com\/wp-content\/uploads\/2024\/06\/Wholesale-Stainless-Steel-Coffee-Cups-with-Handle-4-300x292.webp 300w, https:\/\/moyahousehold.com\/wp-content\/uploads\/2024\/06\/Wholesale-Stainless-Steel-Coffee-Cups-with-Handle-4-768x749.webp 768w, https:\/\/moyahousehold.com\/wp-content\/uploads\/2024\/06\/Wholesale-Stainless-Steel-Coffee-Cups-with-Handle-4-12x12.webp 12w, https:\/\/moyahousehold.com\/wp-content\/uploads\/2024\/06\/Wholesale-Stainless-Steel-Coffee-Cups-with-Handle-4-285x278.webp 285w, https:\/\/moyahousehold.com\/wp-content\/uploads\/2024\/06\/Wholesale-Stainless-Steel-Coffee-Cups-with-Handle-4-1600x1560.webp 1600w, https:\/\/moyahousehold.com\/wp-content\/uploads\/2024\/06\/Wholesale-Stainless-Steel-Coffee-Cups-with-Handle-4-660x643.webp 660w, https:\/\/moyahousehold.com\/wp-content\/uploads\/2024\/06\/Wholesale-Stainless-Steel-Coffee-Cups-with-Handle-4-150x146.webp 150w\" sizes=\"(max-width: 2500px) 100vw, 2500px\" \/><\/figure>\n<\/div>\n<\/div>\n\n\n\n<div class=\"wp-block-columns is-layout-flex wp-container-core-columns-is-layout-9d6595d7 wp-block-columns-is-layout-flex\">\n<div class=\"wp-block-column is-layout-flow wp-block-column-is-layout-flow\">\n<figure class=\"wp-block-image size-full\"><img decoding=\"async\" width=\"2500\" height=\"1666\" src=\"https:\/\/moyahousehold.com\/wp-content\/uploads\/2024\/06\/Stainless-Steel-Coffee-Mug-Series-1-2.webp\" alt=\"S\u00e9rie de tasses \u00e0 caf\u00e9 en acier inoxydable (1)\" class=\"wp-image-10896\" srcset=\"https:\/\/moyahousehold.com\/wp-content\/uploads\/2024\/06\/Stainless-Steel-Coffee-Mug-Series-1-2.webp 2500w, https:\/\/moyahousehold.com\/wp-content\/uploads\/2024\/06\/Stainless-Steel-Coffee-Mug-Series-1-2-300x200.webp 300w, https:\/\/moyahousehold.com\/wp-content\/uploads\/2024\/06\/Stainless-Steel-Coffee-Mug-Series-1-2-768x512.webp 768w, https:\/\/moyahousehold.com\/wp-content\/uploads\/2024\/06\/Stainless-Steel-Coffee-Mug-Series-1-2-18x12.webp 18w, https:\/\/moyahousehold.com\/wp-content\/uploads\/2024\/06\/Stainless-Steel-Coffee-Mug-Series-1-2-285x190.webp 285w, https:\/\/moyahousehold.com\/wp-content\/uploads\/2024\/06\/Stainless-Steel-Coffee-Mug-Series-1-2-1600x1066.webp 1600w, https:\/\/moyahousehold.com\/wp-content\/uploads\/2024\/06\/Stainless-Steel-Coffee-Mug-Series-1-2-660x440.webp 660w, https:\/\/moyahousehold.com\/wp-content\/uploads\/2024\/06\/Stainless-Steel-Coffee-Mug-Series-1-2-150x100.webp 150w\" sizes=\"(max-width: 2500px) 100vw, 2500px\" \/><\/figure>\n<\/div>\n\n\n\n<div class=\"wp-block-column is-layout-flow wp-block-column-is-layout-flow\">\n<figure class=\"wp-block-image size-full\"><img loading=\"lazy\" decoding=\"async\" width=\"2500\" height=\"1666\" src=\"https:\/\/moyahousehold.com\/wp-content\/uploads\/2024\/06\/Stainless-Steel-Coffee-Mug-Series-2-2.webp\" alt=\"S\u00e9rie de tasses \u00e0 caf\u00e9 en acier inoxydable (2)\" class=\"wp-image-10897\" srcset=\"https:\/\/moyahousehold.com\/wp-content\/uploads\/2024\/06\/Stainless-Steel-Coffee-Mug-Series-2-2.webp 2500w, https:\/\/moyahousehold.com\/wp-content\/uploads\/2024\/06\/Stainless-Steel-Coffee-Mug-Series-2-2-300x200.webp 300w, https:\/\/moyahousehold.com\/wp-content\/uploads\/2024\/06\/Stainless-Steel-Coffee-Mug-Series-2-2-768x512.webp 768w, https:\/\/moyahousehold.com\/wp-content\/uploads\/2024\/06\/Stainless-Steel-Coffee-Mug-Series-2-2-18x12.webp 18w, https:\/\/moyahousehold.com\/wp-content\/uploads\/2024\/06\/Stainless-Steel-Coffee-Mug-Series-2-2-285x190.webp 285w, https:\/\/moyahousehold.com\/wp-content\/uploads\/2024\/06\/Stainless-Steel-Coffee-Mug-Series-2-2-1600x1066.webp 1600w, https:\/\/moyahousehold.com\/wp-content\/uploads\/2024\/06\/Stainless-Steel-Coffee-Mug-Series-2-2-660x440.webp 660w, https:\/\/moyahousehold.com\/wp-content\/uploads\/2024\/06\/Stainless-Steel-Coffee-Mug-Series-2-2-150x100.webp 150w\" sizes=\"(max-width: 2500px) 100vw, 2500px\" \/><\/figure>\n<\/div>\n<\/div>","protected":false},"excerpt":{"rendered":"<p>Les tasses \u00e0 caf\u00e9 MOYA en acier inoxydable sont \u00e0 la fois \u00e9l\u00e9gantes et pratiques, avec un large goulot et un couvercle coulissant contre la poussi\u00e8re. Nous proposons l'impression de logos, l'assortiment de couleurs et la conception d'emballages. Nous invitons les acheteurs B2B \u00e0 nous contacter.<\/p>\n<h3>Caract\u00e9ristiques et avantages des tasses \u00e0 caf\u00e9 en acier inoxydable<\/h3>\n<p><strong>Application pratique :<\/strong> Les tasses \u00e0 caf\u00e9 MOYA en acier inoxydable sont fabriqu\u00e9es en acier inoxydable 304 de haute qualit\u00e9 et peuvent \u00eatre utilis\u00e9es pour des boissons chaudes ou froides. Elles sont parfaites pour la maison, le bureau ou les d\u00e9placements.<\/p>\n<p><strong>Application conviviale :<\/strong> Les tasses \u00e0 caf\u00e9 MOYA en acier inoxydable ont une large ouverture, facile \u00e0 pr\u00e9parer, \u00e0 verser et \u00e0 nettoyer ; elles sont dot\u00e9es d'un couvercle coulissant qui s'ouvre et se referme librement.<\/p>\n<p><strong>Capacit\u00e9 lib\u00e9rale :<\/strong> D'une capacit\u00e9 de 400 ml, il est parfait pour le caf\u00e9, le th\u00e9 ou d'autres boissons, r\u00e9duisant ainsi le nombre de remplissages.<\/p>\n<p><strong>Service de vente en gros :<\/strong> Nous proposons des services de vente en gros de tasses \u00e0 caf\u00e9 en acier inoxydable, ouverts aux clients B2B du monde entier, et pouvons fournir des solutions personnalis\u00e9es en fonction des besoins de votre marque :<\/p>\n<ol>\n<li>\n<p>Logo de marque personnalisable.<\/p>\n<\/li>\n<li>\n<p>La couleur du corps du gobelet et le style d'emballage sont optionnels.<\/p>\n<\/li>\n<li>\n<p>Applicable \u00e0 divers mod\u00e8les d'entreprise tels que les promotions de cadeaux, les plateformes de commerce \u00e9lectronique et les canaux de vente au d\u00e9tail.<\/p>\n<\/li>\n<\/ol>","protected":false},"featured_media":10902,"comment_status":"closed","ping_status":"closed","template":"","meta":[],"product_cat":[75],"product_tag":[],"class_list":{"0":"post-5566","1":"product","2":"type-product","3":"status-publish","4":"has-post-thumbnail","6":"product_cat-wholesale-stainless-steel-coffee-mug","8":"first","9":"instock","10":"shipping-taxable","11":"product-type-simple"},"_links":{"self":[{"href":"https:\/\/moyahousehold.com\/fr\/wp-json\/wp\/v2\/product\/5566","targetHints":{"allow":["GET"]}}],"collection":[{"href":"https:\/\/moyahousehold.com\/fr\/wp-json\/wp\/v2\/product"}],"about":[{"href":"https:\/\/moyahousehold.com\/fr\/wp-json\/wp\/v2\/types\/product"}],"replies":[{"embeddable":true,"href":"https:\/\/moyahousehold.com\/fr\/wp-json\/wp\/v2\/comments?post=5566"}],"version-history":[{"count":0,"href":"https:\/\/moyahousehold.com\/fr\/wp-json\/wp\/v2\/product\/5566\/revisions"}],"wp:featuredmedia":[{"embeddable":true,"href":"https:\/\/moyahousehold.com\/fr\/wp-json\/wp\/v2\/media\/10902"}],"wp:attachment":[{"href":"https:\/\/moyahousehold.com\/fr\/wp-json\/wp\/v2\/media?parent=5566"}],"wp:term":[{"taxonomy":"product_cat","embeddable":true,"href":"https:\/\/moyahousehold.com\/fr\/wp-json\/wp\/v2\/product_cat?post=5566"},{"taxonomy":"product_tag","embeddable":true,"href":"https:\/\/moyahousehold.com\/fr\/wp-json\/wp\/v2\/product_tag?post=5566"}],"curies":[{"name":"wp","href":"https:\/\/api.w.org\/{rel}","templated":true}]}}