{"id":5606,"date":"2024-06-10T01:31:40","date_gmt":"2024-06-10T01:31:40","guid":{"rendered":"https:\/\/moyahousehold.com\/?post_type=product&#038;p=5606"},"modified":"2026-04-07T09:46:00","modified_gmt":"2026-04-07T09:46:00","slug":"wholesale-coffee-mugs-for-the-office","status":"publish","type":"product","link":"https:\/\/moyahousehold.com\/fr\/produit\/wholesale-coffee-mugs-for-the-office\/","title":{"rendered":"304 Stainless Steel Coffee Mug 400ml | Wholesale Bulk for Office Use, BPA-Free"},"content":{"rendered":"<figure class=\"wp-block-image size-full\"><img fetchpriority=\"high\" decoding=\"async\" width=\"3984\" height=\"2656\" src=\"https:\/\/moyahousehold.com\/wp-content\/uploads\/2024\/06\/LY-\u676f\u5b50\u5408\u96c6\u65e9\u9910\u676f-2.jpg\" alt=\"304 stainless steel insulated coffee mugs in beige and white \u2014 perfect for office, home, or coworker moments. Keeps drinks hot or cold for hours.\" class=\"wp-image-12708\" srcset=\"https:\/\/moyahousehold.com\/wp-content\/uploads\/2024\/06\/LY-\u676f\u5b50\u5408\u96c6\u65e9\u9910\u676f-2.jpg 3984w, https:\/\/moyahousehold.com\/wp-content\/uploads\/2024\/06\/LY-\u676f\u5b50\u5408\u96c6\u65e9\u9910\u676f-2-300x200.jpg 300w, https:\/\/moyahousehold.com\/wp-content\/uploads\/2024\/06\/LY-\u676f\u5b50\u5408\u96c6\u65e9\u9910\u676f-2-768x512.jpg 768w, https:\/\/moyahousehold.com\/wp-content\/uploads\/2024\/06\/LY-\u676f\u5b50\u5408\u96c6\u65e9\u9910\u676f-2-18x12.jpg 18w, https:\/\/moyahousehold.com\/wp-content\/uploads\/2024\/06\/LY-\u676f\u5b50\u5408\u96c6\u65e9\u9910\u676f-2-285x190.jpg 285w, https:\/\/moyahousehold.com\/wp-content\/uploads\/2024\/06\/LY-\u676f\u5b50\u5408\u96c6\u65e9\u9910\u676f-2-1600x1067.jpg 1600w, https:\/\/moyahousehold.com\/wp-content\/uploads\/2024\/06\/LY-\u676f\u5b50\u5408\u96c6\u65e9\u9910\u676f-2-660x440.jpg 660w, https:\/\/moyahousehold.com\/wp-content\/uploads\/2024\/06\/LY-\u676f\u5b50\u5408\u96c6\u65e9\u9910\u676f-2-150x100.jpg 150w\" sizes=\"(max-width: 3984px) 100vw, 3984px\" \/><\/figure>\n\n\n\n<h2 class=\"wp-block-heading\">Param\u00e8tres des tasses \u00e0 caf\u00e9 pour le bureau<\/h2>\n\n\n\n<p><strong>Mat\u00e9riau :<\/strong> 304 + PP <strong> Couleur :<\/strong> Beige\/Kaki<\/p>\n\n\n\n<figure class=\"wp-block-table\"><table><tbody><tr><td><strong>Objet<\/strong><\/td><td><strong>Capacit\u00e9<\/strong><\/td><td><strong>Taille du produit<\/strong><\/td><td><strong>PCS\/Case<\/strong><\/td><td>N<strong>.W\/PCS<\/strong><\/td><td><strong>G.W\/Case<\/strong><\/td><\/tr><tr><td>MYLY017<\/td><td>400ml<\/td><td>8*9*11<\/td><td>80<\/td><td>0.16<\/td><td>18.8<\/td><\/tr><\/tbody><\/table><\/figure>\n\n\n\n<h3 class=\"wp-block-heading\">Custom Travel Coffee Mugs<\/h3>\n\n\n\n<p><strong>Logo<\/strong>: Custom your brand logo on product and package.<br><strong>Logo Options: <\/strong>Printed logo, laser engraved logo, etc.<br><strong>Mod\u00e8le :<\/strong> Mod\u00e8les d'impression <br><strong>Printing Technology:<\/strong> Water transfer printing, silk screen printing, heat transfer printing, sublimation transfer, etc.<br><strong>Paquet :<\/strong> Color box<br><a href=\"https:\/\/moyahousehold.com\/fr\/solution-personnalisee\/\"><strong>D\u00e9couvrez plus de d\u00e9tails sur les tasses \u00e0 caf\u00e9 personnalis\u00e9es.<\/strong><\/a><\/p>\n\n\n\n<div class=\"wp-block-columns is-layout-flex wp-container-core-columns-is-layout-9d6595d7 wp-block-columns-is-layout-flex\">\n<div class=\"wp-block-column is-layout-flow wp-block-column-is-layout-flow\">\n<figure class=\"wp-block-image size-full\"><img decoding=\"async\" width=\"2500\" height=\"2437\" src=\"https:\/\/moyahousehold.com\/wp-content\/uploads\/2024\/06\/Coffee-Mugs-for-the-Office-Display-1.webp\" alt=\"Tasses \u00e0 caf\u00e9 pour le pr\u00e9sentoir du bureau (1)\" class=\"wp-image-10832\" srcset=\"https:\/\/moyahousehold.com\/wp-content\/uploads\/2024\/06\/Coffee-Mugs-for-the-Office-Display-1.webp 2500w, https:\/\/moyahousehold.com\/wp-content\/uploads\/2024\/06\/Coffee-Mugs-for-the-Office-Display-1-300x292.webp 300w, https:\/\/moyahousehold.com\/wp-content\/uploads\/2024\/06\/Coffee-Mugs-for-the-Office-Display-1-768x749.webp 768w, https:\/\/moyahousehold.com\/wp-content\/uploads\/2024\/06\/Coffee-Mugs-for-the-Office-Display-1-12x12.webp 12w, https:\/\/moyahousehold.com\/wp-content\/uploads\/2024\/06\/Coffee-Mugs-for-the-Office-Display-1-285x278.webp 285w, https:\/\/moyahousehold.com\/wp-content\/uploads\/2024\/06\/Coffee-Mugs-for-the-Office-Display-1-1600x1560.webp 1600w, https:\/\/moyahousehold.com\/wp-content\/uploads\/2024\/06\/Coffee-Mugs-for-the-Office-Display-1-660x643.webp 660w, https:\/\/moyahousehold.com\/wp-content\/uploads\/2024\/06\/Coffee-Mugs-for-the-Office-Display-1-150x146.webp 150w\" sizes=\"(max-width: 2500px) 100vw, 2500px\" \/><\/figure>\n<\/div>\n\n\n\n<div class=\"wp-block-column is-layout-flow wp-block-column-is-layout-flow\">\n<figure class=\"wp-block-image size-full\"><img decoding=\"async\" width=\"2500\" height=\"2437\" src=\"https:\/\/moyahousehold.com\/wp-content\/uploads\/2024\/06\/Coffee-Mugs-for-the-Office-Display-2.webp\" alt=\"Tasses \u00e0 caf\u00e9 pour le pr\u00e9sentoir du bureau (2)\" class=\"wp-image-10833\" srcset=\"https:\/\/moyahousehold.com\/wp-content\/uploads\/2024\/06\/Coffee-Mugs-for-the-Office-Display-2.webp 2500w, https:\/\/moyahousehold.com\/wp-content\/uploads\/2024\/06\/Coffee-Mugs-for-the-Office-Display-2-300x292.webp 300w, https:\/\/moyahousehold.com\/wp-content\/uploads\/2024\/06\/Coffee-Mugs-for-the-Office-Display-2-768x749.webp 768w, https:\/\/moyahousehold.com\/wp-content\/uploads\/2024\/06\/Coffee-Mugs-for-the-Office-Display-2-12x12.webp 12w, https:\/\/moyahousehold.com\/wp-content\/uploads\/2024\/06\/Coffee-Mugs-for-the-Office-Display-2-285x278.webp 285w, https:\/\/moyahousehold.com\/wp-content\/uploads\/2024\/06\/Coffee-Mugs-for-the-Office-Display-2-1600x1560.webp 1600w, https:\/\/moyahousehold.com\/wp-content\/uploads\/2024\/06\/Coffee-Mugs-for-the-Office-Display-2-660x643.webp 660w, https:\/\/moyahousehold.com\/wp-content\/uploads\/2024\/06\/Coffee-Mugs-for-the-Office-Display-2-150x146.webp 150w\" sizes=\"(max-width: 2500px) 100vw, 2500px\" \/><\/figure>\n<\/div>\n<\/div>\n\n\n\n<div class=\"wp-block-columns is-layout-flex wp-container-core-columns-is-layout-9d6595d7 wp-block-columns-is-layout-flex\">\n<div class=\"wp-block-column is-layout-flow wp-block-column-is-layout-flow\">\n<figure class=\"wp-block-image size-full\"><img loading=\"lazy\" decoding=\"async\" width=\"1080\" height=\"1620\" src=\"https:\/\/moyahousehold.com\/wp-content\/uploads\/2024\/06\/LY-\u529e\u516c\u676f-28.jpg\" alt=\"304 stainless steel insulated coffee mugs in beige and white \u2014 perfect for office, home, or coworker moments. Keeps drinks hot or cold for hours.\" class=\"wp-image-12706\" srcset=\"https:\/\/moyahousehold.com\/wp-content\/uploads\/2024\/06\/LY-\u529e\u516c\u676f-28.jpg 1080w, https:\/\/moyahousehold.com\/wp-content\/uploads\/2024\/06\/LY-\u529e\u516c\u676f-28-200x300.jpg 200w, https:\/\/moyahousehold.com\/wp-content\/uploads\/2024\/06\/LY-\u529e\u516c\u676f-28-768x1152.jpg 768w, https:\/\/moyahousehold.com\/wp-content\/uploads\/2024\/06\/LY-\u529e\u516c\u676f-28-8x12.jpg 8w, https:\/\/moyahousehold.com\/wp-content\/uploads\/2024\/06\/LY-\u529e\u516c\u676f-28-285x428.jpg 285w, https:\/\/moyahousehold.com\/wp-content\/uploads\/2024\/06\/LY-\u529e\u516c\u676f-28-440x660.jpg 440w, https:\/\/moyahousehold.com\/wp-content\/uploads\/2024\/06\/LY-\u529e\u516c\u676f-28-100x150.jpg 100w\" sizes=\"(max-width: 1080px) 100vw, 1080px\" \/><\/figure>\n<\/div>\n\n\n\n<div class=\"wp-block-column is-layout-flow wp-block-column-is-layout-flow\">\n<figure class=\"wp-block-image size-full\"><img loading=\"lazy\" decoding=\"async\" width=\"1080\" height=\"1620\" src=\"https:\/\/moyahousehold.com\/wp-content\/uploads\/2024\/06\/LY-\u529e\u516c\u676f-31.jpg\" alt=\"304 stainless steel insulated coffee mugs in beige and white \u2014 perfect for office, home, or coworker moments. Keeps drinks hot or cold for hours.\" class=\"wp-image-12707\" srcset=\"https:\/\/moyahousehold.com\/wp-content\/uploads\/2024\/06\/LY-\u529e\u516c\u676f-31.jpg 1080w, https:\/\/moyahousehold.com\/wp-content\/uploads\/2024\/06\/LY-\u529e\u516c\u676f-31-200x300.jpg 200w, https:\/\/moyahousehold.com\/wp-content\/uploads\/2024\/06\/LY-\u529e\u516c\u676f-31-768x1152.jpg 768w, https:\/\/moyahousehold.com\/wp-content\/uploads\/2024\/06\/LY-\u529e\u516c\u676f-31-8x12.jpg 8w, https:\/\/moyahousehold.com\/wp-content\/uploads\/2024\/06\/LY-\u529e\u516c\u676f-31-285x428.jpg 285w, https:\/\/moyahousehold.com\/wp-content\/uploads\/2024\/06\/LY-\u529e\u516c\u676f-31-440x660.jpg 440w, https:\/\/moyahousehold.com\/wp-content\/uploads\/2024\/06\/LY-\u529e\u516c\u676f-31-100x150.jpg 100w\" sizes=\"(max-width: 1080px) 100vw, 1080px\" \/><\/figure>\n<\/div>\n<\/div>\n\n\n\n<p><\/p>","protected":false},"excerpt":{"rendered":"<p>Les tasses \u00e0 caf\u00e9 en gros pour le bureau, les tasses \u00e0 caf\u00e9 de 400 ml en gros sont soigneusement con\u00e7ues pour l'environnement de bureau moderne, atteignant l'\u00e9quilibre parfait entre le style, le confort et la fonctionnalit\u00e9. Moya propose des services de vente en gros et de personnalisation OEM\/ODM, y compris la personnalisation du logo et de l'emballage. Contactez-nous pour un devis.<\/p>\n<h3>Caract\u00e9ristiques et avantages des tasses \u00e0 caf\u00e9 pour le bureau<\/h3>\n<p><strong>Un beau design :<\/strong> Cette tasse \u00e0 caf\u00e9 de bureau est disponible dans des couleurs cr\u00e8me et avoine douces et apaisantes, avec un design moderne et simple, ce qui en fait un bel accessoire pour votre bureau.<\/p>\n<p><strong>S\u00fbr et facile \u00e0 utiliser :<\/strong> Cette tasse \u00e0 caf\u00e9 de bureau est rev\u00eatue d'acier inoxydable 304 de qualit\u00e9 alimentaire pour garantir des boissons froides et chaudes s\u00fbres et hygi\u00e9niques. La coque ext\u00e9rieure est fabriqu\u00e9e en plastique PP de haute qualit\u00e9 \u00e0 la texture mate, ce qui permet une prise en main confortable.<\/p>\n<p><strong>Convient \u00e0 la maison et au bureau :<\/strong> Cette tasse \u00e0 caf\u00e9 allie beaut\u00e9 et praticit\u00e9 \u00e0 un style tr\u00e8s tendance, ce qui la rend parfaite pour les loisirs \u00e0 la maison ou le travail au bureau.<\/p>\n<p><strong>Logo de marque personnalis\u00e9 :<\/strong> Le fabricant de tasses \u00e0 caf\u00e9 MOYA offre un service OEM, cette tasse \u00e0 caf\u00e9 permet l'impression de logos personnalis\u00e9s, vous pouvez facilement cr\u00e9er votre propre tasse \u00e0 caf\u00e9.<\/p>\n<p><strong>Service de vente en gros :<\/strong> Le fabricant de tasses \u00e0 caf\u00e9 MOYA assure un approvisionnement stable pour votre entreprise, et fournit des prix d'usine et des services de conseil.<\/p>","protected":false},"featured_media":10836,"comment_status":"closed","ping_status":"closed","template":"","meta":[],"product_cat":[75],"product_tag":[144,145],"class_list":{"0":"post-5606","1":"product","2":"type-product","3":"status-publish","4":"has-post-thumbnail","6":"product_cat-wholesale-stainless-steel-coffee-mug","7":"product_tag-coffee-mug","8":"product_tag-office-mug","10":"first","11":"instock","12":"shipping-taxable","13":"product-type-simple"},"_links":{"self":[{"href":"https:\/\/moyahousehold.com\/fr\/wp-json\/wp\/v2\/product\/5606","targetHints":{"allow":["GET"]}}],"collection":[{"href":"https:\/\/moyahousehold.com\/fr\/wp-json\/wp\/v2\/product"}],"about":[{"href":"https:\/\/moyahousehold.com\/fr\/wp-json\/wp\/v2\/types\/product"}],"replies":[{"embeddable":true,"href":"https:\/\/moyahousehold.com\/fr\/wp-json\/wp\/v2\/comments?post=5606"}],"version-history":[{"count":2,"href":"https:\/\/moyahousehold.com\/fr\/wp-json\/wp\/v2\/product\/5606\/revisions"}],"predecessor-version":[{"id":12710,"href":"https:\/\/moyahousehold.com\/fr\/wp-json\/wp\/v2\/product\/5606\/revisions\/12710"}],"wp:featuredmedia":[{"embeddable":true,"href":"https:\/\/moyahousehold.com\/fr\/wp-json\/wp\/v2\/media\/10836"}],"wp:attachment":[{"href":"https:\/\/moyahousehold.com\/fr\/wp-json\/wp\/v2\/media?parent=5606"}],"wp:term":[{"taxonomy":"product_cat","embeddable":true,"href":"https:\/\/moyahousehold.com\/fr\/wp-json\/wp\/v2\/product_cat?post=5606"},{"taxonomy":"product_tag","embeddable":true,"href":"https:\/\/moyahousehold.com\/fr\/wp-json\/wp\/v2\/product_tag?post=5606"}],"curies":[{"name":"wp","href":"https:\/\/api.w.org\/{rel}","templated":true}]}}