{"id":5619,"date":"2024-06-10T03:09:01","date_gmt":"2024-06-10T03:09:01","guid":{"rendered":"https:\/\/moyahousehold.com\/?post_type=product&#038;p=5619"},"modified":"2025-04-10T10:08:58","modified_gmt":"2025-04-10T10:08:58","slug":"wholesale-stainless-steel-coffee-cups-280ml-and-550ml","status":"publish","type":"product","link":"https:\/\/moyahousehold.com\/fr\/produit\/wholesale-stainless-steel-coffee-cups-280ml-and-550ml\/","title":{"rendered":"Tasses \u00e0 caf\u00e9 en acier inoxydable en gros, 280ml et 550ml"},"content":{"rendered":"<h2 class=\"wp-block-heading\">Param\u00e8tres des tasses \u00e0 caf\u00e9 en acier inoxydable<\/h2>\n\n\n\n<p><strong>mat\u00e9riel :<\/strong>304 + PP <strong> couleur :<\/strong>Beige\/Kaki<\/p>\n\n\n\n<figure class=\"wp-block-table\"><table><tbody><tr><td>Num\u00e9ro de mod\u00e8le<\/td><td>capacit\u00e9<\/td><td>Taille du produit<\/td><td>Taille de la bo\u00eete ext\u00e9rieure<\/td><td>Quantit\u00e9 par caisse<\/td><td>N.W<\/td><td>G.W\/Case<\/td><\/tr><tr><td>MYLY018<\/td><td>280ml<\/td><td>10.2*5.5*6.5<\/td><td>64*45*53<\/td><td>80<\/td><td>0.16<\/td><td>28.8<\/td><\/tr><tr><td>MYLY019<\/td><td>550ml<\/td><td>12.5*6.5*8.2<\/td><td>68*48*56<\/td><td>80<\/td><td>0.2<\/td><td>18<\/td><\/tr><\/tbody><\/table><\/figure>\n\n\n\n<h3 class=\"wp-block-heading\">Tasses \u00e0 caf\u00e9 personnalis\u00e9es<\/h3>\n\n\n\n<p><strong>Logo : <\/strong>personnaliser le logo de votre marque sur le produit et l'emballage.<br><strong>Options de logo :<\/strong> logo imprim\u00e9, logo grav\u00e9 au laser, etc.<br><strong>Mod\u00e8le :<\/strong> Mod\u00e8les d'impression <br><strong>Technologie d'impression :<\/strong> impression par transfert d'eau, impression par s\u00e9rigraphie, impression par transfert thermique, transfert par sublimation, etc.<br><strong>Emballage : <\/strong>bo\u00eete \u00e0 couleurs<br><a href=\"https:\/\/moyahousehold.com\/fr\/solution-personnalisee\/\"><strong>En savoir plus sur les solutions personnalis\u00e9es pour les tasses \u00e0 caf\u00e9.<\/strong><\/a><\/p>\n\n\n\n<div class=\"wp-block-columns is-layout-flex wp-container-core-columns-is-layout-9d6595d7 wp-block-columns-is-layout-flex\">\n<div class=\"wp-block-column is-layout-flow wp-block-column-is-layout-flow\">\n<figure class=\"wp-block-image size-full\"><img fetchpriority=\"high\" decoding=\"async\" width=\"1024\" height=\"1024\" src=\"https:\/\/moyahousehold.com\/wp-content\/uploads\/2024\/06\/280ml-stainless-steel-cup-details.webp\" alt=\"Tasse en acier inoxydable de 280 ml d\u00e9tails\" class=\"wp-image-10728\" srcset=\"https:\/\/moyahousehold.com\/wp-content\/uploads\/2024\/06\/280ml-stainless-steel-cup-details.webp 1024w, https:\/\/moyahousehold.com\/wp-content\/uploads\/2024\/06\/280ml-stainless-steel-cup-details-300x300.webp 300w, https:\/\/moyahousehold.com\/wp-content\/uploads\/2024\/06\/280ml-stainless-steel-cup-details-150x150.webp 150w, https:\/\/moyahousehold.com\/wp-content\/uploads\/2024\/06\/280ml-stainless-steel-cup-details-768x768.webp 768w, https:\/\/moyahousehold.com\/wp-content\/uploads\/2024\/06\/280ml-stainless-steel-cup-details-12x12.webp 12w, https:\/\/moyahousehold.com\/wp-content\/uploads\/2024\/06\/280ml-stainless-steel-cup-details-285x285.webp 285w, https:\/\/moyahousehold.com\/wp-content\/uploads\/2024\/06\/280ml-stainless-steel-cup-details-270x270.webp 270w, https:\/\/moyahousehold.com\/wp-content\/uploads\/2024\/06\/280ml-stainless-steel-cup-details-540x540.webp 540w, https:\/\/moyahousehold.com\/wp-content\/uploads\/2024\/06\/280ml-stainless-steel-cup-details-660x660.webp 660w\" sizes=\"(max-width: 1024px) 100vw, 1024px\" \/><\/figure>\n<\/div>\n\n\n\n<div class=\"wp-block-column is-layout-flow wp-block-column-is-layout-flow\">\n<figure class=\"wp-block-image size-full\"><img decoding=\"async\" width=\"1024\" height=\"1024\" src=\"https:\/\/moyahousehold.com\/wp-content\/uploads\/2024\/06\/550ml-stainless-steel-cup-details.webp\" alt=\"Tasse en acier inoxydable de 550 ml d\u00e9tails\" class=\"wp-image-10729\" srcset=\"https:\/\/moyahousehold.com\/wp-content\/uploads\/2024\/06\/550ml-stainless-steel-cup-details.webp 1024w, https:\/\/moyahousehold.com\/wp-content\/uploads\/2024\/06\/550ml-stainless-steel-cup-details-300x300.webp 300w, https:\/\/moyahousehold.com\/wp-content\/uploads\/2024\/06\/550ml-stainless-steel-cup-details-150x150.webp 150w, https:\/\/moyahousehold.com\/wp-content\/uploads\/2024\/06\/550ml-stainless-steel-cup-details-768x768.webp 768w, https:\/\/moyahousehold.com\/wp-content\/uploads\/2024\/06\/550ml-stainless-steel-cup-details-12x12.webp 12w, https:\/\/moyahousehold.com\/wp-content\/uploads\/2024\/06\/550ml-stainless-steel-cup-details-285x285.webp 285w, https:\/\/moyahousehold.com\/wp-content\/uploads\/2024\/06\/550ml-stainless-steel-cup-details-270x270.webp 270w, https:\/\/moyahousehold.com\/wp-content\/uploads\/2024\/06\/550ml-stainless-steel-cup-details-540x540.webp 540w, https:\/\/moyahousehold.com\/wp-content\/uploads\/2024\/06\/550ml-stainless-steel-cup-details-660x660.webp 660w\" sizes=\"(max-width: 1024px) 100vw, 1024px\" \/><\/figure>\n<\/div>\n<\/div>\n\n\n\n<div class=\"wp-block-columns is-layout-flex wp-container-core-columns-is-layout-9d6595d7 wp-block-columns-is-layout-flex\">\n<div class=\"wp-block-column is-layout-flow wp-block-column-is-layout-flow\">\n<figure class=\"wp-block-image size-full\"><img decoding=\"async\" width=\"2000\" height=\"1333\" src=\"https:\/\/moyahousehold.com\/wp-content\/uploads\/2024\/06\/stainless-steel-cup-series-display-1.webp\" alt=\"pr\u00e9sentoir en acier inoxydable de la s\u00e9rie cup (1)\" class=\"wp-image-10730\" srcset=\"https:\/\/moyahousehold.com\/wp-content\/uploads\/2024\/06\/stainless-steel-cup-series-display-1.webp 2000w, https:\/\/moyahousehold.com\/wp-content\/uploads\/2024\/06\/stainless-steel-cup-series-display-1-300x200.webp 300w, https:\/\/moyahousehold.com\/wp-content\/uploads\/2024\/06\/stainless-steel-cup-series-display-1-768x512.webp 768w, https:\/\/moyahousehold.com\/wp-content\/uploads\/2024\/06\/stainless-steel-cup-series-display-1-18x12.webp 18w, https:\/\/moyahousehold.com\/wp-content\/uploads\/2024\/06\/stainless-steel-cup-series-display-1-285x190.webp 285w, https:\/\/moyahousehold.com\/wp-content\/uploads\/2024\/06\/stainless-steel-cup-series-display-1-1600x1066.webp 1600w, https:\/\/moyahousehold.com\/wp-content\/uploads\/2024\/06\/stainless-steel-cup-series-display-1-660x440.webp 660w, https:\/\/moyahousehold.com\/wp-content\/uploads\/2024\/06\/stainless-steel-cup-series-display-1-150x100.webp 150w\" sizes=\"(max-width: 2000px) 100vw, 2000px\" \/><\/figure>\n<\/div>\n\n\n\n<div class=\"wp-block-column is-layout-flow wp-block-column-is-layout-flow\">\n<figure class=\"wp-block-image size-full\"><img loading=\"lazy\" decoding=\"async\" width=\"2000\" height=\"1333\" src=\"https:\/\/moyahousehold.com\/wp-content\/uploads\/2024\/06\/stainless-steel-cup-series-display-2.webp\" alt=\"pr\u00e9sentoir en acier inoxydable de la s\u00e9rie cup (2)\" class=\"wp-image-10731\" srcset=\"https:\/\/moyahousehold.com\/wp-content\/uploads\/2024\/06\/stainless-steel-cup-series-display-2.webp 2000w, https:\/\/moyahousehold.com\/wp-content\/uploads\/2024\/06\/stainless-steel-cup-series-display-2-300x200.webp 300w, https:\/\/moyahousehold.com\/wp-content\/uploads\/2024\/06\/stainless-steel-cup-series-display-2-768x512.webp 768w, https:\/\/moyahousehold.com\/wp-content\/uploads\/2024\/06\/stainless-steel-cup-series-display-2-18x12.webp 18w, https:\/\/moyahousehold.com\/wp-content\/uploads\/2024\/06\/stainless-steel-cup-series-display-2-285x190.webp 285w, https:\/\/moyahousehold.com\/wp-content\/uploads\/2024\/06\/stainless-steel-cup-series-display-2-1600x1066.webp 1600w, https:\/\/moyahousehold.com\/wp-content\/uploads\/2024\/06\/stainless-steel-cup-series-display-2-660x440.webp 660w, https:\/\/moyahousehold.com\/wp-content\/uploads\/2024\/06\/stainless-steel-cup-series-display-2-150x100.webp 150w\" sizes=\"(max-width: 2000px) 100vw, 2000px\" \/><\/figure>\n<\/div>\n<\/div>\n\n\n\n<div class=\"wp-block-columns is-layout-flex wp-container-core-columns-is-layout-9d6595d7 wp-block-columns-is-layout-flex\">\n<div class=\"wp-block-column is-layout-flow wp-block-column-is-layout-flow\"><\/div>\n\n\n\n<div class=\"wp-block-column is-layout-flow wp-block-column-is-layout-flow\"><\/div>\n<\/div>","protected":false},"excerpt":{"rendered":"<p>Nous proposons des services de vente en gros de tasses \u00e0 caf\u00e9 personnalis\u00e9es avec logos. Nous pouvons y imprimer votre logo ou votre marque, et vous pouvez choisir l'impression par transfert d'eau ou l'impression au laser. Cette tasse \u00e0 caf\u00e9 est dot\u00e9e d'un rev\u00eatement en acier inoxydable de haute qualit\u00e9 et d'une coque en PP. Elle a une forme \u00e9l\u00e9gante et convient \u00e0 une utilisation \u00e0 la maison ou sur le lieu de travail. N'h\u00e9sitez pas \u00e0 nous contacter pour des solutions personnalis\u00e9es en mati\u00e8re de gobelets \u00e0 caf\u00e9.<\/p>\n<h3>Caract\u00e9ristiques et avantages des tasses \u00e0 caf\u00e9 en acier inoxydable<\/h3>\n<p><strong>Un design simple et beau :<\/strong> Le design \u00e9l\u00e9gant et moderne est parfait pour les styles de vie modernes et convient \u00e0 la maison ou au bureau.<\/p>\n<p><strong>Deux options de couleur :<\/strong> Nous proposons deux styles, beige et kaki. Les tons apaisants et doux apportent un sentiment de calme et de confort, cr\u00e9ant une atmosph\u00e8re agr\u00e9able.<\/p>\n<p><strong>Mat\u00e9riau en acier inoxydable 304 :<\/strong> Fabriqu\u00e9 en acier inoxydable 304 de qualit\u00e9 alimentaire, il assure sa durabilit\u00e9 et pr\u00e9serve le go\u00fbt des boissons tout en pr\u00e9sentant une excellente r\u00e9sistance \u00e0 la corrosion.<\/p>\n<p><strong>Coque en PP \u00e0 texture givr\u00e9e :<\/strong> La coque est fabriqu\u00e9e en PP et est con\u00e7ue avec une texture givr\u00e9e, ce qui est \u00e0 la mode et pratique, confortable \u00e0 tenir, et r\u00e9duit le risque de br\u00fblure.<\/p>\n<p><strong>Service d'impression de logos personnalis\u00e9s :<\/strong> Nous fournissons en gros des tasses \u00e0 caf\u00e9 personnalis\u00e9es avec des logos de marque, permettant aux entreprises de cr\u00e9er des produits uniques qui refl\u00e8tent l'identit\u00e9 de leur marque.<\/p>","protected":false},"featured_media":10724,"comment_status":"closed","ping_status":"closed","template":"","meta":[],"product_cat":[75],"product_tag":[],"class_list":{"0":"post-5619","1":"product","2":"type-product","3":"status-publish","4":"has-post-thumbnail","6":"product_cat-wholesale-stainless-steel-coffee-mug","8":"first","9":"instock","10":"shipping-taxable","11":"product-type-simple"},"_links":{"self":[{"href":"https:\/\/moyahousehold.com\/fr\/wp-json\/wp\/v2\/product\/5619","targetHints":{"allow":["GET"]}}],"collection":[{"href":"https:\/\/moyahousehold.com\/fr\/wp-json\/wp\/v2\/product"}],"about":[{"href":"https:\/\/moyahousehold.com\/fr\/wp-json\/wp\/v2\/types\/product"}],"replies":[{"embeddable":true,"href":"https:\/\/moyahousehold.com\/fr\/wp-json\/wp\/v2\/comments?post=5619"}],"version-history":[{"count":0,"href":"https:\/\/moyahousehold.com\/fr\/wp-json\/wp\/v2\/product\/5619\/revisions"}],"wp:featuredmedia":[{"embeddable":true,"href":"https:\/\/moyahousehold.com\/fr\/wp-json\/wp\/v2\/media\/10724"}],"wp:attachment":[{"href":"https:\/\/moyahousehold.com\/fr\/wp-json\/wp\/v2\/media?parent=5619"}],"wp:term":[{"taxonomy":"product_cat","embeddable":true,"href":"https:\/\/moyahousehold.com\/fr\/wp-json\/wp\/v2\/product_cat?post=5619"},{"taxonomy":"product_tag","embeddable":true,"href":"https:\/\/moyahousehold.com\/fr\/wp-json\/wp\/v2\/product_tag?post=5619"}],"curies":[{"name":"wp","href":"https:\/\/api.w.org\/{rel}","templated":true}]}}