{"id":5644,"date":"2024-06-10T03:35:11","date_gmt":"2024-06-10T03:35:11","guid":{"rendered":"https:\/\/moyahousehold.com\/?post_type=product&#038;p=5644"},"modified":"2025-04-12T08:16:54","modified_gmt":"2025-04-12T08:16:54","slug":"wholesale-insulated-coffee-mugs-with-handles","status":"publish","type":"product","link":"https:\/\/moyahousehold.com\/fr\/produit\/wholesale-insulated-coffee-mugs-with-handles\/","title":{"rendered":"Tasses \u00e0 caf\u00e9 isothermes avec poign\u00e9es en gros, Tasses de voyage \u00e0 double paroi en vrac"},"content":{"rendered":"<h2 class=\"wp-block-heading\">Param\u00e8tres des tasses \u00e0 caf\u00e9 isothermes avec poign\u00e9es<\/h2>\n\n\n\n<p><strong>mat\u00e9riel :<\/strong>304 + PP <strong> couleur :<\/strong>Kaki\/Blanc\/ Jaune\/Beige\/noir<\/p>\n\n\n\n<figure class=\"wp-block-table\"><table><tbody><tr><td>Num\u00e9ro de mod\u00e8le<\/td><td>capacit\u00e9<\/td><td>Taille du produit<\/td><td>Taille de la bo\u00eete ext\u00e9rieure<\/td><td>Quantit\u00e9 par caisse<\/td><td>N.W<\/td><td>G.W\/Case<\/td><\/tr><tr><td>MYJD106<\/td><td>480ML\/avec infuseur de th\u00e9<\/td><td>8.5*8.5*14.2<\/td><td>53*42.5*43<\/td><td>60<\/td><td>0.28&nbsp;<\/td><td>28.8<\/td><\/tr><tr><td>MYJD107<\/td><td>600ML\/avec infuseur de th\u00e9<\/td><td>40*49.5<\/td><td>53*42.5*43<\/td><td>60<\/td><td>0.30&nbsp;<\/td><td>29.8<\/td><\/tr><\/tbody><\/table><\/figure>\n\n\n\n<h3 class=\"wp-block-heading\">Tasses \u00e0 caf\u00e9 isothermes personnalis\u00e9es<\/h3>\n\n\n\n<p><strong>Logo : <\/strong>Personnalisez le logo de votre marque sur le produit et l'emballage.<br><strong>Options de logo :<\/strong> logo imprim\u00e9, logo grav\u00e9 au laser, etc.<br><strong>Mod\u00e8le :<\/strong> Mod\u00e8les d'impression <br><strong>Technologie d'impression :<\/strong> impression par transfert d'eau, impression par s\u00e9rigraphie, impression par transfert thermique, transfert par sublimation, etc.<br><strong>Emballage :<\/strong> bo\u00eete \u00e0 couleurs<br><a href=\"https:\/\/moyahousehold.com\/fr\/solution-personnalisee\/\"><strong>D\u00e9couvrez plus de d\u00e9tails sur les tasses \u00e0 caf\u00e9 personnalis\u00e9es.<\/strong><\/a><\/p>\n\n\n\n<div class=\"wp-block-columns is-layout-flex wp-container-core-columns-is-layout-9d6595d7 wp-block-columns-is-layout-flex\">\n<div class=\"wp-block-column is-layout-flow wp-block-column-is-layout-flow\">\n<figure class=\"wp-block-image size-full\"><img fetchpriority=\"high\" decoding=\"async\" width=\"2000\" height=\"1999\" src=\"https:\/\/moyahousehold.com\/wp-content\/uploads\/2024\/06\/insulated-coffee-mugs-details-1.webp\" alt=\"Tasses \u00e0 caf\u00e9 isol\u00e9es d\u00e9tails (1)\" class=\"wp-image-10790\" srcset=\"https:\/\/moyahousehold.com\/wp-content\/uploads\/2024\/06\/insulated-coffee-mugs-details-1.webp 2000w, https:\/\/moyahousehold.com\/wp-content\/uploads\/2024\/06\/insulated-coffee-mugs-details-1-300x300.webp 300w, https:\/\/moyahousehold.com\/wp-content\/uploads\/2024\/06\/insulated-coffee-mugs-details-1-150x150.webp 150w, https:\/\/moyahousehold.com\/wp-content\/uploads\/2024\/06\/insulated-coffee-mugs-details-1-768x768.webp 768w, https:\/\/moyahousehold.com\/wp-content\/uploads\/2024\/06\/insulated-coffee-mugs-details-1-12x12.webp 12w, https:\/\/moyahousehold.com\/wp-content\/uploads\/2024\/06\/insulated-coffee-mugs-details-1-285x285.webp 285w, https:\/\/moyahousehold.com\/wp-content\/uploads\/2024\/06\/insulated-coffee-mugs-details-1-1600x1599.webp 1600w, https:\/\/moyahousehold.com\/wp-content\/uploads\/2024\/06\/insulated-coffee-mugs-details-1-270x270.webp 270w, https:\/\/moyahousehold.com\/wp-content\/uploads\/2024\/06\/insulated-coffee-mugs-details-1-540x540.webp 540w, https:\/\/moyahousehold.com\/wp-content\/uploads\/2024\/06\/insulated-coffee-mugs-details-1-660x660.webp 660w\" sizes=\"(max-width: 2000px) 100vw, 2000px\" \/><\/figure>\n<\/div>\n\n\n\n<div class=\"wp-block-column is-layout-flow wp-block-column-is-layout-flow\">\n<figure class=\"wp-block-image size-full\"><img decoding=\"async\" width=\"2000\" height=\"1999\" src=\"https:\/\/moyahousehold.com\/wp-content\/uploads\/2024\/06\/insulated-coffee-mugs-details-2.webp\" alt=\"Tasses \u00e0 caf\u00e9 isol\u00e9es d\u00e9tails (2)\" class=\"wp-image-10791\" srcset=\"https:\/\/moyahousehold.com\/wp-content\/uploads\/2024\/06\/insulated-coffee-mugs-details-2.webp 2000w, https:\/\/moyahousehold.com\/wp-content\/uploads\/2024\/06\/insulated-coffee-mugs-details-2-300x300.webp 300w, https:\/\/moyahousehold.com\/wp-content\/uploads\/2024\/06\/insulated-coffee-mugs-details-2-150x150.webp 150w, https:\/\/moyahousehold.com\/wp-content\/uploads\/2024\/06\/insulated-coffee-mugs-details-2-768x768.webp 768w, https:\/\/moyahousehold.com\/wp-content\/uploads\/2024\/06\/insulated-coffee-mugs-details-2-12x12.webp 12w, https:\/\/moyahousehold.com\/wp-content\/uploads\/2024\/06\/insulated-coffee-mugs-details-2-285x285.webp 285w, https:\/\/moyahousehold.com\/wp-content\/uploads\/2024\/06\/insulated-coffee-mugs-details-2-1600x1599.webp 1600w, https:\/\/moyahousehold.com\/wp-content\/uploads\/2024\/06\/insulated-coffee-mugs-details-2-270x270.webp 270w, https:\/\/moyahousehold.com\/wp-content\/uploads\/2024\/06\/insulated-coffee-mugs-details-2-540x540.webp 540w, https:\/\/moyahousehold.com\/wp-content\/uploads\/2024\/06\/insulated-coffee-mugs-details-2-660x660.webp 660w\" sizes=\"(max-width: 2000px) 100vw, 2000px\" \/><\/figure>\n<\/div>\n<\/div>\n\n\n\n<div class=\"wp-block-columns is-layout-flex wp-container-core-columns-is-layout-9d6595d7 wp-block-columns-is-layout-flex\">\n<div class=\"wp-block-column is-layout-flow wp-block-column-is-layout-flow\">\n<figure class=\"wp-block-image size-full\"><img decoding=\"async\" width=\"1024\" height=\"1024\" src=\"https:\/\/moyahousehold.com\/wp-content\/uploads\/2024\/06\/insulated-coffee-mug-display-1.webp\" alt=\"pr\u00e9sentoir de tasses \u00e0 caf\u00e9 isol\u00e9es (1)\" class=\"wp-image-10788\" srcset=\"https:\/\/moyahousehold.com\/wp-content\/uploads\/2024\/06\/insulated-coffee-mug-display-1.webp 1024w, https:\/\/moyahousehold.com\/wp-content\/uploads\/2024\/06\/insulated-coffee-mug-display-1-300x300.webp 300w, https:\/\/moyahousehold.com\/wp-content\/uploads\/2024\/06\/insulated-coffee-mug-display-1-150x150.webp 150w, https:\/\/moyahousehold.com\/wp-content\/uploads\/2024\/06\/insulated-coffee-mug-display-1-768x768.webp 768w, https:\/\/moyahousehold.com\/wp-content\/uploads\/2024\/06\/insulated-coffee-mug-display-1-12x12.webp 12w, https:\/\/moyahousehold.com\/wp-content\/uploads\/2024\/06\/insulated-coffee-mug-display-1-285x285.webp 285w, https:\/\/moyahousehold.com\/wp-content\/uploads\/2024\/06\/insulated-coffee-mug-display-1-270x270.webp 270w, https:\/\/moyahousehold.com\/wp-content\/uploads\/2024\/06\/insulated-coffee-mug-display-1-540x540.webp 540w, https:\/\/moyahousehold.com\/wp-content\/uploads\/2024\/06\/insulated-coffee-mug-display-1-660x660.webp 660w\" sizes=\"(max-width: 1024px) 100vw, 1024px\" \/><\/figure>\n<\/div>\n\n\n\n<div class=\"wp-block-column is-layout-flow wp-block-column-is-layout-flow\">\n<figure class=\"wp-block-image size-full\"><img loading=\"lazy\" decoding=\"async\" width=\"1024\" height=\"1024\" src=\"https:\/\/moyahousehold.com\/wp-content\/uploads\/2024\/06\/insulated-coffee-mug-display-2.webp\" alt=\"pr\u00e9sentoir de tasses \u00e0 caf\u00e9 isol\u00e9es (2)\" class=\"wp-image-10789\" srcset=\"https:\/\/moyahousehold.com\/wp-content\/uploads\/2024\/06\/insulated-coffee-mug-display-2.webp 1024w, https:\/\/moyahousehold.com\/wp-content\/uploads\/2024\/06\/insulated-coffee-mug-display-2-300x300.webp 300w, https:\/\/moyahousehold.com\/wp-content\/uploads\/2024\/06\/insulated-coffee-mug-display-2-150x150.webp 150w, https:\/\/moyahousehold.com\/wp-content\/uploads\/2024\/06\/insulated-coffee-mug-display-2-768x768.webp 768w, https:\/\/moyahousehold.com\/wp-content\/uploads\/2024\/06\/insulated-coffee-mug-display-2-12x12.webp 12w, https:\/\/moyahousehold.com\/wp-content\/uploads\/2024\/06\/insulated-coffee-mug-display-2-285x285.webp 285w, https:\/\/moyahousehold.com\/wp-content\/uploads\/2024\/06\/insulated-coffee-mug-display-2-270x270.webp 270w, https:\/\/moyahousehold.com\/wp-content\/uploads\/2024\/06\/insulated-coffee-mug-display-2-540x540.webp 540w, https:\/\/moyahousehold.com\/wp-content\/uploads\/2024\/06\/insulated-coffee-mug-display-2-660x660.webp 660w\" sizes=\"(max-width: 1024px) 100vw, 1024px\" \/><\/figure>\n<\/div>\n<\/div>\n\n\n\n<div class=\"wp-block-columns is-layout-flex wp-container-core-columns-is-layout-9d6595d7 wp-block-columns-is-layout-flex\">\n<div class=\"wp-block-column is-layout-flow wp-block-column-is-layout-flow\"><\/div>\n\n\n\n<div class=\"wp-block-column is-layout-flow wp-block-column-is-layout-flow\"><\/div>\n<\/div>\n\n\n\n<div class=\"wp-block-columns is-layout-flex wp-container-core-columns-is-layout-9d6595d7 wp-block-columns-is-layout-flex\">\n<div class=\"wp-block-column is-layout-flow wp-block-column-is-layout-flow\"><\/div>\n\n\n\n<div class=\"wp-block-column is-layout-flow wp-block-column-is-layout-flow\"><\/div>\n<\/div>","protected":false},"excerpt":{"rendered":"<p>Tasses \u00e0 caf\u00e9 isol\u00e9es en gros avec poign\u00e9es, fonctionnelles, durables et \u00e9l\u00e9gantes. Structure d'isolation \u00e0 double paroi pour garder votre boisson \u00e0 la temp\u00e9rature d\u00e9sir\u00e9e pendant longtemps. Disponible en 480ml et 600ml, quatre couleurs \u00e9l\u00e9gantes, contactez-nous pour un devis.<\/p>\n<h3>Caract\u00e9ristiques et avantages des tasses \u00e0 caf\u00e9 isothermes avec poign\u00e9es<\/h3>\n<p><strong>Acier inoxydable 304 Rev\u00eatement int\u00e9rieur :<\/strong> Durable, r\u00e9sistant aux chocs, \u00e0 la corrosion et facile \u00e0 nettoyer.<\/p>\n<p><strong>Coque en PP de qualit\u00e9 alimentaire :<\/strong> Mat\u00e9riau s\u00fbr, sans BPA, avec une forte isolation double couche pour les boissons chaudes et froides.<\/p>\n<p><strong>Isolation double couche :<\/strong> Maintient la temp\u00e9rature pendant de longues p\u00e9riodes - garde les boissons chaudes ou froides.<\/p>\n<p><strong>Conception conviviale :<\/strong> Les tasses \u00e0 caf\u00e9 isol\u00e9es en gros sont dot\u00e9es d'une poign\u00e9e \u00e9largie, confortable et facile \u00e0 transporter.<\/p>\n<p><strong>Utilisation multi-sc\u00e8ne :<\/strong> Parfait pour le bureau, les voyages ou l'ext\u00e9rieur : Le design compact et pratique s'adapte \u00e0 votre style de vie.<\/p>\n<p><strong>Personnalisation et soutien aux grossistes :<\/strong> Nos tasses \u00e0 caf\u00e9 isol\u00e9es en gros sont id\u00e9ales pour les d\u00e9taillants, les marques ou l'utilisation promotionnelle.<\/p>","protected":false},"featured_media":10794,"comment_status":"closed","ping_status":"closed","template":"","meta":[],"product_cat":[75],"product_tag":[],"class_list":{"0":"post-5644","1":"product","2":"type-product","3":"status-publish","4":"has-post-thumbnail","6":"product_cat-wholesale-stainless-steel-coffee-mug","8":"first","9":"instock","10":"shipping-taxable","11":"product-type-simple"},"_links":{"self":[{"href":"https:\/\/moyahousehold.com\/fr\/wp-json\/wp\/v2\/product\/5644","targetHints":{"allow":["GET"]}}],"collection":[{"href":"https:\/\/moyahousehold.com\/fr\/wp-json\/wp\/v2\/product"}],"about":[{"href":"https:\/\/moyahousehold.com\/fr\/wp-json\/wp\/v2\/types\/product"}],"replies":[{"embeddable":true,"href":"https:\/\/moyahousehold.com\/fr\/wp-json\/wp\/v2\/comments?post=5644"}],"version-history":[{"count":0,"href":"https:\/\/moyahousehold.com\/fr\/wp-json\/wp\/v2\/product\/5644\/revisions"}],"wp:featuredmedia":[{"embeddable":true,"href":"https:\/\/moyahousehold.com\/fr\/wp-json\/wp\/v2\/media\/10794"}],"wp:attachment":[{"href":"https:\/\/moyahousehold.com\/fr\/wp-json\/wp\/v2\/media?parent=5644"}],"wp:term":[{"taxonomy":"product_cat","embeddable":true,"href":"https:\/\/moyahousehold.com\/fr\/wp-json\/wp\/v2\/product_cat?post=5644"},{"taxonomy":"product_tag","embeddable":true,"href":"https:\/\/moyahousehold.com\/fr\/wp-json\/wp\/v2\/product_tag?post=5644"}],"curies":[{"name":"wp","href":"https:\/\/api.w.org\/{rel}","templated":true}]}}