{"id":5684,"date":"2024-06-10T04:42:54","date_gmt":"2024-06-10T04:42:54","guid":{"rendered":"https:\/\/moyahousehold.com\/?post_type=product&#038;p=5684"},"modified":"2025-04-12T04:08:11","modified_gmt":"2025-04-12T04:08:11","slug":"wholesale-insulated-soup-container","status":"publish","type":"product","link":"https:\/\/moyahousehold.com\/fr\/produit\/wholesale-insulated-soup-container\/","title":{"rendered":"R\u00e9cipients \u00e0 soupe isothermes en gros, pots isothermes OEM de style, 480ML et 600ML"},"content":{"rendered":"<h3 class=\"wp-block-heading\">Param\u00e8tres du r\u00e9cipient \u00e0 soupe isotherme<\/h3>\n\n\n\n<p><strong>mat\u00e9riel :<\/strong>304 + PP <strong> couleur :<\/strong>Beige\/Kaki<\/p>\n\n\n\n<figure class=\"wp-block-table\"><table><tbody><tr><td>Num\u00e9ro de mod\u00e8le<\/td><td>Capacit\u00e9<\/td><td>Taille du produit<\/td><td>Taille de la bo\u00eete ext\u00e9rieure<\/td><td>Quantit\u00e9 par caisse<\/td><td>N.W<\/td><td>G.W\/Case<\/td><\/tr><tr><td>MYJD014<\/td><td>480ml<br>\uff08with PP spoon\uff09 (avec une cuill\u00e8re en PP)<\/td><td>8.5*8.9*13.8<\/td><td>53*42.5*43<\/td><td>60<\/td><td>0.37&nbsp;<\/td><td>19<\/td><\/tr><tr><td>MYJD015<\/td><td>600ml<br>\uff08with PP spoon\uff09 (avec une cuill\u00e8re en PP)<\/td><td>8.5*8.9*15<\/td><td>43*42*49<\/td><td>48<\/td><td>0.40&nbsp;<\/td><td>18<\/td><\/tr><\/tbody><\/table><\/figure>\n\n\n\n<h3 class=\"wp-block-heading\">Tasses \u00e0 caf\u00e9 isothermes personnalis\u00e9es <\/h3>\n\n\n\n<p><strong>Logo :<\/strong> Personnalisez le logo de votre marque sur le produit et l'emballage.<br><strong>Options de logo :<\/strong> logo imprim\u00e9, logo grav\u00e9 au laser, etc.<br><strong>Mod\u00e8le :<\/strong> Mod\u00e8les d'impression <br><strong>Technologie d'impression : <\/strong>impression par transfert d'eau, impression par s\u00e9rigraphie, impression par transfert thermique, transfert par sublimation, etc.<br>Emballage : bo\u00eete de couleur<br><a href=\"https:\/\/moyahousehold.com\/fr\/solution-personnalisee\/\"><strong>D\u00e9couvrez plus de d\u00e9tails sur les conteneurs isothermes personnalis\u00e9s.<\/strong><\/a><\/p>\n\n\n\n<div class=\"wp-block-columns is-layout-flex wp-container-core-columns-is-layout-9d6595d7 wp-block-columns-is-layout-flex\">\n<div class=\"wp-block-column is-layout-flow wp-block-column-is-layout-flow\">\n<figure class=\"wp-block-image size-full\"><img fetchpriority=\"high\" decoding=\"async\" width=\"2500\" height=\"2500\" src=\"https:\/\/moyahousehold.com\/wp-content\/uploads\/2024\/06\/Insualted-Soup-Container-Dispaly-1.webp\" alt=\"Dispersion de r\u00e9cipients de soupe isol\u00e9s (1)\" class=\"wp-image-10806\" srcset=\"https:\/\/moyahousehold.com\/wp-content\/uploads\/2024\/06\/Insualted-Soup-Container-Dispaly-1.webp 2500w, https:\/\/moyahousehold.com\/wp-content\/uploads\/2024\/06\/Insualted-Soup-Container-Dispaly-1-300x300.webp 300w, https:\/\/moyahousehold.com\/wp-content\/uploads\/2024\/06\/Insualted-Soup-Container-Dispaly-1-150x150.webp 150w, https:\/\/moyahousehold.com\/wp-content\/uploads\/2024\/06\/Insualted-Soup-Container-Dispaly-1-768x768.webp 768w, https:\/\/moyahousehold.com\/wp-content\/uploads\/2024\/06\/Insualted-Soup-Container-Dispaly-1-12x12.webp 12w, https:\/\/moyahousehold.com\/wp-content\/uploads\/2024\/06\/Insualted-Soup-Container-Dispaly-1-285x285.webp 285w, https:\/\/moyahousehold.com\/wp-content\/uploads\/2024\/06\/Insualted-Soup-Container-Dispaly-1-1600x1600.webp 1600w, https:\/\/moyahousehold.com\/wp-content\/uploads\/2024\/06\/Insualted-Soup-Container-Dispaly-1-270x270.webp 270w, https:\/\/moyahousehold.com\/wp-content\/uploads\/2024\/06\/Insualted-Soup-Container-Dispaly-1-540x540.webp 540w, https:\/\/moyahousehold.com\/wp-content\/uploads\/2024\/06\/Insualted-Soup-Container-Dispaly-1-660x660.webp 660w\" sizes=\"(max-width: 2500px) 100vw, 2500px\" \/><\/figure>\n<\/div>\n\n\n\n<div class=\"wp-block-column is-layout-flow wp-block-column-is-layout-flow\">\n<figure class=\"wp-block-image size-full\"><img decoding=\"async\" width=\"2500\" height=\"2500\" src=\"https:\/\/moyahousehold.com\/wp-content\/uploads\/2024\/06\/Insualted-Soup-Container-Dispaly-2.webp\" alt=\"\" class=\"wp-image-10807\" srcset=\"https:\/\/moyahousehold.com\/wp-content\/uploads\/2024\/06\/Insualted-Soup-Container-Dispaly-2.webp 2500w, https:\/\/moyahousehold.com\/wp-content\/uploads\/2024\/06\/Insualted-Soup-Container-Dispaly-2-300x300.webp 300w, https:\/\/moyahousehold.com\/wp-content\/uploads\/2024\/06\/Insualted-Soup-Container-Dispaly-2-150x150.webp 150w, https:\/\/moyahousehold.com\/wp-content\/uploads\/2024\/06\/Insualted-Soup-Container-Dispaly-2-768x768.webp 768w, https:\/\/moyahousehold.com\/wp-content\/uploads\/2024\/06\/Insualted-Soup-Container-Dispaly-2-12x12.webp 12w, https:\/\/moyahousehold.com\/wp-content\/uploads\/2024\/06\/Insualted-Soup-Container-Dispaly-2-285x285.webp 285w, https:\/\/moyahousehold.com\/wp-content\/uploads\/2024\/06\/Insualted-Soup-Container-Dispaly-2-1600x1600.webp 1600w, https:\/\/moyahousehold.com\/wp-content\/uploads\/2024\/06\/Insualted-Soup-Container-Dispaly-2-270x270.webp 270w, https:\/\/moyahousehold.com\/wp-content\/uploads\/2024\/06\/Insualted-Soup-Container-Dispaly-2-540x540.webp 540w, https:\/\/moyahousehold.com\/wp-content\/uploads\/2024\/06\/Insualted-Soup-Container-Dispaly-2-660x660.webp 660w\" sizes=\"(max-width: 2500px) 100vw, 2500px\" \/><\/figure>\n<\/div>\n<\/div>\n\n\n\n<div class=\"wp-block-columns is-layout-flex wp-container-core-columns-is-layout-9d6595d7 wp-block-columns-is-layout-flex\">\n<div class=\"wp-block-column is-layout-flow wp-block-column-is-layout-flow\">\n<figure class=\"wp-block-image size-full\"><img decoding=\"async\" width=\"1024\" height=\"1024\" src=\"https:\/\/moyahousehold.com\/wp-content\/uploads\/2024\/06\/Insualted-Soup-Container-Details-1.webp\" alt=\"D\u00e9tails sur les r\u00e9cipients de soupe isol\u00e9s (1)\" class=\"wp-image-10804\" srcset=\"https:\/\/moyahousehold.com\/wp-content\/uploads\/2024\/06\/Insualted-Soup-Container-Details-1.webp 1024w, https:\/\/moyahousehold.com\/wp-content\/uploads\/2024\/06\/Insualted-Soup-Container-Details-1-300x300.webp 300w, https:\/\/moyahousehold.com\/wp-content\/uploads\/2024\/06\/Insualted-Soup-Container-Details-1-150x150.webp 150w, https:\/\/moyahousehold.com\/wp-content\/uploads\/2024\/06\/Insualted-Soup-Container-Details-1-768x768.webp 768w, https:\/\/moyahousehold.com\/wp-content\/uploads\/2024\/06\/Insualted-Soup-Container-Details-1-12x12.webp 12w, https:\/\/moyahousehold.com\/wp-content\/uploads\/2024\/06\/Insualted-Soup-Container-Details-1-285x285.webp 285w, https:\/\/moyahousehold.com\/wp-content\/uploads\/2024\/06\/Insualted-Soup-Container-Details-1-270x270.webp 270w, https:\/\/moyahousehold.com\/wp-content\/uploads\/2024\/06\/Insualted-Soup-Container-Details-1-540x540.webp 540w, https:\/\/moyahousehold.com\/wp-content\/uploads\/2024\/06\/Insualted-Soup-Container-Details-1-660x660.webp 660w\" sizes=\"(max-width: 1024px) 100vw, 1024px\" \/><\/figure>\n<\/div>\n\n\n\n<div class=\"wp-block-column is-layout-flow wp-block-column-is-layout-flow\">\n<figure class=\"wp-block-image size-full\"><img loading=\"lazy\" decoding=\"async\" width=\"1024\" height=\"1024\" src=\"https:\/\/moyahousehold.com\/wp-content\/uploads\/2024\/06\/Insualted-Soup-Container-Details-2.webp\" alt=\"D\u00e9tails sur les r\u00e9cipients de soupe isol\u00e9s (2)\" class=\"wp-image-10805\" srcset=\"https:\/\/moyahousehold.com\/wp-content\/uploads\/2024\/06\/Insualted-Soup-Container-Details-2.webp 1024w, https:\/\/moyahousehold.com\/wp-content\/uploads\/2024\/06\/Insualted-Soup-Container-Details-2-300x300.webp 300w, https:\/\/moyahousehold.com\/wp-content\/uploads\/2024\/06\/Insualted-Soup-Container-Details-2-150x150.webp 150w, https:\/\/moyahousehold.com\/wp-content\/uploads\/2024\/06\/Insualted-Soup-Container-Details-2-768x768.webp 768w, https:\/\/moyahousehold.com\/wp-content\/uploads\/2024\/06\/Insualted-Soup-Container-Details-2-12x12.webp 12w, https:\/\/moyahousehold.com\/wp-content\/uploads\/2024\/06\/Insualted-Soup-Container-Details-2-285x285.webp 285w, https:\/\/moyahousehold.com\/wp-content\/uploads\/2024\/06\/Insualted-Soup-Container-Details-2-270x270.webp 270w, https:\/\/moyahousehold.com\/wp-content\/uploads\/2024\/06\/Insualted-Soup-Container-Details-2-540x540.webp 540w, https:\/\/moyahousehold.com\/wp-content\/uploads\/2024\/06\/Insualted-Soup-Container-Details-2-660x660.webp 660w\" sizes=\"(max-width: 1024px) 100vw, 1024px\" \/><\/figure>\n<\/div>\n<\/div>\n\n\n\n<p><\/p>","protected":false},"excerpt":{"rendered":"<p>La bo\u00eete \u00e0 soupe isol\u00e9e en gros, avec d'excellentes performances d'isolation, peut garder les aliments chauds ou froids pendant des heures. Nous prenons en charge la personnalisation OEM, y compris l'ajout du logo de votre marque, la personnalisation de la couleur, de l'emballage et du design. Les grossistes, d\u00e9taillants et distributeurs sont invit\u00e9s \u00e0 nous contacter.<\/p>\n<h3>Caract\u00e9ristiques et avantages du r\u00e9cipient \u00e0 soupe isotherme<\/h3>\n<p><strong>Utilisation facile d'une seule main :<\/strong> Le r\u00e9cipient \u00e0 soupe isotherme est facile \u00e0 tenir d'une seule main, et il est \u00e9galement tr\u00e8s confortable de boire dans la marmite elle-m\u00eame sans cuill\u00e8re \u00e0 soupe.<\/p>\n<p><strong>Couvercle \u00e9tanche :<\/strong> Le couvercle est muni d'un anneau d'\u00e9tanch\u00e9it\u00e9 en silicone de premi\u00e8re qualit\u00e9 pour une meilleure protection contre les fuites.<\/p>\n<p><strong>Accessoires pratiques :<\/strong> Le r\u00e9cipient isotherme pour soupe comprend une cuill\u00e8re pliante PP int\u00e9gr\u00e9e, parfaite pour remuer et d\u00e9guster la soupe ou les aliments instantan\u00e9s sur le pouce.<\/p>\n<p><strong>Style \u00e9l\u00e9gant inspir\u00e9 du caf\u00e9 :<\/strong> L'aspect \u00e9l\u00e9gant dans les tons caf\u00e9 cr\u00e9e un espace de vie apaisant et moderne, parfait pour un usage quotidien.<\/p>\n<p><strong>Isolation thermique sup\u00e9rieure :<\/strong> Le r\u00e9cipient \u00e0 soupe isolant \u00e0 double couche permet de conserver les boissons et les soupes au chaud ou au froid pendant une longue p\u00e9riode.<\/p>\n<p><strong>Service de personnalisation :<\/strong> Disponibles en gros, les services de personnalisation OEM et ODM vous permettent de produire vos propres tasses ou r\u00e9cipients \u00e0 caf\u00e9 isothermes.<\/p>","protected":false},"featured_media":10800,"comment_status":"closed","ping_status":"closed","template":"","meta":[],"product_cat":[75],"product_tag":[],"class_list":{"0":"post-5684","1":"product","2":"type-product","3":"status-publish","4":"has-post-thumbnail","6":"product_cat-wholesale-stainless-steel-coffee-mug","8":"first","9":"instock","10":"shipping-taxable","11":"product-type-simple"},"_links":{"self":[{"href":"https:\/\/moyahousehold.com\/fr\/wp-json\/wp\/v2\/product\/5684","targetHints":{"allow":["GET"]}}],"collection":[{"href":"https:\/\/moyahousehold.com\/fr\/wp-json\/wp\/v2\/product"}],"about":[{"href":"https:\/\/moyahousehold.com\/fr\/wp-json\/wp\/v2\/types\/product"}],"replies":[{"embeddable":true,"href":"https:\/\/moyahousehold.com\/fr\/wp-json\/wp\/v2\/comments?post=5684"}],"version-history":[{"count":0,"href":"https:\/\/moyahousehold.com\/fr\/wp-json\/wp\/v2\/product\/5684\/revisions"}],"wp:featuredmedia":[{"embeddable":true,"href":"https:\/\/moyahousehold.com\/fr\/wp-json\/wp\/v2\/media\/10800"}],"wp:attachment":[{"href":"https:\/\/moyahousehold.com\/fr\/wp-json\/wp\/v2\/media?parent=5684"}],"wp:term":[{"taxonomy":"product_cat","embeddable":true,"href":"https:\/\/moyahousehold.com\/fr\/wp-json\/wp\/v2\/product_cat?post=5684"},{"taxonomy":"product_tag","embeddable":true,"href":"https:\/\/moyahousehold.com\/fr\/wp-json\/wp\/v2\/product_tag?post=5684"}],"curies":[{"name":"wp","href":"https:\/\/api.w.org\/{rel}","templated":true}]}}