{"id":5697,"date":"2024-06-10T04:55:04","date_gmt":"2024-06-10T04:55:04","guid":{"rendered":"https:\/\/moyahousehold.com\/?post_type=product&#038;p=5697"},"modified":"2025-02-05T07:28:28","modified_gmt":"2025-02-05T07:28:28","slug":"wholesale-insulated-stainless-steel-food-jars","status":"publish","type":"product","link":"https:\/\/moyahousehold.com\/fr\/produit\/wholesale-insulated-stainless-steel-food-jars\/","title":{"rendered":"Pots alimentaires isol\u00e9s en acier inoxydable\uff1a Design compact, facile \u00e0 transporter"},"content":{"rendered":"<h3 class=\"wp-block-heading\">Param\u00e8tres du pot alimentaire isol\u00e9 en acier inoxydable<\/h3>\n\n\n\n<p><strong>mat\u00e9riel :<\/strong>304 + PP <strong> couleur :<\/strong>Beige\/Kaki<\/p>\n\n\n\n<figure class=\"wp-block-table\"><table><tbody><tr><td>Num\u00e9ro de mod\u00e8le<\/td><td>Capacit\u00e9<\/td><td>Taille du produit<\/td><td>Taille de la bo\u00eete ext\u00e9rieure<\/td><td>Quantit\u00e9 par caisse<\/td><td>N.W<\/td><td>G.W\/Case<\/td><\/tr><tr><td>MYLY001<\/td><td>Couche unique 420ml<\/td><td>8.2*8.2*13<\/td><td>55*44*52<\/td><td>60<\/td><td>0.23<\/td><td>16<\/td><\/tr><tr><td>MYLY002<\/td><td>Double couche 620ml<\/td><td>8.2*8.2*17<\/td><td>55*44*63<\/td><td>60<\/td><td>0.34<\/td><td>23<\/td><\/tr><\/tbody><\/table><\/figure>\n\n\n\n<h3 class=\"wp-block-heading\">Jarre alimentaire isol\u00e9e en acier inoxydable<\/h3>\n\n\n\n<p><strong>Logo : <\/strong>personnaliser le logo de votre marque sur le pot et l'emballage.<br><strong>Options de logo :<\/strong> logo imprim\u00e9, logo grav\u00e9 au laser, etc.<br><strong>Mod\u00e8le : <\/strong>motifs d'impression <br><strong>Technologie d'impression :<\/strong> impression par transfert d'eau, impression par s\u00e9rigraphie, impression par transfert thermique, transfert par sublimation, etc.<br><strong>Paquet :<\/strong>bo\u00eete \u00e0 couleurs<br><a href=\"https:\/\/moyahousehold.com\/fr\/solution-personnalisee\/\" target=\"_blank\" rel=\"noreferrer noopener\"><strong>En savoir plus sur le d\u00e9tail de la solution de pots alimentaires personnalis\u00e9s<\/strong><\/a> <\/p>\n\n\n\n<div class=\"wp-block-columns is-layout-flex wp-container-core-columns-is-layout-9d6595d7 wp-block-columns-is-layout-flex\">\n<div class=\"wp-block-column is-layout-flow wp-block-column-is-layout-flow\">\n<figure class=\"wp-block-image size-full\"><img fetchpriority=\"high\" decoding=\"async\" width=\"1500\" height=\"1500\" src=\"https:\/\/moyahousehold.com\/wp-content\/uploads\/2024\/06\/insulated-stainless-steel-food-jar-detail-1.jpg\" alt=\"bocal alimentaire isol\u00e9 en acier inoxydable d\u00e9tail (1)\" class=\"wp-image-8745\" srcset=\"https:\/\/moyahousehold.com\/wp-content\/uploads\/2024\/06\/insulated-stainless-steel-food-jar-detail-1.jpg 1500w, https:\/\/moyahousehold.com\/wp-content\/uploads\/2024\/06\/insulated-stainless-steel-food-jar-detail-1-300x300.jpg 300w, https:\/\/moyahousehold.com\/wp-content\/uploads\/2024\/06\/insulated-stainless-steel-food-jar-detail-1-150x150.jpg 150w, https:\/\/moyahousehold.com\/wp-content\/uploads\/2024\/06\/insulated-stainless-steel-food-jar-detail-1-768x768.jpg 768w, https:\/\/moyahousehold.com\/wp-content\/uploads\/2024\/06\/insulated-stainless-steel-food-jar-detail-1-12x12.jpg 12w, https:\/\/moyahousehold.com\/wp-content\/uploads\/2024\/06\/insulated-stainless-steel-food-jar-detail-1-285x285.jpg 285w, https:\/\/moyahousehold.com\/wp-content\/uploads\/2024\/06\/insulated-stainless-steel-food-jar-detail-1-270x270.jpg 270w, https:\/\/moyahousehold.com\/wp-content\/uploads\/2024\/06\/insulated-stainless-steel-food-jar-detail-1-540x540.jpg 540w, https:\/\/moyahousehold.com\/wp-content\/uploads\/2024\/06\/insulated-stainless-steel-food-jar-detail-1-660x660.jpg 660w\" sizes=\"(max-width: 1500px) 100vw, 1500px\" \/><\/figure>\n<\/div>\n\n\n\n<div class=\"wp-block-column is-layout-flow wp-block-column-is-layout-flow\">\n<figure class=\"wp-block-image size-full\"><img decoding=\"async\" width=\"1500\" height=\"1500\" src=\"https:\/\/moyahousehold.com\/wp-content\/uploads\/2024\/06\/insulated-stainless-steel-food-jar-detail-2.jpg\" alt=\"bocal alimentaire isol\u00e9 en acier inoxydable d\u00e9tail (2)\" class=\"wp-image-8746\" srcset=\"https:\/\/moyahousehold.com\/wp-content\/uploads\/2024\/06\/insulated-stainless-steel-food-jar-detail-2.jpg 1500w, https:\/\/moyahousehold.com\/wp-content\/uploads\/2024\/06\/insulated-stainless-steel-food-jar-detail-2-300x300.jpg 300w, https:\/\/moyahousehold.com\/wp-content\/uploads\/2024\/06\/insulated-stainless-steel-food-jar-detail-2-150x150.jpg 150w, https:\/\/moyahousehold.com\/wp-content\/uploads\/2024\/06\/insulated-stainless-steel-food-jar-detail-2-768x768.jpg 768w, https:\/\/moyahousehold.com\/wp-content\/uploads\/2024\/06\/insulated-stainless-steel-food-jar-detail-2-12x12.jpg 12w, https:\/\/moyahousehold.com\/wp-content\/uploads\/2024\/06\/insulated-stainless-steel-food-jar-detail-2-285x285.jpg 285w, https:\/\/moyahousehold.com\/wp-content\/uploads\/2024\/06\/insulated-stainless-steel-food-jar-detail-2-270x270.jpg 270w, https:\/\/moyahousehold.com\/wp-content\/uploads\/2024\/06\/insulated-stainless-steel-food-jar-detail-2-540x540.jpg 540w, https:\/\/moyahousehold.com\/wp-content\/uploads\/2024\/06\/insulated-stainless-steel-food-jar-detail-2-660x660.jpg 660w\" sizes=\"(max-width: 1500px) 100vw, 1500px\" \/><\/figure>\n<\/div>\n<\/div>\n\n\n\n<div class=\"wp-block-columns is-layout-flex wp-container-core-columns-is-layout-9d6595d7 wp-block-columns-is-layout-flex\">\n<div class=\"wp-block-column is-layout-flow wp-block-column-is-layout-flow\">\n<figure class=\"wp-block-image size-full\"><img decoding=\"async\" width=\"1500\" height=\"1500\" src=\"https:\/\/moyahousehold.com\/wp-content\/uploads\/2024\/06\/insulated-stainless-steel-food-jar-detail-3.jpg\" alt=\"bocal alimentaire isol\u00e9 en acier inoxydable d\u00e9tail (3)\" class=\"wp-image-8747\" srcset=\"https:\/\/moyahousehold.com\/wp-content\/uploads\/2024\/06\/insulated-stainless-steel-food-jar-detail-3.jpg 1500w, https:\/\/moyahousehold.com\/wp-content\/uploads\/2024\/06\/insulated-stainless-steel-food-jar-detail-3-300x300.jpg 300w, https:\/\/moyahousehold.com\/wp-content\/uploads\/2024\/06\/insulated-stainless-steel-food-jar-detail-3-150x150.jpg 150w, https:\/\/moyahousehold.com\/wp-content\/uploads\/2024\/06\/insulated-stainless-steel-food-jar-detail-3-768x768.jpg 768w, https:\/\/moyahousehold.com\/wp-content\/uploads\/2024\/06\/insulated-stainless-steel-food-jar-detail-3-12x12.jpg 12w, https:\/\/moyahousehold.com\/wp-content\/uploads\/2024\/06\/insulated-stainless-steel-food-jar-detail-3-285x285.jpg 285w, https:\/\/moyahousehold.com\/wp-content\/uploads\/2024\/06\/insulated-stainless-steel-food-jar-detail-3-270x270.jpg 270w, https:\/\/moyahousehold.com\/wp-content\/uploads\/2024\/06\/insulated-stainless-steel-food-jar-detail-3-540x540.jpg 540w, https:\/\/moyahousehold.com\/wp-content\/uploads\/2024\/06\/insulated-stainless-steel-food-jar-detail-3-660x660.jpg 660w\" sizes=\"(max-width: 1500px) 100vw, 1500px\" \/><\/figure>\n<\/div>\n\n\n\n<div class=\"wp-block-column is-layout-flow wp-block-column-is-layout-flow\">\n<figure class=\"wp-block-image size-full\"><img loading=\"lazy\" decoding=\"async\" width=\"1500\" height=\"1500\" src=\"https:\/\/moyahousehold.com\/wp-content\/uploads\/2024\/06\/insulated-stainless-steel-food-jar-detail-4.jpg\" alt=\"bocal alimentaire isotherme en acier inoxydable d\u00e9tail (4)\" class=\"wp-image-8748\" srcset=\"https:\/\/moyahousehold.com\/wp-content\/uploads\/2024\/06\/insulated-stainless-steel-food-jar-detail-4.jpg 1500w, https:\/\/moyahousehold.com\/wp-content\/uploads\/2024\/06\/insulated-stainless-steel-food-jar-detail-4-300x300.jpg 300w, https:\/\/moyahousehold.com\/wp-content\/uploads\/2024\/06\/insulated-stainless-steel-food-jar-detail-4-150x150.jpg 150w, https:\/\/moyahousehold.com\/wp-content\/uploads\/2024\/06\/insulated-stainless-steel-food-jar-detail-4-768x768.jpg 768w, https:\/\/moyahousehold.com\/wp-content\/uploads\/2024\/06\/insulated-stainless-steel-food-jar-detail-4-12x12.jpg 12w, https:\/\/moyahousehold.com\/wp-content\/uploads\/2024\/06\/insulated-stainless-steel-food-jar-detail-4-285x285.jpg 285w, https:\/\/moyahousehold.com\/wp-content\/uploads\/2024\/06\/insulated-stainless-steel-food-jar-detail-4-270x270.jpg 270w, https:\/\/moyahousehold.com\/wp-content\/uploads\/2024\/06\/insulated-stainless-steel-food-jar-detail-4-540x540.jpg 540w, https:\/\/moyahousehold.com\/wp-content\/uploads\/2024\/06\/insulated-stainless-steel-food-jar-detail-4-660x660.jpg 660w\" sizes=\"(max-width: 1500px) 100vw, 1500px\" \/><\/figure>\n<\/div>\n<\/div>","protected":false},"excerpt":{"rendered":"<p>Bocaux en acier inoxydable isol\u00e9s pour la vente en gros. Avec une forme mignonne et \u00e0 la mode. Combinaison parfaite de praticit\u00e9 et d'esth\u00e9tique. Il est fabriqu\u00e9 en acier inoxydable de haute qualit\u00e9 et la couche centrale est remplie de mousse PU, qui a un bon effet de conservation de la chaleur. Convient aux plats \u00e0 emporter. N'h\u00e9sitez pas \u00e0 nous contacter pour obtenir un devis.<\/p>\n<h3>Caract\u00e9ristiques du pot alimentaire isol\u00e9 en acier inoxydable<\/h3>\n<p><strong>Rev\u00eatement en acier inoxydable de qualit\u00e9 alimentaire :<\/strong> Le rev\u00eatement du bocal est en acier inoxydable 304 de qualit\u00e9 alimentaire pour garantir la s\u00e9curit\u00e9 du stockage et de l'utilisation des aliments.<\/p>\n<p><strong>Remplissage en mousse de PU :<\/strong> Ce pot alimentaire isotherme utilise une couche interne de mousse PU pour am\u00e9liorer efficacement l'effet d'isolation. Il convient aux sorties quotidiennes, au travail, aux voyages et \u00e0 d'autres occasions.<\/p>\n<p><strong>Scell\u00e9 et \u00e9tanche :<\/strong> Le couvercle s'adapte parfaitement au corps du bocal pour emp\u00eacher efficacement les fuites d'aliments et est facile \u00e0 transporter.<\/p>\n<p><strong>Conception l\u00e9g\u00e8re :<\/strong> Ce pot en acier inoxydable a un design compact et un poids l\u00e9ger. Il convient aux voyages, aux pique-niques et aux autres sorties.<\/p>\n<p><strong>Vente en gros et services personnalis\u00e9s :<\/strong> Nous proposons des services de vente en gros et des solutions personnalis\u00e9es pour les pots alimentaires, adapt\u00e9es \u00e0 la personnalisation des entreprises et aux achats en gros.<\/p>","protected":false},"featured_media":8736,"comment_status":"closed","ping_status":"closed","template":"","meta":[],"product_cat":[58],"product_tag":[90,86],"class_list":{"0":"post-5697","1":"product","2":"type-product","3":"status-publish","4":"has-post-thumbnail","6":"product_cat-lunch-box-wholesale","7":"product_tag-wholesale-double-layer-lunch-box","8":"product_tag-wholesale-insulated-lunch-box","10":"first","11":"instock","12":"shipping-taxable","13":"product-type-simple"},"_links":{"self":[{"href":"https:\/\/moyahousehold.com\/fr\/wp-json\/wp\/v2\/product\/5697","targetHints":{"allow":["GET"]}}],"collection":[{"href":"https:\/\/moyahousehold.com\/fr\/wp-json\/wp\/v2\/product"}],"about":[{"href":"https:\/\/moyahousehold.com\/fr\/wp-json\/wp\/v2\/types\/product"}],"replies":[{"embeddable":true,"href":"https:\/\/moyahousehold.com\/fr\/wp-json\/wp\/v2\/comments?post=5697"}],"version-history":[{"count":0,"href":"https:\/\/moyahousehold.com\/fr\/wp-json\/wp\/v2\/product\/5697\/revisions"}],"wp:featuredmedia":[{"embeddable":true,"href":"https:\/\/moyahousehold.com\/fr\/wp-json\/wp\/v2\/media\/8736"}],"wp:attachment":[{"href":"https:\/\/moyahousehold.com\/fr\/wp-json\/wp\/v2\/media?parent=5697"}],"wp:term":[{"taxonomy":"product_cat","embeddable":true,"href":"https:\/\/moyahousehold.com\/fr\/wp-json\/wp\/v2\/product_cat?post=5697"},{"taxonomy":"product_tag","embeddable":true,"href":"https:\/\/moyahousehold.com\/fr\/wp-json\/wp\/v2\/product_tag?post=5697"}],"curies":[{"name":"wp","href":"https:\/\/api.w.org\/{rel}","templated":true}]}}