{"id":5711,"date":"2024-06-10T05:12:46","date_gmt":"2024-06-10T05:12:46","guid":{"rendered":"https:\/\/moyahousehold.com\/?post_type=product&#038;p=5711"},"modified":"2025-02-05T07:27:25","modified_gmt":"2025-02-05T07:27:25","slug":"thermos-stainless-steel-food-jar-wholesale","status":"publish","type":"product","link":"https:\/\/moyahousehold.com\/fr\/produit\/thermos-stainless-steel-food-jar-wholesale\/","title":{"rendered":"Pots alimentaires en acier inoxydable en gros - parfaits pour les repas sur le pouce, les voyages et le bureau"},"content":{"rendered":"<h3 class=\"wp-block-heading\">Param\u00e8tres du pot alimentaire en acier inoxydable<\/h3>\n\n\n\n<p><strong>mat\u00e9riel :<\/strong>304 + PP <strong> couleur :<\/strong>Beige\/Kaki<\/p>\n\n\n\n<figure class=\"wp-block-table\"><table><tbody><tr><td>Num\u00e9ro de mod\u00e8le<\/td><td>Capacit\u00e9<\/td><td>Taille du produit<\/td><td>Taille de la bo\u00eete ext\u00e9rieure<\/td><td>Quantit\u00e9 par caisse<\/td><td>N.W<\/td><td>G.W\/Case<\/td><\/tr><tr><td>MYLY021<\/td><td>Couche unique&nbsp;<br>&nbsp;800ml<\/td><td>12*12*9.5<\/td><td>63*51*52<\/td><td>60<\/td><td>0.33<\/td><td>19.8<\/td><\/tr><tr><td>MYLY022<\/td><td>Double couche&nbsp;<br>&nbsp;1200ml<\/td><td>12*12*18.5<\/td><td>63*51*47<\/td><td>40<\/td><td>0.52<\/td><td>20.8<\/td><\/tr><tr><td>MYLY023<\/td><td>Trois couches<br>1600ml<\/td><td>12*12*24<\/td><td>51*51*58<\/td><td>32<\/td><td>0.72<\/td><td>23.04<\/td><\/tr><tr><td>MYLY024<\/td><td>Quatre couches<br>2000ml<\/td><td>12*12*30<\/td><td>51*38*70<\/td><td>24<\/td><td>0.91<\/td><td>21.84<\/td><\/tr><\/tbody><\/table><\/figure>\n\n\n\n<h3 class=\"wp-block-heading\">Bocal alimentaire en acier inoxydable personnalis\u00e9<\/h3>\n\n\n\n<p><strong>Logo<\/strong>: personnalisez le logo de votre marque sur les bocaux et emballages alimentaires.<br><strong>Options du logo<\/strong>logo imprim\u00e9, logo grav\u00e9 au laser, etc.<br><strong>Mod\u00e8le<\/strong>: motifs d'impression <br><strong>Technologie d'impression<\/strong>Les techniques d'impression sont les suivantes : impression par transfert d'eau, impression par s\u00e9rigraphie, impression par transfert de chaleur, transfert par sublimation, etc.<br><strong>Paquet<\/strong>:color box<br><a href=\"https:\/\/moyahousehold.com\/fr\/solution-personnalisee\/\"><strong>En savoir plus sur la solution de pots alimentaires personnalis\u00e9s<\/strong><\/a><\/p>\n\n\n\n<div class=\"wp-block-columns is-layout-flex wp-container-core-columns-is-layout-9d6595d7 wp-block-columns-is-layout-flex\">\n<div class=\"wp-block-column is-layout-flow wp-block-column-is-layout-flow\">\n<figure class=\"wp-block-image size-full\"><img fetchpriority=\"high\" decoding=\"async\" width=\"620\" height=\"622\" src=\"https:\/\/moyahousehold.com\/wp-content\/uploads\/2024\/06\/stainless-steel-food-jar-display-2.png\" alt=\"pr\u00e9sentoir \u00e0 bocaux en acier inoxydable (2)\" class=\"wp-image-8775\" srcset=\"https:\/\/moyahousehold.com\/wp-content\/uploads\/2024\/06\/stainless-steel-food-jar-display-2.png 620w, https:\/\/moyahousehold.com\/wp-content\/uploads\/2024\/06\/stainless-steel-food-jar-display-2-300x300.png 300w, https:\/\/moyahousehold.com\/wp-content\/uploads\/2024\/06\/stainless-steel-food-jar-display-2-150x150.png 150w, https:\/\/moyahousehold.com\/wp-content\/uploads\/2024\/06\/stainless-steel-food-jar-display-2-12x12.png 12w, https:\/\/moyahousehold.com\/wp-content\/uploads\/2024\/06\/stainless-steel-food-jar-display-2-285x286.png 285w, https:\/\/moyahousehold.com\/wp-content\/uploads\/2024\/06\/stainless-steel-food-jar-display-2-270x270.png 270w\" sizes=\"(max-width: 620px) 100vw, 620px\" \/><\/figure>\n<\/div>\n\n\n\n<div class=\"wp-block-column is-layout-flow wp-block-column-is-layout-flow\">\n<figure class=\"wp-block-image size-full\"><img decoding=\"async\" width=\"627\" height=\"626\" src=\"https:\/\/moyahousehold.com\/wp-content\/uploads\/2024\/06\/stainless-steel-food-jar-display-3.png\" alt=\"Pr\u00e9sentoir de bocaux alimentaires en acier inoxydable (3)\" class=\"wp-image-8776\" srcset=\"https:\/\/moyahousehold.com\/wp-content\/uploads\/2024\/06\/stainless-steel-food-jar-display-3.png 627w, https:\/\/moyahousehold.com\/wp-content\/uploads\/2024\/06\/stainless-steel-food-jar-display-3-300x300.png 300w, https:\/\/moyahousehold.com\/wp-content\/uploads\/2024\/06\/stainless-steel-food-jar-display-3-150x150.png 150w, https:\/\/moyahousehold.com\/wp-content\/uploads\/2024\/06\/stainless-steel-food-jar-display-3-12x12.png 12w, https:\/\/moyahousehold.com\/wp-content\/uploads\/2024\/06\/stainless-steel-food-jar-display-3-285x285.png 285w, https:\/\/moyahousehold.com\/wp-content\/uploads\/2024\/06\/stainless-steel-food-jar-display-3-270x270.png 270w, https:\/\/moyahousehold.com\/wp-content\/uploads\/2024\/06\/stainless-steel-food-jar-display-3-540x540.png 540w\" sizes=\"(max-width: 627px) 100vw, 627px\" \/><\/figure>\n<\/div>\n<\/div>","protected":false},"excerpt":{"rendered":"<p>Vente en gros de pots alimentaires en acier inoxydable. Les pots alimentaires en acier inoxydable sont recouverts de mousse PU, qui a un effet de conservation de la chaleur et convient \u00e0 la conservation des aliments chauds ou froids pendant une longue p\u00e9riode. Ils conviennent parfaitement pour l'\u00e9cole, le travail ou les pique-niques. Nous fournissons des services de pots alimentaires personnalis\u00e9s, y compris la taille, l'emballage, la capacit\u00e9 et plus encore. N'h\u00e9sitez pas \u00e0 nous contacter pour obtenir des solutions personnalis\u00e9es et plus d'informations sur nos produits.<\/p>\n<h3>Caract\u00e9ristiques et avantages du bocal isotherme en acier inoxydable<\/h3>\n<p><strong>Acier inoxydable 304 de haute qualit\u00e9 :<\/strong> Le rev\u00eatement int\u00e9rieur du pot est en acier inoxydable 304 de qualit\u00e9 alimentaire, qui peut rester en bon \u00e9tat m\u00eame apr\u00e8s une utilisation prolong\u00e9e.<\/p>\n<p><strong>Bon effet d'isolation :<\/strong> Le pot alimentaire en acier inoxydable adopte la technologie de remplissage en mousse de PU, et la couche interm\u00e9diaire de remplissage en mousse de PU peut emp\u00eacher efficacement la perte de chaleur et am\u00e9liorer consid\u00e9rablement l'effet d'isolation.<\/p>\n<p><strong>Bonne \u00e9tanch\u00e9it\u00e9 :<\/strong> La conception du pot alimentaire met l'accent sur l'\u00e9tanch\u00e9it\u00e9 et adopte un processus d'ajustement pr\u00e9cis pour garantir que le pot alimentaire isotherme ne fuira pas dans diverses circonstances.<\/p>\n<p><strong>Service de vente en gros :<\/strong> Nous fournissons un service de vente en gros de pots alimentaires, nous offrons des prix comp\u00e9titifs pour les commandes en gros, ce qui rend vos produits plus comp\u00e9titifs sur le march\u00e9.<\/p>\n<p><strong>Solution personnalis\u00e9e :<\/strong> Nous pouvons personnaliser le pot alimentaire en fonction de l'image de marque, vous pouvez choisir diff\u00e9rentes tailles, couleurs, motifs et logos. Cr\u00e9ez votre propre pot alimentaire isotherme<\/p>","protected":false},"featured_media":8763,"comment_status":"closed","ping_status":"closed","template":"","meta":[],"product_cat":[58],"product_tag":[89,86],"class_list":{"0":"post-5711","1":"product","2":"type-product","3":"status-publish","4":"has-post-thumbnail","6":"product_cat-lunch-box-wholesale","7":"product_tag-wholesale-3-layer-lunch-box","8":"product_tag-wholesale-insulated-lunch-box","10":"first","11":"instock","12":"shipping-taxable","13":"product-type-simple"},"_links":{"self":[{"href":"https:\/\/moyahousehold.com\/fr\/wp-json\/wp\/v2\/product\/5711","targetHints":{"allow":["GET"]}}],"collection":[{"href":"https:\/\/moyahousehold.com\/fr\/wp-json\/wp\/v2\/product"}],"about":[{"href":"https:\/\/moyahousehold.com\/fr\/wp-json\/wp\/v2\/types\/product"}],"replies":[{"embeddable":true,"href":"https:\/\/moyahousehold.com\/fr\/wp-json\/wp\/v2\/comments?post=5711"}],"version-history":[{"count":0,"href":"https:\/\/moyahousehold.com\/fr\/wp-json\/wp\/v2\/product\/5711\/revisions"}],"wp:featuredmedia":[{"embeddable":true,"href":"https:\/\/moyahousehold.com\/fr\/wp-json\/wp\/v2\/media\/8763"}],"wp:attachment":[{"href":"https:\/\/moyahousehold.com\/fr\/wp-json\/wp\/v2\/media?parent=5711"}],"wp:term":[{"taxonomy":"product_cat","embeddable":true,"href":"https:\/\/moyahousehold.com\/fr\/wp-json\/wp\/v2\/product_cat?post=5711"},{"taxonomy":"product_tag","embeddable":true,"href":"https:\/\/moyahousehold.com\/fr\/wp-json\/wp\/v2\/product_tag?post=5711"}],"curies":[{"name":"wp","href":"https:\/\/api.w.org\/{rel}","templated":true}]}}