{"id":5721,"date":"2024-06-10T11:14:03","date_gmt":"2024-06-10T11:14:03","guid":{"rendered":"https:\/\/moyahousehold.com\/?post_type=product&#038;p=5721"},"modified":"2025-04-19T09:18:54","modified_gmt":"2025-04-19T09:18:54","slug":"wholesale-danish-style-insulated-thermal-carafe","status":"publish","type":"product","link":"https:\/\/moyahousehold.com\/fr\/produit\/wholesale-danish-style-insulated-thermal-carafe\/","title":{"rendered":"Carafe \u00e0 caf\u00e9 isotherme Wholesale, style danois, 1.0L, garde au chaud pendant plus de 24 heures"},"content":{"rendered":"<h3 class=\"wp-block-heading\">Param\u00e8tres de la carafe thermique isol\u00e9e de 1,0 L<\/h3>\n\n\n\n<figure class=\"wp-block-table\"><table class=\"has-fixed-layout\"><tbody><tr><td>Produit&nbsp;<\/td><td>Capacit\u00e9<\/td><td>Couleur<\/td><td>Mat\u00e9riau<\/td><td>Dimensions<\/td><td>Poids brut<\/td><\/tr><tr><td>Thermos Carafe 1.0L avec rev\u00eatement en verre<\/td><td>1.0L<\/td><td>Noir, \u00e9cru, camel, vert<\/td><td>ABS, verre borosilicat\u00e9, PP, silicone.<\/td><td>19.7\u00d712.3\u00d724.5cm<\/td><td>0,5 kg<\/td><\/tr><\/tbody><\/table><\/figure>\n\n\n\n<h3 class=\"wp-block-heading\">Options de carafe thermique personnalis\u00e9e<\/h3>\n\n\n\n<p><strong>Logo<\/strong>: Personnalisez le logo de votre marque sur la carafe thermique et l'emballage.<br><strong>Options du logo<\/strong>logo imprim\u00e9, logo grav\u00e9 au laser, etc.<br><strong>Mod\u00e8le<\/strong>: motifs d'impression <br><strong>Technologie d'impression<\/strong>Les techniques utilis\u00e9es sont les suivantes : impression par transfert d'eau, impression par s\u00e9rigraphie, impression par transfert de chaleur, transfert par sublimation, etc.<br><strong>Emballage<\/strong>Bo\u00eete de couleur<br><a href=\"https:\/\/moyahousehold.com\/fr\/solution-personnalisee\/\"><strong>D\u00e9couvrez d'autres options de carafes thermiques personnalis\u00e9es.<\/strong><\/a><\/p>\n\n\n\n<div class=\"wp-block-columns is-layout-flex wp-container-core-columns-is-layout-9d6595d7 wp-block-columns-is-layout-flex\">\n<div class=\"wp-block-column is-layout-flow wp-block-column-is-layout-flow\">\n<figure class=\"wp-block-image size-full\"><img fetchpriority=\"high\" decoding=\"async\" width=\"1500\" height=\"1500\" src=\"https:\/\/moyahousehold.com\/wp-content\/uploads\/2024\/06\/Wholesale-Danish-Style-Insulated-Thermal-Carafe-3.jpg\" alt=\"Carafe thermique isol\u00e9e de style danois (3)\" class=\"wp-image-9779\" srcset=\"https:\/\/moyahousehold.com\/wp-content\/uploads\/2024\/06\/Wholesale-Danish-Style-Insulated-Thermal-Carafe-3.jpg 1500w, https:\/\/moyahousehold.com\/wp-content\/uploads\/2024\/06\/Wholesale-Danish-Style-Insulated-Thermal-Carafe-3-300x300.jpg 300w, https:\/\/moyahousehold.com\/wp-content\/uploads\/2024\/06\/Wholesale-Danish-Style-Insulated-Thermal-Carafe-3-150x150.jpg 150w, https:\/\/moyahousehold.com\/wp-content\/uploads\/2024\/06\/Wholesale-Danish-Style-Insulated-Thermal-Carafe-3-768x768.jpg 768w, https:\/\/moyahousehold.com\/wp-content\/uploads\/2024\/06\/Wholesale-Danish-Style-Insulated-Thermal-Carafe-3-12x12.jpg 12w, https:\/\/moyahousehold.com\/wp-content\/uploads\/2024\/06\/Wholesale-Danish-Style-Insulated-Thermal-Carafe-3-285x285.jpg 285w, https:\/\/moyahousehold.com\/wp-content\/uploads\/2024\/06\/Wholesale-Danish-Style-Insulated-Thermal-Carafe-3-270x270.jpg 270w, https:\/\/moyahousehold.com\/wp-content\/uploads\/2024\/06\/Wholesale-Danish-Style-Insulated-Thermal-Carafe-3-540x540.jpg 540w, https:\/\/moyahousehold.com\/wp-content\/uploads\/2024\/06\/Wholesale-Danish-Style-Insulated-Thermal-Carafe-3-660x660.jpg 660w\" sizes=\"(max-width: 1500px) 100vw, 1500px\" \/><\/figure>\n<\/div>\n\n\n\n<div class=\"wp-block-column is-layout-flow wp-block-column-is-layout-flow\">\n<figure class=\"wp-block-image size-full\"><img decoding=\"async\" width=\"1500\" height=\"1500\" src=\"https:\/\/moyahousehold.com\/wp-content\/uploads\/2024\/06\/Wholesale-Danish-Style-Insulated-Thermal-Carafe-4.jpg\" alt=\"Carafe thermique isol\u00e9e de style danois (4)\" class=\"wp-image-9780\" srcset=\"https:\/\/moyahousehold.com\/wp-content\/uploads\/2024\/06\/Wholesale-Danish-Style-Insulated-Thermal-Carafe-4.jpg 1500w, https:\/\/moyahousehold.com\/wp-content\/uploads\/2024\/06\/Wholesale-Danish-Style-Insulated-Thermal-Carafe-4-300x300.jpg 300w, https:\/\/moyahousehold.com\/wp-content\/uploads\/2024\/06\/Wholesale-Danish-Style-Insulated-Thermal-Carafe-4-150x150.jpg 150w, https:\/\/moyahousehold.com\/wp-content\/uploads\/2024\/06\/Wholesale-Danish-Style-Insulated-Thermal-Carafe-4-768x768.jpg 768w, https:\/\/moyahousehold.com\/wp-content\/uploads\/2024\/06\/Wholesale-Danish-Style-Insulated-Thermal-Carafe-4-12x12.jpg 12w, https:\/\/moyahousehold.com\/wp-content\/uploads\/2024\/06\/Wholesale-Danish-Style-Insulated-Thermal-Carafe-4-285x285.jpg 285w, https:\/\/moyahousehold.com\/wp-content\/uploads\/2024\/06\/Wholesale-Danish-Style-Insulated-Thermal-Carafe-4-270x270.jpg 270w, https:\/\/moyahousehold.com\/wp-content\/uploads\/2024\/06\/Wholesale-Danish-Style-Insulated-Thermal-Carafe-4-540x540.jpg 540w, https:\/\/moyahousehold.com\/wp-content\/uploads\/2024\/06\/Wholesale-Danish-Style-Insulated-Thermal-Carafe-4-660x660.jpg 660w\" sizes=\"(max-width: 1500px) 100vw, 1500px\" \/><\/figure>\n<\/div>\n<\/div>","protected":false},"excerpt":{"rendered":"<p>Carafe \u00e0 caf\u00e9 isotherme en gros, 1,0 L, cette carafe \u00e0 caf\u00e9 adopte un style nordique, a une belle apparence et constitue un produit de d\u00e9coration int\u00e9rieure id\u00e9al. Le r\u00e9servoir int\u00e9rieur est en verre borosilicate et la dur\u00e9e de conservation de la chaleur est sup\u00e9rieure \u00e0 24 heures. Nous proposons 4 couleurs au choix : noir, blanc cass\u00e9, camel, vert. Contactez-nous pour un devis.<\/p>\n<h3>Caract\u00e9ristiques de la carafe thermique isol\u00e9e Danish Style<\/h3>\n<p><strong>Design minimaliste :<\/strong> Les lignes g\u00e9om\u00e9triques claires de cette carafe thermique isol\u00e9e lui conf\u00e8rent un aspect moderne, \u00e9l\u00e9gant et simple, qui peut \u00eatre int\u00e9gr\u00e9 dans divers environnements domestiques et r\u00e9pondre aux besoins esth\u00e9tiques des clients.<\/p>\n<p><strong>Conception sp\u00e9ciale de la buse :<\/strong> La carafe \u00e0 caf\u00e9 isotherme est dot\u00e9e d'une buse unique, qui permet de contr\u00f4ler avec pr\u00e9cision le d\u00e9bit d'eau, d'\u00e9viter les \u00e9claboussures ou les versements excessifs, et d'am\u00e9liorer l'exp\u00e9rience d'utilisation.<\/p>\n<p><strong>Excellente performance d'isolation :<\/strong> Cette carafe thermique isol\u00e9e peut conserver l'eau chaude ou froide pendant plus de 24 heures, ce qui convient parfaitement aux sorties de longue dur\u00e9e ou \u00e0 l'utilisation au bureau.<\/p>\n<p><strong>Liner en verre :<\/strong> Utilisant un rev\u00eatement en verre borosilicat\u00e9 de haute qualit\u00e9, il pr\u00e9sente une r\u00e9sistance \u00e0 la chaleur et \u00e0 la corrosion extr\u00eamement \u00e9lev\u00e9e, ainsi qu'une forte capacit\u00e9 d'isolation.<\/p>\n<p><strong>Solutions personnalis\u00e9es OEM et ODM<\/strong>: En tant que fabricant de carafes thermiques, nous fournissons des services personnalis\u00e9s OEM et ODM complets, y compris l'apparence, la fonction, la capacit\u00e9 et d'autres aspects de la conception.<\/p>","protected":false},"featured_media":9776,"comment_status":"closed","ping_status":"closed","template":"","meta":[],"product_cat":[54],"product_tag":[66,84],"class_list":{"0":"post-5721","1":"product","2":"type-product","3":"status-publish","4":"has-post-thumbnail","6":"product_cat-thermal-carafe-wholesale","7":"product_tag-wholesale-1000ml-thermos-carafe","8":"product_tag-wholesale-glass-liner-thermos-carafe","10":"first","11":"instock","12":"shipping-taxable","13":"product-type-simple"},"_links":{"self":[{"href":"https:\/\/moyahousehold.com\/fr\/wp-json\/wp\/v2\/product\/5721","targetHints":{"allow":["GET"]}}],"collection":[{"href":"https:\/\/moyahousehold.com\/fr\/wp-json\/wp\/v2\/product"}],"about":[{"href":"https:\/\/moyahousehold.com\/fr\/wp-json\/wp\/v2\/types\/product"}],"replies":[{"embeddable":true,"href":"https:\/\/moyahousehold.com\/fr\/wp-json\/wp\/v2\/comments?post=5721"}],"version-history":[{"count":0,"href":"https:\/\/moyahousehold.com\/fr\/wp-json\/wp\/v2\/product\/5721\/revisions"}],"wp:featuredmedia":[{"embeddable":true,"href":"https:\/\/moyahousehold.com\/fr\/wp-json\/wp\/v2\/media\/9776"}],"wp:attachment":[{"href":"https:\/\/moyahousehold.com\/fr\/wp-json\/wp\/v2\/media?parent=5721"}],"wp:term":[{"taxonomy":"product_cat","embeddable":true,"href":"https:\/\/moyahousehold.com\/fr\/wp-json\/wp\/v2\/product_cat?post=5721"},{"taxonomy":"product_tag","embeddable":true,"href":"https:\/\/moyahousehold.com\/fr\/wp-json\/wp\/v2\/product_tag?post=5721"}],"curies":[{"name":"wp","href":"https:\/\/api.w.org\/{rel}","templated":true}]}}