{"id":5737,"date":"2024-06-10T11:51:12","date_gmt":"2024-06-10T11:51:12","guid":{"rendered":"https:\/\/moyahousehold.com\/?post_type=product&#038;p=5737"},"modified":"2026-04-04T07:02:59","modified_gmt":"2026-04-04T07:02:59","slug":"double-wall-insulated-coffee-carafe-wholesale","status":"publish","type":"product","link":"https:\/\/moyahousehold.com\/fr\/produit\/double-wall-insulated-coffee-carafe-wholesale\/","title":{"rendered":"Wholesale Vacuum Pisa Style Insulated Coffee Carafe 1.0L &amp; 1.5L \u2014 MOYA Thermal Carafe Manufacturer"},"content":{"rendered":"<figure class=\"wp-block-image size-full\"><img fetchpriority=\"high\" decoding=\"async\" width=\"3984\" height=\"2346\" src=\"https:\/\/moyahousehold.com\/wp-content\/uploads\/2024\/06\/\u8be6\u60c5logo1.jpg\" alt=\"\" class=\"wp-image-12592\" srcset=\"https:\/\/moyahousehold.com\/wp-content\/uploads\/2024\/06\/\u8be6\u60c5logo1.jpg 3984w, https:\/\/moyahousehold.com\/wp-content\/uploads\/2024\/06\/\u8be6\u60c5logo1-300x177.jpg 300w, https:\/\/moyahousehold.com\/wp-content\/uploads\/2024\/06\/\u8be6\u60c5logo1-768x452.jpg 768w, https:\/\/moyahousehold.com\/wp-content\/uploads\/2024\/06\/\u8be6\u60c5logo1-18x12.jpg 18w, https:\/\/moyahousehold.com\/wp-content\/uploads\/2024\/06\/\u8be6\u60c5logo1-285x168.jpg 285w, https:\/\/moyahousehold.com\/wp-content\/uploads\/2024\/06\/\u8be6\u60c5logo1-1600x942.jpg 1600w, https:\/\/moyahousehold.com\/wp-content\/uploads\/2024\/06\/\u8be6\u60c5logo1-660x389.jpg 660w, https:\/\/moyahousehold.com\/wp-content\/uploads\/2024\/06\/\u8be6\u60c5logo1-150x88.jpg 150w\" sizes=\"(max-width: 3984px) 100vw, 3984px\" \/><\/figure>\n\n\n\n<h3 class=\"wp-block-heading\">Param\u00e8tres de la carafe \u00e0 caf\u00e9 isol\u00e9e sous vide<\/h3>\n\n\n\n<figure class=\"wp-block-table\"><table><tbody><tr><td>Capacit\u00e9<\/td><td>Mat\u00e9riau<\/td><td>Taille du produit<\/td><td>Quantit\u00e9 par caisse<\/td><td>Couleur<\/td><\/tr><tr><td>1.0L<\/td><td rowspan=\"2\">Bois, acier inoxydable<br>304\uff0cSilicone<\/td><td>19*12,5*19,5cm<\/td><td>12<\/td><td>Black\/Beige\/Nature<\/td><\/tr><tr><td>1.5L<\/td><td>19.3*13*24cm<\/td><td>12<\/td><td>Black\/Beige\/Nature<\/td><\/tr><\/tbody><\/table><\/figure>\n\n\n\n<h3 class=\"wp-block-heading\">Options de carafe \u00e0 caf\u00e9 personnalis\u00e9e<\/h3>\n\n\n\n<p><strong>Couvercles : <\/strong>Stainless steel pressure lid<br><strong>Logo :<\/strong> Custom your brand logo on product and package.<br><strong>Options de logo :<\/strong> Printed logo, laser engraved logo, etc.<br><strong>Mod\u00e8le : <\/strong>Printing patterns on thermos bottles.<br><strong>Technologie d'impression : <\/strong>Water transfer printing, silk screen printing, heat transfer printing, sublimation transfer and more.<br><strong>Emballage :<\/strong> Color box<br><a href=\"https:\/\/moyahousehold.com\/fr\/solution-personnalisee\/\"><strong>D\u00e9couvrez d'autres solutions de carafes \u00e0 caf\u00e9 personnalis\u00e9es.<\/strong><\/a><\/p>\n\n\n\n<div class=\"wp-block-columns is-layout-flex wp-container-core-columns-is-layout-9d6595d7 wp-block-columns-is-layout-flex\">\n<div class=\"wp-block-column is-layout-flow wp-block-column-is-layout-flow\">\n<figure class=\"wp-block-image size-full\"><img decoding=\"async\" width=\"2583\" height=\"2583\" src=\"https:\/\/moyahousehold.com\/wp-content\/uploads\/2024\/06\/Insulated-Coffee-Carafe-Wholesale-8.webp\" alt=\"Carafe \u00e0 caf\u00e9 isotherme Wholesale\" class=\"wp-image-5741\" srcset=\"https:\/\/moyahousehold.com\/wp-content\/uploads\/2024\/06\/Insulated-Coffee-Carafe-Wholesale-8.webp 2583w, https:\/\/moyahousehold.com\/wp-content\/uploads\/2024\/06\/Insulated-Coffee-Carafe-Wholesale-8-300x300.webp 300w, https:\/\/moyahousehold.com\/wp-content\/uploads\/2024\/06\/Insulated-Coffee-Carafe-Wholesale-8-150x150.webp 150w, https:\/\/moyahousehold.com\/wp-content\/uploads\/2024\/06\/Insulated-Coffee-Carafe-Wholesale-8-768x768.webp 768w, https:\/\/moyahousehold.com\/wp-content\/uploads\/2024\/06\/Insulated-Coffee-Carafe-Wholesale-8-285x285.webp 285w, https:\/\/moyahousehold.com\/wp-content\/uploads\/2024\/06\/Insulated-Coffee-Carafe-Wholesale-8-1600x1600.webp 1600w, https:\/\/moyahousehold.com\/wp-content\/uploads\/2024\/06\/Insulated-Coffee-Carafe-Wholesale-8-270x270.webp 270w, https:\/\/moyahousehold.com\/wp-content\/uploads\/2024\/06\/Insulated-Coffee-Carafe-Wholesale-8-540x540.webp 540w, https:\/\/moyahousehold.com\/wp-content\/uploads\/2024\/06\/Insulated-Coffee-Carafe-Wholesale-8-660x660.webp 660w\" sizes=\"(max-width: 2583px) 100vw, 2583px\" \/><\/figure>\n<\/div>\n\n\n\n<div class=\"wp-block-column is-layout-flow wp-block-column-is-layout-flow\">\n<figure class=\"wp-block-image size-full\"><img decoding=\"async\" width=\"2610\" height=\"2610\" src=\"https:\/\/moyahousehold.com\/wp-content\/uploads\/2024\/06\/Insulated-Coffee-Carafe-Wholesale-8-1.webp\" alt=\"Carafe \u00e0 caf\u00e9 isotherme Wholesale \" class=\"wp-image-5749\" srcset=\"https:\/\/moyahousehold.com\/wp-content\/uploads\/2024\/06\/Insulated-Coffee-Carafe-Wholesale-8-1.webp 2610w, https:\/\/moyahousehold.com\/wp-content\/uploads\/2024\/06\/Insulated-Coffee-Carafe-Wholesale-8-1-300x300.webp 300w, https:\/\/moyahousehold.com\/wp-content\/uploads\/2024\/06\/Insulated-Coffee-Carafe-Wholesale-8-1-150x150.webp 150w, https:\/\/moyahousehold.com\/wp-content\/uploads\/2024\/06\/Insulated-Coffee-Carafe-Wholesale-8-1-768x768.webp 768w, https:\/\/moyahousehold.com\/wp-content\/uploads\/2024\/06\/Insulated-Coffee-Carafe-Wholesale-8-1-285x285.webp 285w, https:\/\/moyahousehold.com\/wp-content\/uploads\/2024\/06\/Insulated-Coffee-Carafe-Wholesale-8-1-1600x1600.webp 1600w, https:\/\/moyahousehold.com\/wp-content\/uploads\/2024\/06\/Insulated-Coffee-Carafe-Wholesale-8-1-270x270.webp 270w, https:\/\/moyahousehold.com\/wp-content\/uploads\/2024\/06\/Insulated-Coffee-Carafe-Wholesale-8-1-540x540.webp 540w, https:\/\/moyahousehold.com\/wp-content\/uploads\/2024\/06\/Insulated-Coffee-Carafe-Wholesale-8-1-660x660.webp 660w\" sizes=\"(max-width: 2610px) 100vw, 2610px\" \/><\/figure>\n<\/div>\n<\/div>\n\n\n\n<div class=\"wp-block-columns is-layout-flex wp-container-core-columns-is-layout-9d6595d7 wp-block-columns-is-layout-flex\">\n<div class=\"wp-block-column is-layout-flow wp-block-column-is-layout-flow\">\n<figure class=\"wp-block-image size-full\"><img loading=\"lazy\" decoding=\"async\" width=\"800\" height=\"800\" src=\"https:\/\/moyahousehold.com\/wp-content\/uploads\/2024\/06\/13.jpg\" alt=\"MOYA Pisa Style Stainless Steel Thermal Coffee Carafe with Wooden Handle, Vacuum Insulated Tea Pot\" class=\"wp-image-12583\" srcset=\"https:\/\/moyahousehold.com\/wp-content\/uploads\/2024\/06\/13.jpg 800w, https:\/\/moyahousehold.com\/wp-content\/uploads\/2024\/06\/13-300x300.jpg 300w, https:\/\/moyahousehold.com\/wp-content\/uploads\/2024\/06\/13-150x150.jpg 150w, https:\/\/moyahousehold.com\/wp-content\/uploads\/2024\/06\/13-768x768.jpg 768w, https:\/\/moyahousehold.com\/wp-content\/uploads\/2024\/06\/13-12x12.jpg 12w, https:\/\/moyahousehold.com\/wp-content\/uploads\/2024\/06\/13-285x285.jpg 285w, https:\/\/moyahousehold.com\/wp-content\/uploads\/2024\/06\/13-270x270.jpg 270w, https:\/\/moyahousehold.com\/wp-content\/uploads\/2024\/06\/13-540x540.jpg 540w, https:\/\/moyahousehold.com\/wp-content\/uploads\/2024\/06\/13-660x660.jpg 660w\" sizes=\"(max-width: 800px) 100vw, 800px\" \/><\/figure>\n<\/div>\n\n\n\n<div class=\"wp-block-column is-layout-flow wp-block-column-is-layout-flow\">\n<figure class=\"wp-block-image size-full\"><img loading=\"lazy\" decoding=\"async\" width=\"800\" height=\"800\" src=\"https:\/\/moyahousehold.com\/wp-content\/uploads\/2024\/06\/15.jpg\" alt=\"MOYA Pisa Style Stainless Steel Thermal Coffee Carafe with Wooden Handle, Vacuum Insulated Tea Pot\" class=\"wp-image-12584\" srcset=\"https:\/\/moyahousehold.com\/wp-content\/uploads\/2024\/06\/15.jpg 800w, https:\/\/moyahousehold.com\/wp-content\/uploads\/2024\/06\/15-300x300.jpg 300w, https:\/\/moyahousehold.com\/wp-content\/uploads\/2024\/06\/15-150x150.jpg 150w, https:\/\/moyahousehold.com\/wp-content\/uploads\/2024\/06\/15-768x768.jpg 768w, https:\/\/moyahousehold.com\/wp-content\/uploads\/2024\/06\/15-12x12.jpg 12w, https:\/\/moyahousehold.com\/wp-content\/uploads\/2024\/06\/15-285x285.jpg 285w, https:\/\/moyahousehold.com\/wp-content\/uploads\/2024\/06\/15-270x270.jpg 270w, https:\/\/moyahousehold.com\/wp-content\/uploads\/2024\/06\/15-540x540.jpg 540w, https:\/\/moyahousehold.com\/wp-content\/uploads\/2024\/06\/15-660x660.jpg 660w\" sizes=\"(max-width: 800px) 100vw, 800px\" \/><\/figure>\n<\/div>\n<\/div>\n\n\n\n<p><\/p>","protected":false},"excerpt":{"rendered":"<p>Carafe \u00e0 caf\u00e9 isol\u00e9e en gros, cette carafe \u00e0 caf\u00e9 a un excellent effet de conservation de la chaleur et peut facilement distribuer de l'eau en appuyant sur un seul bouton. L'apparence est simple et \u00e9l\u00e9gante, convenant \u00e0 la maison et au bureau. Nous fournissons des services de carafe \u00e0 caf\u00e9 isol\u00e9e en gros et des solutions personnalis\u00e9es, n'h\u00e9sitez pas \u00e0 nous contacter.<\/p>\n<h3>Caract\u00e9ristiques de la carafe \u00e0 caf\u00e9 isotherme<\/h3>\n<p><strong>Aspect simple et \u00e9l\u00e9gant :<\/strong> Cette carafe \u00e0 caf\u00e9 isotherme pr\u00e9sente un design simple, avec des couleurs noires et beiges classiques, et une belle apparence qui peut facilement s'int\u00e9grer dans divers environnements domestiques, professionnels ou commerciaux.<\/p>\n<p><strong>Rev\u00eatement en acier inoxydable 304 :<\/strong> Le rev\u00eatement en acier inoxydable SUS304 de haute qualit\u00e9 assure la durabilit\u00e9 et la r\u00e9sistance \u00e0 la corrosion, garantissant la s\u00e9curit\u00e9 et le go\u00fbt pur de l'eau potable et du caf\u00e9.<\/p>\n<p><strong>Conception \u00e0 pression d'un seul bouton :<\/strong> Cette carafe \u00e0 caf\u00e9 isotherme adopte un concept innovant de pression \u00e0 un bouton, ce qui \u00e9vite le fonctionnement compliqu\u00e9 des carafes thermiques traditionnelles et est plus pratique.<\/p>\n<p><strong>Effet isolant de longue dur\u00e9e :<\/strong> La technologie d'isolation sous vide utilis\u00e9e dans cette carafe \u00e0 caf\u00e9 isotherme permet de maintenir le liquide chaud pendant longtemps, garantissant ainsi que le caf\u00e9, le th\u00e9 et les autres boissons conservent une temp\u00e9rature optimale pendant longtemps.<\/p>\n<p><strong>Prix de gros :<\/strong> Les fabricants de Moya proposent des prix de gros tr\u00e8s comp\u00e9titifs, adapt\u00e9s aux d\u00e9taillants, aux distributeurs et aux achats en gros dans le secteur de la restauration.<\/p>\n<p><strong>Services personnalis\u00e9s OEM&amp;ODM :<\/strong> Gr\u00e2ce \u00e0 nos services OEM et ODM, vous pouvez personnaliser l'apparence, la capacit\u00e9 et le logo de la marque de la carafe \u00e0 caf\u00e9 pour cr\u00e9er un produit personnalis\u00e9 unique.<\/p>","protected":false},"featured_media":12589,"comment_status":"open","ping_status":"closed","template":"","meta":[],"product_cat":[54],"product_tag":[66,78,85],"class_list":{"0":"post-5737","1":"product","2":"type-product","3":"status-publish","4":"has-post-thumbnail","6":"product_cat-thermal-carafe-wholesale","7":"product_tag-wholesale-1000ml-thermos-carafe","8":"product_tag-wholesale-1500ml-thermos-carafe","9":"product_tag-wholesale-stainless-steel-liner-thermos-carafe","11":"first","12":"instock","13":"shipping-taxable","14":"product-type-simple"},"_links":{"self":[{"href":"https:\/\/moyahousehold.com\/fr\/wp-json\/wp\/v2\/product\/5737","targetHints":{"allow":["GET"]}}],"collection":[{"href":"https:\/\/moyahousehold.com\/fr\/wp-json\/wp\/v2\/product"}],"about":[{"href":"https:\/\/moyahousehold.com\/fr\/wp-json\/wp\/v2\/types\/product"}],"replies":[{"embeddable":true,"href":"https:\/\/moyahousehold.com\/fr\/wp-json\/wp\/v2\/comments?post=5737"}],"version-history":[{"count":0,"href":"https:\/\/moyahousehold.com\/fr\/wp-json\/wp\/v2\/product\/5737\/revisions"}],"wp:featuredmedia":[{"embeddable":true,"href":"https:\/\/moyahousehold.com\/fr\/wp-json\/wp\/v2\/media\/12589"}],"wp:attachment":[{"href":"https:\/\/moyahousehold.com\/fr\/wp-json\/wp\/v2\/media?parent=5737"}],"wp:term":[{"taxonomy":"product_cat","embeddable":true,"href":"https:\/\/moyahousehold.com\/fr\/wp-json\/wp\/v2\/product_cat?post=5737"},{"taxonomy":"product_tag","embeddable":true,"href":"https:\/\/moyahousehold.com\/fr\/wp-json\/wp\/v2\/product_tag?post=5737"}],"curies":[{"name":"wp","href":"https:\/\/api.w.org\/{rel}","templated":true}]}}