{"id":5752,"date":"2024-06-10T12:32:25","date_gmt":"2024-06-10T12:32:25","guid":{"rendered":"https:\/\/moyahousehold.com\/?post_type=product&#038;p=5752"},"modified":"2025-02-05T04:07:09","modified_gmt":"2025-02-05T04:07:09","slug":"wholesale-1l-stylish-insulated-coffee-pots","status":"publish","type":"product","link":"https:\/\/moyahousehold.com\/fr\/produit\/wholesale-1l-stylish-insulated-coffee-pots\/","title":{"rendered":"Wholesale Stylish 1.0L Insulated Coffee Pots, Bulk Thermos Kettle for Sale, Support OEM and ODM"},"content":{"rendered":"<h3 class=\"wp-block-heading\">Param\u00e8tres des pots \u00e0 caf\u00e9 isothermes<\/h3>\n\n\n\n<figure class=\"wp-block-table\"><table><tbody><tr><td>Capacit\u00e9<\/td><td>Mat\u00e9riau<\/td><td>Taille du produit<\/td><td>Quantit\u00e9 par caisse<\/td><td>Couleur<\/td><\/tr><tr><td>1.0L<\/td><td>PP, acier inoxydable<br>304,Silicone<\/td><td>13.7*12.4*26.5cm<\/td><td>12<\/td><td>Noir,Argent noir<\/td><\/tr><\/tbody><\/table><\/figure>\n\n\n\n<h3 class=\"wp-block-heading\">Options de cafeti\u00e8res personnalis\u00e9es<\/h3>\n\n\n\n<p><strong>Couvercles :<\/strong> couvercle \u00e0 pression en acier inoxydable<br><strong>Logo :<\/strong> personnaliser le logo de votre marque sur le produit et l'emballage.<br><strong>Options de logo :<\/strong> logo imprim\u00e9, logo grav\u00e9 au laser, etc.<br><strong>Mod\u00e8le :<\/strong> impression de motifs sur des bouteilles thermos<br><strong>Technologie d'impression :<\/strong> impression par transfert d'eau, impression par s\u00e9rigraphie, impression par transfert thermique, transfert par sublimation, etc.<br><strong>Emballage :<\/strong> bo\u00eete \u00e0 couleurs<br><a href=\"https:\/\/moyahousehold.com\/fr\/solution-personnalisee\/\"><strong>En savoir plus sur les solutions de cafeti\u00e8res personnalis\u00e9es.<\/strong><\/a><\/p>\n\n\n\n<div class=\"wp-block-columns is-layout-flex wp-container-core-columns-is-layout-9d6595d7 wp-block-columns-is-layout-flex\">\n<div class=\"wp-block-column is-layout-flow wp-block-column-is-layout-flow\">\n<figure class=\"wp-block-image size-full\"><img fetchpriority=\"high\" decoding=\"async\" width=\"1500\" height=\"2250\" src=\"https:\/\/moyahousehold.com\/wp-content\/uploads\/2024\/06\/Insulated-Coffee-Pots-Detail-1.webp\" alt=\"Pots \u00e0 caf\u00e9 isol\u00e9s D\u00e9tail (1)\" class=\"wp-image-9899\" srcset=\"https:\/\/moyahousehold.com\/wp-content\/uploads\/2024\/06\/Insulated-Coffee-Pots-Detail-1.webp 1500w, https:\/\/moyahousehold.com\/wp-content\/uploads\/2024\/06\/Insulated-Coffee-Pots-Detail-1-200x300.webp 200w, https:\/\/moyahousehold.com\/wp-content\/uploads\/2024\/06\/Insulated-Coffee-Pots-Detail-1-768x1152.webp 768w, https:\/\/moyahousehold.com\/wp-content\/uploads\/2024\/06\/Insulated-Coffee-Pots-Detail-1-8x12.webp 8w, https:\/\/moyahousehold.com\/wp-content\/uploads\/2024\/06\/Insulated-Coffee-Pots-Detail-1-285x428.webp 285w, https:\/\/moyahousehold.com\/wp-content\/uploads\/2024\/06\/Insulated-Coffee-Pots-Detail-1-440x660.webp 440w, https:\/\/moyahousehold.com\/wp-content\/uploads\/2024\/06\/Insulated-Coffee-Pots-Detail-1-100x150.webp 100w\" sizes=\"(max-width: 1500px) 100vw, 1500px\" \/><\/figure>\n<\/div>\n\n\n\n<div class=\"wp-block-column is-layout-flow wp-block-column-is-layout-flow\">\n<figure class=\"wp-block-image size-full\"><img decoding=\"async\" width=\"1500\" height=\"2250\" src=\"https:\/\/moyahousehold.com\/wp-content\/uploads\/2024\/06\/Insulated-Coffee-Pots-Detail-2.webp\" alt=\"Pots \u00e0 caf\u00e9 isothermes D\u00e9tail (2)\" class=\"wp-image-9900\" srcset=\"https:\/\/moyahousehold.com\/wp-content\/uploads\/2024\/06\/Insulated-Coffee-Pots-Detail-2.webp 1500w, https:\/\/moyahousehold.com\/wp-content\/uploads\/2024\/06\/Insulated-Coffee-Pots-Detail-2-200x300.webp 200w, https:\/\/moyahousehold.com\/wp-content\/uploads\/2024\/06\/Insulated-Coffee-Pots-Detail-2-768x1152.webp 768w, https:\/\/moyahousehold.com\/wp-content\/uploads\/2024\/06\/Insulated-Coffee-Pots-Detail-2-8x12.webp 8w, https:\/\/moyahousehold.com\/wp-content\/uploads\/2024\/06\/Insulated-Coffee-Pots-Detail-2-285x428.webp 285w, https:\/\/moyahousehold.com\/wp-content\/uploads\/2024\/06\/Insulated-Coffee-Pots-Detail-2-440x660.webp 440w, https:\/\/moyahousehold.com\/wp-content\/uploads\/2024\/06\/Insulated-Coffee-Pots-Detail-2-100x150.webp 100w\" sizes=\"(max-width: 1500px) 100vw, 1500px\" \/><\/figure>\n<\/div>\n<\/div>","protected":false},"excerpt":{"rendered":"<p>La cafeti\u00e8re isotherme Wholesale Fashion 1.0L a un design beau et \u00e9l\u00e9gant. La cafeti\u00e8re isotherme est dot\u00e9e d'un excellent rev\u00eatement isolant qui permet de conserver la temp\u00e9rature id\u00e9ale de la boisson pendant longtemps. N'h\u00e9sitez pas \u00e0 nous contacter pour obtenir un devis.<\/p>\n<h3>Caract\u00e9ristiques des pots \u00e0 caf\u00e9 isothermes de 1,0 L\u00a0<\/h3>\n<p><strong>Mat\u00e9riaux de haute qualit\u00e9 :<\/strong> Les cafeti\u00e8res isothermes sont fabriqu\u00e9es en acier inoxydable 304 \u00e0 l'int\u00e9rieur et \u00e0 l'ext\u00e9rieur, et le couvercle du bec verseur est en polypropyl\u00e8ne et en silicone de qualit\u00e9 alimentaire pour garantir la durabilit\u00e9 et la s\u00e9curit\u00e9 de l'utilisation \u00e0 long terme.<\/p>\n<p><strong>Conception l\u00e9g\u00e8re :<\/strong> Le design g\u00e9n\u00e9ral de cette cafeti\u00e8re isotherme est fin et l\u00e9ger, et elle est \u00e9quip\u00e9e d'une poign\u00e9e confortable qui permet de verser l'eau sans effort et facilement.<\/p>\n<p><strong>Fonctionnement pratique :<\/strong> Appuyez sur le bouton du couvercle pour activer et d\u00e9sactiver l'\u00e9coulement de l'eau, sans avoir \u00e0 maintenir le bouton enfonc\u00e9 pendant longtemps, ce qui est plus pratique \u00e0 utiliser que la carafe thermique traditionnelle.<\/p>\n<p><strong>Peinture de protection :<\/strong> La couche ext\u00e9rieure en acier inoxydable de la cafeti\u00e8re isotherme est recouverte d'une peinture protectrice qui rehausse la brillance et emp\u00eache efficacement les r\u00e9sidus de traces de doigts.<\/p>\n<p><strong>Service de personnalisation OEM et ODM :<\/strong> Nous fournissons des services personnalis\u00e9s de cafeti\u00e8re isol\u00e9e, en proposant des solutions de personnalisation oem et odm pour r\u00e9pondre aux besoins de votre marque.<\/p>","protected":false},"featured_media":9901,"comment_status":"closed","ping_status":"closed","template":"","meta":[],"product_cat":[54],"product_tag":[66,85],"class_list":{"0":"post-5752","1":"product","2":"type-product","3":"status-publish","4":"has-post-thumbnail","6":"product_cat-thermal-carafe-wholesale","7":"product_tag-wholesale-1000ml-thermos-carafe","8":"product_tag-wholesale-stainless-steel-liner-thermos-carafe","10":"first","11":"instock","12":"shipping-taxable","13":"product-type-simple"},"_links":{"self":[{"href":"https:\/\/moyahousehold.com\/fr\/wp-json\/wp\/v2\/product\/5752","targetHints":{"allow":["GET"]}}],"collection":[{"href":"https:\/\/moyahousehold.com\/fr\/wp-json\/wp\/v2\/product"}],"about":[{"href":"https:\/\/moyahousehold.com\/fr\/wp-json\/wp\/v2\/types\/product"}],"replies":[{"embeddable":true,"href":"https:\/\/moyahousehold.com\/fr\/wp-json\/wp\/v2\/comments?post=5752"}],"version-history":[{"count":0,"href":"https:\/\/moyahousehold.com\/fr\/wp-json\/wp\/v2\/product\/5752\/revisions"}],"wp:featuredmedia":[{"embeddable":true,"href":"https:\/\/moyahousehold.com\/fr\/wp-json\/wp\/v2\/media\/9901"}],"wp:attachment":[{"href":"https:\/\/moyahousehold.com\/fr\/wp-json\/wp\/v2\/media?parent=5752"}],"wp:term":[{"taxonomy":"product_cat","embeddable":true,"href":"https:\/\/moyahousehold.com\/fr\/wp-json\/wp\/v2\/product_cat?post=5752"},{"taxonomy":"product_tag","embeddable":true,"href":"https:\/\/moyahousehold.com\/fr\/wp-json\/wp\/v2\/product_tag?post=5752"}],"curies":[{"name":"wp","href":"https:\/\/api.w.org\/{rel}","templated":true}]}}