{"id":5766,"date":"2024-06-10T12:57:22","date_gmt":"2024-06-10T12:57:22","guid":{"rendered":"https:\/\/moyahousehold.com\/?post_type=product&#038;p=5766"},"modified":"2025-04-19T08:55:22","modified_gmt":"2025-04-19T08:55:22","slug":"wholesale-1-liter-thermal-coffee-carafe","status":"publish","type":"product","link":"https:\/\/moyahousehold.com\/fr\/produit\/wholesale-1-liter-thermal-coffee-carafe\/","title":{"rendered":"Grossiste Carafe \u00e0 caf\u00e9 thermique 1 litre - MOYA Thermal Carafe Manufacturer, Support OEM &amp; DOM"},"content":{"rendered":"<h3 class=\"wp-block-heading\">Param\u00e8tres de la carafe \u00e0 caf\u00e9 thermique<\/h3>\n\n\n\n<figure class=\"wp-block-table\"><table><tbody><tr><td>Capacit\u00e9<\/td><td>Mat\u00e9riau du manche<\/td><td>Mat\u00e9riau<\/td><td>Taille du produit<\/td><td>Quantit\u00e9 par caisse<\/td><td>Couleur<\/td><\/tr><tr><td>1.0L<\/td><td>Bois<\/td><td>ABS, verre borosilicat\u00e9, PP, silicone.<\/td><td>19.7*12.3*24.5<\/td><td>12<\/td><td>Noir\uff0cOff white\uff0cCamel,Vert<\/td><\/tr><tr><td>1.0L<\/td><td>Acier inoxydable<\/td><td>ABS, verre borosilicat\u00e9, PP, silicone.<\/td><td>19.7*12.3*24.5<\/td><td>12<\/td><td>Noir\uff0cOff white\uff0cCamel,Vert<\/td><\/tr><tr><td>1.3L<\/td><td>Bois<\/td><td>ABS, verre borosilicat\u00e9, PP, silicone.<\/td><td><\/td><td>12<\/td><td>Noir\uff0cOff white\uff0cCamel,Vert<\/td><\/tr><tr><td>1.3L<\/td><td>Acier inoxydable<\/td><td>ABS, verre borosilicat\u00e9, PP, silicone.<\/td><td><\/td><td>12<\/td><td>Noir\uff0cOff white\uff0cCamel,Vert<\/td><\/tr><\/tbody><\/table><\/figure>\n\n\n\n<h3 class=\"wp-block-heading\">Options de carafe thermique personnalis\u00e9e<\/h3>\n\n\n\n<p><strong>Couvercles<\/strong>Couvercle \u00e0 pression en acier inoxydable<br><strong>Logo<\/strong>: personnalisation du logo de votre marque sur le produit et l'emballage.<br><strong>Options du logo<\/strong>logo imprim\u00e9, logo grav\u00e9 au laser, etc.<br><strong>Mod\u00e8le<\/strong>: impression de motifs sur la cafeti\u00e8re.<br><strong>Technologie d'impression<\/strong>Les techniques d'impression sont les suivantes : impression par transfert d'eau, impression par s\u00e9rigraphie, impression par transfert de chaleur, transfert par sublimation, etc. <br><strong>Emballage :<\/strong> bo\u00eete \u00e0 couleurs<br><a href=\"https:\/\/moyahousehold.com\/fr\/solution-personnalisee\/\"><strong>D\u00e9couvrez d'autres solutions de carafes thermiques personnalis\u00e9es<\/strong><\/a><\/p>\n\n\n\n<div class=\"wp-block-columns is-layout-flex wp-container-core-columns-is-layout-9d6595d7 wp-block-columns-is-layout-flex\">\n<div class=\"wp-block-column is-layout-flow wp-block-column-is-layout-flow\">\n<figure class=\"wp-block-image size-full\"><img fetchpriority=\"high\" decoding=\"async\" width=\"2610\" height=\"2610\" src=\"https:\/\/moyahousehold.com\/wp-content\/uploads\/2024\/06\/Thermal-Coffee-Carafe-with-Wooden-Handle.webp\" alt=\"Carafe \u00e0 caf\u00e9 thermique avec poign\u00e9e en bois\" class=\"wp-image-9860\" srcset=\"https:\/\/moyahousehold.com\/wp-content\/uploads\/2024\/06\/Thermal-Coffee-Carafe-with-Wooden-Handle.webp 2610w, https:\/\/moyahousehold.com\/wp-content\/uploads\/2024\/06\/Thermal-Coffee-Carafe-with-Wooden-Handle-300x300.webp 300w, https:\/\/moyahousehold.com\/wp-content\/uploads\/2024\/06\/Thermal-Coffee-Carafe-with-Wooden-Handle-150x150.webp 150w, https:\/\/moyahousehold.com\/wp-content\/uploads\/2024\/06\/Thermal-Coffee-Carafe-with-Wooden-Handle-768x768.webp 768w, https:\/\/moyahousehold.com\/wp-content\/uploads\/2024\/06\/Thermal-Coffee-Carafe-with-Wooden-Handle-12x12.webp 12w, https:\/\/moyahousehold.com\/wp-content\/uploads\/2024\/06\/Thermal-Coffee-Carafe-with-Wooden-Handle-285x285.webp 285w, https:\/\/moyahousehold.com\/wp-content\/uploads\/2024\/06\/Thermal-Coffee-Carafe-with-Wooden-Handle-1600x1600.webp 1600w, https:\/\/moyahousehold.com\/wp-content\/uploads\/2024\/06\/Thermal-Coffee-Carafe-with-Wooden-Handle-270x270.webp 270w, https:\/\/moyahousehold.com\/wp-content\/uploads\/2024\/06\/Thermal-Coffee-Carafe-with-Wooden-Handle-540x540.webp 540w, https:\/\/moyahousehold.com\/wp-content\/uploads\/2024\/06\/Thermal-Coffee-Carafe-with-Wooden-Handle-660x660.webp 660w\" sizes=\"(max-width: 2610px) 100vw, 2610px\" \/><\/figure>\n<\/div>\n\n\n\n<div class=\"wp-block-column is-layout-flow wp-block-column-is-layout-flow\">\n<figure class=\"wp-block-image size-full\"><img decoding=\"async\" width=\"2533\" height=\"2533\" src=\"https:\/\/moyahousehold.com\/wp-content\/uploads\/2024\/06\/Thermal-Coffee-Carafe-with-Stainless-Steel-Handle.webp\" alt=\"Carafe \u00e0 caf\u00e9 thermique avec poign\u00e9e en acier inoxydable\" class=\"wp-image-9859\" srcset=\"https:\/\/moyahousehold.com\/wp-content\/uploads\/2024\/06\/Thermal-Coffee-Carafe-with-Stainless-Steel-Handle.webp 2533w, https:\/\/moyahousehold.com\/wp-content\/uploads\/2024\/06\/Thermal-Coffee-Carafe-with-Stainless-Steel-Handle-300x300.webp 300w, https:\/\/moyahousehold.com\/wp-content\/uploads\/2024\/06\/Thermal-Coffee-Carafe-with-Stainless-Steel-Handle-150x150.webp 150w, https:\/\/moyahousehold.com\/wp-content\/uploads\/2024\/06\/Thermal-Coffee-Carafe-with-Stainless-Steel-Handle-768x768.webp 768w, https:\/\/moyahousehold.com\/wp-content\/uploads\/2024\/06\/Thermal-Coffee-Carafe-with-Stainless-Steel-Handle-12x12.webp 12w, https:\/\/moyahousehold.com\/wp-content\/uploads\/2024\/06\/Thermal-Coffee-Carafe-with-Stainless-Steel-Handle-285x285.webp 285w, https:\/\/moyahousehold.com\/wp-content\/uploads\/2024\/06\/Thermal-Coffee-Carafe-with-Stainless-Steel-Handle-1600x1600.webp 1600w, https:\/\/moyahousehold.com\/wp-content\/uploads\/2024\/06\/Thermal-Coffee-Carafe-with-Stainless-Steel-Handle-270x270.webp 270w, https:\/\/moyahousehold.com\/wp-content\/uploads\/2024\/06\/Thermal-Coffee-Carafe-with-Stainless-Steel-Handle-540x540.webp 540w, https:\/\/moyahousehold.com\/wp-content\/uploads\/2024\/06\/Thermal-Coffee-Carafe-with-Stainless-Steel-Handle-660x660.webp 660w\" sizes=\"(max-width: 2533px) 100vw, 2533px\" \/><\/figure>\n<\/div>\n<\/div>","protected":false},"excerpt":{"rendered":"<p>Carafe \u00e0 caf\u00e9 thermique personnalisable en gros, cette carafe \u00e0 caf\u00e9 thermique peut garder la chaleur pendant 24 heures, la coque est fabriqu\u00e9e en mat\u00e9riau PP de qualit\u00e9 alimentaire, l\u00e9ger et confortable, adapt\u00e9 \u00e0 diverses sc\u00e8nes telles que la maison, le restaurant, le bureau, etc. Nous fournissons un service de carafe \u00e0 caf\u00e9 thermique personnalis\u00e9e OEM et ODM, n'h\u00e9sitez pas \u00e0 nous contacter.<\/p>\n<h3>Caract\u00e9ristiques de la carafe \u00e0 caf\u00e9 thermique<\/h3>\n<p><strong>Design moderne :<\/strong> Cette carafe \u00e0 caf\u00e9 thermique a une apparence simple et \u00e9l\u00e9gante, convenant \u00e0 une vari\u00e9t\u00e9 de styles d'int\u00e9rieur modernes, pratiques et beaux.<\/p>\n<p><strong>Mat\u00e9riau de haute qualit\u00e9 :<\/strong> Le r\u00e9servoir int\u00e9rieur de la carafe \u00e0 caf\u00e9 thermique est en verre, ce qui permet de conserver la chaleur et le froid pendant 24 heures.<\/p>\n<p><strong>Plusieurs styles au choix :<\/strong> Nous proposons des carafes thermiques avec poign\u00e9e en bois et des carafes thermiques avec poign\u00e9e en acier inoxydable, ainsi que des formats de 1,0 litre et 1,3 litre pour r\u00e9pondre aux pr\u00e9f\u00e9rences des diff\u00e9rents utilisateurs.<\/p>\n<p><strong>Facile \u00e0 utiliser :<\/strong> Le corps et la poign\u00e9e sont ergonomiques, confortables \u00e0 tenir, et le bec est en forme d'aigle, de sorte que l'eau ne se renverse pas lorsqu'on la verse.<\/p>\n<p><strong>Service personnalis\u00e9 OEM et ODM :<\/strong> En tant que fabricant professionnel de carafes thermiques, MOYA vous fournit un service personnalis\u00e9 de carafe thermique, vous aidant \u00e0 cr\u00e9er des produits adapt\u00e9s au march\u00e9 de 0 \u00e0 1.<\/p>","protected":false},"featured_media":9862,"comment_status":"closed","ping_status":"closed","template":"","meta":[],"product_cat":[54],"product_tag":[66,84],"class_list":{"0":"post-5766","1":"product","2":"type-product","3":"status-publish","4":"has-post-thumbnail","6":"product_cat-thermal-carafe-wholesale","7":"product_tag-wholesale-1000ml-thermos-carafe","8":"product_tag-wholesale-glass-liner-thermos-carafe","10":"first","11":"instock","12":"shipping-taxable","13":"product-type-simple"},"_links":{"self":[{"href":"https:\/\/moyahousehold.com\/fr\/wp-json\/wp\/v2\/product\/5766","targetHints":{"allow":["GET"]}}],"collection":[{"href":"https:\/\/moyahousehold.com\/fr\/wp-json\/wp\/v2\/product"}],"about":[{"href":"https:\/\/moyahousehold.com\/fr\/wp-json\/wp\/v2\/types\/product"}],"replies":[{"embeddable":true,"href":"https:\/\/moyahousehold.com\/fr\/wp-json\/wp\/v2\/comments?post=5766"}],"version-history":[{"count":0,"href":"https:\/\/moyahousehold.com\/fr\/wp-json\/wp\/v2\/product\/5766\/revisions"}],"wp:featuredmedia":[{"embeddable":true,"href":"https:\/\/moyahousehold.com\/fr\/wp-json\/wp\/v2\/media\/9862"}],"wp:attachment":[{"href":"https:\/\/moyahousehold.com\/fr\/wp-json\/wp\/v2\/media?parent=5766"}],"wp:term":[{"taxonomy":"product_cat","embeddable":true,"href":"https:\/\/moyahousehold.com\/fr\/wp-json\/wp\/v2\/product_cat?post=5766"},{"taxonomy":"product_tag","embeddable":true,"href":"https:\/\/moyahousehold.com\/fr\/wp-json\/wp\/v2\/product_tag?post=5766"}],"curies":[{"name":"wp","href":"https:\/\/api.w.org\/{rel}","templated":true}]}}