{"id":5785,"date":"2024-06-10T13:27:01","date_gmt":"2024-06-10T13:27:01","guid":{"rendered":"https:\/\/moyahousehold.com\/?post_type=product&#038;p=5785"},"modified":"2025-02-05T04:02:51","modified_gmt":"2025-02-05T04:02:51","slug":"wholesale-modern-1-liter-thermal-coffee-carafe","status":"publish","type":"product","link":"https:\/\/moyahousehold.com\/fr\/produit\/wholesale-modern-1-liter-thermal-coffee-carafe\/","title":{"rendered":"Wholesale Modern Beautiful 1 liter Thermal Coffee Carafe - MOYA Thermal Carafe Manufacturer,Support OEM &amp; ODM"},"content":{"rendered":"<h3 class=\"wp-block-heading\">Param\u00e8tres de la carafe \u00e0 caf\u00e9 thermique<\/h3>\n\n\n\n<figure class=\"wp-block-table\"><table><tbody><tr><td>Capacit\u00e9<\/td><td>Mat\u00e9riau<\/td><td>Taille du produit<\/td><td>Quantit\u00e9 par caisse<\/td><\/tr><tr><td>1.0L<\/td><td>PP, verre borosilicat\u00e9,<br>silicone<\/td><td>21.8*17*22.8<\/td><td>12<\/td><\/tr><\/tbody><\/table><\/figure>\n\n\n\n<h3 class=\"wp-block-heading\">Options de carafe thermique personnalis\u00e9e<\/h3>\n\n\n\n<p><strong>Couvercles : <\/strong>couvercle \u00e0 pression en acier inoxydable<br><strong>Logo :<\/strong> personnaliser le logo de votre marque sur le produit et l'emballage.<br><strong>Options de logo : <\/strong>logo imprim\u00e9, logo grav\u00e9 au laser, etc.<br><strong>Mod\u00e8le : <\/strong>impression de motifs sur des bouteilles thermos<br><strong>Technologie d'impression<\/strong>Les techniques d'impression sont les suivantes : impression par transfert d'eau, impression par s\u00e9rigraphie, impression par transfert de chaleur, transfert par sublimation, etc. <br><strong>Emballage :<\/strong>bo\u00eete \u00e0 couleurs<br><a href=\"https:\/\/moyahousehold.com\/fr\/solution-personnalisee\/\"><strong>D\u00e9couvrez d'autres solutions de carafes thermiques personnalis\u00e9es<\/strong><\/a><\/p>\n\n\n\n<div class=\"wp-block-columns is-layout-flex wp-container-core-columns-is-layout-9d6595d7 wp-block-columns-is-layout-flex\">\n<div class=\"wp-block-column is-layout-flow wp-block-column-is-layout-flow\">\n<figure class=\"wp-block-image size-full\"><img fetchpriority=\"high\" decoding=\"async\" width=\"2569\" height=\"2569\" src=\"https:\/\/moyahousehold.com\/wp-content\/uploads\/2024\/06\/1-liter-Thermal-Coffee-Carafe-Detail-1.webp\" alt=\"Carafe \u00e0 caf\u00e9 thermique de 1 litre D\u00e9tail (1)\" class=\"wp-image-9880\" srcset=\"https:\/\/moyahousehold.com\/wp-content\/uploads\/2024\/06\/1-liter-Thermal-Coffee-Carafe-Detail-1.webp 2569w, https:\/\/moyahousehold.com\/wp-content\/uploads\/2024\/06\/1-liter-Thermal-Coffee-Carafe-Detail-1-300x300.webp 300w, https:\/\/moyahousehold.com\/wp-content\/uploads\/2024\/06\/1-liter-Thermal-Coffee-Carafe-Detail-1-150x150.webp 150w, https:\/\/moyahousehold.com\/wp-content\/uploads\/2024\/06\/1-liter-Thermal-Coffee-Carafe-Detail-1-768x768.webp 768w, https:\/\/moyahousehold.com\/wp-content\/uploads\/2024\/06\/1-liter-Thermal-Coffee-Carafe-Detail-1-12x12.webp 12w, https:\/\/moyahousehold.com\/wp-content\/uploads\/2024\/06\/1-liter-Thermal-Coffee-Carafe-Detail-1-285x285.webp 285w, https:\/\/moyahousehold.com\/wp-content\/uploads\/2024\/06\/1-liter-Thermal-Coffee-Carafe-Detail-1-1600x1600.webp 1600w, https:\/\/moyahousehold.com\/wp-content\/uploads\/2024\/06\/1-liter-Thermal-Coffee-Carafe-Detail-1-270x270.webp 270w, https:\/\/moyahousehold.com\/wp-content\/uploads\/2024\/06\/1-liter-Thermal-Coffee-Carafe-Detail-1-540x540.webp 540w, https:\/\/moyahousehold.com\/wp-content\/uploads\/2024\/06\/1-liter-Thermal-Coffee-Carafe-Detail-1-660x660.webp 660w\" sizes=\"(max-width: 2569px) 100vw, 2569px\" \/><\/figure>\n<\/div>\n\n\n\n<div class=\"wp-block-column is-layout-flow wp-block-column-is-layout-flow\">\n<figure class=\"wp-block-image size-full\"><img decoding=\"async\" width=\"2546\" height=\"2546\" src=\"https:\/\/moyahousehold.com\/wp-content\/uploads\/2024\/06\/1-liter-Thermal-Coffee-Carafe-Detail-2.webp\" alt=\"Carafe \u00e0 caf\u00e9 thermique de 1 litre D\u00e9tail (2)\" class=\"wp-image-9881\" srcset=\"https:\/\/moyahousehold.com\/wp-content\/uploads\/2024\/06\/1-liter-Thermal-Coffee-Carafe-Detail-2.webp 2546w, https:\/\/moyahousehold.com\/wp-content\/uploads\/2024\/06\/1-liter-Thermal-Coffee-Carafe-Detail-2-300x300.webp 300w, https:\/\/moyahousehold.com\/wp-content\/uploads\/2024\/06\/1-liter-Thermal-Coffee-Carafe-Detail-2-150x150.webp 150w, https:\/\/moyahousehold.com\/wp-content\/uploads\/2024\/06\/1-liter-Thermal-Coffee-Carafe-Detail-2-768x768.webp 768w, https:\/\/moyahousehold.com\/wp-content\/uploads\/2024\/06\/1-liter-Thermal-Coffee-Carafe-Detail-2-12x12.webp 12w, https:\/\/moyahousehold.com\/wp-content\/uploads\/2024\/06\/1-liter-Thermal-Coffee-Carafe-Detail-2-285x285.webp 285w, https:\/\/moyahousehold.com\/wp-content\/uploads\/2024\/06\/1-liter-Thermal-Coffee-Carafe-Detail-2-1600x1600.webp 1600w, https:\/\/moyahousehold.com\/wp-content\/uploads\/2024\/06\/1-liter-Thermal-Coffee-Carafe-Detail-2-270x270.webp 270w, https:\/\/moyahousehold.com\/wp-content\/uploads\/2024\/06\/1-liter-Thermal-Coffee-Carafe-Detail-2-540x540.webp 540w, https:\/\/moyahousehold.com\/wp-content\/uploads\/2024\/06\/1-liter-Thermal-Coffee-Carafe-Detail-2-660x660.webp 660w\" sizes=\"(max-width: 2546px) 100vw, 2546px\" \/><\/figure>\n<\/div>\n<\/div>","protected":false},"excerpt":{"rendered":"<p>Carafe thermique de style moderne vendue en gros. La carafe thermique est fabriqu\u00e9e \u00e0 partir de mat\u00e9riaux d'isolation thermique efficaces, avec d'excellentes performances d'isolation thermique, assurant une conservation de la chaleur et un effet de refroidissement 24 heures sur 24. Nous proposons des services de personnalisation OEM et ODM et pouvons \u00eatre personnalis\u00e9s en fonction des besoins du client. Veuillez nous contacter pour obtenir un devis.<\/p>\n<h3>Caract\u00e9ristiques et avantages de la bouilloire isol\u00e9e sur mesure<\/h3>\n<p><strong>Aspect \u00e9l\u00e9gant :<\/strong> Cette carafe \u00e0 caf\u00e9 thermique pr\u00e9sente un style unique et simple, qui peut \u00eatre assorti \u00e0 divers environnements domestiques et peut \u00e9galement \u00eatre utilis\u00e9 comme une belle d\u00e9coration sur la table \u00e0 manger.<\/p>\n<p><strong>Bon effet d'isolation :<\/strong> Le r\u00e9servoir int\u00e9rieur est en verre rouge, ce qui permet de maintenir efficacement la temp\u00e9rature de la boisson et d'assurer une isolation et un effet de refroidissement pendant 24 heures.<\/p>\n<p><strong>Conception pratique :<\/strong> Il adopte une conception de type \"pousser pour d\u00e9charger\". Il suffit d'appuyer l\u00e9g\u00e8rement pour \u00e9vacuer l'eau, ce qui est simple et peu co\u00fbteux en main-d'\u0153uvre.<\/p>\n<p><strong>Facile \u00e0 nettoyer :<\/strong> La surface int\u00e9rieure lisse permet de retirer facilement le r\u00e9servoir int\u00e9rieur du fond, ce qui est facile \u00e0 nettoyer et permet de garder la marmite propre et hygi\u00e9nique.<\/p>\n<p><strong>Services personnalis\u00e9s OEM et ODM :<\/strong> Nous fournissons des carafes thermiques personnalis\u00e9es, offrant une vari\u00e9t\u00e9 d'options personnalis\u00e9es, y compris l'apparence, le mod\u00e8le, la capacit\u00e9 et l'emballage.<\/p>\n<p><strong><a href=\"https:\/\/moyahousehold.com\/fr\/solution-personnalisee\/\">En savoir plus sur les solutions de carafes thermiques personnalis\u00e9es OEM&amp;ODM.<\/a><\/strong><\/p>","protected":false},"featured_media":9882,"comment_status":"closed","ping_status":"closed","template":"","meta":[],"product_cat":[54],"product_tag":[66,84],"class_list":{"0":"post-5785","1":"product","2":"type-product","3":"status-publish","4":"has-post-thumbnail","6":"product_cat-thermal-carafe-wholesale","7":"product_tag-wholesale-1000ml-thermos-carafe","8":"product_tag-wholesale-glass-liner-thermos-carafe","10":"first","11":"instock","12":"shipping-taxable","13":"product-type-simple"},"_links":{"self":[{"href":"https:\/\/moyahousehold.com\/fr\/wp-json\/wp\/v2\/product\/5785","targetHints":{"allow":["GET"]}}],"collection":[{"href":"https:\/\/moyahousehold.com\/fr\/wp-json\/wp\/v2\/product"}],"about":[{"href":"https:\/\/moyahousehold.com\/fr\/wp-json\/wp\/v2\/types\/product"}],"replies":[{"embeddable":true,"href":"https:\/\/moyahousehold.com\/fr\/wp-json\/wp\/v2\/comments?post=5785"}],"version-history":[{"count":0,"href":"https:\/\/moyahousehold.com\/fr\/wp-json\/wp\/v2\/product\/5785\/revisions"}],"wp:featuredmedia":[{"embeddable":true,"href":"https:\/\/moyahousehold.com\/fr\/wp-json\/wp\/v2\/media\/9882"}],"wp:attachment":[{"href":"https:\/\/moyahousehold.com\/fr\/wp-json\/wp\/v2\/media?parent=5785"}],"wp:term":[{"taxonomy":"product_cat","embeddable":true,"href":"https:\/\/moyahousehold.com\/fr\/wp-json\/wp\/v2\/product_cat?post=5785"},{"taxonomy":"product_tag","embeddable":true,"href":"https:\/\/moyahousehold.com\/fr\/wp-json\/wp\/v2\/product_tag?post=5785"}],"curies":[{"name":"wp","href":"https:\/\/api.w.org\/{rel}","templated":true}]}}