{"id":5905,"date":"2024-06-22T09:15:13","date_gmt":"2024-06-22T09:15:13","guid":{"rendered":"https:\/\/moyahousehold.com\/?post_type=product&#038;p=5905"},"modified":"2026-04-07T09:21:18","modified_gmt":"2026-04-07T09:21:18","slug":"wholesale-insulated-stainless-steel-food-jar","status":"publish","type":"product","link":"https:\/\/moyahousehold.com\/fr\/produit\/wholesale-insulated-stainless-steel-food-jar\/","title":{"rendered":"304 Stainless Steel Insulated Food Jar \u2013 Keep Meals Hot or Cold, Durable, BPA-Free, Factory Direct Wholesale"},"content":{"rendered":"<h3 class=\"wp-block-heading\">Param\u00e8tres du pot alimentaire isol\u00e9 en acier inoxydable<\/h3>\n\n\n\n<p><strong>Mat\u00e9riau :<\/strong> 304 + PP <strong> Couleur :<\/strong> Beige\/Kaki<\/p>\n\n\n\n<div class=\"wp-block-group\"><div class=\"wp-block-group__inner-container is-layout-constrained wp-block-group-is-layout-constrained\">\n<div class=\"wp-block-group\"><div class=\"wp-block-group__inner-container is-layout-constrained wp-block-group-is-layout-constrained\">\n<figure class=\"wp-block-table\"><table><tbody><tr><td>Num\u00e9ro de mod\u00e8le<\/td><td>Capacit\u00e9<\/td><td>Taille du produit<\/td><td>Quantit\u00e9 par caisse<\/td><td>N.W<\/td><td>G.W\/Case<\/td><\/tr><tr><td>MYLY021<\/td><td>Single layer\/800ml<\/td><td>12*12*9.5<\/td><td>60<\/td><td>0.33<\/td><td>24.8<\/td><\/tr><tr><td>MYLY022<\/td><td>Double layers\/1200ml<\/td><td>12*12*18.5<\/td><td>40<\/td><td>0.52<\/td><td>25.8<\/td><\/tr><tr><td>MYLY023<\/td><td>Single layer\/1600ml<\/td><td>12*12*24<\/td><td>32<\/td><td>0.72<\/td><td>28.0<\/td><\/tr><tr><td>MYLY024<\/td><td>Double layers\/2000ml<\/td><td>12*12*30<\/td><td>24<\/td><td>0.91<\/td><td>26.8<\/td><\/tr><\/tbody><\/table><\/figure>\n<\/div><\/div>\n<\/div><\/div>\n\n\n\n<h3 class=\"wp-block-heading\">Options de bocaux alimentaires personnalis\u00e9s<\/h3>\n\n\n\n<p><strong>Logo<\/strong>: Custom your brand logo on the insulated food jar and package.<br><strong>Logo 0ptions<\/strong>: Printed logo, laser engraved logo, etc.<br><strong>Mod\u00e8le<\/strong>: Mod\u00e8les d'impression <br><strong>Printing Technology<\/strong>: Water transfer printing, silk screen printing, heat transfer printing, sublimation transfer, etc.<br><strong>Paquet<\/strong>: Bo\u00eete \u00e0 couleurs<br><a href=\"https:\/\/moyahousehold.com\/fr\/solution-personnalisee\/\"><strong>En savoir plus sur le d\u00e9tail du pot alimentaire cuctom<\/strong><\/a><\/p>\n\n\n\n<div class=\"wp-block-columns is-layout-flex wp-container-core-columns-is-layout-9d6595d7 wp-block-columns-is-layout-flex\">\n<div class=\"wp-block-column is-layout-flow wp-block-column-is-layout-flow\">\n<figure class=\"wp-block-image size-full\"><img fetchpriority=\"high\" decoding=\"async\" width=\"1500\" height=\"1500\" src=\"https:\/\/moyahousehold.com\/wp-content\/uploads\/2024\/06\/insulated-stainless-steel-food-jar-1.png\" alt=\"pot alimentaire isol\u00e9 en acier inoxydable (1)\" class=\"wp-image-8644\" srcset=\"https:\/\/moyahousehold.com\/wp-content\/uploads\/2024\/06\/insulated-stainless-steel-food-jar-1.png 1500w, https:\/\/moyahousehold.com\/wp-content\/uploads\/2024\/06\/insulated-stainless-steel-food-jar-1-300x300.png 300w, https:\/\/moyahousehold.com\/wp-content\/uploads\/2024\/06\/insulated-stainless-steel-food-jar-1-150x150.png 150w, https:\/\/moyahousehold.com\/wp-content\/uploads\/2024\/06\/insulated-stainless-steel-food-jar-1-768x768.png 768w, https:\/\/moyahousehold.com\/wp-content\/uploads\/2024\/06\/insulated-stainless-steel-food-jar-1-12x12.png 12w, https:\/\/moyahousehold.com\/wp-content\/uploads\/2024\/06\/insulated-stainless-steel-food-jar-1-285x285.png 285w, https:\/\/moyahousehold.com\/wp-content\/uploads\/2024\/06\/insulated-stainless-steel-food-jar-1-270x270.png 270w, https:\/\/moyahousehold.com\/wp-content\/uploads\/2024\/06\/insulated-stainless-steel-food-jar-1-540x540.png 540w, https:\/\/moyahousehold.com\/wp-content\/uploads\/2024\/06\/insulated-stainless-steel-food-jar-1-660x660.png 660w\" sizes=\"(max-width: 1500px) 100vw, 1500px\" \/><\/figure>\n<\/div>\n\n\n\n<div class=\"wp-block-column is-layout-flow wp-block-column-is-layout-flow\">\n<figure class=\"wp-block-image size-full\"><img decoding=\"async\" width=\"750\" height=\"750\" src=\"https:\/\/moyahousehold.com\/wp-content\/uploads\/2024\/06\/insulated-stainless-steel-food-jar-2.png\" alt=\"pot alimentaire isol\u00e9 en acier inoxydable (2)\" class=\"wp-image-8645\" srcset=\"https:\/\/moyahousehold.com\/wp-content\/uploads\/2024\/06\/insulated-stainless-steel-food-jar-2.png 750w, https:\/\/moyahousehold.com\/wp-content\/uploads\/2024\/06\/insulated-stainless-steel-food-jar-2-300x300.png 300w, https:\/\/moyahousehold.com\/wp-content\/uploads\/2024\/06\/insulated-stainless-steel-food-jar-2-150x150.png 150w, https:\/\/moyahousehold.com\/wp-content\/uploads\/2024\/06\/insulated-stainless-steel-food-jar-2-12x12.png 12w, https:\/\/moyahousehold.com\/wp-content\/uploads\/2024\/06\/insulated-stainless-steel-food-jar-2-285x285.png 285w, https:\/\/moyahousehold.com\/wp-content\/uploads\/2024\/06\/insulated-stainless-steel-food-jar-2-270x270.png 270w, https:\/\/moyahousehold.com\/wp-content\/uploads\/2024\/06\/insulated-stainless-steel-food-jar-2-540x540.png 540w, https:\/\/moyahousehold.com\/wp-content\/uploads\/2024\/06\/insulated-stainless-steel-food-jar-2-660x660.png 660w\" sizes=\"(max-width: 750px) 100vw, 750px\" \/><\/figure>\n<\/div>\n<\/div>\n\n\n\n<div class=\"wp-block-columns is-layout-flex wp-container-core-columns-is-layout-9d6595d7 wp-block-columns-is-layout-flex\">\n<div class=\"wp-block-column is-layout-flow wp-block-column-is-layout-flow\">\n<figure class=\"wp-block-image size-full\"><img decoding=\"async\" width=\"4160\" height=\"6240\" src=\"https:\/\/moyahousehold.com\/wp-content\/uploads\/2024\/06\/LY-\u53d1\u6ce1\u4fdd\u6e29\u996d\u76d2-2.jpg\" alt=\"Beige and Khaki stainless steel insulated food jar set with stackable containers, airtight lids, and a folding spoon\" class=\"wp-image-12697\" srcset=\"https:\/\/moyahousehold.com\/wp-content\/uploads\/2024\/06\/LY-\u53d1\u6ce1\u4fdd\u6e29\u996d\u76d2-2.jpg 4160w, https:\/\/moyahousehold.com\/wp-content\/uploads\/2024\/06\/LY-\u53d1\u6ce1\u4fdd\u6e29\u996d\u76d2-2-200x300.jpg 200w, https:\/\/moyahousehold.com\/wp-content\/uploads\/2024\/06\/LY-\u53d1\u6ce1\u4fdd\u6e29\u996d\u76d2-2-768x1152.jpg 768w, https:\/\/moyahousehold.com\/wp-content\/uploads\/2024\/06\/LY-\u53d1\u6ce1\u4fdd\u6e29\u996d\u76d2-2-8x12.jpg 8w, https:\/\/moyahousehold.com\/wp-content\/uploads\/2024\/06\/LY-\u53d1\u6ce1\u4fdd\u6e29\u996d\u76d2-2-285x428.jpg 285w, https:\/\/moyahousehold.com\/wp-content\/uploads\/2024\/06\/LY-\u53d1\u6ce1\u4fdd\u6e29\u996d\u76d2-2-1600x2400.jpg 1600w, https:\/\/moyahousehold.com\/wp-content\/uploads\/2024\/06\/LY-\u53d1\u6ce1\u4fdd\u6e29\u996d\u76d2-2-440x660.jpg 440w, https:\/\/moyahousehold.com\/wp-content\/uploads\/2024\/06\/LY-\u53d1\u6ce1\u4fdd\u6e29\u996d\u76d2-2-100x150.jpg 100w\" sizes=\"(max-width: 4160px) 100vw, 4160px\" \/><\/figure>\n<\/div>\n\n\n\n<div class=\"wp-block-column is-layout-flow wp-block-column-is-layout-flow\">\n<figure class=\"wp-block-image size-full\"><img loading=\"lazy\" decoding=\"async\" width=\"4160\" height=\"6240\" src=\"https:\/\/moyahousehold.com\/wp-content\/uploads\/2024\/06\/LY-\u53d1\u6ce1\u4fdd\u6e29\u996d\u76d2-11.jpg\" alt=\"Beige and Khaki stainless steel insulated food jar set with stackable containers, airtight lids, and a folding spoon\" class=\"wp-image-12696\" srcset=\"https:\/\/moyahousehold.com\/wp-content\/uploads\/2024\/06\/LY-\u53d1\u6ce1\u4fdd\u6e29\u996d\u76d2-11.jpg 4160w, https:\/\/moyahousehold.com\/wp-content\/uploads\/2024\/06\/LY-\u53d1\u6ce1\u4fdd\u6e29\u996d\u76d2-11-200x300.jpg 200w, https:\/\/moyahousehold.com\/wp-content\/uploads\/2024\/06\/LY-\u53d1\u6ce1\u4fdd\u6e29\u996d\u76d2-11-768x1152.jpg 768w, https:\/\/moyahousehold.com\/wp-content\/uploads\/2024\/06\/LY-\u53d1\u6ce1\u4fdd\u6e29\u996d\u76d2-11-8x12.jpg 8w, https:\/\/moyahousehold.com\/wp-content\/uploads\/2024\/06\/LY-\u53d1\u6ce1\u4fdd\u6e29\u996d\u76d2-11-285x428.jpg 285w, https:\/\/moyahousehold.com\/wp-content\/uploads\/2024\/06\/LY-\u53d1\u6ce1\u4fdd\u6e29\u996d\u76d2-11-1600x2400.jpg 1600w, https:\/\/moyahousehold.com\/wp-content\/uploads\/2024\/06\/LY-\u53d1\u6ce1\u4fdd\u6e29\u996d\u76d2-11-440x660.jpg 440w, https:\/\/moyahousehold.com\/wp-content\/uploads\/2024\/06\/LY-\u53d1\u6ce1\u4fdd\u6e29\u996d\u76d2-11-100x150.jpg 100w\" sizes=\"(max-width: 4160px) 100vw, 4160px\" \/><\/figure>\n<\/div>\n<\/div>","protected":false},"excerpt":{"rendered":"<p>La couche interm\u00e9diaire de ce pot alimentaire en acier inoxydable est remplie de mousse PU, ce qui am\u00e9liore consid\u00e9rablement l'effet d'isolation, de sorte que la nourriture ou la boisson dans le pot peut conserver la temp\u00e9rature appropri\u00e9e pendant une longue p\u00e9riode. Il convient aux \u00e9coles, aux d\u00e9taillants et aux grossistes. Nous proposons des prix comp\u00e9titifs pour les commandes en gros. N'h\u00e9sitez pas \u00e0 nous contacter pour obtenir un devis.<\/p>\n<h3>Caract\u00e9ristiques et avantages du bocal isotherme en acier inoxydable<\/h3>\n<p><strong>Mat\u00e9riau en acier inoxydable de haute qualit\u00e9 :<\/strong> Le rev\u00eatement du bocal est en acier inoxydable 304 de qualit\u00e9 alimentaire, qui est non seulement tr\u00e8s r\u00e9sistant \u00e0 la corrosion et antibact\u00e9rien, mais qui peut \u00e9galement \u00eatre utilis\u00e9 pour conserver des soupes chaudes, des boissons froides ou divers produits d\u00e9licats.<\/p>\n<p><strong>Excellente performance d'isolation :<\/strong> En remplissant l'intercalaire de mousse PU, l'effet d'isolation est efficacement am\u00e9lior\u00e9, et les aliments ou les boissons stock\u00e9s dans le pot alimentaire peuvent conserver une temp\u00e9rature ad\u00e9quate pendant une longue p\u00e9riode.<\/p>\n<p><strong>Bonne \u00e9tanch\u00e9it\u00e9 :<\/strong> Ce bocal alimentaire en acier inoxydable est dot\u00e9 d'un anneau d'\u00e9tanch\u00e9it\u00e9 en silicone et d'un bouchon \u00e0 vis \u00e9tanche pour garantir l'\u00e9tanch\u00e9it\u00e9 du bocal et \u00e9viter les fuites. Qu'il soit inclin\u00e9 ou invers\u00e9, le liquide ne se r\u00e9pandra pas. Il peut \u00eatre plac\u00e9 dans un sac ou dans une voiture.<\/p>\n<p><strong>Facile \u00e0 transporter :<\/strong> Ce pot en acier inoxydable est l\u00e9ger et dot\u00e9 d'une poign\u00e9e confortable pour le transporter facilement. Adapt\u00e9 aux d\u00e9placements quotidiens, au travail, \u00e0 l'\u00e9cole ou aux voyages de courte dur\u00e9e, il peut facilement r\u00e9pondre \u00e0 vos besoins en mati\u00e8re d'isolation.<\/p>\n<p><strong>Service de personnalisation :<\/strong> Nous proposons des services de personnalisation OEM et ODM. Les clients peuvent choisir des couleurs, des tailles et des logos de marque exclusifs pour cr\u00e9er des produits uniques.<\/p>","protected":false},"featured_media":8646,"comment_status":"closed","ping_status":"closed","template":"","meta":[],"product_cat":[58],"product_tag":[89,90,143,91],"class_list":{"0":"post-5905","1":"product","2":"type-product","3":"status-publish","4":"has-post-thumbnail","6":"product_cat-lunch-box-wholesale","7":"product_tag-wholesale-3-layer-lunch-box","8":"product_tag-wholesale-double-layer-lunch-box","9":"product_tag-insulated-food-jar","10":"product_tag-wholesale-round-lunch-box","12":"first","13":"instock","14":"shipping-taxable","15":"product-type-simple"},"_links":{"self":[{"href":"https:\/\/moyahousehold.com\/fr\/wp-json\/wp\/v2\/product\/5905","targetHints":{"allow":["GET"]}}],"collection":[{"href":"https:\/\/moyahousehold.com\/fr\/wp-json\/wp\/v2\/product"}],"about":[{"href":"https:\/\/moyahousehold.com\/fr\/wp-json\/wp\/v2\/types\/product"}],"replies":[{"embeddable":true,"href":"https:\/\/moyahousehold.com\/fr\/wp-json\/wp\/v2\/comments?post=5905"}],"version-history":[{"count":2,"href":"https:\/\/moyahousehold.com\/fr\/wp-json\/wp\/v2\/product\/5905\/revisions"}],"predecessor-version":[{"id":12700,"href":"https:\/\/moyahousehold.com\/fr\/wp-json\/wp\/v2\/product\/5905\/revisions\/12700"}],"wp:featuredmedia":[{"embeddable":true,"href":"https:\/\/moyahousehold.com\/fr\/wp-json\/wp\/v2\/media\/8646"}],"wp:attachment":[{"href":"https:\/\/moyahousehold.com\/fr\/wp-json\/wp\/v2\/media?parent=5905"}],"wp:term":[{"taxonomy":"product_cat","embeddable":true,"href":"https:\/\/moyahousehold.com\/fr\/wp-json\/wp\/v2\/product_cat?post=5905"},{"taxonomy":"product_tag","embeddable":true,"href":"https:\/\/moyahousehold.com\/fr\/wp-json\/wp\/v2\/product_tag?post=5905"}],"curies":[{"name":"wp","href":"https:\/\/api.w.org\/{rel}","templated":true}]}}