{"id":5906,"date":"2024-06-22T09:24:51","date_gmt":"2024-06-22T09:18:31","guid":{"rendered":"https:\/\/moyahousehold.com\/?post_type=product&#038;p=5906"},"modified":"2025-04-22T09:51:49","modified_gmt":"2025-04-22T09:51:49","slug":"customized-stainless-steel-bento-box-with-transparency-lid-wholesale","status":"publish","type":"product","link":"https:\/\/moyahousehold.com\/fr\/produit\/customized-stainless-steel-bento-box-with-transparency-lid-wholesale\/","title":{"rendered":"Grosses bo\u00eetes \u00e0 lunch en acier inoxydable avec couvercle transparent : 2 compartiments et 3 compartiments disponibles"},"content":{"rendered":"<h2 class=\"wp-block-heading\">Param\u00e8tres des bo\u00eetes \u00e0 lunch en acier inoxydable<\/h2>\n\n\n\n<p><strong>mat\u00e9riel :<\/strong>304 + PP <strong> couleur :<\/strong>Beige<\/p>\n\n\n\n<figure class=\"wp-block-table\"><table><tbody><tr><td>Num\u00e9ro de mod\u00e8le<\/td><td>Nom du produit <\/td><td>capacit\u00e9<\/td><td>Taille du produit<\/td><td>Taille de la bo\u00eete ext\u00e9rieure<\/td><td>Quantit\u00e9 par caisse<\/td><td>N.W<\/td><td>G.W\/Case<\/td><\/tr><tr><td>MYJD110<\/td><td>Bo\u00eete \u00e0 bento en acier inoxydable \u00e0 2 compartiments<\/td><td>2 compartiments<\/td><td>20.5*14*6.5<\/td><td>62*38*68<\/td><td>60<\/td><td>0.44<\/td><td>26<\/td><\/tr><tr><td>MYJD111<\/td><td>Bo\u00eete \u00e0 bento en acier inoxydable \u00e0 3 compartiments <\/td><td>3 compartiments<\/td><td>20.5*14*6.5<\/td><td>62*38*68<\/td><td>60<\/td><td>0.44<\/td><td>32.5<\/td><\/tr><\/tbody><\/table><\/figure>\n\n\n\n<h3 class=\"wp-block-heading\">Options de bo\u00eetes \u00e0 bento personnalis\u00e9es<\/h3>\n\n\n\n<p><strong>Logo<\/strong>: personnalisez le logo de votre marque sur la bo\u00eete \u00e0 bento en acier inoxydable et sur l'emballage.<br><strong>Options du logo<\/strong>logo imprim\u00e9, logo grav\u00e9 au laser, etc.<br><strong>Mod\u00e8le<\/strong>: Impression de motifs personnalis\u00e9s sur les produits et les emballages.<br><strong>Technologie d'impression<\/strong>Les techniques d'impression sont les suivantes : impression par transfert d'eau, impression par s\u00e9rigraphie, impression par transfert de chaleur, transfert par sublimation, etc.<br><strong>Paquet<\/strong>:color box<br><a href=\"https:\/\/moyahousehold.com\/fr\/solution-personnalisee\/\"><strong>En savoir plus sur les bo\u00eetes \u00e0 bento personnalis\u00e9es<\/strong><\/a><\/p>\n\n\n\n<div class=\"wp-block-columns is-layout-flex wp-container-core-columns-is-layout-9d6595d7 wp-block-columns-is-layout-flex\">\n<div class=\"wp-block-column is-layout-flow wp-block-column-is-layout-flow\">\n<figure class=\"wp-block-image size-full\"><img fetchpriority=\"high\" decoding=\"async\" width=\"2656\" height=\"2656\" src=\"https:\/\/moyahousehold.com\/wp-content\/uploads\/2024\/06\/YJD110-111-5.webp\" alt=\"Bo\u00eete \u00e0 bento personnalis\u00e9e en gros avec couvercle transparent\" class=\"wp-image-5311\" srcset=\"https:\/\/moyahousehold.com\/wp-content\/uploads\/2024\/06\/YJD110-111-5.webp 2656w, https:\/\/moyahousehold.com\/wp-content\/uploads\/2024\/06\/YJD110-111-5-300x300.webp 300w, https:\/\/moyahousehold.com\/wp-content\/uploads\/2024\/06\/YJD110-111-5-150x150.webp 150w, https:\/\/moyahousehold.com\/wp-content\/uploads\/2024\/06\/YJD110-111-5-768x768.webp 768w, https:\/\/moyahousehold.com\/wp-content\/uploads\/2024\/06\/YJD110-111-5-285x285.webp 285w, https:\/\/moyahousehold.com\/wp-content\/uploads\/2024\/06\/YJD110-111-5-1600x1600.webp 1600w, https:\/\/moyahousehold.com\/wp-content\/uploads\/2024\/06\/YJD110-111-5-270x270.webp 270w, https:\/\/moyahousehold.com\/wp-content\/uploads\/2024\/06\/YJD110-111-5-540x540.webp 540w, https:\/\/moyahousehold.com\/wp-content\/uploads\/2024\/06\/YJD110-111-5-660x660.webp 660w\" sizes=\"(max-width: 2656px) 100vw, 2656px\" \/><\/figure>\n<\/div>\n\n\n\n<div class=\"wp-block-column is-layout-flow wp-block-column-is-layout-flow\">\n<figure class=\"wp-block-image size-full\"><img decoding=\"async\" width=\"2656\" height=\"2656\" src=\"https:\/\/moyahousehold.com\/wp-content\/uploads\/2024\/06\/YJD110-111-11.webp\" alt=\"\" class=\"wp-image-5316\" srcset=\"https:\/\/moyahousehold.com\/wp-content\/uploads\/2024\/06\/YJD110-111-11.webp 2656w, https:\/\/moyahousehold.com\/wp-content\/uploads\/2024\/06\/YJD110-111-11-300x300.webp 300w, https:\/\/moyahousehold.com\/wp-content\/uploads\/2024\/06\/YJD110-111-11-150x150.webp 150w, https:\/\/moyahousehold.com\/wp-content\/uploads\/2024\/06\/YJD110-111-11-768x768.webp 768w, https:\/\/moyahousehold.com\/wp-content\/uploads\/2024\/06\/YJD110-111-11-285x285.webp 285w, https:\/\/moyahousehold.com\/wp-content\/uploads\/2024\/06\/YJD110-111-11-1600x1600.webp 1600w, https:\/\/moyahousehold.com\/wp-content\/uploads\/2024\/06\/YJD110-111-11-270x270.webp 270w, https:\/\/moyahousehold.com\/wp-content\/uploads\/2024\/06\/YJD110-111-11-540x540.webp 540w, https:\/\/moyahousehold.com\/wp-content\/uploads\/2024\/06\/YJD110-111-11-660x660.webp 660w\" sizes=\"(max-width: 2656px) 100vw, 2656px\" \/><\/figure>\n<\/div>\n<\/div>\n\n\n\n<div class=\"wp-block-columns is-layout-flex wp-container-core-columns-is-layout-9d6595d7 wp-block-columns-is-layout-flex\">\n<div class=\"wp-block-column is-layout-flow wp-block-column-is-layout-flow\"><\/div>\n\n\n\n<div class=\"wp-block-column is-layout-flow wp-block-column-is-layout-flow\"><\/div>\n<\/div>","protected":false},"excerpt":{"rendered":"<p>Bo\u00eetes \u00e0 lunch en gros en acier inoxydable, fabriqu\u00e9es en acier inoxydable de haute qualit\u00e9, certifi\u00e9es FDA et LFGB. Ce mod\u00e8le a 2 compartiments et 3 compartiments au choix. La doublure en acier inoxydable peut \u00eatre plac\u00e9e dans le micro-ondes apr\u00e8s que la coque ext\u00e9rieure ait \u00e9t\u00e9 retir\u00e9e pour \u00eatre chauff\u00e9e, convenant \u00e0 la maison et au bureau. Nous prenons en charge la personnalisation de la marque et invitons les acheteurs finaux \u00e0 nous contacter pour obtenir un devis.<\/p>\n<h3>Caract\u00e9ristiques de la bo\u00eete \u00e0 bento personnalisable<\/h3>\n<p><strong>Mat\u00e9riau en acier inoxydable 304 :<\/strong> La bo\u00eete \u00e0 lunch en gros est fabriqu\u00e9e en acier inoxydable 304 de haute qualit\u00e9. Elle est tr\u00e8s s\u00fbre et convient \u00e0 la conservation de divers aliments chauds et froids pendant une longue p\u00e9riode.<\/p>\n<p><strong>Facile \u00e0 nettoyer :<\/strong> La surface int\u00e9rieure de la bo\u00eete \u00e0 lunch est polie. Pour le nettoyage quotidien, il suffit de la rincer ou de l'essuyer pour enlever les taches. Elle peut \u00e9galement \u00eatre mise au lave-vaisselle, ce qui permet d'\u00e9conomiser du temps et des efforts.<\/p>\n<p><strong>Conception efficace de l'\u00e9tanch\u00e9it\u00e9 :<\/strong> La bo\u00eete \u00e0 lunch est \u00e9quip\u00e9e d'un anneau d'\u00e9tanch\u00e9it\u00e9 en silicone alimentaire de haute qualit\u00e9 qui offre d'excellentes performances en mati\u00e8re d'\u00e9tanch\u00e9it\u00e9. Elle peut emp\u00eacher efficacement les fuites de soupe et de liquide et convient parfaitement \u00e0 l'utilisation.<\/p>\n<p><strong>Conception de la serrure \u00e0 quatre c\u00f4t\u00e9s :<\/strong> La structure de verrouillage ferme sur quatre c\u00f4t\u00e9s garantit que la bo\u00eete \u00e0 bento ne sera pas ouverte accidentellement lors du transport. Chaque serrure a \u00e9t\u00e9 soumise \u00e0 des tests de durabilit\u00e9 rigoureux et peut r\u00e9sister \u00e0 une utilisation r\u00e9p\u00e9t\u00e9e.<\/p>\n<p><strong>Facile \u00e0 transporter :<\/strong> Le design g\u00e9n\u00e9ral de cette bo\u00eete \u00e0 lunch est l\u00e9ger et compact. Qu'elle soit plac\u00e9e dans un sac \u00e0 dos, un sac \u00e0 main ou un sac \u00e0 lunch, elle ne prend pas trop de place, ce qui la rend plus facile et plus pratique lors des sorties.<\/p>\n<p><strong>Service sur mesure :<\/strong> Nous proposons des solutions de bo\u00eetes \u00e0 lunch personnalis\u00e9es. Qu'il s'agisse de la couleur de l'apparence, de la conception de la capacit\u00e9 ou de la personnalisation du logo de la marque, notre \u00e9quipe peut s'adapter de mani\u00e8re flexible aux besoins du client.<\/p>","protected":false},"featured_media":8939,"comment_status":"closed","ping_status":"closed","template":"","meta":[],"product_cat":[58],"product_tag":[87,92],"class_list":{"0":"post-5906","1":"product","2":"type-product","3":"status-publish","4":"has-post-thumbnail","6":"product_cat-lunch-box-wholesale","7":"product_tag-wholesale-multi-compartment-lunch-box","8":"product_tag-wholesale-rectangle-lunch-box","10":"first","11":"instock","12":"shipping-taxable","13":"product-type-simple"},"_links":{"self":[{"href":"https:\/\/moyahousehold.com\/fr\/wp-json\/wp\/v2\/product\/5906","targetHints":{"allow":["GET"]}}],"collection":[{"href":"https:\/\/moyahousehold.com\/fr\/wp-json\/wp\/v2\/product"}],"about":[{"href":"https:\/\/moyahousehold.com\/fr\/wp-json\/wp\/v2\/types\/product"}],"replies":[{"embeddable":true,"href":"https:\/\/moyahousehold.com\/fr\/wp-json\/wp\/v2\/comments?post=5906"}],"version-history":[{"count":0,"href":"https:\/\/moyahousehold.com\/fr\/wp-json\/wp\/v2\/product\/5906\/revisions"}],"wp:featuredmedia":[{"embeddable":true,"href":"https:\/\/moyahousehold.com\/fr\/wp-json\/wp\/v2\/media\/8939"}],"wp:attachment":[{"href":"https:\/\/moyahousehold.com\/fr\/wp-json\/wp\/v2\/media?parent=5906"}],"wp:term":[{"taxonomy":"product_cat","embeddable":true,"href":"https:\/\/moyahousehold.com\/fr\/wp-json\/wp\/v2\/product_cat?post=5906"},{"taxonomy":"product_tag","embeddable":true,"href":"https:\/\/moyahousehold.com\/fr\/wp-json\/wp\/v2\/product_tag?post=5906"}],"curies":[{"name":"wp","href":"https:\/\/api.w.org\/{rel}","templated":true}]}}