{"id":5955,"date":"2024-06-25T03:52:51","date_gmt":"2024-06-25T03:52:51","guid":{"rendered":"https:\/\/moyahousehold.com\/?post_type=product&#038;p=5955"},"modified":"2025-03-05T10:11:22","modified_gmt":"2025-03-05T10:11:22","slug":"custom-stainless-steel-food-storage-container","status":"publish","type":"product","link":"https:\/\/moyahousehold.com\/fr\/produit\/custom-stainless-steel-food-storage-container\/","title":{"rendered":"Conteneurs de stockage des aliments en acier inoxydable,Vente de conteneurs de stockage des aliments en vrac commerciaux"},"content":{"rendered":"<div class=\"wp-block-columns is-layout-flex wp-container-core-columns-is-layout-9d6595d7 wp-block-columns-is-layout-flex\">\n<div class=\"wp-block-column is-layout-flow wp-block-column-is-layout-flow\">\n<h3 class=\"wp-block-heading\">Param\u00e8tres du r\u00e9cipient de stockage alimentaire en acier inoxydable<\/h3>\n\n\n\n<figure class=\"wp-block-table\"><table><tbody><tr><td>Article NO<\/td><td>Capacit\u00e9<\/td><td>Taille\/PCS<\/td><td>PCS\/Case<\/td><td>N.W.\/PCS<\/td><td>G.W.\/Cas<\/td><\/tr><tr><td>MYJD224<\/td><td>420ml<\/td><td>13.3*9.6*5.6<\/td><td>80<\/td><td>14<\/td><td>0.15<\/td><\/tr><tr><td>MYJD225<\/td><td>660ml<\/td><td>13.3*9.6*8.2<\/td><td>80<\/td><td>14.8<\/td><td>0.16<\/td><\/tr><tr><td>MYJD226<\/td><td>900ml<\/td><td>13.3*9.6*10.7<\/td><td>60<\/td><td>14<\/td><td>0.2<\/td><\/tr><tr><td>MYJD227<\/td><td>1000ml<\/td><td>20.3*13.5*5.7<\/td><td>60<\/td><td>17<\/td><td>0.25<\/td><\/tr><tr><td>MYJD228<\/td><td>1600ml<\/td><td>20.3*13.5*8.2<\/td><td>60<\/td><td>18.8<\/td><td>0.28<\/td><\/tr><tr><td>MYJD229<\/td><td>2100ml<\/td><td>20.3*13.5*10.7<\/td><td>48<\/td><td>18.32<\/td><td>0.34<\/td><\/tr><tr><td>MYJD230<\/td><td>2400ml<\/td><td>27.5*20.2*6<\/td><td>48<\/td><td>25.52<\/td><td>0.49<\/td><\/tr><tr><td>MYJD231<\/td><td>3500ml<\/td><td>27.5*20.2*8.2<\/td><td>36<\/td><td>22.52<\/td><td>0.57<\/td><\/tr><tr><td>MYJD232<\/td><td>4600ml<\/td><td>27.5*20.2*10.7<\/td><td>24<\/td><td>17.12<\/td><td>0.63<\/td><\/tr><\/tbody><\/table><\/figure>\n<\/div>\n<\/div>\n\n\n\n<h3 class=\"wp-block-heading\">Options de contenants alimentaires en acier inoxydable personnalis\u00e9s<\/h3>\n\n\n\n<p><strong>Logo : <\/strong>personnaliser le logo de votre marque sur les contenants et emballages alimentaires.<br><strong>Couvercle :<\/strong> Couvercle en verre, couvercle en PP<br><strong>Options de logo :<\/strong> logo imprim\u00e9, logo grav\u00e9 au laser, etc.<br><strong>Mod\u00e8le :<\/strong> l'impression de motifs sur les r\u00e9cipients de stockage des aliments.<br><strong>Technologie d'impression : <\/strong>impression par transfert d'eau, s\u00e9rigraphie, impression par transfert de chaleur, etc.<br><strong>Paquet :<\/strong> bo\u00eete \u00e0 couleurs<br><a href=\"https:\/\/moyahousehold.com\/fr\/solution-personnalisee\/\" data-type=\"page\" data-id=\"2817\"><strong>En savoir plus sur les solutions de conteneurs alimentaires personnalis\u00e9s.<\/strong><\/a><\/p>\n\n\n\n<div class=\"wp-block-columns is-layout-flex wp-container-core-columns-is-layout-9d6595d7 wp-block-columns-is-layout-flex\">\n<div class=\"wp-block-column is-layout-flow wp-block-column-is-layout-flow\">\n<figure class=\"wp-block-image size-full\"><img fetchpriority=\"high\" decoding=\"async\" width=\"2000\" height=\"2000\" src=\"https:\/\/moyahousehold.com\/wp-content\/uploads\/2024\/06\/stainless-steel-csutom-food-container-1.jpg\" alt=\"conteneur alimentaire en acier inoxydable (1)\" class=\"wp-image-9147\" srcset=\"https:\/\/moyahousehold.com\/wp-content\/uploads\/2024\/06\/stainless-steel-csutom-food-container-1.jpg 2000w, https:\/\/moyahousehold.com\/wp-content\/uploads\/2024\/06\/stainless-steel-csutom-food-container-1-300x300.jpg 300w, https:\/\/moyahousehold.com\/wp-content\/uploads\/2024\/06\/stainless-steel-csutom-food-container-1-150x150.jpg 150w, https:\/\/moyahousehold.com\/wp-content\/uploads\/2024\/06\/stainless-steel-csutom-food-container-1-768x768.jpg 768w, https:\/\/moyahousehold.com\/wp-content\/uploads\/2024\/06\/stainless-steel-csutom-food-container-1-12x12.jpg 12w, https:\/\/moyahousehold.com\/wp-content\/uploads\/2024\/06\/stainless-steel-csutom-food-container-1-285x285.jpg 285w, https:\/\/moyahousehold.com\/wp-content\/uploads\/2024\/06\/stainless-steel-csutom-food-container-1-1600x1600.jpg 1600w, https:\/\/moyahousehold.com\/wp-content\/uploads\/2024\/06\/stainless-steel-csutom-food-container-1-270x270.jpg 270w, https:\/\/moyahousehold.com\/wp-content\/uploads\/2024\/06\/stainless-steel-csutom-food-container-1-540x540.jpg 540w, https:\/\/moyahousehold.com\/wp-content\/uploads\/2024\/06\/stainless-steel-csutom-food-container-1-660x660.jpg 660w\" sizes=\"(max-width: 2000px) 100vw, 2000px\" \/><\/figure>\n<\/div>\n\n\n\n<div class=\"wp-block-column is-layout-flow wp-block-column-is-layout-flow\">\n<figure class=\"wp-block-image size-full\"><img decoding=\"async\" width=\"2000\" height=\"2000\" src=\"https:\/\/moyahousehold.com\/wp-content\/uploads\/2024\/06\/stainless-steel-csutom-food-container-2.jpg\" alt=\"conteneur alimentaire en acier inoxydable (2)\" class=\"wp-image-9148\" srcset=\"https:\/\/moyahousehold.com\/wp-content\/uploads\/2024\/06\/stainless-steel-csutom-food-container-2.jpg 2000w, https:\/\/moyahousehold.com\/wp-content\/uploads\/2024\/06\/stainless-steel-csutom-food-container-2-300x300.jpg 300w, https:\/\/moyahousehold.com\/wp-content\/uploads\/2024\/06\/stainless-steel-csutom-food-container-2-150x150.jpg 150w, https:\/\/moyahousehold.com\/wp-content\/uploads\/2024\/06\/stainless-steel-csutom-food-container-2-768x768.jpg 768w, https:\/\/moyahousehold.com\/wp-content\/uploads\/2024\/06\/stainless-steel-csutom-food-container-2-12x12.jpg 12w, https:\/\/moyahousehold.com\/wp-content\/uploads\/2024\/06\/stainless-steel-csutom-food-container-2-285x285.jpg 285w, https:\/\/moyahousehold.com\/wp-content\/uploads\/2024\/06\/stainless-steel-csutom-food-container-2-1600x1600.jpg 1600w, https:\/\/moyahousehold.com\/wp-content\/uploads\/2024\/06\/stainless-steel-csutom-food-container-2-270x270.jpg 270w, https:\/\/moyahousehold.com\/wp-content\/uploads\/2024\/06\/stainless-steel-csutom-food-container-2-540x540.jpg 540w, https:\/\/moyahousehold.com\/wp-content\/uploads\/2024\/06\/stainless-steel-csutom-food-container-2-660x660.jpg 660w\" sizes=\"(max-width: 2000px) 100vw, 2000px\" \/><\/figure>\n<\/div>\n<\/div>","protected":false},"excerpt":{"rendered":"<p>Moya est un fournisseur et fabricant de conteneurs alimentaires en gros de Chine. Nous vendons en gros des conteneurs alimentaires de diff\u00e9rentes sp\u00e9cifications. Nous fournissons \u00e9galement un service de conteneurs alimentaires personnalis\u00e9s. Que vous soyez une entreprise de restauration ou un supermarch\u00e9, nos conteneurs alimentaires en gros en acier inoxydable de haute qualit\u00e9 peuvent r\u00e9pondre \u00e0 vos besoins d'utilisation ou de vente. En m\u00eame temps, les conteneurs alimentaires personnalis\u00e9s OEM et ODM sont les bienvenus. Veuillez nous contacter pour plus de d\u00e9tails sur la vente en gros et la personnalisation.<\/p>\n<h3>Caract\u00e9ristiques et avantages des conteneurs alimentaires en gros<\/h3>\n<p><strong>Personnalisable :<\/strong> En tant que fabricant professionnel de r\u00e9cipients alimentaires en acier inoxydable, nous offrons une vari\u00e9t\u00e9 d'options de personnalisation, y compris la taille, le design, le mat\u00e9riau et la couleur. Qu'ils soient utilis\u00e9s dans des restaurants, des h\u00f4tels ou des supermarch\u00e9s, nous pouvons fournir des solutions de conteneurs alimentaires personnalis\u00e9s OEM et ODM de haute qualit\u00e9.<\/p>\n<p><strong>Mat\u00e9riau de haute qualit\u00e9 :<\/strong> Ce conteneur alimentaire de gros est fabriqu\u00e9 en acier inoxydable 304 de haute qualit\u00e9 avec une surface lisse, ce qui r\u00e9duit efficacement la croissance des bact\u00e9ries et est facile \u00e0 nettoyer. Il ne laisse pas d'odeur lors du stockage des aliments.<\/p>\n<p><strong>Diverses options<\/strong>: Nous proposons des conteneurs alimentaires en vrac de diff\u00e9rentes tailles pour r\u00e9pondre aux besoins de stockage des particuliers et des restaurants, avec une capacit\u00e9 allant de 420 ml \u00e0 4 600 ml.<\/p>\n<p><strong>Conception \u00e9tanche :<\/strong> Ce r\u00e9cipient alimentaire en acier inoxydable est \u00e9quip\u00e9 d'un anneau en silicone \u00e9largi, qui s'ajuste parfaitement pour garantir l'\u00e9tanch\u00e9it\u00e9, la protection contre l'humidit\u00e9 et la conservation de la fra\u00eecheur.<\/p>\n<p><strong>Couvercle de bo\u00eete \u00e9paissi :<\/strong> Le conteneur alimentaire en acier inoxydable est dot\u00e9 d'un couvercle en PP \u00e9pais, qui n'est pas facile \u00e0 d\u00e9former et qui convient aux lieux commerciaux \u00e0 usage fr\u00e9quent.<\/p>","protected":false},"featured_media":9149,"comment_status":"open","ping_status":"closed","template":"","meta":[],"product_cat":[57],"product_tag":[95,106,99],"class_list":{"0":"post-5955","1":"product","2":"type-product","3":"status-publish","4":"has-post-thumbnail","6":"product_cat-food-storage-container-wholesale","7":"product_tag-wholesale-food-storage-containers-with-date-dial","8":"product_tag-microwavable-food-storage-containers","9":"product_tag-wholesale-rectangle-food-storage-containers","11":"first","12":"instock","13":"shipping-taxable","14":"product-type-simple"},"_links":{"self":[{"href":"https:\/\/moyahousehold.com\/fr\/wp-json\/wp\/v2\/product\/5955","targetHints":{"allow":["GET"]}}],"collection":[{"href":"https:\/\/moyahousehold.com\/fr\/wp-json\/wp\/v2\/product"}],"about":[{"href":"https:\/\/moyahousehold.com\/fr\/wp-json\/wp\/v2\/types\/product"}],"replies":[{"embeddable":true,"href":"https:\/\/moyahousehold.com\/fr\/wp-json\/wp\/v2\/comments?post=5955"}],"version-history":[{"count":0,"href":"https:\/\/moyahousehold.com\/fr\/wp-json\/wp\/v2\/product\/5955\/revisions"}],"wp:featuredmedia":[{"embeddable":true,"href":"https:\/\/moyahousehold.com\/fr\/wp-json\/wp\/v2\/media\/9149"}],"wp:attachment":[{"href":"https:\/\/moyahousehold.com\/fr\/wp-json\/wp\/v2\/media?parent=5955"}],"wp:term":[{"taxonomy":"product_cat","embeddable":true,"href":"https:\/\/moyahousehold.com\/fr\/wp-json\/wp\/v2\/product_cat?post=5955"},{"taxonomy":"product_tag","embeddable":true,"href":"https:\/\/moyahousehold.com\/fr\/wp-json\/wp\/v2\/product_tag?post=5955"}],"curies":[{"name":"wp","href":"https:\/\/api.w.org\/{rel}","templated":true}]}}